{"id":95916,"date":"2024-12-12T13:28:30","date_gmt":"2024-12-12T10:36:06","guid":{"rendered":"https:\/\/factory.sale\/?post_type=product&#038;p=95916"},"modified":"2024-12-12T21:05:40","modified_gmt":"2024-12-12T18:05:40","slug":"porcellanato-laatta-60x120-blanco-beige","status":"publish","type":"product","link":"https:\/\/factory.sale\/fi\/tuote\/porcellanato-laatta-60x120-blanco-beige\/","title":{"rendered":"Porcellanato laatta 60&#215;120 Blanco Beige"},"content":{"rendered":"<p>Porcellanato laatta 60 x 120 cm kokoinen lasitettu, marmorikuvioinen porcellanato laatta, joka sopii sein\u00e4- ja lattiak\u00e4ytt\u00f6\u00f6n kaikissa sis\u00e4tiloissa. Tuote on pakkasenkest\u00e4v\u00e4, mutta ulkotilojen laatoituksissa pit\u00e4\u00e4 huomioida laatan liukastumisenesto ja varmistaa, etteiv\u00e4t vesi, lumi tai j\u00e4\u00e4 p\u00e4\u00e4se tekem\u00e4\u00e4n laatan pinnasta liukasta.<\/p>\n<p>&nbsp;<\/p>\n<p>&nbsp;<\/p>\n<p><strong>Hinta per m2<\/strong><br \/>\n(alla tarkemmat neli\u00f6hinnat)<\/p>\n<p><strong>Kuvaus:<\/strong><\/p>\n<p>1,44 &#8211; 40 m2 = 46 \u20ac \/ m2<br \/>\n50 &#8211; 100 m2 = 40,25\u20ac \/ m2<br \/>\n110 &#8211; 300 m2 = 34,05\u20ac \/ m2<br \/>\n400 &#8211; 600 m2 = 31,05\u20ac \/ m2<\/p>\n<p>&nbsp;<\/p>\n<p>&nbsp;<\/p>\n<p><strong>Tuotetiedot:<\/strong><\/p>\n<p>Tuotemerkki: Armada Yhti\u00f6t Oy<br \/>\nTuotenumero: Blanco Beige<br \/>\nKorkeus: 600 mm<br \/>\nLeveys: 1200 mm<br \/>\nPaksuus: 9 mm<br \/>\nLaatan moduulimitta: 60&#215;120<br \/>\nPakkauskoko (kpl): 2<br \/>\nPakkauskoko (m2): 1,44<br \/>\nLaatan materiaali: Porcellanato<br \/>\nLaatan tyyli: Marmorikuvioinen<br \/>\nLaatan muoto: Suorakulmainen<br \/>\nPinta: Sile\u00e4<br \/>\nKiiltoaste: Kiilotettu\/Kiilt\u00e4v\u00e4<br \/>\nV\u00e4rivaihtelu\/kirjavuus: V2 &#8211; v\u00e4h\u00e4inen<br \/>\nPakkasen kest\u00e4v\u00e4: Kyll\u00e4<br \/>\nRektifioitu\/kalibroitu: Kyll\u00e4<br \/>\nSuositeltu sauman leveys (mm): 2<br \/>\nSoveltuu m\u00e4rk\u00e4tiloihin: Kyll\u00e4<br \/>\nSuositeltu saumausaineen v\u00e4ri: Suositeltu saumausaine \/ saumav\u00e4ri<br \/>\nSis\u00e4-\/ulkok\u00e4ytt\u00f6\u00f6n: Sis\u00e4k\u00e4ytt\u00f6\u00f6n\/ulkok\u00e4ytt\u00f6\u00f6n<br \/>\nAsennuspaikka: Lattia, Sein\u00e4<\/p>\n<p>&nbsp;<\/p>\n<p><strong>Yli 1000 EUR ostoksesta ilmainen toimitus:<\/strong><\/p>\n<p>Helsinki<br \/>\nVantaa<br \/>\nEspoo<br \/>\nKerava<br \/>\nTuusila<br \/>\nKirkkonummi<br \/>\nNummela<br \/>\nPorvoo<br \/>\nJ\u00e4rvenp\u00e4\u00e4<br \/>\nVihti<\/p>\n<p>&nbsp;<\/p>\n<p>Toimitamme tilauksesi k\u00e4tev\u00e4sti pihaan asti<\/p>\n<p>Yli 2000 EUR tilauksiin ilmainen toimitus koko Suomeen!<\/p>\n","protected":false},"excerpt":{"rendered":"<p>Tutustu korkealaatuisiin 60&#215;120 cm kokoisiin lasitettuihin marmorikuvioisiin posliinilaattoihin, jotka sopivat t\u00e4ydellisesti seinille ja lattioille. Kest\u00e4v\u00e4t, pakkasenkest\u00e4v\u00e4t ja soveltuvat sek\u00e4 sis\u00e4- ett\u00e4 ulkok\u00e4ytt\u00f6\u00f6n. Tutustu premium-laattakokoelmaamme jo t\u00e4n\u00e4\u00e4n!<\/p>\n","protected":false},"featured_media":95913,"comment_status":"open","ping_status":"closed","template":"","meta":{"_acf_changed":false},"factory":[],"free-shipment":[],"product_brand":[],"product_cat":[3433,1759],"product_tag":[],"class_list":{"0":"post-95916","1":"product","2":"type-product","3":"status-publish","4":"has-post-thumbnail","6":"product_cat-laatat-fi","7":"product_cat-viimeistely","9":"first","10":"instock","11":"sale","12":"taxable","13":"shipping-taxable","14":"purchasable","15":"product-type-simple"},"acf":[],"_links":{"self":[{"href":"https:\/\/factory.sale\/fi\/wp-json\/wp\/v2\/product\/95916","targetHints":{"allow":["GET"]}}],"collection":[{"href":"https:\/\/factory.sale\/fi\/wp-json\/wp\/v2\/product"}],"about":[{"href":"https:\/\/factory.sale\/fi\/wp-json\/wp\/v2\/types\/product"}],"replies":[{"embeddable":true,"href":"https:\/\/factory.sale\/fi\/wp-json\/wp\/v2\/comments?post=95916"}],"wp:featuredmedia":[{"embeddable":true,"href":"https:\/\/factory.sale\/fi\/wp-json\/wp\/v2\/media\/95913"}],"wp:attachment":[{"href":"https:\/\/factory.sale\/fi\/wp-json\/wp\/v2\/media?parent=95916"}],"wp:term":[{"taxonomy":"factory","embeddable":true,"href":"https:\/\/factory.sale\/fi\/wp-json\/wp\/v2\/factory?post=95916"},{"taxonomy":"free-shipment","embeddable":true,"href":"https:\/\/factory.sale\/fi\/wp-json\/wp\/v2\/free-shipment?post=95916"},{"taxonomy":"product_brand","embeddable":true,"href":"https:\/\/factory.sale\/fi\/wp-json\/wp\/v2\/product_brand?post=95916"},{"taxonomy":"product_cat","embeddable":true,"href":"https:\/\/factory.sale\/fi\/wp-json\/wp\/v2\/product_cat?post=95916"},{"taxonomy":"product_tag","embeddable":true,"href":"https:\/\/factory.sale\/fi\/wp-json\/wp\/v2\/product_tag?post=95916"}],"curies":[{"name":"wp","href":"https:\/\/api.w.org\/{rel}","templated":true}]}}