{"id":95782,"date":"2024-12-06T22:53:24","date_gmt":"2024-12-06T20:01:28","guid":{"rendered":"https:\/\/factory.sale\/?post_type=product&#038;p=95782"},"modified":"2024-12-06T23:04:48","modified_gmt":"2024-12-06T20:04:48","slug":"misa-erm-laitoskiuas-204-kw","status":"publish","type":"product","link":"https:\/\/factory.sale\/fi\/tuote\/misa-erm-laitoskiuas-204-kw\/","title":{"rendered":"Misa Erm laitoskiuas 20,4 kW"},"content":{"rendered":"<p>Misa ERM Laitoss\u00e4hk\u00f6kiukaat ovat ylivoimaisia ykk\u00f6si\u00e4 Suomen uimahallien, kylpyl\u00f6iden ja laitosten saunoissa.<br \/>\nSuomessa valmistettu avainlipputuote &#8211; Misa ERM laitoss\u00e4hk\u00f6kiuas<br \/>\nMisa ERM kiukaat on valmistettu p\u00e4\u00e4osin haponkest\u00e4v\u00e4st\u00e4 ter\u00e4ksest\u00e4 ja niiss\u00e4 k\u00e4ytet\u00e4\u00e4n ns. tulenkest\u00e4vi\u00e4 vastuksia.<\/p>\n<p>Misa ERM laitoss\u00e4hk\u00f6kiukaiden takuu on 36 kk ja vastuksien takuu 36 kk. Takuiden edellytyksen\u00e4 on k\u00e4ytt\u00f6\u00f6nottohuollon sek\u00e4 vuosihuoltojen suorittaminen. Kiukaissa tulee k\u00e4ytt\u00e4\u00e4 Kerkes-kivi\u00e4, sek\u00e4 Misa ERM Logi ohjauskeskusta.<\/p>\n<p>&nbsp;<\/p>\n<p>&nbsp;<\/p>\n<p><strong>Tuotetiedot:<\/strong><\/p>\n<p>Tuote nro: 12820<br \/>\nTeho: 20,4 kW<br \/>\nSaunan koko: 18 &#8211; 23 m\u00b3<br \/>\nKiukaan leveys: 720 mm<br \/>\nKiukaan syvyys: 520 mm<br \/>\nKiukaan korkeus:810 mm<br \/>\nKiukaan paino: 54 kg<br \/>\nKivien m\u00e4\u00e4r\u00e4: 70 kg<br \/>\nVastuksia: 12 kpl<\/p>\n<p>&nbsp;<\/p>\n<p>&nbsp;<\/p>\n<p><a href=\"https:\/\/factory.sale\/wp-content\/uploads\/2024\/12\/Misa_Laitoskiukaat_Esite_2024.pdf\" target=\"_blank\" rel=\"noopener\">Lataa tuotesivu \u2192 Misa ERM teollisuuss\u00e4hk\u00f6kiuas<\/a><\/p>\n<p><a href=\"https:\/\/factory.sale\/wp-content\/uploads\/2024\/12\/RT-103637.pdf\" target=\"_blank\" rel=\"noopener\">Lataa PDF t\u00e4st\u00e4<\/a><\/p>\n<p>&nbsp;<\/p>\n","protected":false},"excerpt":{"rendered":"<p>Tutustu Misa ERM -teolliseen s\u00e4hk\u00f6kiukaaseen 20,4 kW, joka on suunniteltu ammattik\u00e4ytt\u00f6\u00f6n uimaloiden, kylpyl\u00f6iden ja laitosten saunoihin. Kest\u00e4v\u00e4 suomalainen k\u00e4sity\u00f6 36 kuukauden takuulla, sopii saunoihin, joiden koko on 18\u201323 m\u00b3. T\u00e4ydellinen valinta korkeaan suorituskykyyn ja luotettavaan saunakokemukseen.<\/p>\n<p><img loading=\"lazy\" decoding=\"async\" class=\"alignnone size-medium wp-image-95781\" src=\"https:\/\/factory.sale\/wp-content\/uploads\/2024\/12\/finland-quality-factory.sale_-300x236.webp\" alt=\"\" width=\"300\" height=\"236\" srcset=\"https:\/\/factory.sale\/wp-content\/uploads\/2024\/12\/finland-quality-factory.sale_-300x236.webp 300w, https:\/\/factory.sale\/wp-content\/uploads\/2024\/12\/finland-quality-factory.sale_-150x118.webp 150w, https:\/\/factory.sale\/wp-content\/uploads\/2024\/12\/finland-quality-factory.sale_.webp 594w\" sizes=\"auto, (max-width: 300px) 100vw, 300px\" \/><\/p>\n","protected":false},"featured_media":95764,"comment_status":"open","ping_status":"closed","template":"","meta":{"_acf_changed":false},"factory":[],"free-shipment":[],"product_brand":[],"product_cat":[3429,484],"product_tag":[],"class_list":{"0":"post-95782","1":"product","2":"type-product","3":"status-publish","4":"has-post-thumbnail","6":"product_cat-misa-fi","7":"product_cat-saunan-kiukaat","9":"first","10":"instock","11":"sale","12":"taxable","13":"shipping-taxable","14":"purchasable","15":"product-type-simple"},"acf":[],"_links":{"self":[{"href":"https:\/\/factory.sale\/fi\/wp-json\/wp\/v2\/product\/95782","targetHints":{"allow":["GET"]}}],"collection":[{"href":"https:\/\/factory.sale\/fi\/wp-json\/wp\/v2\/product"}],"about":[{"href":"https:\/\/factory.sale\/fi\/wp-json\/wp\/v2\/types\/product"}],"replies":[{"embeddable":true,"href":"https:\/\/factory.sale\/fi\/wp-json\/wp\/v2\/comments?post=95782"}],"wp:featuredmedia":[{"embeddable":true,"href":"https:\/\/factory.sale\/fi\/wp-json\/wp\/v2\/media\/95764"}],"wp:attachment":[{"href":"https:\/\/factory.sale\/fi\/wp-json\/wp\/v2\/media?parent=95782"}],"wp:term":[{"taxonomy":"factory","embeddable":true,"href":"https:\/\/factory.sale\/fi\/wp-json\/wp\/v2\/factory?post=95782"},{"taxonomy":"free-shipment","embeddable":true,"href":"https:\/\/factory.sale\/fi\/wp-json\/wp\/v2\/free-shipment?post=95782"},{"taxonomy":"product_brand","embeddable":true,"href":"https:\/\/factory.sale\/fi\/wp-json\/wp\/v2\/product_brand?post=95782"},{"taxonomy":"product_cat","embeddable":true,"href":"https:\/\/factory.sale\/fi\/wp-json\/wp\/v2\/product_cat?post=95782"},{"taxonomy":"product_tag","embeddable":true,"href":"https:\/\/factory.sale\/fi\/wp-json\/wp\/v2\/product_tag?post=95782"}],"curies":[{"name":"wp","href":"https:\/\/api.w.org\/{rel}","templated":true}]}}