{"id":95747,"date":"2024-12-05T02:08:02","date_gmt":"2024-12-04T23:12:56","guid":{"rendered":"https:\/\/factory.sale\/?post_type=product&#038;p=95747"},"modified":"2024-12-05T02:13:18","modified_gmt":"2024-12-04T23:13:18","slug":"grillikatos-lillevilla-kielo-12-m%c2%b2-40-mm","status":"publish","type":"product","link":"https:\/\/factory.sale\/fi\/tuote\/grillikatos-lillevilla-kielo-12-m%c2%b2-40-mm\/","title":{"rendered":"Grillikatos Lillevilla Kielo \u2013 12 m\u00b2 \/ 40 mm"},"content":{"rendered":"<p><strong>Paljon toivottu grillikatos!<\/strong><\/p>\n<p>Grillikatos Lillevilla Kielo tarjoaa suojaisan paikan grillille tai vaikka pizzauunille. Pohjan koko t\u00e4ss\u00e4 mallissa on 4,0 x 3,0 m eli 12 m\u00b2. Lillevilla Kielon harjakorkeus on noin 3,1 m ja vapaa sis\u00e4korkeus noin 1,92 m. Grillikatoksen mukana toimitettavat ikkunat voi sijoittaa sivuseinille vakaan, pystyyn tai j\u00e4tt\u00e4\u00e4 asentamatta. Ikkunat voi sijoittaa my\u00f6s takasein\u00e4lle. Lillevilla Kielon hirsivahvuus on 40 mm.<\/p>\n<p>&nbsp;<\/p>\n<p><strong>Toimituksen sis\u00e4lt\u00f6<\/strong><\/p>\n<p>Tuotepakettiin kuuluvat hirsien, ikkunoiden ja kattolautojen lis\u00e4ksi naulat ja ruuvit. Katemateriaali ei sis\u00e4lly toimitukseen. Katemateriaaliksi voitkin tilata meilt\u00e4 t\u00e4lt\u00e4 sivulta joko Katepal Classic KL -palahuopaa tai Katepal TopTite 3 -rullahuopaa (tiivissaumakate). Tiilikatetta emme suosittele. Katemateriaali on asennettava heti rakennuksen pystytyksen j\u00e4lkeen.<\/p>\n<p>M\u00f6kin osat on tehtaalla valmiiksi ty\u00f6stetty koneellisesti. Kyse on kuitenkin rakentamisesta, joten varaa pystytykseen yleisimm\u00e4t ty\u00f6kalut, kuten mittanauha, vesivaaka, vasara, saha, ruuvinv\u00e4\u00e4nnin ja pora.<\/p>\n<p>&nbsp;<\/p>\n<p><strong>Pintak\u00e4sittely<\/strong><\/p>\n<p>Rakennuksen pintak\u00e4sittely on teht\u00e4v\u00e4 viipym\u00e4tt\u00e4 heti rakennuksen pystytyksen j\u00e4lkeen s\u00e4\u00e4n ja olosuhteiden niin salliessa. Pintak\u00e4sittelyyn on k\u00e4ytett\u00e4v\u00e4 hirsipinnoille tarkoitettuja hengitt\u00e4vi\u00e4 pintak\u00e4sittelyaineita. Hengitt\u00e4m\u00e4tt\u00f6m\u00e4n muovikalvon muodostavaa maalia ei saa k\u00e4ytt\u00e4\u00e4.<\/p>\n<p>&nbsp;<\/p>\n<p><strong>Rakennuslupa-asiat<\/strong><\/p>\n<p>Tarkista rakennusluvan tarve etuk\u00e4teen rakennuspaikkakuntasi rakennuslupaviranomaiselta. Rakennuslupahakemuksessa tarvittavat piirustukset voit ladata t\u00e4lt\u00e4 sivulta tai pyyt\u00e4\u00e4 asiakaspalvelustamme.<\/p>\n<p>&nbsp;<\/p>\n<p>&nbsp;<\/p>\n<p><strong>Tuotetiedot:<\/strong><\/p>\n<p>Pohjan ala (m\u00b2): 12<br \/>\nPohjan mitat (mm x mm): 4000 x 3000<br \/>\nSein\u00e4vahvuus (mm): 40<br \/>\nHarjakorkeus (mm): 3103<br \/>\nSis\u00e4korkeus (mm): 1924<br \/>\nKaton ala (m\u00b2): 18,6<br \/>\nKaton koko (mm x mm): 4640 x 3550<br \/>\nHarjan pituus (mm): 4600<br \/>\nLappeen pituus (mm): 2016<br \/>\nKattokaltevuus (astetta): 28,00<br \/>\nKattolauta (mm): 16<br \/>\nLattialauta (mm): ei sis\u00e4lly<br \/>\nIkkuna: Tyyppi L9 (43x292x1090), lasi 4mm 2kpl<br \/>\nIkkunan aukeamissuunta: Kiinte\u00e4<br \/>\nKatemateriaali: ei sis\u00e4lly<br \/>\nPakettimitat (mm) ja paino: 4650 x 650 x 1150 \/ 920 kg<br \/>\nTuotetunnus (SKU): 0140 40 30 40<\/p>\n<p>&nbsp;<\/p>\n<p>&nbsp;<\/p>\n<p><strong>Lis\u00e4ksi saatavilla:<\/strong><\/p>\n<p>Katemateriaali<\/p>\n<p>30118 Palahuopapaketti (+400,50 \u20ac)<\/p>\n<p>30126 Tiivissaumakatepaketti (+400,50 \u20ac)<\/p>\n<p>30135 R\u00e4yst\u00e4speltipaketti (+135,00 \u20ac)<\/p>\n<p>&nbsp;<\/p>\n<p>&nbsp;<\/p>\n<p><a href=\"https:\/\/factory.sale\/wp-content\/uploads\/2024\/12\/Lillevilla-Kielo_LV589_manual-ID-11799.pdf\" target=\"_blank\" rel=\"noopener\">Kokoonpano ohje<\/a><\/p>\n","protected":false},"excerpt":{"rendered":"<p>Tutustu Lillevilla Kielo grillimajaan \u2013 tilava ja tyylikk\u00e4\u00e4n ulkorakenteen, joka sopii t\u00e4ydellisesti grillaamiseen, s\u00e4ilytykseen tai rentoutumiseen. 12 m\u00b2:n lattiapinta-alalla ja kest\u00e4vill\u00e4 40 mm hirsiseinill\u00e4 varustettu rakennus sis\u00e4lt\u00e4\u00e4 muokattavia ikkunoita ja on helposti koottavissa. Tee pihastasi erityinen jo t\u00e4n\u00e4\u00e4n!<\/p>\n","protected":false},"featured_media":95734,"comment_status":"open","ping_status":"closed","template":"","meta":{"_acf_changed":false},"factory":[],"free-shipment":[],"product_brand":[],"product_cat":[2925,997],"product_tag":[],"class_list":{"0":"post-95747","1":"product","2":"type-product","3":"status-publish","4":"has-post-thumbnail","6":"product_cat-grillikatokset","7":"product_cat-piha-puutarha-fi","9":"first","10":"instock","11":"sale","12":"taxable","13":"shipping-taxable","14":"purchasable","15":"product-type-simple"},"acf":[],"_links":{"self":[{"href":"https:\/\/factory.sale\/fi\/wp-json\/wp\/v2\/product\/95747","targetHints":{"allow":["GET"]}}],"collection":[{"href":"https:\/\/factory.sale\/fi\/wp-json\/wp\/v2\/product"}],"about":[{"href":"https:\/\/factory.sale\/fi\/wp-json\/wp\/v2\/types\/product"}],"replies":[{"embeddable":true,"href":"https:\/\/factory.sale\/fi\/wp-json\/wp\/v2\/comments?post=95747"}],"wp:featuredmedia":[{"embeddable":true,"href":"https:\/\/factory.sale\/fi\/wp-json\/wp\/v2\/media\/95734"}],"wp:attachment":[{"href":"https:\/\/factory.sale\/fi\/wp-json\/wp\/v2\/media?parent=95747"}],"wp:term":[{"taxonomy":"factory","embeddable":true,"href":"https:\/\/factory.sale\/fi\/wp-json\/wp\/v2\/factory?post=95747"},{"taxonomy":"free-shipment","embeddable":true,"href":"https:\/\/factory.sale\/fi\/wp-json\/wp\/v2\/free-shipment?post=95747"},{"taxonomy":"product_brand","embeddable":true,"href":"https:\/\/factory.sale\/fi\/wp-json\/wp\/v2\/product_brand?post=95747"},{"taxonomy":"product_cat","embeddable":true,"href":"https:\/\/factory.sale\/fi\/wp-json\/wp\/v2\/product_cat?post=95747"},{"taxonomy":"product_tag","embeddable":true,"href":"https:\/\/factory.sale\/fi\/wp-json\/wp\/v2\/product_tag?post=95747"}],"curies":[{"name":"wp","href":"https:\/\/api.w.org\/{rel}","templated":true}]}}