{"id":95703,"date":"2024-12-04T16:11:22","date_gmt":"2024-12-04T13:21:14","guid":{"rendered":"https:\/\/factory.sale\/?post_type=product&#038;p=95703"},"modified":"2024-12-05T04:45:48","modified_gmt":"2024-12-05T01:45:48","slug":"lillevilla-nattaset-2170-m%c2%b2-34-mm","status":"publish","type":"product","link":"https:\/\/factory.sale\/fi\/tuote\/lillevilla-nattaset-2170-m%c2%b2-34-mm\/","title":{"rendered":"Lillevilla Nattaset \u2013 21,70 m\u00b2 \/ 34 mm"},"content":{"rendered":"<p>Monik\u00e4ytt\u00f6inen Lillevilla Nattaset pulpettikattoinen parilato sis\u00e4lt\u00e4\u00e4 kaksi l\u00e4hes 7 neli\u00f6n kokoista puuliiteri\u00e4, joiden v\u00e4liss\u00e4 on k\u00e4tev\u00e4 katos. Polttopuut ja muut t\u00e4rke\u00e4t pihatarvikkeet viihtyv\u00e4t kahdessa ilmavassa rakoliiteriss\u00e4. Liiterien v\u00e4liseen katokseen mahtuu n\u00e4pp\u00e4r\u00e4sti esimerkiksi klapikone tai harrastusv\u00e4lineit\u00e4. Lillevilla Nattasten kokonaispinta-ala on 21,70 neli\u00f6t\u00e4 ja hirsivahvuus 34 mm.<\/p>\n<p>&nbsp;<\/p>\n<p><strong>Toimituksen sis\u00e4lt\u00f6<\/strong><\/p>\n<p>Tuotepakettiin kuuluvat hirsien, liukuparioven sek\u00e4 kattolautojen lis\u00e4ksi helat, naulat ja ruuvit. Katemateriaali ei sis\u00e4lly toimitukseen. Tiilikatetta emme suosittele. Katemateriaali on asennettava heti rakennuksen pystytyksen j\u00e4lkeen.<\/p>\n<p>Huom! Toimitus ei sis\u00e4ll\u00e4 lattiaa.<\/p>\n<p>M\u00f6kin osat on tehtaalla valmiiksi ty\u00f6stetty koneellisesti. Kyse on kuitenkin rakentamisesta, joten varaa pystytykseen yleisimm\u00e4t ty\u00f6kalut, kuten rullamitta, vesivaaka, vasara, saha, ruuvinv\u00e4\u00e4nnin ja pora.<\/p>\n<p>&nbsp;<\/p>\n<p><strong>Pintak\u00e4sittely<\/strong><\/p>\n<p>Rakennuksen pintak\u00e4sittely on teht\u00e4v\u00e4 viipym\u00e4tt\u00e4 heti rakennuksen pystytyksen j\u00e4lkeen s\u00e4\u00e4n ja olosuhteiden niin salliessa. Pintak\u00e4sittelyyn on k\u00e4ytett\u00e4v\u00e4 hirsipinnoille tarkoitettuja hengitt\u00e4vi\u00e4 pintak\u00e4sittelyaineita.<\/p>\n<p>&nbsp;<\/p>\n<p><strong>Rakennuslupa-asiat<\/strong><\/p>\n<p>Tarkista rakennusluvan tarve etuk\u00e4teen rakennuspaikkakuntasi rakennuslupaviranomaiselta.<\/p>\n<p>&nbsp;<\/p>\n<p>&nbsp;<\/p>\n<p><strong>Tuotetiedot:<\/strong><\/p>\n<p>Pohjan ala (m\u00b2): 21,7<br \/>\nPohjan mitat (mm x mm): 8030 x 2700<br \/>\nSein\u00e4vahvuus (mm): 34<br \/>\nKattokaltevuus (astetta): 6,00<br \/>\nKaton ala (m\u00b2): 29,60<br \/>\nKaton koko (mm x mm): 3430\u00d78700<br \/>\nHarjan pituus (mm): 8700<br \/>\nLappeen pituus (mm): 3430<br \/>\nHarjakorkeus (mm): 2290<br \/>\nSis\u00e4korkeus (mm): 1970\/2240<br \/>\nKattolauta (mm): 16<br \/>\nLattialauta (mm):ei sis\u00e4lly<br \/>\nOvi: Tyyppi Y, aukko 1000\u00d71520, 2kpl<br \/>\nKatemateriaali:ei sis\u00e4lly<br \/>\nPakettimitat (mm) ja paino: 3450x950x1150\/1000kg<br \/>\nTuotetunnus (SKU): 0134 80 27 00<\/p>\n<p>&nbsp;<\/p>\n<p>&nbsp;<\/p>\n<p>&nbsp;<\/p>\n<p><strong>Lis\u00e4ksi saatavilla:<\/strong><\/p>\n<p>Katemateriaali<br \/>\n30130 Tiivissaumakatepaketti (+571,50\u20ac)<\/p>\n<p>R\u00e4yst\u00e4speltipaketti<br \/>\n30137 R\u00e4yst\u00e4speltipaketti (+171,00 \u20ac)<\/p>\n<p>&nbsp;<\/p>\n<p>&nbsp;<\/p>\n<p><strong>Rahtilis\u00e4t kuljetuksille asiakkaalle toimitettaessa:<\/strong><\/p>\n<p>Postinumero alueet 94000-95699 &amp; 96000-96999 100 \u20ac Alv 0%<br \/>\nPostinumero alueet 89000-89999 &amp; 93000-93999 140 \u20ac Alv 0%<br \/>\nPostinumero alueet 95700-95999 &amp; 97000-99999 330\u20ac Alv 0%<br \/>\nLossilis\u00e4 260 \u20ac Alv 0%<\/p>\n<p><em><strong>Kotiinkuljetus tehtaalta asiaakkaalle Suomi alv 0 % 255 \u20ac<\/strong><\/em><\/p>\n<p>&nbsp;<\/p>\n<p>&nbsp;<\/p>\n<p><a href=\"https:\/\/factory.sale\/wp-content\/uploads\/2024\/12\/Lillevilla-Nattaset_LV-595_manual-ID-11525.pdf\" target=\"_blank\" rel=\"noopener\">Kokoonpano-ohje<\/a><\/p>\n","protected":false},"excerpt":{"rendered":"<p>Tutustu Lillevilla Nattaset 21,70 m\u00b2 kaksiosaiseen varastorakennukseen, jonka hirsipaksuus on 34 mm. T\u00e4ydellinen polttopuiden ja pihan tarvikkeiden s\u00e4ilytykseen, sis\u00e4lt\u00e4en kaksi avaraa osiota ja monik\u00e4ytt\u00f6isen katoksen. Helppo koota valmiiksi leikatuista osista ja muokattavissa tarpeidesi mukaan. Hanki omasi jo t\u00e4n\u00e4\u00e4n!<\/p>\n","protected":false},"featured_media":95694,"comment_status":"open","ping_status":"closed","template":"","meta":{"_acf_changed":false},"factory":[],"free-shipment":[],"product_brand":[],"product_cat":[997,4242],"product_tag":[],"class_list":{"0":"post-95703","1":"product","2":"type-product","3":"status-publish","4":"has-post-thumbnail","6":"product_cat-piha-puutarha-fi","7":"product_cat-puutarharakennukset","9":"first","10":"instock","11":"sale","12":"taxable","13":"shipping-taxable","14":"purchasable","15":"product-type-simple"},"acf":[],"_links":{"self":[{"href":"https:\/\/factory.sale\/fi\/wp-json\/wp\/v2\/product\/95703","targetHints":{"allow":["GET"]}}],"collection":[{"href":"https:\/\/factory.sale\/fi\/wp-json\/wp\/v2\/product"}],"about":[{"href":"https:\/\/factory.sale\/fi\/wp-json\/wp\/v2\/types\/product"}],"replies":[{"embeddable":true,"href":"https:\/\/factory.sale\/fi\/wp-json\/wp\/v2\/comments?post=95703"}],"wp:featuredmedia":[{"embeddable":true,"href":"https:\/\/factory.sale\/fi\/wp-json\/wp\/v2\/media\/95694"}],"wp:attachment":[{"href":"https:\/\/factory.sale\/fi\/wp-json\/wp\/v2\/media?parent=95703"}],"wp:term":[{"taxonomy":"factory","embeddable":true,"href":"https:\/\/factory.sale\/fi\/wp-json\/wp\/v2\/factory?post=95703"},{"taxonomy":"free-shipment","embeddable":true,"href":"https:\/\/factory.sale\/fi\/wp-json\/wp\/v2\/free-shipment?post=95703"},{"taxonomy":"product_brand","embeddable":true,"href":"https:\/\/factory.sale\/fi\/wp-json\/wp\/v2\/product_brand?post=95703"},{"taxonomy":"product_cat","embeddable":true,"href":"https:\/\/factory.sale\/fi\/wp-json\/wp\/v2\/product_cat?post=95703"},{"taxonomy":"product_tag","embeddable":true,"href":"https:\/\/factory.sale\/fi\/wp-json\/wp\/v2\/product_tag?post=95703"}],"curies":[{"name":"wp","href":"https:\/\/api.w.org\/{rel}","templated":true}]}}