{"id":95665,"date":"2024-12-03T20:11:42","date_gmt":"2024-12-03T17:28:17","guid":{"rendered":"https:\/\/factory.sale\/?post_type=product&#038;p=95665"},"modified":"2024-12-03T20:30:04","modified_gmt":"2024-12-03T17:30:04","slug":"lillevilla-seili-123-m%c2%b2-34-mm","status":"publish","type":"product","link":"https:\/\/factory.sale\/fi\/tuote\/lillevilla-seili-123-m%c2%b2-34-mm\/","title":{"rendered":"Lillevilla Seili \u2013 12,3 m\u00b2 \/ 34 mm"},"content":{"rendered":"<p><strong>Tilava parivarasto<\/strong><\/p>\n<p>Lillevilla Seili on monik\u00e4ytt\u00f6inen parivarasto niin kotiin kuin kes\u00e4m\u00f6kille.<\/p>\n<p>Pohjan ala t\u00e4ss\u00e4 mallissa on 12,3 neli\u00f6metri\u00e4 pariovellisen puolen ollessa kooltaan 7,2 neli\u00f6metri\u00e4 ja yksiovisen puolen 4,8 neli\u00f6metri\u00e4. Varasto on leveydelt\u00e4\u00e4n 4,1 metri\u00e4 ja syvyydelt\u00e4\u00e4n 3 metri\u00e4. Harjakorkeus on 2,3 metri\u00e4 ja matalin vapaa sis\u00e4korkeus noin 1,75 m. Pariovesta on helppo ajaa jopa ajettava ruohonleikkuri tai m\u00f6nkij\u00e4 varastorakennukseen suojaan. Pienemp\u00e4\u00e4 varastotilaa voi k\u00e4ytt\u00e4\u00e4 esimerkiksi puuvarastona tai puutarhaty\u00f6kalujen s\u00e4ilytykseen. Siihen voi my\u00f6s tehd\u00e4 tilavan puuceen.<\/p>\n<p>&nbsp;<\/p>\n<p><strong>Toimituksen sis\u00e4lt\u00f6<\/strong><\/p>\n<p>Tuotepakettiin kuuluvat hirsien, ovien ja ikkunan sek\u00e4 lattia- ja kattolautojen lis\u00e4ksi helat, naulat ja ruuvit. Katemateriaaliksi voit tilata meilt\u00e4 t\u00e4lt\u00e4 sivulta Katepal TopTite 3 -rullahuopaa. Tiilikatetta tai palahuopaa emme suosittele. Katemateriaali on asennettava heti rakennuksen pystytyksen j\u00e4lkeen.<\/p>\n<p>M\u00f6kin osat on tehtaalla valmiiksi ty\u00f6stetty koneellisesti. Kyse on kuitenkin rakentamisesta, joten varaa pystytykseen yleisimm\u00e4t ty\u00f6kalut, kuten mittanauha, vesivaaka, vasara, saha, ruuvinv\u00e4\u00e4nnin ja pora.<\/p>\n<p>&nbsp;<\/p>\n<p><strong>Pintak\u00e4sittely<\/strong><\/p>\n<p>Rakennuksen pintak\u00e4sittely on teht\u00e4v\u00e4 viipym\u00e4tt\u00e4 heti rakennuksen pystytyksen j\u00e4lkeen s\u00e4\u00e4n ja olosuhteiden niin salliessa. Pintak\u00e4sittelyyn on k\u00e4ytett\u00e4v\u00e4 hirsipinnoille tarkoitettuja hengitt\u00e4vi\u00e4 pintak\u00e4sittelyaineita.<\/p>\n<p>&nbsp;<\/p>\n<p><strong>Rakennuslupa-asiat<\/strong><\/p>\n<p>Tarkista rakennusluvan tarve etuk\u00e4teen rakennuspaikkakuntasi rakennuslupaviranomaiselta.<\/p>\n<p>&nbsp;<\/p>\n<p>&nbsp;<\/p>\n<p><strong>Tuotetiedot:<\/strong><\/p>\n<p>Pohjan ala (m\u00b2): 12,3<br \/>\nPohjan mitat (mm x mm): 4100 x 3000<br \/>\nSein\u00e4vahvuus (mm): 34<br \/>\nHarjakorkeus (mm): 2300<br \/>\nKaton ala (m\u00b2): 16,5<br \/>\nKaton koko (mm x mm): 4500 x 3620<br \/>\nHarjan pituus (mm): 4500<br \/>\nLappeen pituus (mm): 3620<br \/>\nKattokaltevuus (astetta): 8,00<br \/>\nKattolauta (mm): 19<br \/>\nLattialauta (mm): 19<br \/>\nIkkuna: Tyyppi L (1500\u00d7216)<br \/>\nIkkunan aukeamissuunta: Kiinte\u00e4<br \/>\nOvi: Tyyppi F (846\u00d71750), Tyyppi G (1646\u00d71750)<br \/>\nKatemateriaali: ei sis\u00e4lly<br \/>\nPakettimitat (mm) ja paino: 4550 x 710 x 1150 mm \/ 975 kg<br \/>\nTuotetunnus (SKU): 0134 41 30 00<\/p>\n<p>&nbsp;<\/p>\n<p><strong>Rahtilis\u00e4t kuljetuksille asiakkaalle toimitettaessa:<\/strong><\/p>\n<p>Postinumero alueet 94000-95699 &amp; 96000-96999 100 \u20ac Alv 0%<br \/>\nPostinumero alueet 89000-89999 &amp; 93000-93999 140 \u20ac Alv 0%<br \/>\nPostinumero alueet 95700-95999 &amp; 97000-99999 330\u20ac Alv 0%<br \/>\nLossilis\u00e4 260 \u20ac Alv 0%<\/p>\n<p><em><strong>Kotiinkuljetus tehtaalta asiaakkaalle Suomi alv 0 % 262 \u20ac<\/strong><\/em><\/p>\n<p>&nbsp;<\/p>\n<p>&nbsp;<\/p>\n<p><a href=\"https:\/\/factory.sale\/wp-content\/uploads\/2024\/12\/1-Lillevilla-Seili_LV-578-FI-SE-DE-DK-FR-EN-ID-7526.pdf\" target=\"_blank\" rel=\"noopener\">Kokoopano-ohje<\/a><\/p>\n<p><a href=\"https:\/\/factory.sale\/wp-content\/uploads\/2024\/12\/Lillevilla-578-perustus-foundation-ID-7557.pdf\" target=\"_blank\" rel=\"noopener\">Perustan ohjeet<\/a><\/p>\n<p><a href=\"https:\/\/factory.sale\/wp-content\/uploads\/2024\/12\/LV-578-julkisivut-pohja-leikkaus-ID-8038.pdf\" target=\"_blank\" rel=\"noopener\">Piirustukset lupahakemukseen<\/a><\/p>\n<p><a href=\"https:\/\/factory.sale\/wp-content\/uploads\/2024\/11\/Luoman_hirsirakennusten_pintakasittelyohje_Tikkurila_VALMIS_2023.pdf\" target=\"_blank\" rel=\"noopener\">Perustan ohjeet<\/a><\/p>\n","protected":false},"excerpt":{"rendered":"<p>Tutustu Lillevilla Seili -kaksiosainen varastorakennus \u2013 monik\u00e4ytt\u00f6inen 12,3 m\u00b2 ratkaisu kotiin ja kes\u00e4m\u00f6kille. Sis\u00e4lt\u00e4\u00e4 kaksiosaiset ovet suurten tavaroiden s\u00e4ilytykseen ja pienemm\u00e4n tilan ty\u00f6kaluille tai polttopuille. Kest\u00e4v\u00e4 34 mm hirsirakenne, helppo kokoaminen ja r\u00e4\u00e4t\u00e4l\u00f6it\u00e4v\u00e4t kattovaihtoehdot. T\u00e4ydellinen s\u00e4ilytysratkaisu!<\/p>\n","protected":false},"featured_media":95642,"comment_status":"open","ping_status":"closed","template":"","meta":{"_acf_changed":false},"factory":[],"free-shipment":[],"product_brand":[],"product_cat":[997,4242],"product_tag":[],"class_list":{"0":"post-95665","1":"product","2":"type-product","3":"status-publish","4":"has-post-thumbnail","6":"product_cat-piha-puutarha-fi","7":"product_cat-puutarharakennukset","9":"first","10":"instock","11":"sale","12":"taxable","13":"shipping-taxable","14":"purchasable","15":"product-type-simple"},"acf":[],"_links":{"self":[{"href":"https:\/\/factory.sale\/fi\/wp-json\/wp\/v2\/product\/95665","targetHints":{"allow":["GET"]}}],"collection":[{"href":"https:\/\/factory.sale\/fi\/wp-json\/wp\/v2\/product"}],"about":[{"href":"https:\/\/factory.sale\/fi\/wp-json\/wp\/v2\/types\/product"}],"replies":[{"embeddable":true,"href":"https:\/\/factory.sale\/fi\/wp-json\/wp\/v2\/comments?post=95665"}],"wp:featuredmedia":[{"embeddable":true,"href":"https:\/\/factory.sale\/fi\/wp-json\/wp\/v2\/media\/95642"}],"wp:attachment":[{"href":"https:\/\/factory.sale\/fi\/wp-json\/wp\/v2\/media?parent=95665"}],"wp:term":[{"taxonomy":"factory","embeddable":true,"href":"https:\/\/factory.sale\/fi\/wp-json\/wp\/v2\/factory?post=95665"},{"taxonomy":"free-shipment","embeddable":true,"href":"https:\/\/factory.sale\/fi\/wp-json\/wp\/v2\/free-shipment?post=95665"},{"taxonomy":"product_brand","embeddable":true,"href":"https:\/\/factory.sale\/fi\/wp-json\/wp\/v2\/product_brand?post=95665"},{"taxonomy":"product_cat","embeddable":true,"href":"https:\/\/factory.sale\/fi\/wp-json\/wp\/v2\/product_cat?post=95665"},{"taxonomy":"product_tag","embeddable":true,"href":"https:\/\/factory.sale\/fi\/wp-json\/wp\/v2\/product_tag?post=95665"}],"curies":[{"name":"wp","href":"https:\/\/api.w.org\/{rel}","templated":true}]}}