{"id":95634,"date":"2024-12-03T18:55:30","date_gmt":"2024-12-03T16:13:05","guid":{"rendered":"https:\/\/factory.sale\/?post_type=product&#038;p=95634"},"modified":"2026-04-21T19:58:17","modified_gmt":"2026-04-21T16:58:17","slug":"lillevilla-olos-12-m%c2%b2-34-mm","status":"publish","type":"product","link":"https:\/\/factory.sale\/fi\/tuote\/lillevilla-olos-12-m%c2%b2-34-mm\/","title":{"rendered":"Lillevilla Olos \u2013 12 m\u00b2 \/ 34 mm"},"content":{"rendered":"<p><strong>Hurmaava kes\u00e4keitti\u00f6 n\u00e4k\u00f6alalla<\/strong><\/p>\n<p>Kes\u00e4keitti\u00f6 Lillevilla Olos on moderni lis\u00e4 pihapiiriisi. T\u00e4m\u00e4 l\u00e4hes kahdentoista neli\u00f6metrin lasitettu kes\u00e4keitti\u00f6 on valmistettu 34 mm vahvuisesta kevythirrest\u00e4. Kes\u00e4keitti\u00f6n ulkomitat ovat 3,9 x 3 metri\u00e4. Harjakorkeus on yli 2,6 metri\u00e4 ja sivusein\u00e4korkeus 2,03 m. T\u00e4ss\u00e4 mallissa on perinteiset hirsisalvosnurkat, ja isoista ikkunoista aukeaa n\u00e4k\u00f6ala hienosti ymp\u00e4rist\u00f6\u00f6n. Ikkunoissa ja ovissa on karkaistut turvalasit.<\/p>\n<p>&nbsp;<\/p>\n<p><strong>Toimituksen sis\u00e4lt\u00f6<\/strong><\/p>\n<p>Tuotepakettiin kuuluvat hirsien, oven ja ikkunoiden sek\u00e4 lattia- ja kattolautojen lis\u00e4ksi helat, naulat ja ruuvit. Katemateriaali ei sis\u00e4lly toimitukseen. Katemateriaaliksi voit tilata meilt\u00e4 t\u00e4lt\u00e4 sivulta joko Katepal Classic KL -palahuopaa tai Katepal TopTite 3 -rullahuopaa (tiivissaumakate). Tiilikatetta emme suosittele. Katemateriaali on asennettava heti rakennuksen pystytyksen j\u00e4lkeen.<\/p>\n<p>M\u00f6kin osat on tehtaalla valmiiksi ty\u00f6stetty koneellisesti. Kyse on kuitenkin rakentamisesta, joten varaa pystytykseen yleisimm\u00e4t ty\u00f6kalut, kuten mittanauha, vesivaaka, vasara, saha, ruuvinv\u00e4\u00e4nnin ja pora.<\/p>\n<p>&nbsp;<\/p>\n<p><strong>Pintak\u00e4sittely<\/strong><\/p>\n<p>Rakennuksen pintak\u00e4sittely on teht\u00e4v\u00e4 viipym\u00e4tt\u00e4 heti rakennuksen pystytyksen j\u00e4lkeen s\u00e4\u00e4n ja olosuhteiden niin salliessa. Pintak\u00e4sittelyyn on k\u00e4ytett\u00e4v\u00e4 hirsipinnoille tarkoitettuja hengitt\u00e4vi\u00e4 pintak\u00e4sittelyaineita.<\/p>\n<p>&nbsp;<\/p>\n<p><strong>Rakennuslupa-asiat<\/strong><\/p>\n<p>Tarkista rakennusluvan tarve etuk\u00e4teen rakennuspaikkakuntasi rakennuslupaviranomaiselta.<\/p>\n<p>&nbsp;<\/p>\n<p>&nbsp;<\/p>\n<p><strong>Tuotetiedot:<\/strong><\/p>\n<p>Pohjan ala (m\u00b2): 11,7<br \/>\nPohjan mitat (mm x mm): 3900 x 3000<br \/>\nSein\u00e4n paksuus (mm): 34<br \/>\nHarjakorkeus (mm): 2616<br \/>\nSivusein\u00e4n korkeus (mm): 2093<br \/>\nKaton ala (m\u00b2): 16,6<br \/>\nKaton koko (mm x mm): 4530 x 3580<br \/>\nHarjan pituus (mm): 4500<br \/>\nLappeen pituus (mm): 1846<br \/>\nKattokaltevuus (astetta): 18<br \/>\nKattolauta (mm): 16<br \/>\nLattialauta (mm): 21<br \/>\nIkkuna: Turvalasi, CE 4mm, Tyyppi N3 (691\u00d71600) 4kpl<br \/>\nIkkunan aukeamissuunta: Kiinte\u00e4<br \/>\nOvi: Turvalasi, CE 4mm, Tyyppi P 9 (1496\u00d71772)<br \/>\nKatemateriaali: ei sis\u00e4lly<br \/>\nPakettimitat (cm): 4500 x 600 x 1150 \/ 800 kg<br \/>\nTuotetunnus (SKU): 0134 39 30 08<\/p>\n<p>&nbsp;<\/p>\n<p>&nbsp;<\/p>\n<p><strong>Lis\u00e4ksi saatavilla:<\/strong><\/p>\n<p>Katemateriaali<\/p>\n<p>30123 Palahuopapaketti (+490.50 \u20ac)<br \/>\n30129 Tiivissaumakatepaketti (+490.50 \u20ac)<\/p>\n<p>R\u00e4yst\u00e4speltipaketti<br \/>\n30136 R\u00e4yst\u00e4speltipaketti (+135,00 \u20ac)<\/p>\n<p>Eristyspaketti<br \/>\n30101 Lattianeristyspaketti (+472,50 \u20ac)<br \/>\n30106 Katoneristyspaketti (+855,00 \u20ac)<\/p>\n<p>&nbsp;<\/p>\n<p>&nbsp;<\/p>\n<p><strong>Rahtilis\u00e4t kuljetuksille asiakkaalle toimitettaessa:<\/strong><\/p>\n<p>Postinumero alueet 94000-95699 &amp; 96000-96999 110 \u20ac Alv 0%<br \/>\nPostinumero alueet 89000-89999 &amp; 93000-93999 154 \u20ac Alv 0%<br \/>\nPostinumero alueet 95700-95999 &amp; 97000-99999 363 \u20ac Alv 0%<br \/>\nLossilis\u00e4 286 \u20ac Alv 0%<\/p>\n<p><em><strong>Kotiinkuljetus tehtaalta asiaakkaalle Suomi alv 0 % 258,50 \u20ac<\/strong><\/em><\/p>\n<p>&nbsp;<\/p>\n<p>&nbsp;<\/p>\n<p><a href=\"https:\/\/factory.sale\/wp-content\/uploads\/2024\/12\/Lillevilla-Olos_LV342-manual-ID-4501.pdf\" target=\"_blank\" rel=\"noopener\">Kokoopano-ohje<\/a><\/p>\n<p><a href=\"https:\/\/factory.sale\/wp-content\/uploads\/2024\/12\/Lillevilla-Olos_LV342-perustus-foundation-ID-7202.pdf\" target=\"_blank\" rel=\"noopener\">Piirustukset lupahakemukseen<\/a><\/p>\n<p><a href=\"https:\/\/factory.sale\/wp-content\/uploads\/2024\/12\/Lillevilla-Olos_LV342-julkisivut-pohjakuva-ja-leikkaus-ID-1532.pdf\" target=\"_blank\" rel=\"noopener\">Perustan ohjeet<\/a><\/p>\n<p><a href=\"https:\/\/factory.sale\/wp-content\/uploads\/2024\/12\/Lillevilla-Olos_LV342-julkisivut-pohjakuva-ja-leikkaus-ID-1532-1.pdf\" target=\"_blank\" rel=\"noopener\">Pintak\u00e4sittelyohje<\/a><\/p>\n","protected":false},"excerpt":{"rendered":"<p>T\u00e4ydenn\u00e4 pihasi upealla Lillevilla Olos -kes\u00e4keitti\u00f6ll\u00e4 \u2013 moderni, 12 m\u00b2 lasitettu keitti\u00f6, jossa on upeat n\u00e4kym\u00e4t, karkaistut turvalasi-ikkunat ja kest\u00e4v\u00e4 34 mm hirsirakenne. Helppo asentaa ja r\u00e4\u00e4t\u00e4l\u00f6it\u00e4viss\u00e4 lis\u00e4varusteilla. T\u00e4ydellinen ulkona ruokailuun ja viihtyisiin hetkiin. Tilaa nyt!<\/p>\n","protected":false},"featured_media":95625,"comment_status":"open","ping_status":"closed","template":"","meta":{"_acf_changed":false},"factory":[],"free-shipment":[],"product_brand":[],"product_cat":[997,4242],"product_tag":[],"class_list":{"0":"post-95634","1":"product","2":"type-product","3":"status-publish","4":"has-post-thumbnail","6":"product_cat-piha-puutarha-fi","7":"product_cat-puutarharakennukset","9":"first","10":"instock","11":"sale","12":"taxable","13":"shipping-taxable","14":"purchasable","15":"product-type-simple"},"acf":[],"_links":{"self":[{"href":"https:\/\/factory.sale\/fi\/wp-json\/wp\/v2\/product\/95634","targetHints":{"allow":["GET"]}}],"collection":[{"href":"https:\/\/factory.sale\/fi\/wp-json\/wp\/v2\/product"}],"about":[{"href":"https:\/\/factory.sale\/fi\/wp-json\/wp\/v2\/types\/product"}],"replies":[{"embeddable":true,"href":"https:\/\/factory.sale\/fi\/wp-json\/wp\/v2\/comments?post=95634"}],"wp:featuredmedia":[{"embeddable":true,"href":"https:\/\/factory.sale\/fi\/wp-json\/wp\/v2\/media\/95625"}],"wp:attachment":[{"href":"https:\/\/factory.sale\/fi\/wp-json\/wp\/v2\/media?parent=95634"}],"wp:term":[{"taxonomy":"factory","embeddable":true,"href":"https:\/\/factory.sale\/fi\/wp-json\/wp\/v2\/factory?post=95634"},{"taxonomy":"free-shipment","embeddable":true,"href":"https:\/\/factory.sale\/fi\/wp-json\/wp\/v2\/free-shipment?post=95634"},{"taxonomy":"product_brand","embeddable":true,"href":"https:\/\/factory.sale\/fi\/wp-json\/wp\/v2\/product_brand?post=95634"},{"taxonomy":"product_cat","embeddable":true,"href":"https:\/\/factory.sale\/fi\/wp-json\/wp\/v2\/product_cat?post=95634"},{"taxonomy":"product_tag","embeddable":true,"href":"https:\/\/factory.sale\/fi\/wp-json\/wp\/v2\/product_tag?post=95634"}],"curies":[{"name":"wp","href":"https:\/\/api.w.org\/{rel}","templated":true}]}}