{"id":95597,"date":"2024-12-03T16:12:23","date_gmt":"2024-12-03T14:44:14","guid":{"rendered":"https:\/\/factory.sale\/?post_type=product&#038;p=95597"},"modified":"2025-10-03T00:39:25","modified_gmt":"2025-10-02T21:39:25","slug":"lillevilla-sauna-kallavesi-66m%c2%b2-44mm","status":"publish","type":"product","link":"https:\/\/factory.sale\/fi\/tuote\/lillevilla-sauna-kallavesi-66m%c2%b2-44mm\/","title":{"rendered":"Lillevilla Sauna Kallavesi \u2013 6,6m\u00b2 \/ 44mm"},"content":{"rendered":"<p>Kompakti Sauna Lillevilla Kallavesi mahdollistaa rentouttavat saunahetket. L\u00f6ylyhuoneen isoista ikkunoista voit ihailla saunomisen lomassa maisemia. Lillevilla Kallavesi -mallissa on erillinen pukuhuone ja l\u00f6ylyhuone. Pohjan ala t\u00e4ss\u00e4 mallissa on 6,6 neli\u00f6metri\u00e4. Sauna on leveydelt\u00e4\u00e4n 3,3 metri\u00e4 ja syvyydelt\u00e4\u00e4n 2 metri\u00e4. Harjakorkeus t\u00e4ss\u00e4 mallissa on 2,65 metri\u00e4 ja sein\u00e4vahvuus 44 mm.<\/p>\n<p>&nbsp;<\/p>\n<p><strong>Toimituksen sis\u00e4lt\u00f6<\/strong><\/p>\n<p>Tuotepakettiin kuuluvat hirsien, ovien ja ikkunan sek\u00e4 lattia- ja kattolautojen lis\u00e4ksi helat, naulat ja ruuvit. Saunahuoneen ovi on k\u00e4tev\u00e4, tilaa s\u00e4\u00e4st\u00e4v\u00e4 liukuovi. Lattialautojen paksuus on 21 mm ja kattolautojen 19 mm. Toimitus sis\u00e4lt\u00e4\u00e4 my\u00f6s 16 mm sis\u00e4kattolaudat saunahuoneeseen.<\/p>\n<p>Katemateriaali ei sis\u00e4lly toimitukseen. Katemateriaaliksi voit tilata meilt\u00e4 t\u00e4lt\u00e4 sivulta Katepal TopTite 3 -rullahuopaa (tiivissaumakate). Tiilikatetta tai palahuopaa emme suosittele. Katemateriaali on asennettava heti rakennuksen pystytyksen j\u00e4lkeen.<\/p>\n<p>Lauteet eiv\u00e4t sis\u00e4lly toimitukseen, mutta voit tilata t\u00e4lt\u00e4 sivulta saunaan my\u00f6s laudepaketin.<\/p>\n<p>Huom! Kiuas ja hormi ei sis\u00e4lly toimitukseen.<\/p>\n<p>M\u00f6kin osat on tehtaalla valmiiksi ty\u00f6stetty koneellisesti. Kyse on kuitenkin rakentamisesta, joten varaa pystytykseen yleisimm\u00e4t ty\u00f6kalut, kuten mittanauha, vesivaaka, vasara, saha, ruuvinv\u00e4\u00e4nnin ja pora.<\/p>\n<p>&nbsp;<\/p>\n<p><strong>Pintak\u00e4sittely<\/strong><\/p>\n<p>Rakennuksen pintak\u00e4sittely on teht\u00e4v\u00e4 viipym\u00e4tt\u00e4 heti rakennuksen pystytyksen j\u00e4lkeen s\u00e4\u00e4n ja olosuhteiden niin salliessa. Pintak\u00e4sittelyyn on k\u00e4ytett\u00e4v\u00e4 hirsipinnoille tarkoitettuja hengitt\u00e4vi\u00e4 pintak\u00e4sittelyaineita.<\/p>\n<p>&nbsp;<\/p>\n<p><strong>Rakennuslupa-asiat<\/strong><\/p>\n<p>Tarkista rakennusluvan tarve etuk\u00e4teen rakennuspaikkakuntasi rakennuslupaviranomaiselta. Rakennuslupahakemuksessa tarvittavat piirustukset voit ladata t\u00e4lt\u00e4 sivulta tai pyyt\u00e4\u00e4 asiakaspalvelustamme.<\/p>\n<p>&nbsp;<\/p>\n<p><strong>Lis\u00e4ksi saatavilla:<\/strong><\/p>\n<p>Katemateriaali<br \/>\n30126 Tiivissaumakatepaketti (+ 234,00 \u20ac)<\/p>\n<p>R\u00e4yst\u00e4speltipaketti<br \/>\n30135 R\u00e4yst\u00e4speltipaketti (+108,00 \u20ac)<\/p>\n<p>Eristyspaketit<br \/>\n9272 Katoneristyspaketti (+328,50\u20ac)<br \/>\n9274 Lattianeristyspaketti (+198,00 \u20ac)<\/p>\n<p>Laudepaketti<br \/>\n9869 Laudepaketti \u2013 1900mm (+364,50 \u20ac)<\/p>\n<p>Saunan lattiakouru<br \/>\n9878 Lattiakouru (+99,00 \u20ac)<\/p>\n<p>&nbsp;<\/p>\n<p>&nbsp;<\/p>\n<p><strong>Rahtilis\u00e4t kuljetuksille asiakkaalle toimitettaessa:<\/strong><\/p>\n<p>Postinumero alueet 94000-95699 &amp; 96000-96999 100 \u20ac Alv 0%<br \/>\nPostinumero alueet 89000-89999 &amp; 93000-93999 140 \u20ac Alv 0%<br \/>\nPostinumero alueet 95700-95999 &amp; 97000-99999 330\u20ac Alv 0%<br \/>\nLossilis\u00e4 260 \u20ac Alv 0%<\/p>\n<p><em><strong>Kotiinkuljetus tehtaalta asiaakkaalle Suomi alv 0 % 255 \u20ac<\/strong><\/em><\/p>\n<p>&nbsp;<\/p>\n<p>&nbsp;<\/p>\n<p>&nbsp;<\/p>\n<p><a href=\"https:\/\/factory.sale\/wp-content\/uploads\/2024\/12\/Lillevilla-Kallavesi_Sauna-11_manual-ID-11434-1.pdf\">Kokoopano-ohje<\/a><\/p>\n<p><a href=\"https:\/\/factory.sale\/wp-content\/uploads\/2024\/12\/Sauna-11-Kallavesi-julkisivut-pohja-leikkaus-ID-11806.pdf\" target=\"_blank\" rel=\"noopener\">Piirustukset lupahakemukseen<\/a><\/p>\n<p><a href=\"https:\/\/factory.sale\/wp-content\/uploads\/2024\/11\/Luoman_hirsirakennusten_pintakasittelyohje_Tikkurila_VALMIS_2023.pdf\" target=\"_blank\" rel=\"noopener\">Pintak\u00e4sittelyohje<\/a><\/p>\n<p>&nbsp;<\/p>\n<p>&nbsp;<\/p>\n<p><video style=\"max-width: 100%; height: auto; display: block;\" preload=\"auto\" autoplay=\"autoplay\" loop=\"loop\" muted=\"\" controls=\"controls\" width=\"500\" height=\"250\"><source src=\"https:\/\/factory.sale\/wp-content\/uploads\/2024\/12\/VID-20250930-WA0009.mp4\" type=\"video\/mp4\" \/>Your browser does not support the video tag.<\/video><\/p>\n","protected":false},"excerpt":{"rendered":"<p>Koe Lillevilla Kallavesi -kompakti sauna \u2013 6,6 m\u00b2 laadukas sauna, jossa on erillinen pukuhuone, suuret maisemaikkunat ja kest\u00e4v\u00e4t 44 mm hirsisein\u00e4t. Helppo asentaa, muokattavat lis\u00e4varusteet ja t\u00e4ydellinen rentouttaviin saunahetkiin kotona. Tilaa nyt!<\/p>\n","protected":false},"featured_media":95582,"comment_status":"open","ping_status":"closed","template":"","meta":{"_acf_changed":false},"factory":[],"free-shipment":[],"product_brand":[],"product_cat":[1317,4779,2258,4541],"product_tag":[3651],"class_list":{"0":"post-95597","1":"product","2":"type-product","3":"status-publish","4":"has-post-thumbnail","6":"product_cat-sauna-fi","7":"product_cat-sauna","8":"product_cat-saunakuutiot","9":"product_cat-varastotuotteet","10":"product_tag-compact-sauna-fi","12":"first","13":"instock","14":"sale","15":"taxable","16":"shipping-taxable","17":"purchasable","18":"product-type-simple"},"acf":[],"_links":{"self":[{"href":"https:\/\/factory.sale\/fi\/wp-json\/wp\/v2\/product\/95597","targetHints":{"allow":["GET"]}}],"collection":[{"href":"https:\/\/factory.sale\/fi\/wp-json\/wp\/v2\/product"}],"about":[{"href":"https:\/\/factory.sale\/fi\/wp-json\/wp\/v2\/types\/product"}],"replies":[{"embeddable":true,"href":"https:\/\/factory.sale\/fi\/wp-json\/wp\/v2\/comments?post=95597"}],"wp:featuredmedia":[{"embeddable":true,"href":"https:\/\/factory.sale\/fi\/wp-json\/wp\/v2\/media\/95582"}],"wp:attachment":[{"href":"https:\/\/factory.sale\/fi\/wp-json\/wp\/v2\/media?parent=95597"}],"wp:term":[{"taxonomy":"factory","embeddable":true,"href":"https:\/\/factory.sale\/fi\/wp-json\/wp\/v2\/factory?post=95597"},{"taxonomy":"free-shipment","embeddable":true,"href":"https:\/\/factory.sale\/fi\/wp-json\/wp\/v2\/free-shipment?post=95597"},{"taxonomy":"product_brand","embeddable":true,"href":"https:\/\/factory.sale\/fi\/wp-json\/wp\/v2\/product_brand?post=95597"},{"taxonomy":"product_cat","embeddable":true,"href":"https:\/\/factory.sale\/fi\/wp-json\/wp\/v2\/product_cat?post=95597"},{"taxonomy":"product_tag","embeddable":true,"href":"https:\/\/factory.sale\/fi\/wp-json\/wp\/v2\/product_tag?post=95597"}],"curies":[{"name":"wp","href":"https:\/\/api.w.org\/{rel}","templated":true}]}}