{"id":95567,"date":"2024-12-03T12:27:23","date_gmt":"2024-12-03T09:48:23","guid":{"rendered":"https:\/\/factory.sale\/?post_type=product&#038;p=95567"},"modified":"2024-12-05T02:24:24","modified_gmt":"2024-12-04T23:24:24","slug":"lillevilla-orivesi-20-m%c2%b2-44-mm","status":"publish","type":"product","link":"https:\/\/factory.sale\/fi\/tuote\/lillevilla-orivesi-20-m%c2%b2-44-mm\/","title":{"rendered":"Lillevilla Orivesi \u2013 20 m\u00b2 \/ 44 mm"},"content":{"rendered":"<p>M\u00f6kki Lillevilla Orivesi on klassinen, 44 mm vahvuisesta kevythirrest\u00e4 valmistettu iso piha-aitta. Ovi on sijoitettu keskelle, mik\u00e4 mahdollistaa esimerkiksi useamman s\u00e4ngyn sijoittelun seinien vierustaan. Useat ikkunat tuovat luonnonvaloa sis\u00e4tiloihin. Tilaa m\u00f6kiss\u00e4 on 20 neli\u00f6metri\u00e4 sek\u00e4 lis\u00e4ksi l\u00e4hes kymmenen neli\u00f6metrin kokoinen kaiteellinen terassi. Terassi on katettu, joten siin\u00e4 on mukava viett\u00e4\u00e4 kes\u00e4p\u00e4iv\u00e4\u00e4 suojassa sateelta.<\/p>\n<p>&nbsp;<\/p>\n<p><strong>Toimituksen sis\u00e4lt\u00f6<\/strong><\/p>\n<p>Tuotepakettiin kuuluvat hirsien, oven ja ikkunoiden sek\u00e4 lattia- ja kattolautojen lis\u00e4ksi helat, naulat ja ruuvit. My\u00f6s nurkkiin asennettavat kierretangot sis\u00e4ltyv\u00e4t toimitukseen. M\u00f6kin lattialautojen paksuus on 21 mm. Hirret ovat 44 mm vahvuiset ja tuplapontilla, mink\u00e4 ansiosta rakennus on erityisen tukeva.<\/p>\n<p>Katemateriaali ei sis\u00e4lly toimitukseen. Katemateriaaliksi voit tilata meilt\u00e4 t\u00e4lt\u00e4 sivulta joko Katepal Classic KL -palahuopaa tai Katepal TopTite 3 -rullahuopaa (tiivissaumakate). Tiilikatetta emme suosittele. Katemateriaali on asennettava heti rakennuksen pystytyksen j\u00e4lkeen.<\/p>\n<p>M\u00f6kin osat on tehtaalla valmiiksi ty\u00f6stetty koneellisesti. Kyse on kuitenkin rakentamisesta, joten varaa pystytykseen yleisimm\u00e4t ty\u00f6kalut, kuten mittanauha, vesivaaka, vasara, saha, ruuvinv\u00e4\u00e4nnin ja pora.<\/p>\n<p>&nbsp;<\/p>\n<p><strong>Pintak\u00e4sittely<\/strong><\/p>\n<p>Rakennuksen pintak\u00e4sittely on teht\u00e4v\u00e4 viipym\u00e4tt\u00e4 heti rakennuksen pystytyksen j\u00e4lkeen s\u00e4\u00e4n ja olosuhteiden niin salliessa. Pintak\u00e4sittelyyn on k\u00e4ytett\u00e4v\u00e4 hirsipinnoille tarkoitettuja hengitt\u00e4vi\u00e4 pintak\u00e4sittelyaineita. Hengitt\u00e4m\u00e4tt\u00f6m\u00e4n muovikalvon muodostavaa maalia ei saa k\u00e4ytt\u00e4\u00e4. Vinkit pintak\u00e4sittelyyn l\u00f6yd\u00e4t t\u00e4m\u00e4n sivun linkist\u00e4.<\/p>\n<p>&nbsp;<\/p>\n<p><strong>Rakennuslupa-asiat<\/strong><\/p>\n<p>Tarkista rakennusluvan tarve etuk\u00e4teen rakennuspaikkakuntasi rakennuslupaviranomaiselta.<\/p>\n<p>&nbsp;<\/p>\n<p><strong>Tuotetiedot:<\/strong><\/p>\n<p>Pohjan ala (m\u00b2):20<br \/>\nPohjan mitat (mm x mm): 5200 x 3850<br \/>\nSein\u00e4vahvuus (mm): 44<br \/>\nHarjakorkeus (mm): 3070<br \/>\nKaton ala (m\u00b2): 40<br \/>\nKaton koko (mm x mm): 5700 x 6150<br \/>\nHarjan pituus (mm): 6210<br \/>\nLappeen pituus (mm): 3216<br \/>\nKattokaltevuus (astetta): 18<br \/>\nKattolauta (mm): 16<br \/>\nLattialauta (mm): 21<br \/>\nIkkuna:<br \/>\nEristysturvalasi CE 4\/6\/4mm, Tyyppi A (640\u00d7640), Eristysturvalasi CE 4\/6\/4mm, Tyyppi E (640\u00d7874), Eristysturvalasi CE 4\/6\/4mm, Tyyppi C2 (888\u00d71188) 2kpl<br \/>\nIkkunan aukeamissuunta: Ulosp\u00e4in<br \/>\nOvi:<br \/>\nEristysturvalasi CE 4\/6\/4mm, Tyyppi C10 (897\u00d71820)<br \/>\nKatemateriaali: ei sis\u00e4lly<br \/>\nTerassin ala (m\u00b2): 9,4<br \/>\nPakettimitat (mm) ja paino: 6300 x 920 x 1150 \/ 1945 kg<br \/>\nTuotetunnus (SKU): 0144 52 39 00<\/p>\n<p>&nbsp;<\/p>\n<p>&nbsp;<\/p>\n<p><strong>Lis\u00e4ksi saatavilla:<\/strong><\/p>\n<p>Katemateriaali<br \/>\n30123 Palahuopapaketti (+675 \u20ac)<br \/>\n30129 Tiivissaumakatepaketti (+657 \u20ac)<\/p>\n<p>R\u00e4yst\u00e4speltipaketti<br \/>\n30137 R\u00e4yst\u00e4speltipaketti 4 (+171 \u20ac)<\/p>\n<p>Eristyspaketit<br \/>\n30104 Lattianeristyspaketti (+693 \u20ac)<br \/>\n30109 Katoneristyspaketti (+1372.50 \u20ac)<\/p>\n<p>&nbsp;<\/p>\n<p>&nbsp;<\/p>\n<p>&nbsp;<\/p>\n<p><strong>Rahtilis\u00e4t kuljetuksille asiakkaalle toimitettaessa:<\/strong><\/p>\n<p>Postinumero alueet 94000-95699 &amp; 96000-96999 100 \u20ac Alv 0%<br \/>\nPostinumero alueet 89000-89999 &amp; 93000-93999 140 \u20ac Alv 0%<br \/>\nPostinumero alueet 95700-95999 &amp; 97000-99999 330\u20ac Alv 0%<br \/>\nLossilis\u00e4 260 \u20ac Alv 0%<\/p>\n<p><strong>Kotiinkuljetus tehtaalta asiaakkaalle Suomi alv 0 % 280 \u20ac<\/strong><\/p>\n<p>&nbsp;<\/p>\n<p>&nbsp;<\/p>\n<p><a href=\"https:\/\/factory.sale\/wp-content\/uploads\/2024\/12\/Orivesi-Luoman-20A-FI-SE-NO-DK-EN-FR_manual-ID-8082.pdf\" target=\"_blank\" rel=\"noopener\">Kokoopano-ohje<\/a><\/p>\n<p><a href=\"https:\/\/factory.sale\/wp-content\/uploads\/2024\/12\/Orivesi-Luoman-20A-44mm-julkisivut-pohja-leikkaus-ID-1550.pdf\" target=\"_blank\" rel=\"noopener\">Piirustuksia<\/a><\/p>\n<p><a href=\"https:\/\/factory.sale\/wp-content\/uploads\/2024\/11\/Luoman_hirsirakennusten_pintakasittelyohje_Tikkurila_VALMIS_2023.pdf\" target=\"_blank\" rel=\"noopener\">Pintak\u00e4sittelyohje<\/a><\/p>\n","protected":false},"excerpt":{"rendered":"<p>Tutustu Lillevilla Orivesi -m\u00f6kkiin, tilavaan ja klassiseen 20 m\u00b2 piharakennukseen, joka on valmistettu kest\u00e4vist\u00e4 44 mm kevythirsist\u00e4. Sis\u00e4lt\u00e4\u00e4 katetun terassin, suuret ikkunat luonnonvalolle ja helpon kokoamisen yksityiskohtaisten ohjeiden avulla. T\u00e4ydellinen kes\u00e4retkille tai lis\u00e4tilaksi ulkoel\u00e4m\u00e4\u00e4n. Tilaa nyt!<\/p>\n","protected":false},"featured_media":95558,"comment_status":"open","ping_status":"closed","template":"","meta":{"_acf_changed":false},"factory":[],"free-shipment":[],"product_brand":[],"product_cat":[997,4798,4242,4801,4541],"product_tag":[],"class_list":{"0":"post-95567","1":"product","2":"type-product","3":"status-publish","4":"has-post-thumbnail","6":"product_cat-piha-puutarha-fi","7":"product_cat-piha-ja-puutarha","8":"product_cat-puutarharakennukset","9":"product_cat-puutarharakennukset-fi","10":"product_cat-varastotuotteet","12":"first","13":"instock","14":"sale","15":"taxable","16":"shipping-taxable","17":"purchasable","18":"product-type-simple"},"acf":[],"_links":{"self":[{"href":"https:\/\/factory.sale\/fi\/wp-json\/wp\/v2\/product\/95567","targetHints":{"allow":["GET"]}}],"collection":[{"href":"https:\/\/factory.sale\/fi\/wp-json\/wp\/v2\/product"}],"about":[{"href":"https:\/\/factory.sale\/fi\/wp-json\/wp\/v2\/types\/product"}],"replies":[{"embeddable":true,"href":"https:\/\/factory.sale\/fi\/wp-json\/wp\/v2\/comments?post=95567"}],"wp:featuredmedia":[{"embeddable":true,"href":"https:\/\/factory.sale\/fi\/wp-json\/wp\/v2\/media\/95558"}],"wp:attachment":[{"href":"https:\/\/factory.sale\/fi\/wp-json\/wp\/v2\/media?parent=95567"}],"wp:term":[{"taxonomy":"factory","embeddable":true,"href":"https:\/\/factory.sale\/fi\/wp-json\/wp\/v2\/factory?post=95567"},{"taxonomy":"free-shipment","embeddable":true,"href":"https:\/\/factory.sale\/fi\/wp-json\/wp\/v2\/free-shipment?post=95567"},{"taxonomy":"product_brand","embeddable":true,"href":"https:\/\/factory.sale\/fi\/wp-json\/wp\/v2\/product_brand?post=95567"},{"taxonomy":"product_cat","embeddable":true,"href":"https:\/\/factory.sale\/fi\/wp-json\/wp\/v2\/product_cat?post=95567"},{"taxonomy":"product_tag","embeddable":true,"href":"https:\/\/factory.sale\/fi\/wp-json\/wp\/v2\/product_tag?post=95567"}],"curies":[{"name":"wp","href":"https:\/\/api.w.org\/{rel}","templated":true}]}}