{"id":95510,"date":"2024-12-03T02:45:12","date_gmt":"2024-12-02T23:55:27","guid":{"rendered":"https:\/\/factory.sale\/?post_type=product&#038;p=95510"},"modified":"2024-12-05T10:53:13","modified_gmt":"2024-12-05T07:53:13","slug":"lillevilla-kumpunen-18-m%c2%b2-44-mm","status":"publish","type":"product","link":"https:\/\/factory.sale\/fi\/tuote\/lillevilla-kumpunen-18-m%c2%b2-44-mm\/","title":{"rendered":"Lillevilla Kumpunen \u2013 18 m\u00b2 \/ 44 mm"},"content":{"rendered":"<p><strong>Monik\u00e4ytt\u00f6inen piharakenus<\/strong><\/p>\n<p>Lillevilla Kumpunen on tilava vierasmaja pienell\u00e4 varastolla. Lillevilla Kumpusen pohjan ala on 18 neli\u00f6metri\u00e4, joka k\u00e4sitt\u00e4\u00e4 valoisan oleskutilan sek\u00e4 pienen varaston esimerkiksi pihatarvikkeille. T\u00e4m\u00e4n mallin leveys 6 metri\u00e4, syvyys 3 metri\u00e4 ja harjakorkeus 2,5 metri\u00e4. Hirsivahvuus t\u00e4ss\u00e4 mallissa on 44 mm. Lillevilla Kumpusen toimitukseen sis\u00e4ltyy k\u00e4yntiovi varaston puolelle, jonka voit asentaa joko etu-, taka-, v\u00e4li- tai p\u00e4\u00e4tysein\u00e4\u00e4n.<\/p>\n<p>&nbsp;<\/p>\n<p><strong>Toimituksen sis\u00e4lt\u00f6<\/strong><\/p>\n<p>Tuotepakettiin kuuluvat hirsien, oven ja ikkunoiden sek\u00e4 lattia- ja kattolautojen lis\u00e4ksi helat, naulat ja ruuvit. Katemateriaali ei sis\u00e4lly toimitukseen. Katemateriaaliksi voit tilata meilt\u00e4 t\u00e4lt\u00e4 sivulta joko Katepal Classic KL -palahuopaa tai Katepal TopTite 3 -rullahuopaa. Tiilikatetta tai palahuopaa emme suosittele. Katemateriaali on asennettava heti rakennuksen pystytyksen j\u00e4lkeen.<\/p>\n<p>M\u00f6kin osat on tehtaalla valmiiksi ty\u00f6stetty koneellisesti. Varaston k\u00e4yntiovelle aukko tulee sahata itse. Kyse on kuitenkin rakentamisesta, joten varaa pystytykseen yleisimm\u00e4t ty\u00f6kalut, kuten mittanauha, vesivaaka, vasara, saha, ruuvinv\u00e4\u00e4nnin ja pora.<\/p>\n<p>&nbsp;<\/p>\n<p><strong>Pintak\u00e4sittely<\/strong><\/p>\n<p>Rakennuksen pintak\u00e4sittely on teht\u00e4v\u00e4 viipym\u00e4tt\u00e4 heti rakennuksen pystytyksen j\u00e4lkeen s\u00e4\u00e4n ja olosuhteiden niin salliessa. Pintak\u00e4sittelyyn on k\u00e4ytett\u00e4v\u00e4 hirsipinnoille tarkoitettuja hengitt\u00e4vi\u00e4 pintak\u00e4sittelyaineita. Hengitt\u00e4m\u00e4tt\u00f6m\u00e4n muovikalvon muodostavaa maalia ei saa k\u00e4ytt\u00e4\u00e4. Vinkit pintak\u00e4sittelyyn l\u00f6yd\u00e4t t\u00e4m\u00e4n sivun linkist\u00e4.<\/p>\n<p>&nbsp;<\/p>\n<p><strong>Rakennuslupa-asiat<\/strong><\/p>\n<p>Tarkista rakennusluvan tarve etuk\u00e4teen rakennuspaikkakuntasi rakennuslupaviranomaiselta. Rakennuslupahakemuksessa tarvittavat piirustukset voit ladata t\u00e4lt\u00e4 sivulta tai pyyt\u00e4\u00e4 asiakaspalvelustamme.<\/p>\n<p>&nbsp;<\/p>\n<p>&nbsp;<\/p>\n<p><strong>Tuotetiedot:<\/strong><\/p>\n<p>Pohjan ala (m\u00b2): 18<br \/>\nPohjan mitat (mm x mm): 6000 x 3000<br \/>\nSein\u00e4vahvuus (mm): 44<br \/>\nHarjakorkeus (mm): 2500<br \/>\nKaton ala (m\u00b2): 23,35<br \/>\nHarjan pituus (mm): 6500<br \/>\nLappeen pituus (mm): 1796<br \/>\nKattokaltevuus (astetta): 16,00<br \/>\nKattolauta (mm): 16<br \/>\nLattialauta (mm): 21<br \/>\nIkkuna: Eristysturvalasi CE 4\/6\/4mm, Tyyppi R7 (558\u00d71496) 2kpl<br \/>\nIkkunan aukeamissuunta: Kiinte\u00e4<br \/>\nOvi: Eristysturvalasi CE 4\/9\/4mm, Tyyppi D36 (1694\u00d71805), Tyyppi C5 (897\u00d71820)<br \/>\nKatemateriaali: ei sis\u00e4lly<br \/>\nPakettimitat (mm) ja paino: 6550 x 700 x1150 \/ 1520kg<br \/>\nTuotetunnus (SKU): 0144 60 30 10<\/p>\n<p>&nbsp;<\/p>\n<p>&nbsp;<\/p>\n<p><strong>Lis\u00e4ksi saatavilla:<\/strong><\/p>\n<p>Katemateriaali<\/p>\n<p>30123 Palahuopapaketti (+490.50 \u20ac)<br \/>\n30129 Tiivissaumakatepaketti (+490.50 \u20ac)<\/p>\n<p>R\u00e4yst\u00e4speltipaketti<br \/>\n30136 R\u00e4yst\u00e4speltipaketti (+135,00 \u20ac)<\/p>\n<p>Eristyspaketit<br \/>\n30104 Lattianeristyspaketti (+693.00 \u20ac)<br \/>\n30109 Katoneristyspaketti (+1372.50 \u20ac)<\/p>\n<p>&nbsp;<\/p>\n<p>&nbsp;<\/p>\n<p><strong>Rahtilis\u00e4t kuljetuksille asiakkaalle toimitettaessa:<\/strong><\/p>\n<p>Postinumero alueet 94000-95699 &amp; 96000-96999 100 \u20ac Alv 0%<br \/>\nPostinumero alueet 89000-89999 &amp; 93000-93999 140 \u20ac Alv 0%<br \/>\nPostinumero alueet 95700-95999 &amp; 97000-99999 330\u20ac Alv 0%<br \/>\nLossilis\u00e4 260 \u20ac Alv 0%<\/p>\n<p><em><strong>Kotiinkuljetus tehtaalta asiaakkaalle Suomi alv 0 % 262 \u20ac<\/strong><\/em><\/p>\n<p>&nbsp;<\/p>\n<p>&nbsp;<\/p>\n<p><a href=\"https:\/\/factory.sale\/wp-content\/uploads\/2024\/12\/Kumpunen-Lillevilla_612_manual-ID-10678.pdf\" target=\"_blank\" rel=\"noopener\">Kokoopano-ohje<\/a><\/p>\n<p><a href=\"https:\/\/factory.sale\/wp-content\/uploads\/2024\/12\/Lillevilla-Kumpunen_LV612-perustus-foundation-ID-11176.pdf\" target=\"_blank\" rel=\"noopener\">Piirustukset lupahakemukseen<\/a><\/p>\n<p><a href=\"https:\/\/factory.sale\/wp-content\/uploads\/2024\/11\/Luoman_hirsirakennusten_pintakasittelyohje_Tikkurila_VALMIS_2023.pdf\" target=\"_blank\" rel=\"noopener\">Pintak\u00e4sittelyohje<\/a><\/p>\n","protected":false},"excerpt":{"rendered":"<p>Tutustu Lillevilla Kumpuseen \u2013 monipuolinen ja kest\u00e4v\u00e4 hirsim\u00f6kki, jossa on 18 m\u00b2 tilaa ja k\u00e4tev\u00e4 varastotila. Tilaa jo t\u00e4n\u00e4\u00e4n ja nauti sen toiminnallisuudesta ja ajattoman tyylikk\u00e4\u00e4st\u00e4 designista!<\/p>\n<p>&nbsp;<\/p>\n<p>&nbsp;<\/p>\n","protected":false},"featured_media":95491,"comment_status":"open","ping_status":"closed","template":"","meta":{"_acf_changed":false},"factory":[],"free-shipment":[],"product_brand":[],"product_cat":[997,4242],"product_tag":[],"class_list":{"0":"post-95510","1":"product","2":"type-product","3":"status-publish","4":"has-post-thumbnail","6":"product_cat-piha-puutarha-fi","7":"product_cat-puutarharakennukset","9":"first","10":"instock","11":"sale","12":"taxable","13":"shipping-taxable","14":"purchasable","15":"product-type-simple"},"acf":[],"_links":{"self":[{"href":"https:\/\/factory.sale\/fi\/wp-json\/wp\/v2\/product\/95510","targetHints":{"allow":["GET"]}}],"collection":[{"href":"https:\/\/factory.sale\/fi\/wp-json\/wp\/v2\/product"}],"about":[{"href":"https:\/\/factory.sale\/fi\/wp-json\/wp\/v2\/types\/product"}],"replies":[{"embeddable":true,"href":"https:\/\/factory.sale\/fi\/wp-json\/wp\/v2\/comments?post=95510"}],"wp:featuredmedia":[{"embeddable":true,"href":"https:\/\/factory.sale\/fi\/wp-json\/wp\/v2\/media\/95491"}],"wp:attachment":[{"href":"https:\/\/factory.sale\/fi\/wp-json\/wp\/v2\/media?parent=95510"}],"wp:term":[{"taxonomy":"factory","embeddable":true,"href":"https:\/\/factory.sale\/fi\/wp-json\/wp\/v2\/factory?post=95510"},{"taxonomy":"free-shipment","embeddable":true,"href":"https:\/\/factory.sale\/fi\/wp-json\/wp\/v2\/free-shipment?post=95510"},{"taxonomy":"product_brand","embeddable":true,"href":"https:\/\/factory.sale\/fi\/wp-json\/wp\/v2\/product_brand?post=95510"},{"taxonomy":"product_cat","embeddable":true,"href":"https:\/\/factory.sale\/fi\/wp-json\/wp\/v2\/product_cat?post=95510"},{"taxonomy":"product_tag","embeddable":true,"href":"https:\/\/factory.sale\/fi\/wp-json\/wp\/v2\/product_tag?post=95510"}],"curies":[{"name":"wp","href":"https:\/\/api.w.org\/{rel}","templated":true}]}}