{"id":95482,"date":"2024-12-03T02:03:43","date_gmt":"2024-12-02T23:17:24","guid":{"rendered":"https:\/\/factory.sale\/?post_type=product&#038;p=95482"},"modified":"2024-12-05T10:55:24","modified_gmt":"2024-12-05T07:55:24","slug":"lillevilla-ruokonen-12-m%c2%b2-44-mm","status":"publish","type":"product","link":"https:\/\/factory.sale\/fi\/tuote\/lillevilla-ruokonen-12-m%c2%b2-44-mm\/","title":{"rendered":"Lillevilla Ruokonen \u2013 12 m\u00b2 \/ 44 mm"},"content":{"rendered":"<p>Lillevilla Ruokonen on avara ja valoisa harjakattoinen piharakennus, joka on valmistettu 44 mm vahvuisesta hirrest\u00e4. T\u00e4\u00e4ll\u00e4 kelpaa viett\u00e4\u00e4 kes\u00e4p\u00e4iv\u00e4\u00e4 tai tunnelmoida syksyll\u00e4 illan h\u00e4m\u00e4rtyess\u00e4. Suurten ikkunoidensa ansiosta t\u00e4m\u00e4 malli sopii erityisen hyvin esimerkiksi ateljeeksi tai vaikka kes\u00e4keitti\u00f6ksi.<\/p>\n<p>Pohjan ala t\u00e4ss\u00e4 mallissa on 12 m2 leveyden ollessa 4 metri\u00e4 ja syvyyden 3 metri\u00e4. Harjakorkeutta t\u00e4ll\u00e4 mallilla on 250 cm. Katon ala vierasmajassa on 16,20 m2.<\/p>\n<p>&nbsp;<\/p>\n<p><strong>Toimituksen sis\u00e4lt\u00f6<\/strong><\/p>\n<p>Tuotepakettiin kuuluvat hirsien, oven ja ikkunan sek\u00e4 lattia- ja kattolautojen lis\u00e4ksi helat, naulat ja ruuvit. M\u00f6kin lattialautojen paksuus on 21 mm. Hirret ovat 44 mm vahvuiset ja tuplapontilla, mink\u00e4 ansiosta rakennus on erityisen tukeva.<\/p>\n<p>Katemateriaali ei sis\u00e4lly toimitukseen. Katemateriaaliksi voit tilata meilt\u00e4 t\u00e4lt\u00e4 sivulta joko palahuopaa tai tiivissaumakatetta. Tiilikatetta emme suosittele. Katemateriaali on asennettava heti rakennuksen pystytyksen j\u00e4lkeen. Tiilikatetta emme suosittele. Katemateriaali on asennettava heti rakennuksen pystytyksen j\u00e4lkeen.<\/p>\n<p>M\u00f6kin osat on tehtaalla valmiiksi ty\u00f6stetty koneellisesti. Kyse on kuitenkin rakentamisesta, joten varaa pystytykseen yleisimm\u00e4t ty\u00f6kalut, kuten mittanauha, vesivaaka, vasara, saha, ruuvinv\u00e4\u00e4nnin ja pora.<\/p>\n<p>&nbsp;<\/p>\n<p><strong>Pintak\u00e4sittely<\/strong><\/p>\n<p>Rakennuksen pintak\u00e4sittely on teht\u00e4v\u00e4 viipym\u00e4tt\u00e4 heti rakennuksen pystytyksen j\u00e4lkeen s\u00e4\u00e4n ja olosuhteiden niin salliessa. Pintak\u00e4sittelyyn on k\u00e4ytett\u00e4v\u00e4 hirsipinnoille tarkoitettuja hengitt\u00e4vi\u00e4 pintak\u00e4sittelyaineita. Hengitt\u00e4m\u00e4tt\u00f6m\u00e4n muovikalvon muodostavaa maalia ei saa k\u00e4ytt\u00e4\u00e4.<\/p>\n<p>&nbsp;<\/p>\n<p><strong>Rakennuslupa-asiat<\/strong><\/p>\n<p>Tarkista rakennusluvan tarve etuk\u00e4teen rakennuspaikkakuntasi rakennuslupaviranomaiselta. Rakennuslupahakemuksessa tarvittavat piirustukset voit ladata t\u00e4lt\u00e4 sivulta tai pyyt\u00e4\u00e4 asiakaspalvelustamme.<\/p>\n<p>&nbsp;<\/p>\n<p>&nbsp;<\/p>\n<p><strong>Tuotetiedot:<\/strong><\/p>\n<p>Pohjan ala (m\u00b2): 12<br \/>\nPohjan mitat (mm x mm): 4000 x 3000<br \/>\nSein\u00e4vahvuus (mm): 44<br \/>\nHarjakorkeus (mm): 2500<br \/>\nKaton ala (m\u00b2): 16,2<br \/>\nHarjan pituus (mm): 4500<br \/>\nLappeen pituus (mm): 1796<br \/>\nKattokaltevuus (astetta): 16,00<br \/>\nKattolauta (mm): 16<br \/>\nLattialauta (mm): 21<br \/>\nIkkuna: Eristysturvalasi CE 4\/6\/4mm, Tyyppi R7 (558\u00d71496) 2kpl<br \/>\nIkkunan aukeamissuunta: Kiinte\u00e4<br \/>\nOvi: Eristysturvalasi CE 4\/9\/4mm, Tyyppi D6 (1694\u00d71805)<br \/>\nKatemateriaali: ei sis\u00e4lly<br \/>\nPakettimitat (mm) ja paino: 4550 x 770 x 1150 \/ 1060kg<br \/>\nTuotetunnus (SKU): 0144 40 30 10<\/p>\n<p>&nbsp;<\/p>\n<p>&nbsp;<\/p>\n<p><strong>Lis\u00e4ksi saatavilla:<\/strong><\/p>\n<p>Katemateriaali<\/p>\n<p>30120 Palahuopapaketti (+364.50 \u20ac)<\/p>\n<p>30129 Tiivissaumakatepakett (+319.50 \u20ac)<\/p>\n<p>R\u00e4yst\u00e4speltipaketti<\/p>\n<p>30136 R\u00e4yst\u00e4speltipaketti (+135,00 \u20ac)<\/p>\n<p>Eristyspaketit<\/p>\n<p>30101 Lattianeristyspaketti (+472.50 \u20ac)<\/p>\n<p>30106 Katoneristyspaketti (+855 \u20ac)<\/p>\n<p>&nbsp;<\/p>\n<p>&nbsp;<\/p>\n<p><strong>Rahtilis\u00e4t kuljetuksille asiakkaalle toimitettaessa:<\/strong><\/p>\n<p>Postinumero alueet 94000-95699 &amp; 96000-96999 100 \u20ac Alv 0%<br \/>\nPostinumero alueet 89000-89999 &amp; 93000-93999 140 \u20ac Alv 0%<br \/>\nPostinumero alueet 95700-95999 &amp; 97000-99999 330\u20ac Alv 0%<br \/>\nLossilis\u00e4 260 \u20ac Alv 0%<\/p>\n<p><em><strong>Kotiinkuljetus tehtaalta asiaakkaalle Suomi alv 0 % 280 \u20ac<\/strong><\/em><\/p>\n<p>&nbsp;<\/p>\n<p>&nbsp;<\/p>\n<p><a href=\"https:\/\/factory.sale\/wp-content\/uploads\/2024\/12\/Lillevilla_611_manual-ID-10662.pdf\" target=\"_blank\" rel=\"noopener\">Kokoopano-ohje<\/a><\/p>\n<p><a href=\"https:\/\/factory.sale\/wp-content\/uploads\/2024\/12\/Lillevilla-611-perustus-foundation-ID-11175.pdf\" target=\"_blank\" rel=\"noopener\">Piirustukset lupahakemukseen<\/a><\/p>\n<p><a href=\"https:\/\/factory.sale\/wp-content\/uploads\/2024\/11\/Luoman_hirsirakennusten_pintakasittelyohje_Tikkurila_VALMIS_2023.pdf\" target=\"_blank\" rel=\"noopener\">Pintak\u00e4sittelyohje<\/a><\/p>\n","protected":false},"excerpt":{"rendered":"<p>Tutustu Lillevilla Ruokoseen, tyylik\u00e4s 12 m\u00b2 hirsim\u00f6kki, joka on valmistettu kest\u00e4vist\u00e4 44 mm hirsist\u00e4. Sopii t\u00e4ydellisesti kes\u00e4keitti\u00f6ksi, studioksi tai viihtyis\u00e4ksi pako- tai rentoutumispaikaksi. Tilaa jo t\u00e4n\u00e4\u00e4n ja nauti mukavuudesta ja laadusta!<\/p>\n<p>&nbsp;<\/p>\n<p>&nbsp;<\/p>\n","protected":false},"featured_media":95466,"comment_status":"open","ping_status":"closed","template":"","meta":{"_acf_changed":false},"factory":[],"free-shipment":[],"product_brand":[],"product_cat":[997,4242],"product_tag":[],"class_list":{"0":"post-95482","1":"product","2":"type-product","3":"status-publish","4":"has-post-thumbnail","6":"product_cat-piha-puutarha-fi","7":"product_cat-puutarharakennukset","9":"first","10":"instock","11":"sale","12":"taxable","13":"shipping-taxable","14":"purchasable","15":"product-type-simple"},"acf":[],"_links":{"self":[{"href":"https:\/\/factory.sale\/fi\/wp-json\/wp\/v2\/product\/95482","targetHints":{"allow":["GET"]}}],"collection":[{"href":"https:\/\/factory.sale\/fi\/wp-json\/wp\/v2\/product"}],"about":[{"href":"https:\/\/factory.sale\/fi\/wp-json\/wp\/v2\/types\/product"}],"replies":[{"embeddable":true,"href":"https:\/\/factory.sale\/fi\/wp-json\/wp\/v2\/comments?post=95482"}],"wp:featuredmedia":[{"embeddable":true,"href":"https:\/\/factory.sale\/fi\/wp-json\/wp\/v2\/media\/95466"}],"wp:attachment":[{"href":"https:\/\/factory.sale\/fi\/wp-json\/wp\/v2\/media?parent=95482"}],"wp:term":[{"taxonomy":"factory","embeddable":true,"href":"https:\/\/factory.sale\/fi\/wp-json\/wp\/v2\/factory?post=95482"},{"taxonomy":"free-shipment","embeddable":true,"href":"https:\/\/factory.sale\/fi\/wp-json\/wp\/v2\/free-shipment?post=95482"},{"taxonomy":"product_brand","embeddable":true,"href":"https:\/\/factory.sale\/fi\/wp-json\/wp\/v2\/product_brand?post=95482"},{"taxonomy":"product_cat","embeddable":true,"href":"https:\/\/factory.sale\/fi\/wp-json\/wp\/v2\/product_cat?post=95482"},{"taxonomy":"product_tag","embeddable":true,"href":"https:\/\/factory.sale\/fi\/wp-json\/wp\/v2\/product_tag?post=95482"}],"curies":[{"name":"wp","href":"https:\/\/api.w.org\/{rel}","templated":true}]}}