{"id":95460,"date":"2024-12-03T01:24:47","date_gmt":"2024-12-02T22:39:33","guid":{"rendered":"https:\/\/factory.sale\/?post_type=product&#038;p=95460"},"modified":"2024-12-05T10:58:05","modified_gmt":"2024-12-05T07:58:05","slug":"lillevilla-lompolo-20-m%c2%b2-44-mm","status":"publish","type":"product","link":"https:\/\/factory.sale\/fi\/tuote\/lillevilla-lompolo-20-m%c2%b2-44-mm\/","title":{"rendered":"Lillevilla Lompolo \u2013 20 m\u00b2 \/ 44 mm"},"content":{"rendered":"<p><strong>Tilava varasto<\/strong><\/p>\n<p>Lillevilla Lompolo on tilava varasto, jossa on pohjan ala l\u00e4hes 20 neli\u00f6metri\u00e4. Lillevilla Lompolo on leveydelt\u00e4\u00e4n 3,9 metri\u00e4 ja pituudeltaan 5,1 metri\u00e4. Harjakorkeus on noin 298 cm ja sivusein\u00e4korkeus 223 cm. Lillevilla Lompoloon sis\u00e4ltyy sivusein\u00e4lle asennettava kulkua helpottava k\u00e4yntiovi. K\u00e4yntioven voi asentaa kummalle sivusein\u00e4lle tahansa, joko sivusein\u00e4n etu- tai takaosaan. Oven k\u00e4tisyytt\u00e4 ei kuitenkaan voi vaihtaa.<\/p>\n<p>&nbsp;<\/p>\n<p><strong>Toimituksen sis\u00e4lt\u00f6<\/strong><\/p>\n<p>Hirret ovat 44 mm vahvuiset ja tuplapontilla, mink\u00e4 vuoksi rakennus on erityisen tukeva. Tuotepakettiin kuuluvat hirsien, oven sek\u00e4 kattolautojen lis\u00e4ksi helat, naulat ja ruuvit. My\u00f6s nurkkiin asennettavat kierretangot sis\u00e4ltyv\u00e4t toimitukseen. Katemateriaali ei sis\u00e4lly toimitukseen. Katemateriaaliksi voit tilata meilt\u00e4 joko Katepal Classic KL -palahuopaa tai Katepal TopTite 3 -rullahuopaa. Katemateriaali on asennettava heti rakennuksen pystytyksen j\u00e4lkeen. Tiilikatetta emme suosittele.<\/p>\n<p>Huom! Lattia ei sis\u00e4lly toimitukseeen!<\/p>\n<p>M\u00f6kin osat on tehtaalla valmiiksi ty\u00f6stetty koneellisesti. Kyse on kuitenkin rakentamisesta, joten varaa pystytykseen yleisimm\u00e4t ty\u00f6kalut, kuten mittanauha, vesivaaka, vasara, saha, ruuvinv\u00e4\u00e4nnin ja pora.<\/p>\n<p>&nbsp;<\/p>\n<p>&nbsp;<\/p>\n<p><strong>Pintak\u00e4sittely<\/strong><\/p>\n<p>Rakennuksen pintak\u00e4sittely on teht\u00e4v\u00e4 viipym\u00e4tt\u00e4 heti rakennuksen pystytyksen j\u00e4lkeen s\u00e4\u00e4n ja olosuhteiden niin salliessa. Pintak\u00e4sittelyyn on k\u00e4ytett\u00e4v\u00e4 hirsipinnoille tarkoitettuja hengitt\u00e4vi\u00e4 pintak\u00e4sittelyaineita.<\/p>\n<p>&nbsp;<\/p>\n<p><strong>Rakennuslupa-asiat<\/strong><\/p>\n<p>Tarkista rakennusluvan tarve etuk\u00e4teen rakennuspaikkakuntasi rakennuslupaviranomaiselta. Rakennuslupahakemuksessa tarvittavat piirustukset voit ladata t\u00e4lt\u00e4 sivulta tai pyyt\u00e4\u00e4 asiakaspalvelustamme.<\/p>\n<p>&nbsp;<\/p>\n<p>&nbsp;<\/p>\n<p><strong>Tuotetiedot:<\/strong><\/p>\n<p>Pohjan ala (m\u00b2): 19,9<br \/>\nPohjan mitat (mm x mm): 3900 x 5100<br \/>\nSein\u00e4n paksuus (mm): 44<br \/>\nLattialauta (mm): ei sis\u00e4lly<br \/>\nHarjakorkeus (mm): 2980<br \/>\nSivusein\u00e4n korkeus (mm): 2230<br \/>\nKaton ala (m\u00b2): 26<br \/>\nKaton koko (mm x mm): 4580 x 5530<br \/>\nOvi: Tyyppi C10 897\u00d71820 (eristysturvalasi CE 4\/6\/4mm)<br \/>\nKatemateriaali: ei sis\u00e4lly<br \/>\nPakettimitat (mm) ja paino: 5550 x 900 x 1150 \/ 1440 kg<br \/>\nTuotetunnus (SKU): 0144 39 51 02<\/p>\n<p>&nbsp;<\/p>\n<p>&nbsp;<\/p>\n<p><strong>Lis\u00e4ksi saatavilla:<\/strong><\/p>\n<p>Katemateriaali<\/p>\n<p>30123 Palahuopapaketti (+490.50 \u20ac)<br \/>\n30129 Tiivissaumakatepaketti (+490.50 \u20ac)<\/p>\n<p>R\u00e4yst\u00e4speltipaketti<br \/>\n30136 R\u00e4yst\u00e4speltipaketti (+150,00 \u20ac)<\/p>\n<p>Eristyspaketti<br \/>\n30109 Katoneristyspaketti (+1 525,00 \u20ac)<\/p>\n<p>Korotuspaketti<br \/>\n9517 \u2013 2 hirsikerran korotus (+650,00 \u20ac)<\/p>\n<p>&nbsp;<\/p>\n<p>&nbsp;<\/p>\n<p><strong>Rahtilis\u00e4t kuljetuksille asiakkaalle toimitettaessa:<\/strong><\/p>\n<p>Postinumero alueet 94000-95699 &amp; 96000-96999 100 \u20ac Alv 0%<br \/>\nPostinumero alueet 89000-89999 &amp; 93000-93999 140 \u20ac Alv 0%<br \/>\nPostinumero alueet 95700-95999 &amp; 97000-99999 330\u20ac Alv 0%<br \/>\nLossilis\u00e4 260 \u20ac Alv 0%<\/p>\n<p><strong>Kotiinkuljetus tehtaalta asiaakkaalle Suomi alv 0 % 262 \u20ac<\/strong><\/p>\n<p>&nbsp;<\/p>\n<p>&nbsp;<\/p>\n<p>&nbsp;<\/p>\n<p><a href=\"https:\/\/factory.sale\/wp-content\/uploads\/2024\/12\/Lillevilla-Lompolo_LV585_manual-ID-10731.pdf\" target=\"_blank\" rel=\"noopener\">Kokoopano-ohje<\/a><\/p>\n<p><a href=\"https:\/\/factory.sale\/wp-content\/uploads\/2024\/12\/Loukinen-Lillevilla-489-perustus-foundation-ID-9200.pdf\" target=\"_blank\" rel=\"noopener\">Piirustukset lupahakemukseen<\/a><\/p>\n<p><a href=\"https:\/\/factory.sale\/wp-content\/uploads\/2024\/11\/Luoman_hirsirakennusten_pintakasittelyohje_Tikkurila_VALMIS_2023.pdf\" target=\"_blank\" rel=\"noopener\">Pintak\u00e4sittelyohje<\/a><\/p>\n","protected":false},"excerpt":{"rendered":"<p>Tutustu Lillevilla Lompolo -varastoon \u2013 tilava ja kest\u00e4v\u00e4n varaston pinta-ala on l\u00e4hes 20 m\u00b2. Valmistettu 44 mm paksuista tuplaponttihirsist\u00e4, varasto tarjoaa joustavat kattovaihtoehdot ja sivuoven sijoitusmahdollisuuden. T\u00e4ydellinen s\u00e4ilytykseen tai lis\u00e4tilan tarpeeseen. Tilaa jo t\u00e4n\u00e4\u00e4n!<\/p>\n","protected":false},"featured_media":95454,"comment_status":"open","ping_status":"closed","template":"","meta":{"_acf_changed":false},"factory":[],"free-shipment":[],"product_brand":[],"product_cat":[4798,997,4242,4801,4541],"product_tag":[],"class_list":{"0":"post-95460","1":"product","2":"type-product","3":"status-publish","4":"has-post-thumbnail","6":"product_cat-piha-ja-puutarha","7":"product_cat-piha-puutarha-fi","8":"product_cat-puutarharakennukset","9":"product_cat-puutarharakennukset-fi","10":"product_cat-varastotuotteet","12":"first","13":"instock","14":"sale","15":"taxable","16":"shipping-taxable","17":"purchasable","18":"product-type-simple"},"acf":[],"_links":{"self":[{"href":"https:\/\/factory.sale\/fi\/wp-json\/wp\/v2\/product\/95460","targetHints":{"allow":["GET"]}}],"collection":[{"href":"https:\/\/factory.sale\/fi\/wp-json\/wp\/v2\/product"}],"about":[{"href":"https:\/\/factory.sale\/fi\/wp-json\/wp\/v2\/types\/product"}],"replies":[{"embeddable":true,"href":"https:\/\/factory.sale\/fi\/wp-json\/wp\/v2\/comments?post=95460"}],"wp:featuredmedia":[{"embeddable":true,"href":"https:\/\/factory.sale\/fi\/wp-json\/wp\/v2\/media\/95454"}],"wp:attachment":[{"href":"https:\/\/factory.sale\/fi\/wp-json\/wp\/v2\/media?parent=95460"}],"wp:term":[{"taxonomy":"factory","embeddable":true,"href":"https:\/\/factory.sale\/fi\/wp-json\/wp\/v2\/factory?post=95460"},{"taxonomy":"free-shipment","embeddable":true,"href":"https:\/\/factory.sale\/fi\/wp-json\/wp\/v2\/free-shipment?post=95460"},{"taxonomy":"product_brand","embeddable":true,"href":"https:\/\/factory.sale\/fi\/wp-json\/wp\/v2\/product_brand?post=95460"},{"taxonomy":"product_cat","embeddable":true,"href":"https:\/\/factory.sale\/fi\/wp-json\/wp\/v2\/product_cat?post=95460"},{"taxonomy":"product_tag","embeddable":true,"href":"https:\/\/factory.sale\/fi\/wp-json\/wp\/v2\/product_tag?post=95460"}],"curies":[{"name":"wp","href":"https:\/\/api.w.org\/{rel}","templated":true}]}}