{"id":95442,"date":"2024-12-02T12:22:37","date_gmt":"2024-12-02T16:49:10","guid":{"rendered":"https:\/\/factory.sale\/?post_type=product&#038;p=95442"},"modified":"2026-04-21T19:38:22","modified_gmt":"2026-04-21T16:38:22","slug":"lillevilla-pemu-15-m%c2%b2-44-mm","status":"publish","type":"product","link":"https:\/\/factory.sale\/fi\/tuote\/lillevilla-pemu-15-m%c2%b2-44-mm\/","title":{"rendered":"Lillevilla Pemu \u2013 15 m\u00b2 \/ 44 mm"},"content":{"rendered":"<p>Lillevilla Pemu on avara ja valoisa harjakattoinen rakennus, joka on valmistettu 44 mm vahvuisesta hirrest\u00e4. T\u00e4\u00e4ll\u00e4 kelpaa viett\u00e4\u00e4 kes\u00e4p\u00e4iv\u00e4\u00e4 tai tunnelmoida syksyll\u00e4 illan h\u00e4m\u00e4rtyess\u00e4. Suurten ikkunoidensa ansiosta t\u00e4m\u00e4 malli sopii erityisen hyvin esimerkiksi ateljeeksi tai vaikka kes\u00e4keitti\u00f6ksi.<\/p>\n<p>Pohjan ala t\u00e4ss\u00e4 mallissa on 15 m2 leveyden ollessa 5 metri\u00e4 ja syvyyden 3 metri\u00e4. Harjakorkeutta t\u00e4ll\u00e4 mallilla on 250cm. Katon ala vierasmajassa on 19,80 m2.<\/p>\n<p>&nbsp;<\/p>\n<p><strong>Toimituksen sis\u00e4lt\u00f6<\/strong><\/p>\n<p>Tuotepakettiin kuuluvat hirsien, oven ja ikkunan sek\u00e4 lattia- ja kattolautojen lis\u00e4ksi helat, naulat ja ruuvit. My\u00f6s nurkkiin asennettavat kierretangot sis\u00e4ltyv\u00e4t toimitukseen. M\u00f6kin lattialautojen paksuus on 21 mm. Hirret ovat 44 mm vahvuiset ja tuplapontilla, mink\u00e4 ansiosta rakennus on erityisen tukeva.<\/p>\n<p>Katemateriaali ei sis\u00e4lly toimitukseen. Katemateriaaliksi voit tilata meilt\u00e4 t\u00e4lt\u00e4 sivulta joko palahuopaa tai tiivissaumakatetta. Tiilikatetta emme suosittele. Katemateriaali on asennettava heti rakennuksen pystytyksen j\u00e4lkeen. Tiilikatetta emme suosittele. Katemateriaali on asennettava heti rakennuksen pystytyksen j\u00e4lkeen.<\/p>\n<p>M\u00f6kin osat on tehtaalla valmiiksi ty\u00f6stetty koneellisesti. Kyse on kuitenkin rakentamisesta, joten varaa pystytykseen yleisimm\u00e4t ty\u00f6kalut, kuten mittanauha, vesivaaka, vasara, saha, ruuvinv\u00e4\u00e4nnin ja pora. Katso rakentajan tarkastuslista itse hankittavista tarvikkeista sek\u00e4 muista huomioitavista asioista t\u00e4st\u00e4 linkist\u00e4. Olemme koonneet tuotteidemme pystytyst\u00e4 koskevia vinkkej\u00e4 t\u00e4nne.<\/p>\n<p>&nbsp;<\/p>\n<p><strong>Pintak\u00e4sittely<\/strong><\/p>\n<p>Rakennuksen pintak\u00e4sittely on teht\u00e4v\u00e4 viipym\u00e4tt\u00e4 heti rakennuksen pystytyksen j\u00e4lkeen s\u00e4\u00e4n ja olosuhteiden niin salliessa. Pintak\u00e4sittelyyn on k\u00e4ytett\u00e4v\u00e4 hirsipinnoille tarkoitettuja hengitt\u00e4vi\u00e4 pintak\u00e4sittelyaineita. Hengitt\u00e4m\u00e4tt\u00f6m\u00e4n muovikalvon muodostavaa maalia ei saa k\u00e4ytt\u00e4\u00e4. Vinkit pintak\u00e4sittelyyn l\u00f6yd\u00e4t t\u00e4m\u00e4n sivun linkist\u00e4.<\/p>\n<p>&nbsp;<\/p>\n<p><strong>Rakennuslupa-asiat<\/strong><\/p>\n<p>Tarkista rakennusluvan tarve etuk\u00e4teen rakennuspaikkakuntasi rakennuslupaviranomaiselta. Rakennuslupahakemuksessa tarvittavat piirustukset voit ladata t\u00e4lt\u00e4 sivulta tai pyyt\u00e4\u00e4 asiakaspalvelustamme.<\/p>\n<p>&nbsp;<\/p>\n<p>&nbsp;<\/p>\n<p><strong>Tuotetiedot:<\/strong><\/p>\n<p>Pohjan ala (m\u00b2): 15<br \/>\nPohjan mitat (mm x mm): 5000 x 3000<br \/>\nSein\u00e4vahvuus (mm): 44<br \/>\nHarjakorkeus (mm): 2500<br \/>\nKaton koko (mm x mm): 5500\u00d73420<br \/>\nKaton ala (m\u00b2): 19,8<br \/>\nKattokaltevuus (astetta): 16,00<br \/>\nHarjan pituus (mm): 5500<br \/>\nLappeen pituus (mm): 1796<br \/>\nKattolauta (mm): 16<br \/>\nLattialauta (mm): 21<br \/>\nIkkuna: Eristysturvalasi CE 4\/6\/4mm, Tyyppi R7 (558\u00d71496) 2kpl<br \/>\nIkkunan aukeamissuunta: Kiinte\u00e4<br \/>\nOvi: Eristysturvalasi CE 4\/9\/4mm, Tyyppi D6 (1694\u00d71805)<br \/>\nKatemateriaali: ei sis\u00e4lly<br \/>\nPakettimitat (mm) ja paino: 5900 x 640 x 1150 \/ 1330kg<br \/>\nTuotetunnus (SKU): 0144 50 30 02<\/p>\n<p>&nbsp;<\/p>\n<p><strong>Lis\u00e4ksi saatavilla:<\/strong><\/p>\n<p>Katemateriaali<\/p>\n<p>30121 Palahuopapaketti (+400,50\u20ac)<\/p>\n<p>30128 Tiivissaumakatepaketti (+400,50 \u20ac)<\/p>\n<p>R\u00e4yst\u00e4speltipaketti<br \/>\n30136 R\u00e4yst\u00e4speltipaketti (+150,00 \u20ac)<\/p>\n<p>Eristyspaketit<br \/>\n30102 Lattianeristyspaketti (+605,00 \u20ac)<br \/>\n30107 Katoneristyspaketti (+1 090,00 \u20ac)<\/p>\n<p>&nbsp;<\/p>\n<p>&nbsp;<\/p>\n<p><strong>Rahtilis\u00e4t kuljetuksille asiakkaalle toimitettaessa:<\/strong><\/p>\n<p>Postinumero alueet 94000-95699 &amp; 96000-96999 110 \u20ac Alv 0%<br \/>\nPostinumero alueet 89000-89999 &amp; 93000-93999 154 \u20ac Alv 0%<br \/>\nPostinumero alueet 95700-95999 &amp; 97000-99999 363\u20ac Alv 0%<br \/>\nLossilis\u00e4 286 \u20ac Alv 0%<\/p>\n<p><em><strong>Kotiinkuljetus tehtaalta asiaakkaalle Suomi alv 0 % 288,20 \u20ac<\/strong><\/em><\/p>\n<p>&nbsp;<\/p>\n<p>&nbsp;<\/p>\n<p><a href=\"https:\/\/factory.sale\/wp-content\/uploads\/2024\/12\/Lillevilla-Pemu_LV-605_FI-SE-DE-DK-EN-FR_manual-ID-8016.pdf\" target=\"_blank\" rel=\"noopener\">Kokoopano-ohje<\/a><\/p>\n<p><a href=\"https:\/\/factory.sale\/wp-content\/uploads\/2024\/12\/LV-605-Pemu-julkisivut-pohja-leikkaus-ID-9741.pdf\" target=\"_blank\" rel=\"noopener\">Perustusohje<\/a><\/p>\n<p><a href=\"https:\/\/factory.sale\/wp-content\/uploads\/2024\/12\/LV-605-Pemu-julkisivut-pohja-leikkaus-ID-9741.pdf\" target=\"_blank\" rel=\"noopener\">Piirustukset lupahakemukseen<\/a><\/p>\n<p><a href=\"https:\/\/factory.sale\/wp-content\/uploads\/2024\/11\/Luoman_hirsirakennusten_pintakasittelyohje_Tikkurila_VALMIS_2023.pdf\" target=\"_blank\" rel=\"noopener\">Pintak\u00e4sittelyohje<\/a><\/p>\n","protected":false},"excerpt":{"rendered":"<p>Nosta puutarhasi uudelle tasolle Lillevilla Pemu -vierasmajalla. T\u00e4m\u00e4 tyylik\u00e4s ja monipuolinen 15 m\u00b2 hirsim\u00f6kki, joka on valmistettu kest\u00e4vist\u00e4 44 mm hirsist\u00e4 ja varustettu suurilla ikkunoilla, sopii t\u00e4ydellisesti kes\u00e4keitti\u00f6ksi, studioksi tai rentoutumispaikaksi. Tilaa jo t\u00e4n\u00e4\u00e4n ja nauti laadusta ja mukavuudesta!<\/p>\n","protected":false},"featured_media":95345,"comment_status":"open","ping_status":"closed","template":"","meta":{"_acf_changed":false},"factory":[],"free-shipment":[],"product_brand":[],"product_cat":[997,4242],"product_tag":[],"class_list":{"0":"post-95442","1":"product","2":"type-product","3":"status-publish","4":"has-post-thumbnail","6":"product_cat-piha-puutarha-fi","7":"product_cat-puutarharakennukset","9":"first","10":"instock","11":"sale","12":"taxable","13":"shipping-taxable","14":"purchasable","15":"product-type-simple"},"acf":[],"_links":{"self":[{"href":"https:\/\/factory.sale\/fi\/wp-json\/wp\/v2\/product\/95442","targetHints":{"allow":["GET"]}}],"collection":[{"href":"https:\/\/factory.sale\/fi\/wp-json\/wp\/v2\/product"}],"about":[{"href":"https:\/\/factory.sale\/fi\/wp-json\/wp\/v2\/types\/product"}],"replies":[{"embeddable":true,"href":"https:\/\/factory.sale\/fi\/wp-json\/wp\/v2\/comments?post=95442"}],"wp:featuredmedia":[{"embeddable":true,"href":"https:\/\/factory.sale\/fi\/wp-json\/wp\/v2\/media\/95345"}],"wp:attachment":[{"href":"https:\/\/factory.sale\/fi\/wp-json\/wp\/v2\/media?parent=95442"}],"wp:term":[{"taxonomy":"factory","embeddable":true,"href":"https:\/\/factory.sale\/fi\/wp-json\/wp\/v2\/factory?post=95442"},{"taxonomy":"free-shipment","embeddable":true,"href":"https:\/\/factory.sale\/fi\/wp-json\/wp\/v2\/free-shipment?post=95442"},{"taxonomy":"product_brand","embeddable":true,"href":"https:\/\/factory.sale\/fi\/wp-json\/wp\/v2\/product_brand?post=95442"},{"taxonomy":"product_cat","embeddable":true,"href":"https:\/\/factory.sale\/fi\/wp-json\/wp\/v2\/product_cat?post=95442"},{"taxonomy":"product_tag","embeddable":true,"href":"https:\/\/factory.sale\/fi\/wp-json\/wp\/v2\/product_tag?post=95442"}],"curies":[{"name":"wp","href":"https:\/\/api.w.org\/{rel}","templated":true}]}}