{"id":95328,"date":"2024-12-02T10:55:39","date_gmt":"2024-12-02T08:45:09","guid":{"rendered":"https:\/\/factory.sale\/?post_type=product&#038;p=95328"},"modified":"2024-12-02T11:48:41","modified_gmt":"2024-12-02T08:48:41","slug":"lillevilla-teno-296-m%c2%b2-44-mm","status":"publish","type":"product","link":"https:\/\/factory.sale\/fi\/tuote\/lillevilla-teno-296-m%c2%b2-44-mm\/","title":{"rendered":"Lillevilla Teno \u2013 29,6 m\u00b2 \/ 44 mm"},"content":{"rendered":"<p><strong>Meid\u00e4n suurin vierasmajamme<\/strong><\/p>\n<p>Vierasmaja Lillevilla Teno on avara ja valoisa pulpettikattoinen rakennus, joka on valmistettu 44 mm vahvuisesta kevythirrest\u00e4. Se on t\u00e4ydellinen sinulle, joka tarvitset reilusti tilaa harrastaa! Iso pinta-ala antaa mahdollisuuden jakaa vierasmaja eri osiin. Sis\u00e4lle mahtuu sek\u00e4 biljardip\u00f6yt\u00e4 ett\u00e4 sohvaryhm\u00e4 oleskelua varten.<\/p>\n<p>Halutessasi voi tilata Lillevilla Tenoon ulosp\u00e4in aukeavan pari-ikkunan. Ikkuna on valmiiksi lasitettu eristysturvalasilla (2K4-6-4) mitoiltaan 468 x 1406 mm. Saranat ovat tappisaranoita, ja niit\u00e4 on 3 kpl\/ikkunapuolisko. Ikkunan k\u00e4tisyys on vasen. Painikkeet ja vuorilaudat sis\u00e4ltyv\u00e4t toimitukseen. Sahaa ikkunalle aukko haluaamaasi kohtaa ja asenna ikkuna paikalleen mukana tulevien vuorilautojen avulla.<\/p>\n<p>&nbsp;<\/p>\n<p><strong>Vierasmajan strategiset mitat<\/strong><\/p>\n<p>Pohjan ala t\u00e4ss\u00e4 mallissa on vajaat 29 neli\u00f6metri\u00e4 leveyden ollessa 7,4 m ja syvyyden 4 m. Harjakorkeus on 245 cm ja vapaa sis\u00e4korkeus matalimmillaan noin 200 cm. Katon ala vierasmajassa on 34 neli\u00f6metri\u00e4.<\/p>\n<p>T\u00e4m\u00e4n mallin lattialaudat ovat vahvuudeltaan 21 mm. 44 mm vahvuiset sein\u00e4hirret ovat tuplapontillisia, joka takaa ett\u00e4 rakennus on erityisen tukeva. T\u00e4m\u00e4 tuote on nurkkatyypilt\u00e4\u00e4n citynurkkainen, mik\u00e4 tarkoittaa, ett\u00e4 sein\u00e4hirret kiinnitet\u00e4\u00e4n nurkkatolppiin. Vierasmajan ovissa ja ikkunoissa on CE-hyv\u00e4ksytyt eristysturvalasit.<\/p>\n<p>Halutessasi voi tilata Lillevilla Tenoon ulosp\u00e4in aukeavan pari-ikkunan. Ikkuna on valmiiksi lasitettu eristysturvalasilla (2K4-6-4) mitoiltaan 468 x 1406 mm. Saranat ovat tappisaranoita, ja niit\u00e4 on 3 kpl\/ikkunapuolisko. Ikkunan k\u00e4tisyys on vasen. Painikkeet ja vuorilaudat sis\u00e4ltyv\u00e4t toimitukseen. Ikkunan asentaminen tapahtuu sahaamalla ikkunalle aukko haluaamaasi kohtaa ja asenna ikkuna paikalleen mukana tulevien vuorilautojen avulla.<\/p>\n<p>&nbsp;<\/p>\n<p><strong>Toimituksen sis\u00e4lt\u00f6<\/strong><\/p>\n<p>Tuotepakettiin kuuluvat hirsien, oven ja ikkunoiden sek\u00e4 lattia- ja kattolautojen lis\u00e4ksi helat, naulat ja ruuvit. Katemateriaali ei sis\u00e4lly toimitukseen. Katemateriaaliksi voit tilata meilt\u00e4 t\u00e4lt\u00e4 sivulta Katepal TopTite 3 -rullahuopaa. Tiilikatetta tai palahuopaa emme suosittele. Katemateriaali on asennettava heti rakennuksen pystytyksen j\u00e4lkeen.<\/p>\n<p>M\u00f6kin osat on tehtaalla valmiiksi ty\u00f6stetty koneellisesti. Kyse on kuitenkin rakentamisesta, joten varaa pystytykseen yleisimm\u00e4t ty\u00f6kalut, kuten mittanauha, vesivaaka, vasara, saha, ruuvinv\u00e4\u00e4nnin ja pora. Katso rakentajan tarkastuslista itse hankittavista tarvikkeista sek\u00e4 muista huomioitavista asioista t\u00e4st\u00e4 linkist\u00e4. Olemme koonneet tuotteidemme pystytyst\u00e4 koskevia vinkkej\u00e4 t\u00e4nne.<\/p>\n<p>&nbsp;<\/p>\n<p><strong>Pintak\u00e4sittely<\/strong><\/p>\n<p>Rakennuksen pintak\u00e4sittely on teht\u00e4v\u00e4 viipym\u00e4tt\u00e4 heti rakennuksen pystytyksen j\u00e4lkeen s\u00e4\u00e4n ja olosuhteiden niin salliessa. Pintak\u00e4sittelyyn on k\u00e4ytett\u00e4v\u00e4 hirsipinnoille tarkoitettuja hengitt\u00e4vi\u00e4 pintak\u00e4sittelyaineita. Hengitt\u00e4m\u00e4tt\u00f6m\u00e4n muovikalvon muodostavaa maalia ei saa k\u00e4ytt\u00e4\u00e4. Vinkit pintak\u00e4sittelyyn l\u00f6yd\u00e4t t\u00e4m\u00e4n sivun linkist\u00e4.<\/p>\n<p>&nbsp;<\/p>\n<p><strong>Rakennuslupa-asiat<\/strong><\/p>\n<p>Tarkista rakennusluvan tarve etuk\u00e4teen rakennuspaikkakuntasi rakennuslupaviranomaiselta. Rakennuslupahakemuksessa tarvittavat piirustukset voit ladata t\u00e4lt\u00e4 sivulta tai pyyt\u00e4\u00e4 asiakaspalvelustamme.<\/p>\n<p>&nbsp;<\/p>\n<p>&nbsp;<\/p>\n<p><strong>Tuotetiedot:<\/strong><\/p>\n<p>Pohjan ala (m\u00b2): 29,6<br \/>\nPohjan mitat (mm x mm): 7400 x 4000<br \/>\nSein\u00e4vahvuus (mm): 44<br \/>\nHarjakorkeus (mm): 2450<br \/>\nSivusein\u00e4n korkeus (mm): 2150 \/ 2280<br \/>\nKaton ala (m\u00b2): 33,4<br \/>\nKaton koko (mm x mm): 7600 x 4390<br \/>\nKattokaltevuus (astetta): 3,00<br \/>\nHarjan pituus (mm): 7870<br \/>\nLappeen pituus (mm): 4460<br \/>\nKattolauta (mm): 16<br \/>\nLattialauta (mm): 21<br \/>\nIkkuna: Eristysturvalasi CE 4\/6\/4mm, Tyyppi R7 (558\u00d71496)<br \/>\nIkkunan aukeamissuunta: Kiinte\u00e4<br \/>\nOvi: Eristysturvalasi CE 4\/9\/4mm, Tyyppi D19 (1694\u00d71960)<br \/>\nKatemateriaali: ei sis\u00e4lly<br \/>\nPakettimitat (mm) ja paino: 4850 x 750 x 1150 \/ 1000 kg, 5250 x 480 x 1150 \/ 850 kg<br \/>\nEAN: 6418635046210<br \/>\nTuotetunnus (SKU): 0144 72 40 00<\/p>\n<p>&nbsp;<\/p>\n<p>&nbsp;<\/p>\n<p><strong>Lis\u00e4ksi saatavilla:<\/strong><\/p>\n<p>Katemateriaalit<\/p>\n<p>30130 Tiivissaumakatepaketti (+571,50 \u20ac)<\/p>\n<p>R\u00e4yst\u00e4speltipaketti<\/p>\n<p>30137 R\u00e4yst\u00e4speltipaketti (+171,00 \u20ac)<\/p>\n<p>Eristyspaketti<\/p>\n<p>9507 Katoneristyspaketti (+1,476,00 \u20ac)<br \/>\n9508 Lattianeristyspaketti (+918,00 \u20ac)<\/p>\n<p>Korotuspaketti<\/p>\n<p>2 hirsikerran korotus (+495,00 \u20ac)<\/p>\n<p>&nbsp;<\/p>\n<p>&nbsp;<\/p>\n<p><strong>Rahtilis\u00e4t kuljetuksille asiakkaalle toimitettaessa:<\/strong><\/p>\n<p>Postinumero alueet 94000-95699 &amp; 96000-96999 100 \u20ac Alv 0%<br \/>\nPostinumero alueet 89000-89999 &amp; 93000-93999 140 \u20ac Alv 0%<br \/>\nPostinumero alueet 95700-95999 &amp; 97000-99999 330\u20ac Alv 0%<br \/>\nLossilis\u00e4 260 \u20ac Alv 0%<\/p>\n<p><strong>Kotiinkuljetus tehtaalta asiaakkaalle Suomi alv 0 % 328 \u20ac<\/strong><\/p>\n<p>&nbsp;<\/p>\n<p>&nbsp;<\/p>\n<p><a href=\"https:\/\/factory.sale\/wp-content\/uploads\/2024\/12\/Teno_Lillevilla_442_FI-SE-DE-DK-EN-FR-ID-5301.pdf\" target=\"_blank\" rel=\"noopener\">Kokoopano-ohje<\/a><\/p>\n<p><a href=\"https:\/\/factory.sale\/wp-content\/uploads\/2024\/12\/Teno_Lillevilla-442-perustus-foundation-ID-7204.pdf\" target=\"_blank\" rel=\"noopener\">Perustusohje<\/a><\/p>\n<p><a href=\"https:\/\/factory.sale\/wp-content\/uploads\/2024\/12\/Teno_Lillevilla-442-julkisivut-pohja-ja-leikkaus-ID-5213.pdf\" target=\"_blank\" rel=\"noopener\">Piirustukset lupahakemukseen<\/a><\/p>\n<p><a href=\"https:\/\/factory.sale\/wp-content\/uploads\/2024\/11\/Luoman_hirsirakennusten_pintakasittelyohje_Tikkurila_VALMIS_2023.pdf\" target=\"_blank\" rel=\"noopener\">Pintak\u00e4sittelyohje<\/a><\/p>\n<p><a href=\"https:\/\/factory.sale\/wp-content\/uploads\/2024\/11\/5.pdf\" target=\"_blank\" rel=\"noopener\">Eristyspaketin ohjeet<\/a><\/p>\n","protected":false},"excerpt":{"rendered":"<p>Muuta puutarhasi Lillevilla Teno -vierasmajalla. 29,6 m\u00b2 tilaa, kest\u00e4v\u00e4t 44 mm hirret ja muokattavat vaihtoehdot tekev\u00e4t siit\u00e4 t\u00e4ydellisen harrastuksiin, rentoutumiseen tai vieraiden vastaanottamiseen. Tilaa jo t\u00e4n\u00e4\u00e4n!<\/p>\n<p>&nbsp;<\/p>\n<p>&nbsp;<\/p>\n","protected":false},"featured_media":95309,"comment_status":"open","ping_status":"closed","template":"","meta":{"_acf_changed":false},"factory":[],"free-shipment":[],"product_brand":[],"product_cat":[997,4242],"product_tag":[],"class_list":{"0":"post-95328","1":"product","2":"type-product","3":"status-publish","4":"has-post-thumbnail","6":"product_cat-piha-puutarha-fi","7":"product_cat-puutarharakennukset","9":"first","10":"instock","11":"sale","12":"taxable","13":"shipping-taxable","14":"purchasable","15":"product-type-simple"},"acf":[],"_links":{"self":[{"href":"https:\/\/factory.sale\/fi\/wp-json\/wp\/v2\/product\/95328","targetHints":{"allow":["GET"]}}],"collection":[{"href":"https:\/\/factory.sale\/fi\/wp-json\/wp\/v2\/product"}],"about":[{"href":"https:\/\/factory.sale\/fi\/wp-json\/wp\/v2\/types\/product"}],"replies":[{"embeddable":true,"href":"https:\/\/factory.sale\/fi\/wp-json\/wp\/v2\/comments?post=95328"}],"wp:featuredmedia":[{"embeddable":true,"href":"https:\/\/factory.sale\/fi\/wp-json\/wp\/v2\/media\/95309"}],"wp:attachment":[{"href":"https:\/\/factory.sale\/fi\/wp-json\/wp\/v2\/media?parent=95328"}],"wp:term":[{"taxonomy":"factory","embeddable":true,"href":"https:\/\/factory.sale\/fi\/wp-json\/wp\/v2\/factory?post=95328"},{"taxonomy":"free-shipment","embeddable":true,"href":"https:\/\/factory.sale\/fi\/wp-json\/wp\/v2\/free-shipment?post=95328"},{"taxonomy":"product_brand","embeddable":true,"href":"https:\/\/factory.sale\/fi\/wp-json\/wp\/v2\/product_brand?post=95328"},{"taxonomy":"product_cat","embeddable":true,"href":"https:\/\/factory.sale\/fi\/wp-json\/wp\/v2\/product_cat?post=95328"},{"taxonomy":"product_tag","embeddable":true,"href":"https:\/\/factory.sale\/fi\/wp-json\/wp\/v2\/product_tag?post=95328"}],"curies":[{"name":"wp","href":"https:\/\/api.w.org\/{rel}","templated":true}]}}