{"id":95300,"date":"2024-12-02T10:11:53","date_gmt":"2024-12-02T07:29:06","guid":{"rendered":"https:\/\/factory.sale\/?post_type=product&#038;p=95300"},"modified":"2026-04-21T19:35:39","modified_gmt":"2026-04-21T16:35:39","slug":"lillevilla-kolima-24-m%c2%b2-44-mm","status":"publish","type":"product","link":"https:\/\/factory.sale\/fi\/tuote\/lillevilla-kolima-24-m%c2%b2-44-mm\/","title":{"rendered":"Lillevilla Kolima \u2013 24 m\u00b2 \/ 44 mm"},"content":{"rendered":"<p><strong>Vierasmaja Lillevilla Kolima<\/strong><\/p>\n<p>Lillevilla Kolima \u2013 iso vierasmaja isoilla ikkunoilla sek\u00e4 isoilla lasiovilla, todella tyylik\u00e4s piharakennus! N\u00e4ytt\u00e4v\u00e4 malli antaa toteutukselle paljon vaihtoehtoja. Vierasmaja Lillevilla Kolima soveltuu hyvin esimerkiksi ateljeeksi tai kes\u00e4keitti\u00f6ksi. Sis\u00e4\u00e4n mahtuu n\u00e4pp\u00e4r\u00e4sti my\u00f6s iso ruokaluryhm\u00e4. T\u00e4ss\u00e4 mallissa pariovi on sijoitettu keskelle ja kaksi suurta ikkunaa sen molemmin puolin. Lillevilla Koliman ovissa ja ikkunoissa on CE-hyv\u00e4ksytyt eristysturvalasit.<\/p>\n<p>&nbsp;<\/p>\n<p><strong>Vierasmajan strategiset mitat<\/strong><\/p>\n<p>Pohjan ala t\u00e4ss\u00e4 mallissa on 24 neli\u00f6metri\u00e4 leveyden ollessa 6 m ja syvyyden 4 m. Harjakorkeus on 245 cm ja vapaa sis\u00e4korkeus matalimmillaan noin 200 cm. Katon ala vierasmajassa on 28,2 neli\u00f6metri\u00e4.<\/p>\n<p>T\u00e4m\u00e4n mallin lattialaudat ovat vahvuudeltaan 21 mm. 44 mm vahvuiset sein\u00e4hirret ovat tuplapontillisia, mink\u00e4 ansiosta rakennus on erityisen tukeva. T\u00e4m\u00e4 tuote on nurkkatyypilt\u00e4\u00e4n citynurkkainen, mik\u00e4 tarkoittaa, ett\u00e4 sein\u00e4hirret kiinnitet\u00e4\u00e4n nurkkatolppiin. Ovissa ja ikkunoissa on CE-hyv\u00e4ksytyt eristysturvalasit.<\/p>\n<p>&nbsp;<\/p>\n<p><strong>Toimituksen sis\u00e4lt\u00f6<\/strong><\/p>\n<p>Tuotepakettiin kuuluvat hirsien, oven ja ikkunoiden sek\u00e4 lattia- ja kattolautojen lis\u00e4ksi helat, naulat ja ruuvit. Katemateriaali ei sis\u00e4lly toimitukseen. Katemateriaaliksi voit tilata meilt\u00e4 t\u00e4lt\u00e4 sivulta Katepal TopTite 3 -rullahuopaa. Tiilikatetta tai palahuopaa emme suosittele. Katemateriaali on asennettava heti rakennuksen pystytyksen j\u00e4lkeen.<\/p>\n<p>M\u00f6kin osat on tehtaalla valmiiksi ty\u00f6stetty koneellisesti. Kyse on kuitenkin rakentamisesta, joten varaa pystytykseen yleisimm\u00e4t ty\u00f6kalut, kuten mittanauha, vesivaaka, vasara, saha, ruuvinv\u00e4\u00e4nnin ja pora.<\/p>\n<p>&nbsp;<\/p>\n<p><strong>Pintak\u00e4sittely<\/strong><\/p>\n<p>Rakennuksen pintak\u00e4sittely on teht\u00e4v\u00e4 viipym\u00e4tt\u00e4 heti rakennuksen pystytyksen j\u00e4lkeen s\u00e4\u00e4n ja olosuhteiden niin salliessa. Pintak\u00e4sittelyyn on k\u00e4ytett\u00e4v\u00e4 hirsipinnoille tarkoitettuja hengitt\u00e4vi\u00e4 pintak\u00e4sittelyaineita. Hengitt\u00e4m\u00e4tt\u00f6m\u00e4n muovikalvon muodostavaa maalia ei saa k\u00e4ytt\u00e4\u00e4.<\/p>\n<p>&nbsp;<\/p>\n<p><strong>Rakennuslupa-asiat<\/strong><\/p>\n<p>Tarkista rakennusluvan tarve etuk\u00e4teen rakennuspaikkakuntasi rakennuslupaviranomaiselta. Rakennuslupahakemuksessa tarvittavat piirustukset voit ladata t\u00e4lt\u00e4 sivulta tai pyyt\u00e4\u00e4 asiakaspalvelustamme.<\/p>\n<p>&nbsp;<\/p>\n<p>&nbsp;<\/p>\n<p><strong>Tuotetideot:<\/strong><\/p>\n<p>Pohjan ala (m\u00b2): 24<br \/>\nPohjan mitat (mm x mm): 6000 x 4000<br \/>\nSein\u00e4n paksuus (mm): 44<br \/>\nHarjakorkeus (mm): 2450<br \/>\nSivusein\u00e4n korkeus (mm): 2170 \/ 2360<br \/>\nKaton ala (m\u00b2): 28,8<br \/>\nKaton koko (mm x mm): 6460 x 4460<br \/>\nHarjan pituus (mm): 6460<br \/>\nLappeen pituus (mm): 4460<br \/>\nKattokaltevuus (astetta): 3,00<br \/>\nKattolauta (mm): 16<br \/>\nLattialauta (mm): 21<br \/>\nIkkuna: Eristysturvalasi CE 4\/6\/4mm, Tyyppi S (1187\u00d71550) 2kpl<br \/>\nIkkunan aukeamissuunta: Ulosp\u00e4in<br \/>\nOvi: Eristysturvalasi CE 4\/9\/4mm, Tyyppi D19 (1694\u00d71960)<br \/>\nKatemateriaali: ei sis\u00e4lly<br \/>\nPakettien lukum\u00e4\u00e4r\u00e4: 2<br \/>\nPakettimitat (mm) ja paino: 3950 x 570 x 1150 \/ 885 kg, 6000 x 500 x 1150 \/ 910 kg<br \/>\nTuotetunnus (SKU): 0144 60 40 00<\/p>\n<p>&nbsp;<\/p>\n<p>&nbsp;<\/p>\n<p><strong>Lis\u00e4ksi saatavilla:<\/strong><\/p>\n<p>Katemateriaali<\/p>\n<p>30129 Tiivissaumakatepaketti (+490,50 \u20ac)<\/p>\n<p>R\u00e4yst\u00e4speltipaketti<\/p>\n<p>30136 R\u00e4yst\u00e4speltipaketti (+135,00 \u20ac)<\/p>\n<p>Eristyspaketti<\/p>\n<p>30041 Katoneristyspaketti (+1336,50 \u20ac)<br \/>\n30042 Lattianeristyspaketti (+819,00 \u20ac)<\/p>\n<p>Korotuspaketti<\/p>\n<p>2 hirsikerran korotus (+436,50 \u20ac)<\/p>\n<p>&nbsp;<\/p>\n<p>&nbsp;<\/p>\n<p><strong>Rahtilis\u00e4t kuljetuksille asiakkaalle toimitettaessa:<\/strong><\/p>\n<p>Postinumero alueet 94000-95699 &amp; 96000-96999 110 \u20ac Alv 0%<br \/>\nPostinumero alueet 89000-89999 &amp; 93000-93999 154 \u20ac Alv 0%<br \/>\nPostinumero alueet 95700-95999 &amp; 97000-99999 363\u20ac Alv 0%<br \/>\nLossilis\u00e4 286 \u20ac Alv 0%<\/p>\n<p><em><strong>Kotiinkuljetus tehtaalta asiaakkaalle Suomi alv 0 % 336,60 \u20ac<\/strong><\/em><\/p>\n<p>&nbsp;<\/p>\n<p>&nbsp;<\/p>\n<p><a href=\"https:\/\/factory.sale\/wp-content\/uploads\/2024\/12\/Kolima_LV-488_FI-SE-DE-DK-EN-FR-ID-5299.pdf\" target=\"_blank\" rel=\"noopener\">Kokoopano-ohje<\/a><\/p>\n<p><a href=\"https:\/\/factory.sale\/wp-content\/uploads\/2024\/12\/Kolima-Lillevilla-488-perustus-foundation-ID-6780.pdf\" target=\"_blank\" rel=\"noopener\">Perustamisohjeet<\/a><\/p>\n<p><a href=\"https:\/\/factory.sale\/wp-content\/uploads\/2024\/12\/Lillevilla-488-raklupakuva-FI-ID-5684.pdf\" target=\"_blank\" rel=\"noopener\">Piirustukset lupahakemukseen<\/a><\/p>\n<p><a href=\"https:\/\/factory.sale\/wp-content\/uploads\/2024\/11\/Luoman_hirsirakennusten_pintakasittelyohje_Tikkurila_VALMIS_2023.pdf\" target=\"_blank\" rel=\"noopener\">Pintak\u00e4sittelyohjeet<\/a><\/p>\n<p><a href=\"https:\/\/factory.sale\/wp-content\/uploads\/2024\/11\/5.pdf\" target=\"_blank\" rel=\"noopener\">Eristyspaketin ohjeet<\/a><\/p>\n","protected":false},"excerpt":{"rendered":"<p>Muuta pihasi upeaksi Lillevilla Kolima -vierasmajalla. 24 m\u00b2 tilaa, suuret ikkunat, lasiovet ja CE-sertifioidut lasit tekev\u00e4t t\u00e4st\u00e4 t\u00e4ydellisen studion, kes\u00e4keitti\u00f6n tai ruokailualueen. Tukevat 44 mm hirret ja r\u00e4\u00e4t\u00e4l\u00f6it\u00e4v\u00e4t kattovaihtoehdot takaavat laadun ja tyylin. Tilaa jo t\u00e4n\u00e4\u00e4n!<\/p>\n","protected":false},"featured_media":95291,"comment_status":"open","ping_status":"closed","template":"","meta":{"_acf_changed":false},"factory":[],"free-shipment":[],"product_brand":[],"product_cat":[997,4242],"product_tag":[],"class_list":{"0":"post-95300","1":"product","2":"type-product","3":"status-publish","4":"has-post-thumbnail","6":"product_cat-piha-puutarha-fi","7":"product_cat-puutarharakennukset","9":"first","10":"instock","11":"sale","12":"taxable","13":"shipping-taxable","14":"purchasable","15":"product-type-simple"},"acf":[],"_links":{"self":[{"href":"https:\/\/factory.sale\/fi\/wp-json\/wp\/v2\/product\/95300","targetHints":{"allow":["GET"]}}],"collection":[{"href":"https:\/\/factory.sale\/fi\/wp-json\/wp\/v2\/product"}],"about":[{"href":"https:\/\/factory.sale\/fi\/wp-json\/wp\/v2\/types\/product"}],"replies":[{"embeddable":true,"href":"https:\/\/factory.sale\/fi\/wp-json\/wp\/v2\/comments?post=95300"}],"wp:featuredmedia":[{"embeddable":true,"href":"https:\/\/factory.sale\/fi\/wp-json\/wp\/v2\/media\/95291"}],"wp:attachment":[{"href":"https:\/\/factory.sale\/fi\/wp-json\/wp\/v2\/media?parent=95300"}],"wp:term":[{"taxonomy":"factory","embeddable":true,"href":"https:\/\/factory.sale\/fi\/wp-json\/wp\/v2\/factory?post=95300"},{"taxonomy":"free-shipment","embeddable":true,"href":"https:\/\/factory.sale\/fi\/wp-json\/wp\/v2\/free-shipment?post=95300"},{"taxonomy":"product_brand","embeddable":true,"href":"https:\/\/factory.sale\/fi\/wp-json\/wp\/v2\/product_brand?post=95300"},{"taxonomy":"product_cat","embeddable":true,"href":"https:\/\/factory.sale\/fi\/wp-json\/wp\/v2\/product_cat?post=95300"},{"taxonomy":"product_tag","embeddable":true,"href":"https:\/\/factory.sale\/fi\/wp-json\/wp\/v2\/product_tag?post=95300"}],"curies":[{"name":"wp","href":"https:\/\/api.w.org\/{rel}","templated":true}]}}