{"id":95271,"date":"2024-12-02T00:38:16","date_gmt":"2024-12-01T22:22:33","guid":{"rendered":"https:\/\/factory.sale\/?post_type=product&#038;p=95271"},"modified":"2024-12-06T16:28:24","modified_gmt":"2024-12-06T13:28:24","slug":"lillevilla-loukinen-18-m%c2%b2-44-mm","status":"publish","type":"product","link":"https:\/\/factory.sale\/fi\/tuote\/lillevilla-loukinen-18-m%c2%b2-44-mm\/","title":{"rendered":"Lillevilla Loukinen \u2013 18 m\u00b2 \/ 44 mm"},"content":{"rendered":"<p><strong>Vierasmaja Lillevilla Loukinen<\/strong><\/p>\n<p>Lillevilla Loukinen \u2013 iso vierasmaja isoilla ikkunoilla sek\u00e4 isoilla lasiovilla, todella tyylik\u00e4s piharakennus! N\u00e4ytt\u00e4v\u00e4 malli antaa toteutukselle paljon vaihtoehtoja. Vierasmaja soveltuu hyvin esimerkiksi ateljeeksi tai kes\u00e4keitti\u00f6ksi. Sis\u00e4\u00e4n mahtuu n\u00e4pp\u00e4r\u00e4sti my\u00f6s iso ruokaluryhm\u00e4. T\u00e4ss\u00e4 mallissa pariovi on sijoitettu keskelle ja kaksi suurta ikkunaa sen molemmin puolin. Lillevilla Loukisen ovissa ja ikkunoissa on CE-hyv\u00e4ksytyt eristysturvalasit.<\/p>\n<p>&nbsp;<\/p>\n<p><strong>Vierasmajan strategiset mitat<\/strong><\/p>\n<p>Pohjan ala t\u00e4ss\u00e4 mallissa on 18 neli\u00f6metri\u00e4 leveyden ollessa 6 m ja syvyyden 3 m. Harjakorkeus on 245 cm. Katon ala vierasmajassa on 22 neli\u00f6metri\u00e4.<\/p>\n<p>T\u00e4m\u00e4n mallin lattialaudat ovat vahvuudeltaan 21 mm. 44 mm vahvuiset sein\u00e4hirret ovat tuplapontillisia, mink\u00e4 ansiosta rakennus on erityisen tukeva. T\u00e4m\u00e4 tuote on nurkkatyypilt\u00e4\u00e4n citynurkkainen, mik\u00e4 tarkoittaa, ett\u00e4 sein\u00e4hirret kiinnitet\u00e4\u00e4n nurkkatolppiin. Ovissa ja ikkunoissa on CE-hyv\u00e4ksytyt eristysturvalasit.<\/p>\n<p>&nbsp;<\/p>\n<p><strong>Toimituksen sis\u00e4lt\u00f6<\/strong><\/p>\n<p>Tuotepakettiin kuuluvat hirsien, oven ja ikkunoiden sek\u00e4 lattia- ja kattolautojen lis\u00e4ksi helat, naulat ja ruuvit. Katemateriaali ei sis\u00e4lly toimitukseen. Katemateriaaliksi voit tilata meilt\u00e4 t\u00e4lt\u00e4 sivulta Katepal TopTite 3 -rullahuopaa. Tiilikatetta tai palahuopaa emme suosittele. Katemateriaali on asennettava heti rakennuksen pystytyksen j\u00e4lkeen.<\/p>\n<p>M\u00f6kin osat on tehtaalla valmiiksi ty\u00f6stetty koneellisesti. Kyse on kuitenkin rakentamisesta, joten varaa pystytykseen yleisimm\u00e4t ty\u00f6kalut, kuten mittanauha, vesivaaka, vasara, saha, ruuvinv\u00e4\u00e4nnin ja pora. Katso rakentajan tarkastuslista itse hankittavista tarvikkeista sek\u00e4 muista huomioitavista asioista t\u00e4st\u00e4 linkist\u00e4.<\/p>\n<p>&nbsp;<\/p>\n<p><strong>Pintak\u00e4sittely<\/strong><\/p>\n<p>Rakennuksen pintak\u00e4sittely on teht\u00e4v\u00e4 viipym\u00e4tt\u00e4 heti rakennuksen pystytyksen j\u00e4lkeen s\u00e4\u00e4n ja olosuhteiden niin salliessa. Pintak\u00e4sittelyyn on k\u00e4ytett\u00e4v\u00e4 hirsipinnoille tarkoitettuja hengitt\u00e4vi\u00e4 pintak\u00e4sittelyaineita. Hengitt\u00e4m\u00e4tt\u00f6m\u00e4n muovikalvon muodostavaa maalia ei saa k\u00e4ytt\u00e4\u00e4.<\/p>\n<p>&nbsp;<\/p>\n<p><strong>Rakennuslupa-asiat<\/strong><\/p>\n<p>Tarkista rakennusluvan tarve etuk\u00e4teen rakennuspaikkakuntasi rakennuslupaviranomaiselta. Rakennuslupahakemuksessa tarvittavat piirustukset voit ladata t\u00e4lt\u00e4 sivulta tai pyyt\u00e4\u00e4 asiakaspalvelustamme.<\/p>\n<p>&nbsp;<\/p>\n<p><strong>Tuotetiedot:<\/strong><\/p>\n<p>Paino: 1750 kg (kilogramma)<br \/>\nMitat: 600 \u00d7 115 \u00d7 70 cm (senttimetri)<br \/>\nPohjan ala (m\u00b2): 18<br \/>\nPohjan mitat (mm x mm): 6000 x 3000<br \/>\nSein\u00e4vahvuus (mm): 44<br \/>\nHarjakorkeus (mm): 2450<br \/>\nKaton koko (mm x mm): 6460 x 3390<br \/>\nKaton ala (m\u00b2): 22<br \/>\nKattokaltevuus (astetta): 2,60<br \/>\nHarjan pituus (mm): 6470<br \/>\nLappeen pituus (mm): 3466<br \/>\nKattolauta (mm): 16<br \/>\nLattialauta (mm): 21<br \/>\nIkkuna: Eristysturvalasi CE 4\/6\/4mm, Tyyppi S (1187\u00d71550) 2kpl<br \/>\nIkkunan aukeamissuunta: Ulosp\u00e4in<br \/>\nOvi: Eristysturvalasi CE 4\/9\/4mm, Tyyppi D19 (1694\u00d71960)<br \/>\nKatemateriaali: ei sis\u00e4lly<br \/>\nPakettimitat (mm) ja paino: 6000 x 700 x 1150 \/ 1750 kg<br \/>\nTuotetunnus (SKU): 0144 60 30 01<\/p>\n<p>&nbsp;<\/p>\n<p>&nbsp;<\/p>\n<p><strong>Lis\u00e4ksi saatavilla:<\/strong><\/p>\n<p>Katemateriaali<br \/>\n30128 Tiivissaumakatepaketti (+400,50 \u20ac)<\/p>\n<p>R\u00e4yst\u00e4speltipaketti<br \/>\n30136 R\u00e4yst\u00e4speltipaketti (+135,00 \u20ac)<\/p>\n<p>Eristyspaketit<br \/>\n30104 Lattianeristyspaketti (+693,00\u20ac)<br \/>\n30114 Katoneristyspaketti (+1129,50 \u20ac)<\/p>\n<p>&nbsp;<\/p>\n<p>&nbsp;<\/p>\n<p><strong>Rahtilis\u00e4t kuljetuksille asiakkaalle toimitettaessa:<\/strong><\/p>\n<p>Postinumero alueet 94000-95699 &amp; 96000-96999 100 \u20ac Alv 0%<br \/>\nPostinumero alueet 89000-89999 &amp; 93000-93999 140 \u20ac Alv 0%<br \/>\nPostinumero alueet 95700-95999 &amp; 97000-99999 330\u20ac Alv 0%<br \/>\nLossilis\u00e4 260 \u20ac Alv 0%<\/p>\n<p><strong>Kotiinkuljetus tehtaalta asiaakkaalle Suomi alv 0 % 262 \u20ac<\/strong><\/p>\n<p>&nbsp;<\/p>\n<p>&nbsp;<\/p>\n<p>&nbsp;<\/p>\n<p><a href=\"https:\/\/factory.sale\/wp-content\/uploads\/2024\/12\/Loukinen-Lillevilla_489_FI-SE-DE-DK-EN-FR-ID-7500.pdf\" target=\"_blank\" rel=\"noopener\">Kokoopano-ohje<\/a><\/p>\n<p><a href=\"https:\/\/factory.sale\/wp-content\/uploads\/2024\/12\/Loukinen-Lillevilla-489-julkisivut-pohja-leikkaus-ID-7342.pdf\" target=\"_blank\" rel=\"noopener\">Perustusohje<\/a><\/p>\n<p><a href=\"https:\/\/factory.sale\/wp-content\/uploads\/2024\/12\/Loukinen-Lillevilla-489-perustus-foundation-ID-9200.pdf\" target=\"_blank\" rel=\"noopener\">Piirustukset lupahakemukseen<\/a><\/p>\n<p><a href=\"https:\/\/factory.sale\/wp-content\/uploads\/2024\/11\/Luoman_hirsirakennusten_pintakasittelyohje_Tikkurila_VALMIS_2023.pdf\" target=\"_blank\" rel=\"noopener\">Pintak\u00e4sittelyohje<\/a><\/p>\n<p>&nbsp;<\/p>\n","protected":false},"excerpt":{"rendered":"<p>Muuta puutarhasi upeaksi Lillevilla Loukinen -vierasmajalla. 18 m\u00b2 monipuolista tilaa, suuret ikkunat ja lasiovet tekev\u00e4t siit\u00e4 t\u00e4ydellisen studion, kes\u00e4keitti\u00f6n tai ruokailutilan. Kest\u00e4v\u00e4t 44 mm hirret ja CE-sertifioidut lasit takaavat laadun ja tyylin. Tilaa jo t\u00e4n\u00e4\u00e4n!<\/p>\n","protected":false},"featured_media":95262,"comment_status":"open","ping_status":"closed","template":"","meta":{"_acf_changed":false},"factory":[],"free-shipment":[],"product_brand":[],"product_cat":[997,4242],"product_tag":[],"class_list":{"0":"post-95271","1":"product","2":"type-product","3":"status-publish","4":"has-post-thumbnail","6":"product_cat-piha-puutarha-fi","7":"product_cat-puutarharakennukset","9":"first","10":"instock","11":"sale","12":"taxable","13":"shipping-taxable","14":"purchasable","15":"product-type-simple"},"acf":[],"_links":{"self":[{"href":"https:\/\/factory.sale\/fi\/wp-json\/wp\/v2\/product\/95271","targetHints":{"allow":["GET"]}}],"collection":[{"href":"https:\/\/factory.sale\/fi\/wp-json\/wp\/v2\/product"}],"about":[{"href":"https:\/\/factory.sale\/fi\/wp-json\/wp\/v2\/types\/product"}],"replies":[{"embeddable":true,"href":"https:\/\/factory.sale\/fi\/wp-json\/wp\/v2\/comments?post=95271"}],"wp:featuredmedia":[{"embeddable":true,"href":"https:\/\/factory.sale\/fi\/wp-json\/wp\/v2\/media\/95262"}],"wp:attachment":[{"href":"https:\/\/factory.sale\/fi\/wp-json\/wp\/v2\/media?parent=95271"}],"wp:term":[{"taxonomy":"factory","embeddable":true,"href":"https:\/\/factory.sale\/fi\/wp-json\/wp\/v2\/factory?post=95271"},{"taxonomy":"free-shipment","embeddable":true,"href":"https:\/\/factory.sale\/fi\/wp-json\/wp\/v2\/free-shipment?post=95271"},{"taxonomy":"product_brand","embeddable":true,"href":"https:\/\/factory.sale\/fi\/wp-json\/wp\/v2\/product_brand?post=95271"},{"taxonomy":"product_cat","embeddable":true,"href":"https:\/\/factory.sale\/fi\/wp-json\/wp\/v2\/product_cat?post=95271"},{"taxonomy":"product_tag","embeddable":true,"href":"https:\/\/factory.sale\/fi\/wp-json\/wp\/v2\/product_tag?post=95271"}],"curies":[{"name":"wp","href":"https:\/\/api.w.org\/{rel}","templated":true}]}}