{"id":95193,"date":"2024-12-01T21:52:04","date_gmt":"2024-12-01T19:29:21","guid":{"rendered":"https:\/\/factory.sale\/?post_type=product&#038;p=95193"},"modified":"2024-12-01T22:32:23","modified_gmt":"2024-12-01T19:32:23","slug":"lillevilla-koitere-285-m%c2%b2-44-mm","status":"publish","type":"product","link":"https:\/\/factory.sale\/fi\/tuote\/lillevilla-koitere-285-m%c2%b2-44-mm\/","title":{"rendered":"Lillevilla Koitere \u2013 28,5 m\u00b2 \/ 44 mm"},"content":{"rendered":"<p><strong>Laadukas m\u00f6kki kilpailukykyiseen hintaan<\/strong><\/p>\n<p>M\u00f6kki Lillevilla Koitere on klassikko! T\u00e4st\u00e4 ei kevythirsim\u00f6kki en\u00e4\u00e4 paljoa parane. Vajaaseen 30 neli\u00f6metriin sis\u00e4ltyy kaksi kunnollisen kokoista ikkunallista huonetta, parvi sek\u00e4 tilaa tupakeitti\u00f6lle tai oleskelutilalle. Muistathan, ett\u00e4 voit tilata kauttamme my\u00f6s lis\u00e4ovia\u2013 ja ikkunoita.<\/p>\n<p>&nbsp;<\/p>\n<p><strong>Toimituksen sis\u00e4lt\u00f6<\/strong><\/p>\n<p>Lillevilla Koitereen ulko-ovessa ja ikkunoissa on karkaistut eristyslasit, ja toimitus sis\u00e4lt\u00e4\u00e4 mustan palahuovan (Katepal Classic KL). Hirret ovat 44 mm vahvuiset ja tuplapontilla, mink\u00e4 vuoksi rakennus on erityisen tukeva. Tuotepakettiin kuuluvat hirsien, ovien ja ikkunoiden sek\u00e4 lattia- ja kattolautojen lis\u00e4ksi helat, naulat ja ruuvit. My\u00f6s nurkkiin asennettavat kierretangot sis\u00e4ltyv\u00e4t toimitukseen.<\/p>\n<p>M\u00f6kin osat on tehtaalla valmiiksi ty\u00f6stetty koneellisesti. Kyse on kuitenkin rakentamisesta, joten varaa pystytykseen yleisimm\u00e4t ty\u00f6kalut, kuten mittanauha, vesivaaka, vasara, saha, ruuvinv\u00e4\u00e4nnin ja pora.<\/p>\n<p>&nbsp;<\/p>\n<p><strong>Pintak\u00e4sittely<\/strong><\/p>\n<p>Rakennuksen pintak\u00e4sittely on teht\u00e4v\u00e4 viipym\u00e4tt\u00e4 heti rakennuksen pystytyksen j\u00e4lkeen s\u00e4\u00e4n ja olosuhteiden niin salliessa. Pintak\u00e4sittelyyn on k\u00e4ytett\u00e4v\u00e4 hirsipinnoille tarkoitettuja hengitt\u00e4vi\u00e4 pintak\u00e4sittelyaineita. Hengitt\u00e4m\u00e4tt\u00f6m\u00e4n muovikalvon muodostavaa maalia ei saa k\u00e4ytt\u00e4\u00e4.<\/p>\n<p>&nbsp;<\/p>\n<p><strong>Rakennuslupa-asiat<\/strong><\/p>\n<p>Tarkista rakennusluvan tarve etuk\u00e4teen rakennuspaikkakuntasi rakennuslupaviranomaiselta. Rakennuslupahakemuksessa tarvittavat piirustukset voit ladata t\u00e4lt\u00e4 sivulta tai pyyt\u00e4\u00e4 asiakaspalvelustamme.<\/p>\n<p>&nbsp;<\/p>\n<p>&nbsp;<\/p>\n<p><strong>Tuotetiedot:<\/strong><\/p>\n<p>Pohjan ala (m\u00b2): 28,5<br \/>\nPohjan mitat (mm x mm): 5000 x 5700<br \/>\nSein\u00e4vahvuus (mm): 44<br \/>\nHarjakorkeus (mm): 3760<br \/>\nSivusein\u00e4n korkeus (mm): 2360<br \/>\nKaton ala (m\u00b2): 50,6<br \/>\nKaton koko (mm x mm): 6000\u00d77200\/8200<br \/>\nHarjan pituus (mm): 7200<br \/>\nLappeen pituus (mm): 3516<br \/>\nKattokaltevuus (astetta): 28,00<br \/>\nKattolauta (mm): 21<br \/>\nLattialauta (mm): 21<br \/>\nIkkuna: Eristysturvalasi CE 4\/6\/4mm, Tyyppi A (640\u00d7640), Tyyppi C (888\u00d71188) 4kpl<br \/>\nOvi: Eristysturvalasi CE4\/9\/4mm, Ovi tyyppi D 19 (1694\u00d71960), Turvalasi CE 4mm, Ovi tyyppi C22 (895\u00d71960), Turvalasi CE 4mm, Ovi tyyppi C23 (895\u00d71960)<br \/>\nKatemateriaali: palahuopa<br \/>\nPakettien lukum\u00e4\u00e4r\u00e4: 4<br \/>\nPakettimitat (mm) ja paino: 7200 x 640 x 1150 \/ 1400 kg, 5250 x 610 x 1150 \/ 1000 kg, 3550 x 610 x 1150 \/ 840 kg, 1200 x 800 x 1150 \/ 455 kg<br \/>\nEAN: 6418635048986<br \/>\nTuotetunnus (SKU): 0144 50 57 07<\/p>\n<p>&nbsp;<\/p>\n<p><strong>Lis\u00e4ksi saatavilla:<\/strong><\/p>\n<p>R\u00e4yst\u00e4speltipaketti<\/p>\n<p>30137 R\u00e4yst\u00e4speltipaketti (+171 \u20ac)<\/p>\n<p>Eristyspaketti<\/p>\n<p>9273 Katoneristyspaketti (+791 \u20ac)<br \/>\n9275 Lattianeristyspaketti (+891 \u20ac)<\/p>\n<p>&nbsp;<\/p>\n<p>&nbsp;<\/p>\n<p><strong>Rahtilis\u00e4t kuljetuksille asiakkaalle toimitettaessa:<\/strong><\/p>\n<p>Postinumero alueet 94000-95699 &amp; 96000-96999 100 \u20ac Alv 0%<br \/>\nPostinumero alueet 89000-89999 &amp; 93000-93999 140 \u20ac Alv 0%<br \/>\nPostinumero alueet 95700-95999 &amp; 97000-99999 330\u20ac Alv 0%<br \/>\nLossilis\u00e4 260 \u20ac Alv 0%<\/p>\n<p><em><strong>Kotiinkuljetus tehtaalta asiaakkaalle Suomi alv 0 % 417 \u20ac<\/strong><\/em><\/p>\n<p>&nbsp;<\/p>\n<p>&nbsp;<\/p>\n<p><a href=\"https:\/\/factory.sale\/wp-content\/uploads\/2024\/12\/Koitere-Lillevilla-220-3_manual-ID-9352-1.pdf\" target=\"_blank\" rel=\"noopener\">Kokoopano-ohje<\/a><\/p>\n<p><a href=\"https:\/\/factory.sale\/wp-content\/uploads\/2024\/12\/Lillevilla-220-2-perustus-foundation-ID-7619.pdf\" target=\"_blank\" rel=\"noopener\">Perustusohje<\/a><\/p>\n<p><a href=\"https:\/\/factory.sale\/wp-content\/uploads\/2024\/12\/Lillevilla-Koitere_LV220-3-julkisivut-pohja-leikkaus-ID-10502.pdf\" target=\"_blank\" rel=\"noopener\">Piirustukset lupahakemukseen<\/a><\/p>\n<p><a href=\"https:\/\/factory.sale\/wp-content\/uploads\/2024\/11\/Luoman_hirsirakennusten_pintakasittelyohje_Tikkurila_VALMIS_2023.pdf\" target=\"_blank\" rel=\"noopener\">Pintak\u00e4sittelyohje<\/a><\/p>\n<p><a href=\"https:\/\/factory.sale\/wp-content\/uploads\/2024\/11\/5.pdf\" target=\"_blank\" rel=\"noopener\">Eristyspakettiohje<\/a><\/p>\n<p>&nbsp;<\/p>\n","protected":false},"excerpt":{"rendered":"<p>Tutustu Lillevilla Koitere -m\u00f6kkiin, tilavaan 28,5 m\u00b2 hirsirakenteeseen, jossa on 44 mm paksut sein\u00e4t, eristysikkunat ja -ovet sek\u00e4 50,6 m\u00b2 kattopinta-ala. Ihanteellinen asumiseen, rentoutumiseen tai vieraiden viihdytt\u00e4miseen. Sis\u00e4lt\u00e4\u00e4 laadukkaan palahuovan. Helppo koota ja ajaton design. Tilaa nyt!<\/p>\n","protected":false},"featured_media":95171,"comment_status":"open","ping_status":"closed","template":"","meta":{"_acf_changed":false},"factory":[],"free-shipment":[],"product_brand":[],"product_cat":[997,4242],"product_tag":[],"class_list":{"0":"post-95193","1":"product","2":"type-product","3":"status-publish","4":"has-post-thumbnail","6":"product_cat-piha-puutarha-fi","7":"product_cat-puutarharakennukset","9":"first","10":"instock","11":"sale","12":"taxable","13":"shipping-taxable","14":"purchasable","15":"product-type-simple"},"acf":[],"_links":{"self":[{"href":"https:\/\/factory.sale\/fi\/wp-json\/wp\/v2\/product\/95193","targetHints":{"allow":["GET"]}}],"collection":[{"href":"https:\/\/factory.sale\/fi\/wp-json\/wp\/v2\/product"}],"about":[{"href":"https:\/\/factory.sale\/fi\/wp-json\/wp\/v2\/types\/product"}],"replies":[{"embeddable":true,"href":"https:\/\/factory.sale\/fi\/wp-json\/wp\/v2\/comments?post=95193"}],"wp:featuredmedia":[{"embeddable":true,"href":"https:\/\/factory.sale\/fi\/wp-json\/wp\/v2\/media\/95171"}],"wp:attachment":[{"href":"https:\/\/factory.sale\/fi\/wp-json\/wp\/v2\/media?parent=95193"}],"wp:term":[{"taxonomy":"factory","embeddable":true,"href":"https:\/\/factory.sale\/fi\/wp-json\/wp\/v2\/factory?post=95193"},{"taxonomy":"free-shipment","embeddable":true,"href":"https:\/\/factory.sale\/fi\/wp-json\/wp\/v2\/free-shipment?post=95193"},{"taxonomy":"product_brand","embeddable":true,"href":"https:\/\/factory.sale\/fi\/wp-json\/wp\/v2\/product_brand?post=95193"},{"taxonomy":"product_cat","embeddable":true,"href":"https:\/\/factory.sale\/fi\/wp-json\/wp\/v2\/product_cat?post=95193"},{"taxonomy":"product_tag","embeddable":true,"href":"https:\/\/factory.sale\/fi\/wp-json\/wp\/v2\/product_tag?post=95193"}],"curies":[{"name":"wp","href":"https:\/\/api.w.org\/{rel}","templated":true}]}}