{"id":95164,"date":"2024-12-01T20:38:57","date_gmt":"2024-12-01T18:02:52","guid":{"rendered":"https:\/\/factory.sale\/?post_type=product&#038;p=95164"},"modified":"2024-12-01T21:03:25","modified_gmt":"2024-12-01T18:03:25","slug":"lillevilla-saimaa-20-m%c2%b2-44-mm","status":"publish","type":"product","link":"https:\/\/factory.sale\/fi\/tuote\/lillevilla-saimaa-20-m%c2%b2-44-mm\/","title":{"rendered":"Lillevilla Saimaa \u2013 20 m\u00b2 \/ 44 mm"},"content":{"rendered":"<p><strong>Iso, ryhdik\u00e4s m\u00f6kkivalinta<\/strong><\/p>\n<p>Lillevilla Saimaa vierasaitta edustaa klassista mallistoamme. M\u00f6kiss\u00e4 on l\u00e4hes 20 neli\u00f6metri\u00e4 tilaa, eli siihen mahtuu useampi makuupaikka ja esimerkiksi p\u00f6yt\u00e4 tuoleineen. Lis\u00e4ksi melkein kymmenen neli\u00f6metrin terassilla on lis\u00e4\u00e4 tilaa vaikkapa sohvaryhm\u00e4lle. Kattolippa tarjoaa suojaa auringolta ja sateelta.<\/p>\n<p>&nbsp;<\/p>\n<p><strong>Toimituksen sis\u00e4lt\u00f6<\/strong><\/p>\n<p>Tuotepakettiin kuuluvat hirsien, oven ja ikkunoiden sek\u00e4 lattia- ja kattolautojen lis\u00e4ksi helat, naulat ja ruuvit. My\u00f6s nurkkiin asennettavat kierretangot sis\u00e4ltyv\u00e4t toimitukseen. Vierasaitta on valmistettu tukevasta 44 mm kevythirrest\u00e4, jossa on tuplapontti. Lattialauta on vahvuudeltaan 19 mm ja kattolauta 16 mm. Katemateriaalina t\u00e4h\u00e4n malliin sis\u00e4ltyy alusrullahuopa. Tiilikatetta emme suosittele. Katemateriaali on asennettava heti rakennuksen pystytyksen j\u00e4lkeen.<\/p>\n<p>M\u00f6kin osat on tehtaalla valmiiksi ty\u00f6stetty koneellisesti. Kyse on kuitenkin rakentamisesta, joten varaa pystytykseen yleisimm\u00e4t ty\u00f6kalut, kuten mittanauha, vesivaaka, vasara, saha, ruuvinv\u00e4\u00e4nnin ja pora.<\/p>\n<p>&nbsp;<\/p>\n<p><strong>Pintak\u00e4sittely<\/strong><\/p>\n<p>Rakennuksen pintak\u00e4sittely on teht\u00e4v\u00e4 viipym\u00e4tt\u00e4 heti rakennuksen pystytyksen j\u00e4lkeen s\u00e4\u00e4n ja olosuhteiden niin salliessa. Pintak\u00e4sittelyyn on k\u00e4ytett\u00e4v\u00e4 hirsipinnoille tarkoitettuja hengitt\u00e4vi\u00e4 pintak\u00e4sittelyaineita. Hengitt\u00e4m\u00e4tt\u00f6m\u00e4n muovikalvon muodostavaa maalia ei saa k\u00e4ytt\u00e4\u00e4.<\/p>\n<p>&nbsp;<\/p>\n<p><strong>Rakennuslupa-asiat<\/strong><\/p>\n<p>Tarkista rakennusluvan tarve etuk\u00e4teen rakennuspaikkakuntasi rakennuslupaviranomaiselta. Rakennuslupahakemuksessa tarvittavat piirustukset voit ladata t\u00e4lt\u00e4 sivulta tai pyyt\u00e4\u00e4 asiakaspalvelustamme.<\/p>\n<p>&nbsp;<\/p>\n<p>&nbsp;<\/p>\n<p><strong>Tuotetiedot:<\/strong><\/p>\n<p>Pohjan ala (m\u00b2): 19,8<br \/>\nPohjan mitat (mm x mm): 4450 x 4450<br \/>\nSein\u00e4n paksuus (mm): 44<br \/>\nHarjakorkeus (mm): 3250<br \/>\nSivusein\u00e4n korkeus (mm): 2300<br \/>\nKaton ala (m\u00b2): 37,6<br \/>\nKaton koko (mm x mm): 5380 x 6860<br \/>\nHarjan pituus (mm): 6795<br \/>\nLappeen pituus (mm): 2766<br \/>\nKattokaltevuus (astetta): 21,00<br \/>\nKattolauta (mm): 16<br \/>\nLattialauta (mm): 19<br \/>\nIkkuna: Eristysturvalasi CE 4\/6\/4mm, Tyyppi D (1187\u00d7870) 2kpl<br \/>\nOvi: Eristysturvalasi CE 4\/6\/4mm, Tyyppi D (1697\u00d71820)<br \/>\nTerassin ala (m\u00b2): 8,9<br \/>\nTerassin leveys: 4450<br \/>\nTerassin syvyys: 2000<br \/>\nPakettien lukum\u00e4\u00e4r\u00e4: 2<br \/>\nPakettimitat (mm) ja paino: 5500 x 530 x 1150 \/ 1000 kg, 6800 x 520 x 1150 \/ 1070 kg<br \/>\nEAN: 6418635007679<br \/>\nTuotetunnus (SKU): 0144 445 445 00<\/p>\n<p>&nbsp;<\/p>\n<p>&nbsp;<\/p>\n<p><strong>Rahtilis\u00e4t kuljetuksille asiakkaalle toimitettaessa:<\/strong><\/p>\n<p>Postinumero alueet 94000-95699 &amp; 96000-96999 100 \u20ac Alv 0%<br \/>\nPostinumero alueet 89000-89999 &amp; 93000-93999 140 \u20ac Alv 0%<br \/>\nPostinumero alueet 95700-95999 &amp; 97000-99999 330\u20ac Alv 0%<br \/>\nLossilis\u00e4 260 \u20ac Alv 0%<\/p>\n<p><em><strong>Kotiinkuljetus tehtaalta asiaakkaalle Suomi alv 0 % 306 \u20ac<\/strong><\/em><\/p>\n<p>&nbsp;<\/p>\n<p>&nbsp;<\/p>\n<p>&nbsp;<\/p>\n<p>&nbsp;<\/p>\n<p><a href=\"https:\/\/factory.sale\/wp-content\/uploads\/2024\/12\/Lillevilla-Saimaa_LV65_manual-ID-4371.pdf\" target=\"_blank\" rel=\"noopener\">Kokoopano-ohje<\/a><\/p>\n<p><a href=\"https:\/\/factory.sale\/wp-content\/uploads\/2024\/12\/Lillevilla-Saimaa_LV65-julkisivut-pohja-ja-leikkaus-ID-4274.pdf\" target=\"_blank\" rel=\"noopener\">Perustusohje<\/a><\/p>\n<p><a href=\"https:\/\/factory.sale\/wp-content\/uploads\/2024\/12\/Lillevilla-Saimaa_LV65-perustus-foundation-ID-7316.pdf\" target=\"_blank\" rel=\"noopener\">Piirustukset lupahakemukseen<\/a><\/p>\n<p><a href=\"https:\/\/factory.sale\/wp-content\/uploads\/2024\/11\/Luoman_hirsirakennusten_pintakasittelyohje_Tikkurila_VALMIS_2023.pdf\" target=\"_blank\" rel=\"noopener\">Pintak\u00e4sittelyohje<\/a><\/p>\n<p><a href=\"https:\/\/factory.sale\/wp-content\/uploads\/2024\/11\/5.pdf\" target=\"_blank\" rel=\"noopener\">Eristyspakettiohje<\/a><\/p>\n","protected":false},"excerpt":{"rendered":"<p>T\u00e4ydenn\u00e4 pihaasi Lillevilla Saimaa vierasmajalla. 19,8 m\u00b2 sis\u00e4tilaa, 8,9 m\u00b2 terassi, kest\u00e4v\u00e4t 44 mm sein\u00e4t ja eristyslasilla varustetut ikkunat tekev\u00e4t t\u00e4st\u00e4 t\u00e4ydellisen rentoutumiseen tai vieraiden majoittamiseen. Mukautettavat katto- ja eristysvaihtoehdot. Tilaa omasi jo t\u00e4n\u00e4\u00e4n!<\/p>\n","protected":false},"featured_media":95155,"comment_status":"open","ping_status":"closed","template":"","meta":{"_acf_changed":false},"factory":[],"free-shipment":[],"product_brand":[],"product_cat":[997,4798,4242,4801,4541],"product_tag":[],"class_list":{"0":"post-95164","1":"product","2":"type-product","3":"status-publish","4":"has-post-thumbnail","6":"product_cat-piha-puutarha-fi","7":"product_cat-piha-ja-puutarha","8":"product_cat-puutarharakennukset","9":"product_cat-puutarharakennukset-fi","10":"product_cat-varastotuotteet","12":"first","13":"instock","14":"sale","15":"taxable","16":"shipping-taxable","17":"purchasable","18":"product-type-simple"},"acf":[],"_links":{"self":[{"href":"https:\/\/factory.sale\/fi\/wp-json\/wp\/v2\/product\/95164","targetHints":{"allow":["GET"]}}],"collection":[{"href":"https:\/\/factory.sale\/fi\/wp-json\/wp\/v2\/product"}],"about":[{"href":"https:\/\/factory.sale\/fi\/wp-json\/wp\/v2\/types\/product"}],"replies":[{"embeddable":true,"href":"https:\/\/factory.sale\/fi\/wp-json\/wp\/v2\/comments?post=95164"}],"wp:featuredmedia":[{"embeddable":true,"href":"https:\/\/factory.sale\/fi\/wp-json\/wp\/v2\/media\/95155"}],"wp:attachment":[{"href":"https:\/\/factory.sale\/fi\/wp-json\/wp\/v2\/media?parent=95164"}],"wp:term":[{"taxonomy":"factory","embeddable":true,"href":"https:\/\/factory.sale\/fi\/wp-json\/wp\/v2\/factory?post=95164"},{"taxonomy":"free-shipment","embeddable":true,"href":"https:\/\/factory.sale\/fi\/wp-json\/wp\/v2\/free-shipment?post=95164"},{"taxonomy":"product_brand","embeddable":true,"href":"https:\/\/factory.sale\/fi\/wp-json\/wp\/v2\/product_brand?post=95164"},{"taxonomy":"product_cat","embeddable":true,"href":"https:\/\/factory.sale\/fi\/wp-json\/wp\/v2\/product_cat?post=95164"},{"taxonomy":"product_tag","embeddable":true,"href":"https:\/\/factory.sale\/fi\/wp-json\/wp\/v2\/product_tag?post=95164"}],"curies":[{"name":"wp","href":"https:\/\/api.w.org\/{rel}","templated":true}]}}