{"id":95134,"date":"2024-12-01T12:10:32","date_gmt":"2024-12-01T09:34:57","guid":{"rendered":"https:\/\/factory.sale\/?post_type=product&#038;p=95134"},"modified":"2024-12-01T12:35:38","modified_gmt":"2024-12-01T09:35:38","slug":"lillevilla-liekune-117m%c2%b2-44mm","status":"publish","type":"product","link":"https:\/\/factory.sale\/fi\/tuote\/lillevilla-liekune-117m%c2%b2-44mm\/","title":{"rendered":"Lillevilla Liekune \u2013 11,7m\u00b2 \/ 44mm"},"content":{"rendered":"<p>K\u00e4tev\u00e4 rakennus pihalle joko varastoksi tai oleskeluun!<\/p>\n<p>Lillevilla Liekune on pohjan alaltaan 11,7 m2 sivujen ollessa 3,9m x 3m. Harjakorkeus on noin 275cm. T\u00e4m\u00e4n mallin sein\u00e4vahvuus on 44mm ja lattialautojen vahvuus 21mm. Ikkunat ja oven lasit ovat eristysturvalasia 4\/6\/4.<\/p>\n<p>&nbsp;<\/p>\n<p><strong>Toimituksen sis\u00e4lt\u00f6<\/strong><\/p>\n<p>Tuotepakettiin kuuluvat hirsien, oven ja ikkunan sek\u00e4 lattia- ja kattolautojen lis\u00e4ksi helat, naulat ja ruuvit. Katemateriaali ei sis\u00e4lly toimitukseen. Tiilikatetta emme suosittele. Katemateriaali on asennettava heti rakennuksen pystytyksen j\u00e4lkeen.<\/p>\n<p>M\u00f6kin osat on tehtaalla valmiiksi ty\u00f6stetty koneellisesti. Kyse on kuitenkin rakentamisesta, joten varaa pystytykseen yleisimm\u00e4t ty\u00f6kalut, kuten mittanauha, vesivaaka, vasara, saha, ruuvinv\u00e4\u00e4nnin ja pora.<\/p>\n<p>&nbsp;<\/p>\n<p><strong>Pintak\u00e4sittely<\/strong><\/p>\n<p>Rakennuksen pintak\u00e4sittely on teht\u00e4v\u00e4 viipym\u00e4tt\u00e4 heti rakennuksen pystytyksen j\u00e4lkeen s\u00e4\u00e4n ja olosuhteiden niin salliessa. Pintak\u00e4sittelyyn on k\u00e4ytett\u00e4v\u00e4 hirsipinnoille tarkoitettuja hengitt\u00e4vi\u00e4 pintak\u00e4sittelyaineita. Hengitt\u00e4m\u00e4tt\u00f6m\u00e4n muovikalvon muodostavaa maalia ei saa k\u00e4ytt\u00e4\u00e4.<\/p>\n<p>&nbsp;<\/p>\n<p><strong>Rakennuslupa-asiat<\/strong><\/p>\n<p>Tarkista rakennusluvan tarve etuk\u00e4teen rakennuspaikkakuntasi rakennuslupaviranomaiselta.<\/p>\n<p>&nbsp;<\/p>\n<p>&nbsp;<\/p>\n<p><strong>Lis\u00e4varusteet:<\/strong><\/p>\n<p>Katemateriaali<\/p>\n<p>30120 Palahuopapaketti (+364.50\u20ac)<\/p>\n<p>30128 Tiivissaumakatepaketti (+319.50 \u20ac)<\/p>\n<p>R\u00e4yst\u00e4speltipaketti<\/p>\n<p>30136 R\u00e4yst\u00e4speltipaketti (+135,00 \u20ac)<\/p>\n<p>Eristyspaketit<\/p>\n<p>30101 Lattian eristyspaketti (+472,50 \u20ac)<br \/>\n30106 Katon eristyspaketti (+855,00 \u20ac)<\/p>\n<p>Korotussarja<\/p>\n<p>9458 2 Hirsikerran korotus (+252,00 \u20ac)<\/p>\n<p>&nbsp;<\/p>\n<p>&nbsp;<\/p>\n<p>&nbsp;<\/p>\n<p><a href=\"https:\/\/factory.sale\/wp-content\/uploads\/2024\/12\/Lillevilla-Liekune-LV518-2_FI-SE-DE-DK-FR-EN-ID-9675.pdf\" target=\"_blank\" rel=\"noopener\">Kokoopano-ohje<\/a><\/p>\n<p><a href=\"https:\/\/factory.sale\/wp-content\/uploads\/2024\/12\/Lillevilla-518-1-perustus-foundation-ID-7212-1.pdf\" target=\"_blank\" rel=\"noopener\">Perustusohje<\/a><\/p>\n<p><a href=\"https:\/\/factory.sale\/wp-content\/uploads\/2024\/12\/LV-518-2-Liekune-julkisivut-pohja-leikkaus-ID-9718.pdf\" target=\"_blank\" rel=\"noopener\">Piirustukset lupahakemukseen<\/a><\/p>\n<p><a href=\"https:\/\/factory.sale\/wp-content\/uploads\/2024\/11\/Luoman_hirsirakennusten_pintakasittelyohje_Tikkurila_VALMIS_2023.pdf\" target=\"_blank\" rel=\"noopener\">Pintak\u00e4sittelyohje<\/a><\/p>\n<p><a href=\"https:\/\/factory.sale\/wp-content\/uploads\/2024\/11\/5.pdf\" target=\"_blank\" rel=\"noopener\">Eristyspakettiohje<\/a><\/p>\n","protected":false},"excerpt":{"rendered":"<p>T\u00e4ydenn\u00e4 pihasi Lillevilla Liekune -m\u00f6kill\u00e4. 11,7 m\u00b2 lattiatilaa, kest\u00e4v\u00e4t 44 mm sein\u00e4t ja eristyslasilla varustetut ikkunat tekev\u00e4t t\u00e4st\u00e4 monipuolisesta rakennuksesta ihanteellisen varastoksi tai oleskelutilaksi. Muokattavat kattomateriaalit, helppo kokoaminen ja korkea laatu. Tilaa omasi jo t\u00e4n\u00e4\u00e4n!<\/p>\n<p>&nbsp;<\/p>\n<p>&nbsp;<\/p>\n","protected":false},"featured_media":95125,"comment_status":"open","ping_status":"closed","template":"","meta":{"_acf_changed":false},"factory":[],"free-shipment":[],"product_brand":[],"product_cat":[997,4242],"product_tag":[],"class_list":{"0":"post-95134","1":"product","2":"type-product","3":"status-publish","4":"has-post-thumbnail","6":"product_cat-piha-puutarha-fi","7":"product_cat-puutarharakennukset","9":"first","10":"instock","11":"sale","12":"taxable","13":"shipping-taxable","14":"purchasable","15":"product-type-simple"},"acf":[],"_links":{"self":[{"href":"https:\/\/factory.sale\/fi\/wp-json\/wp\/v2\/product\/95134","targetHints":{"allow":["GET"]}}],"collection":[{"href":"https:\/\/factory.sale\/fi\/wp-json\/wp\/v2\/product"}],"about":[{"href":"https:\/\/factory.sale\/fi\/wp-json\/wp\/v2\/types\/product"}],"replies":[{"embeddable":true,"href":"https:\/\/factory.sale\/fi\/wp-json\/wp\/v2\/comments?post=95134"}],"wp:featuredmedia":[{"embeddable":true,"href":"https:\/\/factory.sale\/fi\/wp-json\/wp\/v2\/media\/95125"}],"wp:attachment":[{"href":"https:\/\/factory.sale\/fi\/wp-json\/wp\/v2\/media?parent=95134"}],"wp:term":[{"taxonomy":"factory","embeddable":true,"href":"https:\/\/factory.sale\/fi\/wp-json\/wp\/v2\/factory?post=95134"},{"taxonomy":"free-shipment","embeddable":true,"href":"https:\/\/factory.sale\/fi\/wp-json\/wp\/v2\/free-shipment?post=95134"},{"taxonomy":"product_brand","embeddable":true,"href":"https:\/\/factory.sale\/fi\/wp-json\/wp\/v2\/product_brand?post=95134"},{"taxonomy":"product_cat","embeddable":true,"href":"https:\/\/factory.sale\/fi\/wp-json\/wp\/v2\/product_cat?post=95134"},{"taxonomy":"product_tag","embeddable":true,"href":"https:\/\/factory.sale\/fi\/wp-json\/wp\/v2\/product_tag?post=95134"}],"curies":[{"name":"wp","href":"https:\/\/api.w.org\/{rel}","templated":true}]}}