{"id":95102,"date":"2024-12-01T01:21:46","date_gmt":"2024-11-30T22:29:53","guid":{"rendered":"https:\/\/factory.sale\/?post_type=product&#038;p=95102"},"modified":"2025-11-23T16:09:03","modified_gmt":"2025-11-23T13:09:03","slug":"sauna-lillevilla-kulovesi-76-m%c2%b2-44mm","status":"publish","type":"product","link":"https:\/\/factory.sale\/fi\/tuote\/sauna-lillevilla-kulovesi-76-m%c2%b2-44mm\/","title":{"rendered":"Sauna Lillevilla Kulovesi \u2013 7,6 m\u00b2 \/ 44mm"},"content":{"rendered":"<p>Lillevilla Sauna Kulovesi -mallissa on erillinen pukuhuone ja l\u00f6ylyhuone. Pohjan ala t\u00e4ss\u00e4 mallissa on 7,6 neli\u00f6metri\u00e4. Sauna on leveydelt\u00e4\u00e4n 3,8 metri\u00e4 ja syvyydelt\u00e4\u00e4n 2,0 metri\u00e4. Harjakorkeus t\u00e4ss\u00e4 mallissa on 2,9 metri\u00e4, ja sein\u00e4vahvuus on 44 mm.<\/p>\n<p>&nbsp;<\/p>\n<p><strong>Toimituksen sis\u00e4lt\u00f6<\/strong><\/p>\n<p>Tuotepakettiin kuuluvat hirsien, oven ja ikkunan sek\u00e4 lattia- ja kattolautojen lis\u00e4ksi helat, naulat ja ruuvit. My\u00f6s nurkkiin asennettavat kierretangot sis\u00e4ltyv\u00e4t toimitukseen. Lattialautojen vahvuus on 21 mm.<\/p>\n<p>Katemateriaali ei sis\u00e4lly toimitukseen. Tiilikatetta emme suosittele. Katemateriaali on asennettava heti rakennuksen pystytyksen j\u00e4lkeen.<\/p>\n<p>Lauteet eiv\u00e4t sis\u00e4lly toimitukseen, mutta voita t\u00e4lt\u00e4 sivulta tilata saunaan laudepaketin.<\/p>\n<p>Huom! Kiuas ja hormi eiv\u00e4t sis\u00e4lly toimitukseen.<\/p>\n<p>M\u00f6kin osat on tehtaalla valmiiksi ty\u00f6stetty koneellisesti. Kyse on kuitenkin rakentamisesta, joten varaa pystytykseen yleisimm\u00e4t ty\u00f6kalut, kuten mittanauha, vesivaaka, vasara, saha, ruuvinv\u00e4\u00e4nnin ja pora.<\/p>\n<p>&nbsp;<\/p>\n<p><strong>Pintak\u00e4sittely<\/strong><\/p>\n<p>Rakennuksen pintak\u00e4sittely on teht\u00e4v\u00e4 viipym\u00e4tt\u00e4 heti rakennuksen pystytyksen j\u00e4lkeen s\u00e4\u00e4n ja olosuhteiden niin salliessa. Pintak\u00e4sittelyyn on k\u00e4ytett\u00e4v\u00e4 hirsipinnoille tarkoitettuja hengitt\u00e4vi\u00e4 pintak\u00e4sittelyaineita. Hengitt\u00e4m\u00e4tt\u00f6m\u00e4n muovikalvon muodostavaa maalia ei saa k\u00e4ytt\u00e4\u00e4.<\/p>\n<p>&nbsp;<\/p>\n<p><strong>Rakennuslupa-asiat<\/strong><\/p>\n<p>Tarkista rakennusluvan tarve etuk\u00e4teen rakennuspaikkakuntasi rakennuslupaviranomaiselta.<\/p>\n<p>&nbsp;<\/p>\n<p><strong>Tuotetiedot:<\/strong><\/p>\n<p>Pohjan ala (m\u00b2): 7,6<br \/>\nPohjan mitat (mm x mm): 3800 x 2000<br \/>\nSein\u00e4vahvuus (mm): 44<br \/>\nHarjakorkeus (mm): 2915<br \/>\nSivusein\u00e4n korkeus (mm): 2225<br \/>\nKaton ala (m\u00b2): 15<br \/>\nKaton koko (mm x mm): 4450 x 3340<br \/>\nHarjan pituus (mm): 3300<br \/>\nLappeen pituus (mm): 2266<br \/>\nKattokaltevuus (astetta): 18<br \/>\nKattolauta (mm): 16<br \/>\nLattialauta (mm): 21<br \/>\nIkkuna: Eristysturvalasi CE 4\/6\/4mm, Tyyppi A (640\u00d7640), Ikkunan aukeamissuunta: Ulosp\u00e4in<br \/>\nOvi Eristysturvalasi CE 4\/6\/4mm Tyyppi C (897\u00d71820), Turvalasi, CE 4mm, Tyyppi O3 (648\u00d71772)<br \/>\nKatemateriaali: ei sis\u00e4lly<br \/>\nPakettimitat (mm) ja paino: 4600 x 850 x 1150 \/ 1325 kg<br \/>\nTuotetunnus (SKU): 0144 38 20 10<\/p>\n<p>&nbsp;<\/p>\n<p><strong>Lis\u00e4varusteet:<\/strong><\/p>\n<p>Katemateriaali<\/p>\n<p>30120 Palahupapaketti (+364.50\u20ac)<\/p>\n<p>30128 Tiivissaumakatepaketti (+319.50 \u20ac)<\/p>\n<p>R\u00e4yst\u00e4speltipaketti<\/p>\n<p>30136 R\u00e4yst\u00e4speltipaketti (+135,00 \u20ac)<\/p>\n<p>Eristyspaketit<\/p>\n<p>9512 Lattian eristyspaketti (+252,00 \u20ac)<br \/>\n9511 Katon eristyspaketti (+463,50 \u20ac)<\/p>\n<p>Laudepaketti<\/p>\n<p>9869 Laudepaketti \u2013 1900 mm (+364,50 \u20ac)<\/p>\n<p>Saunan lattian vedenpoisto<\/p>\n<p>9878 Lattian vedenpoisto (+99,00 \u20ac)<\/p>\n<p>&nbsp;<\/p>\n<p><strong>Rahtilis\u00e4t kuljetuksille asiakkaalle toimitettaessa:<\/strong><\/p>\n<p>Postinumero alueet 94000-95699 &amp; 96000-96999 100 \u20ac Alv 0%<br \/>\nPostinumero alueet 89000-89999 &amp; 93000-93999 140 \u20ac Alv 0%<br \/>\nPostinumero alueet 95700-95999 &amp; 97000-99999 330\u20ac Alv 0%<br \/>\nLossilis\u00e4 260 \u20ac Alv 0%<\/p>\n<p><strong>Kotiinkuljetus tehtaalta asiaakkaalle Suomi alv 0 % 281\u20ac<\/strong><\/p>\n<p>&nbsp;<\/p>\n<p>&nbsp;<\/p>\n<p><a href=\"https:\/\/factory.sale\/wp-content\/uploads\/2024\/12\/Sauna-10-FI-SE-DE-DK-FR-EN_manual-ID-9615.pdf\" target=\"_blank\" rel=\"noopener\">Kokoopano-ohje<\/a><\/p>\n<p><a href=\"https:\/\/factory.sale\/wp-content\/uploads\/2024\/12\/Sauna-10-perustus-foundation-ID-9546.pdf\" target=\"_blank\" rel=\"noopener\">Perustusohje<\/a><\/p>\n<p><a href=\"https:\/\/factory.sale\/wp-content\/uploads\/2024\/12\/Sauna-10-Kulovesi-julkisivut-pohja-leikkaus-ID-10382.pdf\" target=\"_blank\" rel=\"noopener\">Piirustukset lupahakemukseen<\/a><\/p>\n<p><a href=\"https:\/\/factory.sale\/wp-content\/uploads\/2024\/11\/Luoman_hirsirakennusten_pintakasittelyohje_Tikkurila_VALMIS_2023.pdf\" target=\"_blank\" rel=\"noopener\">Pintak\u00e4sittelyohje<\/a><\/p>\n","protected":false},"excerpt":{"rendered":"<p>Vie saunael\u00e4myksesi uudelle tasolle Lillevilla Sauna Kulovesin avulla. 7,6 m\u00b2 lattiatilaa, erilliset pukuhuone ja l\u00f6ylyhuone, kest\u00e4v\u00e4t 44 mm sein\u00e4t sek\u00e4 mahdollisuus lis\u00e4t\u00e4 eristyst\u00e4, kattomateriaaleja ja laudevaihtoehtoja. Helppo koota ja t\u00e4ydellinen rentoutumiseen. Tilaa omasi jo t\u00e4n\u00e4\u00e4n!<\/p>\n","protected":false},"featured_media":95093,"comment_status":"open","ping_status":"closed","template":"","meta":{"_acf_changed":false},"factory":[],"free-shipment":[],"product_brand":[],"product_cat":[1317,4779,2258,4541],"product_tag":[2106],"class_list":{"0":"post-95102","1":"product","2":"type-product","3":"status-publish","4":"has-post-thumbnail","6":"product_cat-sauna-fi","7":"product_cat-sauna","8":"product_cat-saunakuutiot","9":"product_cat-varastotuotteet","10":"product_tag-sauna-fi","12":"first","13":"instock","14":"sale","15":"taxable","16":"shipping-taxable","17":"purchasable","18":"product-type-simple"},"acf":[],"_links":{"self":[{"href":"https:\/\/factory.sale\/fi\/wp-json\/wp\/v2\/product\/95102","targetHints":{"allow":["GET"]}}],"collection":[{"href":"https:\/\/factory.sale\/fi\/wp-json\/wp\/v2\/product"}],"about":[{"href":"https:\/\/factory.sale\/fi\/wp-json\/wp\/v2\/types\/product"}],"replies":[{"embeddable":true,"href":"https:\/\/factory.sale\/fi\/wp-json\/wp\/v2\/comments?post=95102"}],"wp:featuredmedia":[{"embeddable":true,"href":"https:\/\/factory.sale\/fi\/wp-json\/wp\/v2\/media\/95093"}],"wp:attachment":[{"href":"https:\/\/factory.sale\/fi\/wp-json\/wp\/v2\/media?parent=95102"}],"wp:term":[{"taxonomy":"factory","embeddable":true,"href":"https:\/\/factory.sale\/fi\/wp-json\/wp\/v2\/factory?post=95102"},{"taxonomy":"free-shipment","embeddable":true,"href":"https:\/\/factory.sale\/fi\/wp-json\/wp\/v2\/free-shipment?post=95102"},{"taxonomy":"product_brand","embeddable":true,"href":"https:\/\/factory.sale\/fi\/wp-json\/wp\/v2\/product_brand?post=95102"},{"taxonomy":"product_cat","embeddable":true,"href":"https:\/\/factory.sale\/fi\/wp-json\/wp\/v2\/product_cat?post=95102"},{"taxonomy":"product_tag","embeddable":true,"href":"https:\/\/factory.sale\/fi\/wp-json\/wp\/v2\/product_tag?post=95102"}],"curies":[{"name":"wp","href":"https:\/\/api.w.org\/{rel}","templated":true}]}}