{"id":95078,"date":"2024-12-01T00:05:27","date_gmt":"2024-11-30T21:22:34","guid":{"rendered":"https:\/\/factory.sale\/?post_type=product&#038;p=95078"},"modified":"2024-12-01T01:37:01","modified_gmt":"2024-11-30T22:37:01","slug":"lillevilla-sauna-palovesi-66-m%c2%b2-44mm","status":"publish","type":"product","link":"https:\/\/factory.sale\/fi\/tuote\/lillevilla-sauna-palovesi-66-m%c2%b2-44mm\/","title":{"rendered":"Lillevilla Sauna Palovesi \u2013 6,6 m\u00b2 \/ 44mm"},"content":{"rendered":"<p>Lillevilla Sauna Palovesi -mallissa on erillinen pukuhuone ja l\u00f6ylyhuone. Pohjan ala t\u00e4ss\u00e4 mallissa on 6,6 neli\u00f6metri\u00e4. Sauna on leveydelt\u00e4\u00e4n 3,3 metri\u00e4 ja syvyydelt\u00e4\u00e4n 2 metri\u00e4. Harjakorkeus t\u00e4ss\u00e4 mallissa on 2,65 metri\u00e4 ja sein\u00e4vahvuus 44 mm.<\/p>\n<p>&nbsp;<\/p>\n<p><strong>Toimituksen sis\u00e4lt\u00f6<\/strong><\/p>\n<p>Tuotepakettiin kuuluvat hirsien, ovien ja ikkunan sek\u00e4 lattia- ja kattolautojen lis\u00e4ksi helat, naulat ja ruuvit. Saunahuoneen ovi on k\u00e4tev\u00e4, tilaa s\u00e4\u00e4st\u00e4v\u00e4 liukuovi. Lattialautojen paksuus on 21 mm ja kattolautojen 19 mm. Toimitus sis\u00e4lt\u00e4\u00e4 my\u00f6s 16 mm sis\u00e4kattolaudat saunahuoneeseen.<\/p>\n<p>Katemateriaali ei sis\u00e4lly toimitukseen. Katemateriaaliksi voit tilata meilt\u00e4 t\u00e4lt\u00e4 sivulta Katepal TopTite 3 -rullahuopaa (tiivissaumakate). Tiilikatetta tai palahuopaa emme suosittele. Katemateriaali on asennettava heti rakennuksen pystytyksen j\u00e4lkeen.<\/p>\n<p>Huom! Kiuas, hormi ja lauteet eiv\u00e4t sis\u00e4lly toimitukseen.<\/p>\n<p>M\u00f6kin osat on tehtaalla valmiiksi ty\u00f6stetty koneellisesti. Kyse on kuitenkin rakentamisesta, joten varaa pystytykseen yleisimm\u00e4t ty\u00f6kalut, kuten mittanauha, vesivaaka, vasara, saha, ruuvinv\u00e4\u00e4nnin ja pora.<\/p>\n<p>&nbsp;<\/p>\n<p><strong>Pintak\u00e4sittely<\/strong><\/p>\n<p>Rakennuksen pintak\u00e4sittely on teht\u00e4v\u00e4 viipym\u00e4tt\u00e4 heti rakennuksen pystytyksen j\u00e4lkeen s\u00e4\u00e4n ja olosuhteiden niin salliessa. Pintak\u00e4sittelyyn on k\u00e4ytett\u00e4v\u00e4 hirsipinnoille tarkoitettuja hengitt\u00e4vi\u00e4 pintak\u00e4sittelyaineita.<\/p>\n<p>&nbsp;<\/p>\n<p><strong>Rakennuslupa-asiat<\/strong><\/p>\n<p>Tarkista rakennusluvan tarve etuk\u00e4teen rakennuspaikkakuntasi rakennuslupaviranomaiselta. Rakennuslupahakemuksessa tarvittavat piirustukset voit ladata t\u00e4lt\u00e4 sivulta tai pyyt\u00e4\u00e4 asiakaspalvelustamme.<\/p>\n<p>&nbsp;<\/p>\n<p><strong>Tuotetiedot:<\/strong><\/p>\n<p>Pohjan ala (m\u00b2): 6,6<br \/>\nPohjan mitat (mm x mm): 3300 x 2000<br \/>\nSein\u00e4vahvuus (mm): 44<br \/>\nHarjakorkeus (mm): 2650<br \/>\nKaton ala (m\u00b2): 10<br \/>\nKaton koko (mm x mm): 3800 x 2625<br \/>\nHarjan pituus (mm): 3800<br \/>\nLappeen pituus (mm): 2660<br \/>\nKattokaltevuus (astetta): 8,00<br \/>\nKattolauta (mm): 19, Sis\u00e4kattopaneeli 16mm<br \/>\nLattialauta (mm): 21<br \/>\nIkkuna: Tyyppi B6 (1563\u00d7464) 1kpl<br \/>\nIkkunan aukeamissuunta: Tyyppi B6 \u2013 Yl\u00f6s, ulosp\u00e4in<br \/>\nOvi: Eristysturvalasi CE 4\/6\/4mm, Tyyppi C10 (897\u00d71820), Tyyppi O6 (694\u00d71714)<br \/>\nKatemateriaali: ei sis\u00e4lly<br \/>\nPakettimitat (mm) ja paino: 3850 x 830 x 1150 \/ 980 kg<br \/>\nTuotetunnus (SKU): 0144 33 20 00<\/p>\n<p>&nbsp;<\/p>\n<p>&nbsp;<\/p>\n<p><strong>Lis\u00e4ksi saatavilla:<\/strong><\/p>\n<p>Katemateriaali<\/p>\n<p>30126 Tiivissaumakatepaketti (+234,00 \u20ac)<\/p>\n<p>R\u00e4yst\u00e4speltipaketti<\/p>\n<p>30135 R\u00e4yst\u00e4speltipaketti (+108,00 \u20ac)<\/p>\n<p>Eristyspaketit<\/p>\n<p>9272 Katoneristyspaketti (+328,50 \u20ac)<br \/>\n9274 Lattianeristyspaketti (+198,00 \u20ac)<\/p>\n<p>Laudepaketti<\/p>\n<p>9869 Laudepaketti \u2013 1900 mm (+364,50 \u20ac)<\/p>\n<p>Saunan lattiakouru<\/p>\n<p>9878 Saunakouru\u00a0(+99,00 \u20ac)<\/p>\n<p>&nbsp;<\/p>\n<p>&nbsp;<\/p>\n<p><strong>Rahtilis\u00e4t kuljetuksille asiakkaalle toimitettaessa:<\/strong><\/p>\n<p>Postinumero alueet 94000-95699 &amp; 96000-96999 100 \u20ac Alv 0%<br \/>\nPostinumero alueet 89000-89999 &amp; 93000-93999 140 \u20ac Alv 0%<br \/>\nPostinumero alueet 95700-95999 &amp; 97000-99999 330\u20ac Alv 0%<br \/>\nLossilis\u00e4 260 \u20ac Alv 0%<\/p>\n<p><strong>Kotiinkuljetus tehtaalta asiaakkaalle Suomi alv 0 % 254 \u20ac<\/strong><\/p>\n<p>&nbsp;<\/p>\n<p>&nbsp;<\/p>\n<p><a href=\"https:\/\/factory.sale\/wp-content\/uploads\/2024\/11\/Lillevilla-Palovesi_Sauna-9-FI-SE-DE-DK-FR-EN-ID-7514.pdf\" target=\"_blank\" rel=\"noopener\">Kokoopano-ohje<\/a><\/p>\n<p><a href=\"https:\/\/factory.sale\/wp-content\/uploads\/2024\/11\/Lillevilla-Palovesi_Sauna-9-julkisivut-pohja-leikkaus-ID-7507.pdf\" target=\"_blank\" rel=\"noopener\">Perustusohje<\/a><\/p>\n<p><a href=\"https:\/\/factory.sale\/wp-content\/uploads\/2024\/11\/Lillevilla-Palovesi_Sauna-9-perustukset-ID-7504.pdf\" target=\"_blank\" rel=\"noopener\">Piirustukset lupahakemukseen<\/a><\/p>\n<p><a href=\"https:\/\/factory.sale\/wp-content\/uploads\/2024\/11\/Luoman_hirsirakennusten_pintakasittelyohje_Tikkurila_VALMIS_2023.pdf\" target=\"_blank\" rel=\"noopener\">Pintak\u00e4sittelyohje<\/a><\/p>\n<p>&nbsp;<\/p>\n","protected":false},"excerpt":{"rendered":"<p>Vie saunael\u00e4myksesi uudelle tasolle Lillevilla Sauna Palovesin avulla. 6,6 m\u00b2:n lattiapinta-ala, erilliset pukuhuone ja l\u00f6ylyhuone, kest\u00e4v\u00e4t 44 mm sein\u00e4t sek\u00e4 mahdollisuus lis\u00e4t\u00e4 eristyst\u00e4, kattomateriaaleja ja laudevaihtoehtoja. Helppo koota ja t\u00e4ydellinen rentoutumiseen. Tilaa omasi jo t\u00e4n\u00e4\u00e4n!<\/p>\n","protected":false},"featured_media":95068,"comment_status":"open","ping_status":"closed","template":"","meta":{"_acf_changed":false},"factory":[],"free-shipment":[],"product_brand":[],"product_cat":[1317,4779,2258,4541],"product_tag":[],"class_list":{"0":"post-95078","1":"product","2":"type-product","3":"status-publish","4":"has-post-thumbnail","6":"product_cat-sauna-fi","7":"product_cat-sauna","8":"product_cat-saunakuutiot","9":"product_cat-varastotuotteet","11":"first","12":"instock","13":"sale","14":"taxable","15":"shipping-taxable","16":"purchasable","17":"product-type-simple"},"acf":[],"_links":{"self":[{"href":"https:\/\/factory.sale\/fi\/wp-json\/wp\/v2\/product\/95078","targetHints":{"allow":["GET"]}}],"collection":[{"href":"https:\/\/factory.sale\/fi\/wp-json\/wp\/v2\/product"}],"about":[{"href":"https:\/\/factory.sale\/fi\/wp-json\/wp\/v2\/types\/product"}],"replies":[{"embeddable":true,"href":"https:\/\/factory.sale\/fi\/wp-json\/wp\/v2\/comments?post=95078"}],"wp:featuredmedia":[{"embeddable":true,"href":"https:\/\/factory.sale\/fi\/wp-json\/wp\/v2\/media\/95068"}],"wp:attachment":[{"href":"https:\/\/factory.sale\/fi\/wp-json\/wp\/v2\/media?parent=95078"}],"wp:term":[{"taxonomy":"factory","embeddable":true,"href":"https:\/\/factory.sale\/fi\/wp-json\/wp\/v2\/factory?post=95078"},{"taxonomy":"free-shipment","embeddable":true,"href":"https:\/\/factory.sale\/fi\/wp-json\/wp\/v2\/free-shipment?post=95078"},{"taxonomy":"product_brand","embeddable":true,"href":"https:\/\/factory.sale\/fi\/wp-json\/wp\/v2\/product_brand?post=95078"},{"taxonomy":"product_cat","embeddable":true,"href":"https:\/\/factory.sale\/fi\/wp-json\/wp\/v2\/product_cat?post=95078"},{"taxonomy":"product_tag","embeddable":true,"href":"https:\/\/factory.sale\/fi\/wp-json\/wp\/v2\/product_tag?post=95078"}],"curies":[{"name":"wp","href":"https:\/\/api.w.org\/{rel}","templated":true}]}}