{"id":95049,"date":"2024-11-30T03:01:26","date_gmt":"2024-11-30T20:04:33","guid":{"rendered":"https:\/\/factory.sale\/?post_type=product&#038;p=95049"},"modified":"2024-12-01T01:35:54","modified_gmt":"2024-11-30T22:35:54","slug":"lillevilla-unari-10-m%c2%b2-44-mm","status":"publish","type":"product","link":"https:\/\/factory.sale\/fi\/tuote\/lillevilla-unari-10-m%c2%b2-44-mm\/","title":{"rendered":"Lillevilla Unari \u2013 10 m\u00b2 \/ 44 mm"},"content":{"rendered":"<p><strong>N\u00e4ytt\u00e4v\u00e4 vierasmaja puutarhaasi<\/strong><\/p>\n<p>Vierasmaja Lillevilla 449 on avara ja valoisa pulpettikattoinen rakennus, joka on valmistettu 44 mm vahvuisesta kevythirrest\u00e4. T\u00e4\u00e4ll\u00e4 kelpaa viett\u00e4\u00e4 kes\u00e4p\u00e4iv\u00e4\u00e4 tai tunnelmoida syksyll\u00e4 illan h\u00e4m\u00e4rtyess\u00e4! Suurten ikkunoidensa ansiosta t\u00e4m\u00e4 malli sopii erityisen hyvin esimerkiksi ateljeeksi tai vaikka kes\u00e4keitti\u00f6ksi.<\/p>\n<p>&nbsp;<\/p>\n<p><strong>Vierasmajan strategiset mitat<\/strong><\/p>\n<p>Pohjan ala t\u00e4ss\u00e4 mallissa on reilut 9,9 neli\u00f6metri\u00e4 leveyden ollessa 3,3 m ja syvyyden 3 m. Vierasmajan harjakorkeus on 245 cm. Katon ala vierasmajassa on 12,6 neli\u00f6metri\u00e4.<\/p>\n<p>T\u00e4m\u00e4n mallin lattialaudat ovat vahvuudeltaan 21 mm. 44 mm vahvuiset sein\u00e4hirret ovat tuplapontillisia, mink\u00e4 ansiosta rakennus on erityisen tukeva. T\u00e4m\u00e4 tuote on nurkkatyypilt\u00e4\u00e4n citynurkkainen, mik\u00e4 tarkoittaa, ett\u00e4 sein\u00e4hirret kiinnitet\u00e4\u00e4n nurkkatolppiin.<\/p>\n<p>Halutessasi voit tilata my\u00f6s ulosp\u00e4in aukeavan lis\u00e4ikkunan Lillevilla Unariin. Ikkuna on valmiiksi lasitettu eristysturvalasilla (2K4-6-4), lasikoko on 468 x 1406 mm. Saranat ovat tappisaranoita, ja niit\u00e4 on 3 kpl\/ikkunapuolisko. Ikkunaa on saatavilla sek\u00e4 vasen- ett\u00e4 oikeak\u00e4tisen\u00e4. Painikkeet ja vuorilaudat sis\u00e4ltyv\u00e4t toimitukseen. Kun olet pystytt\u00e4nyt Lillevilla Unarin, sahaa ikkunalle aukko haluaamaasi kohtaa ja asenna ikkuna paikalleen mukana tulevien vuorilautojen avulla.<\/p>\n<p>&nbsp;<\/p>\n<p><strong>Toimituksen sis\u00e4lt\u00f6<\/strong><\/p>\n<p>Tuotepakettiin kuuluvat hirsien, oven ja ikkunoiden sek\u00e4 lattia- ja kattolautojen lis\u00e4ksi helat, naulat ja ruuvit. Katemateriaali ei sis\u00e4lly toimitukseen. Katemateriaaliksi voit tilata meilt\u00e4 t\u00e4lt\u00e4 sivulta Katepal TopTite 3 -rullahuopaa. Tiilikatetta tai palahuopaa emme suosittele. Katemateriaali on asennettava heti rakennuksen pystytyksen j\u00e4lkeen. Voit tilata rakennukseesi halutessasi my\u00f6s lis\u00e4ikkunoita t\u00e4\u00e4lt\u00e4<\/p>\n<p>M\u00f6kin osat on tehtaalla valmiiksi ty\u00f6stetty koneellisesti. Kyse on kuitenkin rakentamisesta, joten varaa pystytykseen yleisimm\u00e4t ty\u00f6kalut, kuten mittanauha, vesivaaka, vasara, saha, ruuvinv\u00e4\u00e4nnin ja pora. Katso rakentajan tarkastuslista itse hankittavista tarvikkeista sek\u00e4 muista huomioitavista asioista t\u00e4st\u00e4 linkist\u00e4. Olemme koonneet tuotteidemme pystytyst\u00e4 koskevia vinkkej\u00e4 t\u00e4nne.<\/p>\n<p>&nbsp;<\/p>\n<p><strong>Pintak\u00e4sittely<\/strong><\/p>\n<p>Rakennuksen pintak\u00e4sittely on teht\u00e4v\u00e4 viipym\u00e4tt\u00e4 heti rakennuksen pystytyksen j\u00e4lkeen s\u00e4\u00e4n ja olosuhteiden niin salliessa. Pintak\u00e4sittelyyn on k\u00e4ytett\u00e4v\u00e4 hirsipinnoille tarkoitettuja hengitt\u00e4vi\u00e4 pintak\u00e4sittelyaineita. Hengitt\u00e4m\u00e4tt\u00f6m\u00e4n muovikalvon muodostavaa maalia ei saa k\u00e4ytt\u00e4\u00e4. Vinkit pintak\u00e4sittelyyn l\u00f6yd\u00e4t t\u00e4m\u00e4n sivun linkist\u00e4.<\/p>\n<p>&nbsp;<\/p>\n<p><strong>Rakennuslupa-asiat<\/strong><\/p>\n<p>Tarkista rakennusluvan tarve etuk\u00e4teen rakennuspaikkakuntasi rakennuslupaviranomaiselta. Rakennuslupahakemuksessa tarvittavat piirustukset voit ladata t\u00e4lt\u00e4 sivulta tai pyyt\u00e4\u00e4 asiakaspalvelustamme.<\/p>\n<p>&nbsp;<\/p>\n<p><strong>Tuotetiedot:<\/strong><\/p>\n<p>Pohjan ala (m\u00b2): 9,9<br \/>\nPohjan mitat (mm x mm): 3300 x 3000<br \/>\nSein\u00e4vahvuus (mm): 44<br \/>\nHarjakorkeus (mm): 2450<br \/>\nKaton ala (m\u00b2): 12,6<br \/>\nKaton koko (mm x mm): 3700 x 3390<br \/>\nKattokaltevuus (astetta): 3,00<br \/>\nHarjan pituus (mm): 3770<br \/>\nLappeen pituus (mm): 3450<br \/>\nKattolauta (mm): 16<br \/>\nLattialauta (mm): 21<br \/>\nIkkuna<br \/>\nEristysturvalasi CE 4\/6\/4mm, Tyyppi R8 (446\u00d71496) 2kpl<br \/>\nIkkunan aukeamissuunta<br \/>\nKiinte\u00e4<br \/>\nOvi<br \/>\nEristysturvalasi CE 4\/9\/4mm, Tyyppi D19 (1694\u00d71960)<br \/>\nKatemateriaali: ei sis\u00e4lly<br \/>\nPakettimitat (mm) ja paino: 3900 x 750 x 1150 \/ 800 kg<br \/>\nEAN: 6418635046234<br \/>\nTuotetunnus (SKU): 0144 33 30 00<\/p>\n<p>&nbsp;<\/p>\n<p>&nbsp;<\/p>\n<p><strong>Lis\u00e4ksi saatavilla:<\/strong><\/p>\n<p>Avattava lis\u00e4ikkuna:<\/p>\n<p>Ikkuna tyyppi E7 \u2013 vasenk\u00e4tinen (+296,10 \u20ac)<br \/>\nIkkuna tyyppi E8 \u2013 oikeak\u00e4tinen (+296,10 \u20ac)<\/p>\n<p>&nbsp;<\/p>\n<p>Kattomateriaalit:<\/p>\n<p>30128 Tiivissaumakatepaketti (+400,50 \u20ac)<\/p>\n<p>&nbsp;<\/p>\n<p>R\u00e4yst\u00e4speltipaketti:<\/p>\n<p>30135 R\u00e4yst\u00e4speltipaketti\u00a0(+108,00 \u20ac)<\/p>\n<p>Eristyspaketit:<\/p>\n<p>30100 Lattianeristyspaketti (+409,50 \u20ac)<br \/>\n30110 Katoneristyspaketti (+657,00 \u20ac)<\/p>\n<p>Korotuspaketti:<\/p>\n<p>2 hirsikerran korotuspaketti (+360,00 \u20ac)<\/p>\n<p>&nbsp;<\/p>\n<p>&nbsp;<\/p>\n<p><strong>Rahtilis\u00e4t kuljetuksille asiakkaalle toimitettaessa:<\/strong><\/p>\n<p>Postinumero alueet 94000-95699 &amp; 96000-96999 100 \u20ac Alv 0%<br \/>\nPostinumero alueet 89000-89999 &amp; 93000-93999 140 \u20ac Alv 0%<br \/>\nPostinumero alueet 95700-95999 &amp; 97000-99999 330\u20ac Alv 0%<br \/>\nLossilis\u00e4 260 \u20ac Alv 0%<\/p>\n<p><strong>Kotiinkuljetus tehtaalta asiaakkaalle Suomi alv 0 % 254 \u20ac<\/strong><\/p>\n<p>&nbsp;<\/p>\n<p>&nbsp;<\/p>\n<p><a href=\"https:\/\/factory.sale\/wp-content\/uploads\/2024\/11\/Lillevilla-Unari_LV-449_FI-SE-DE-DK-EN-FR-ID-5302.pdf\" target=\"_blank\" rel=\"noopener\">Kokoopano-ohje<\/a><\/p>\n<p><a href=\"https:\/\/factory.sale\/wp-content\/uploads\/2024\/11\/Lillevilla-Unari_LV-449-perustus-foundation-ID-7297.pdf\" target=\"_blank\" rel=\"noopener\">Perustusohje<\/a><\/p>\n<p><a href=\"https:\/\/factory.sale\/wp-content\/uploads\/2024\/11\/Lillevilla-Unari_LV-449-pohja-julkisivut-ja-leikkaus-ID-5693.pdf\" target=\"_blank\" rel=\"noopener\">Piirustukset lupahakemukseen<\/a><\/p>\n<p><a href=\"https:\/\/factory.sale\/wp-content\/uploads\/2024\/11\/Luoman_hirsirakennusten_pintakasittelyohje_Tikkurila_VALMIS_2023.pdf\" target=\"_blank\" rel=\"noopener\">Pintak\u00e4sittelyohje<\/a><\/p>\n<p><a href=\"https:\/\/factory.sale\/wp-content\/uploads\/2024\/11\/5.pdf\" target=\"_blank\" rel=\"noopener\">Eristyspakettiohje<\/a><\/p>\n","protected":false},"excerpt":{"rendered":"<p>Tutustu Lillevilla 449 -vierasmajaan \u2013 monipuolinen 9,9 m\u00b2 puutarham\u00f6kki, joka on valmistettu kest\u00e4v\u00e4st\u00e4 44 mm kevythirrest\u00e4 ja CE-sertifioidusta eristelasista. Sopii erinomaisesti studioksi, kes\u00e4keitti\u00f6ksi tai vierasmajaksi. Helppo koota ja mukautettavissa eri kattomateriaaleilla. Tilaa omasi jo t\u00e4n\u00e4\u00e4n!<\/p>\n","protected":false},"featured_media":95004,"comment_status":"open","ping_status":"closed","template":"","meta":{"_acf_changed":false},"factory":[],"free-shipment":[],"product_brand":[],"product_cat":[997,4798,4242,4801,4541],"product_tag":[],"class_list":{"0":"post-95049","1":"product","2":"type-product","3":"status-publish","4":"has-post-thumbnail","6":"product_cat-piha-puutarha-fi","7":"product_cat-piha-ja-puutarha","8":"product_cat-puutarharakennukset","9":"product_cat-puutarharakennukset-fi","10":"product_cat-varastotuotteet","12":"first","13":"instock","14":"sale","15":"taxable","16":"shipping-taxable","17":"purchasable","18":"product-type-simple"},"acf":[],"_links":{"self":[{"href":"https:\/\/factory.sale\/fi\/wp-json\/wp\/v2\/product\/95049","targetHints":{"allow":["GET"]}}],"collection":[{"href":"https:\/\/factory.sale\/fi\/wp-json\/wp\/v2\/product"}],"about":[{"href":"https:\/\/factory.sale\/fi\/wp-json\/wp\/v2\/types\/product"}],"replies":[{"embeddable":true,"href":"https:\/\/factory.sale\/fi\/wp-json\/wp\/v2\/comments?post=95049"}],"wp:featuredmedia":[{"embeddable":true,"href":"https:\/\/factory.sale\/fi\/wp-json\/wp\/v2\/media\/95004"}],"wp:attachment":[{"href":"https:\/\/factory.sale\/fi\/wp-json\/wp\/v2\/media?parent=95049"}],"wp:term":[{"taxonomy":"factory","embeddable":true,"href":"https:\/\/factory.sale\/fi\/wp-json\/wp\/v2\/factory?post=95049"},{"taxonomy":"free-shipment","embeddable":true,"href":"https:\/\/factory.sale\/fi\/wp-json\/wp\/v2\/free-shipment?post=95049"},{"taxonomy":"product_brand","embeddable":true,"href":"https:\/\/factory.sale\/fi\/wp-json\/wp\/v2\/product_brand?post=95049"},{"taxonomy":"product_cat","embeddable":true,"href":"https:\/\/factory.sale\/fi\/wp-json\/wp\/v2\/product_cat?post=95049"},{"taxonomy":"product_tag","embeddable":true,"href":"https:\/\/factory.sale\/fi\/wp-json\/wp\/v2\/product_tag?post=95049"}],"curies":[{"name":"wp","href":"https:\/\/api.w.org\/{rel}","templated":true}]}}