{"id":94997,"date":"2024-11-30T02:03:53","date_gmt":"2024-11-29T23:36:31","guid":{"rendered":"https:\/\/factory.sale\/?post_type=product&#038;p=94997"},"modified":"2024-11-30T02:41:28","modified_gmt":"2024-11-29T23:41:28","slug":"lillevilla-suovu-8-m%c2%b2-44-mm","status":"publish","type":"product","link":"https:\/\/factory.sale\/fi\/tuote\/lillevilla-suovu-8-m%c2%b2-44-mm\/","title":{"rendered":"Lillevilla Suovu \u2013 8 m\u00b2 \/ 44 mm"},"content":{"rendered":"<p><strong>N\u00e4ytt\u00e4v\u00e4 vierasmaja puutarhaasi<\/strong><\/p>\n<p>Vierasmaja Lillevilla Suovu on avara ja valoisa pulpettikattoinen rakennus, joka on valmistettu 44 mm vahvuisesta kevythirrest\u00e4. T\u00e4\u00e4ll\u00e4 kelpaa viett\u00e4\u00e4 kes\u00e4p\u00e4iv\u00e4\u00e4 tai tunnelmoida syksyll\u00e4 illan h\u00e4m\u00e4rtyess\u00e4! Suurten ikkunoidensa ansiosta t\u00e4m\u00e4 malli sopii erityisen hyvin esimerkiksi ateljeeksi tai vaikka kes\u00e4keitti\u00f6ksi.<\/p>\n<p>&nbsp;<\/p>\n<p><strong>Vierasmajan strategiset mitat<\/strong><\/p>\n<p>Pohjan ala t\u00e4ss\u00e4 mallissa on reilut 8,25 neli\u00f6metri\u00e4 leveyden ollessa 3,3 metri\u00e4 ja syvyyden 2,5 metri\u00e4. Vierasmajan harjakorkeus on 245 cm. Katon ala vierasmajassa on 10,7 neli\u00f6metri\u00e4.<\/p>\n<p>T\u00e4m\u00e4n mallin lattialaudat ovat vahvuudeltaan 21 mm. 44 mm vahvuiset sein\u00e4hirret ovat tuplapontillisia, mink\u00e4 ansiosta rakennus on erityisen tukeva. T\u00e4m\u00e4 tuote on nurkkatyypilt\u00e4\u00e4n citynurkkainen, mik\u00e4 tarkoittaa, ett\u00e4 sein\u00e4hirret kiinnitet\u00e4\u00e4n nurkkatolppiin. Ovissa ja ikkunoissa on CE-hyv\u00e4ksytyt eristysturvalasit.<\/p>\n<p>&nbsp;<\/p>\n<p><strong>Toimituksen sis\u00e4lt\u00f6<\/strong><\/p>\n<p>Tuotepakettiin kuuluvat hirsien, oven ja ikkunoiden sek\u00e4 lattia- ja kattolautojen lis\u00e4ksi helat, naulat ja ruuvit. Katemateriaali ei sis\u00e4lly toimitukseen. Tiilikatetta tai palahuopaa emme suosittele. Katemateriaali on asennettava heti rakennuksen pystytyksen j\u00e4lkeen.<\/p>\n<p>M\u00f6kin osat on tehtaalla valmiiksi ty\u00f6stetty koneellisesti. Kyse on kuitenkin rakentamisesta, joten varaa pystytykseen yleisimm\u00e4t ty\u00f6kalut, kuten mittanauha, vesivaaka, vasara, saha, ruuvinv\u00e4\u00e4nnin ja pora. Katso rakentajan tarkastuslista itse hankittavista tarvikkeista sek\u00e4 muista huomioitavista asioista t\u00e4st\u00e4 linkist\u00e4.<\/p>\n<p>&nbsp;<\/p>\n<p><strong>Pintak\u00e4sittely<\/strong><\/p>\n<p>Rakennuksen pintak\u00e4sittely on teht\u00e4v\u00e4 viipym\u00e4tt\u00e4 heti rakennuksen pystytyksen j\u00e4lkeen s\u00e4\u00e4n ja olosuhteiden niin salliessa. Pintak\u00e4sittelyyn on k\u00e4ytett\u00e4v\u00e4 hirsipinnoille tarkoitettuja hengitt\u00e4vi\u00e4 pintak\u00e4sittelyaineita. Hengitt\u00e4m\u00e4tt\u00f6m\u00e4n muovikalvon muodostavaa maalia ei saa k\u00e4ytt\u00e4\u00e4.<\/p>\n<p>&nbsp;<\/p>\n<p><strong>Rakennuslupa-asiat<\/strong><\/p>\n<p>Tarkista rakennusluvan tarve etuk\u00e4teen rakennuspaikkakuntasi rakennuslupaviranomaiselta.<\/p>\n<p>&nbsp;<\/p>\n<p><strong>Lis\u00e4varusteet:<\/strong><\/p>\n<p>30127 Tiivissaumakatepaketti (+319,50 \u20ac)<br \/>\n30135 R\u00e4yst\u00e4speltipaketti (+108,00 \u20ac)<br \/>\n30110 Katoneristyspaketti (+657,00 \u20ac)<br \/>\n30100 Lattianeristyspaketti (+409,50 \u20ac)<br \/>\n2 hirsikerran korotus (+333,00 \u20ac)<\/p>\n<p>&nbsp;<\/p>\n<p>&nbsp;<\/p>\n<p><strong>Rahtilis\u00e4t kuljetuksille asiakkaalle toimitettaessa:<\/strong><\/p>\n<p>Postinumero alueet 94000-95699 &amp; 96000-96999 100 \u20ac Alv 0%<br \/>\nPostinumero alueet 89000-89999 &amp; 93000-93999 140 \u20ac Alv 0%<br \/>\nPostinumero alueet 95700-95999 &amp; 97000-99999 330\u20ac Alv 0%<br \/>\nLossilis\u00e4 260 \u20ac Alv 0%<\/p>\n<p><em><strong>Kotiinkuljetus \u00a0tehtaalta \u00a0asiaakkaalle Suomi alv 0 % 243 \u20ac<\/strong><\/em><\/p>\n<p>&nbsp;<\/p>\n<p>&nbsp;<\/p>\n<p><a href=\"https:\/\/factory.sale\/wp-content\/uploads\/2024\/11\/Lillevilla-Suovu_LV-427-manual-ID-5251.pdf\" target=\"_blank\" rel=\"noopener\">Kokoopano-ohje<\/a><\/p>\n<p><a href=\"https:\/\/factory.sale\/wp-content\/uploads\/2024\/11\/Lillevilla-Suovu_LV-427-perustus-foundation-ID-8154.pdf\" target=\"_blank\" rel=\"noopener\">Perustusohje<\/a><\/p>\n<p><a href=\"https:\/\/factory.sale\/wp-content\/uploads\/2024\/11\/Lillevilla-Suovu_LV-427-pohja-julkisivut-ja-leikkaus-ID-6794.pdf\" target=\"_blank\" rel=\"noopener\">Piirustukset lupahakemukseen<\/a><\/p>\n<p><a href=\"https:\/\/factory.sale\/wp-content\/uploads\/2024\/11\/Luoman_hirsirakennusten_pintakasittelyohje_Tikkurila_VALMIS_2023.pdf\" target=\"_blank\" rel=\"noopener\">Pintak\u00e4sittelyohje<\/a><\/p>\n<p><a href=\"https:\/\/factory.sale\/wp-content\/uploads\/2024\/11\/5.pdf\" target=\"_blank\" rel=\"noopener\">Eristyspakettiohje<\/a><\/p>\n","protected":false},"excerpt":{"rendered":"<p>Tutustu Lillevilla Suovu -vierasmajaan \u2013 monipuolinen ja tyylik\u00e4s 8,25 m\u00b2 puutarham\u00f6kki, jossa on kest\u00e4v\u00e4t 44 mm sein\u00e4t sek\u00e4 CE-sertifioidut eristelasilla varustetut ikkunat ja ovet. Sopii erinomaisesti studioksi, kes\u00e4keitti\u00f6ksi tai vierasmajaksi. Helppo koota ja mukautettavissa erilaisilla kattomateriaaleilla. Tilaa omasi jo t\u00e4n\u00e4\u00e4n!<\/p>\n","protected":false},"featured_media":94988,"comment_status":"open","ping_status":"closed","template":"","meta":{"_acf_changed":false},"factory":[],"free-shipment":[],"product_brand":[],"product_cat":[917,4796,2355,4799,4529],"product_tag":[],"class_list":{"0":"post-94997","1":"product","2":"type-product","3":"status-publish","4":"has-post-thumbnail","6":"product_cat-garden-yard","7":"product_cat-yard-and-garden","8":"product_cat-garden-buildings","9":"product_cat-garden-buildings-2","10":"product_cat-stock-products","12":"first","13":"instock","14":"sale","15":"taxable","16":"shipping-taxable","17":"purchasable","18":"product-type-simple"},"acf":[],"_links":{"self":[{"href":"https:\/\/factory.sale\/fi\/wp-json\/wp\/v2\/product\/94997","targetHints":{"allow":["GET"]}}],"collection":[{"href":"https:\/\/factory.sale\/fi\/wp-json\/wp\/v2\/product"}],"about":[{"href":"https:\/\/factory.sale\/fi\/wp-json\/wp\/v2\/types\/product"}],"replies":[{"embeddable":true,"href":"https:\/\/factory.sale\/fi\/wp-json\/wp\/v2\/comments?post=94997"}],"wp:featuredmedia":[{"embeddable":true,"href":"https:\/\/factory.sale\/fi\/wp-json\/wp\/v2\/media\/94988"}],"wp:attachment":[{"href":"https:\/\/factory.sale\/fi\/wp-json\/wp\/v2\/media?parent=94997"}],"wp:term":[{"taxonomy":"factory","embeddable":true,"href":"https:\/\/factory.sale\/fi\/wp-json\/wp\/v2\/factory?post=94997"},{"taxonomy":"free-shipment","embeddable":true,"href":"https:\/\/factory.sale\/fi\/wp-json\/wp\/v2\/free-shipment?post=94997"},{"taxonomy":"product_brand","embeddable":true,"href":"https:\/\/factory.sale\/fi\/wp-json\/wp\/v2\/product_brand?post=94997"},{"taxonomy":"product_cat","embeddable":true,"href":"https:\/\/factory.sale\/fi\/wp-json\/wp\/v2\/product_cat?post=94997"},{"taxonomy":"product_tag","embeddable":true,"href":"https:\/\/factory.sale\/fi\/wp-json\/wp\/v2\/product_tag?post=94997"}],"curies":[{"name":"wp","href":"https:\/\/api.w.org\/{rel}","templated":true}]}}