{"id":94934,"date":"2024-11-11T01:14:52","date_gmt":"2024-11-29T09:42:32","guid":{"rendered":"https:\/\/factory.sale\/?post_type=product&#038;p=94934"},"modified":"2025-03-17T13:07:52","modified_gmt":"2025-03-17T10:07:52","slug":"sauna-icon-200s","status":"publish","type":"product","link":"https:\/\/factory.sale\/fi\/tuote\/sauna-icon-200s\/","title":{"rendered":"Sauna ICON 200S"},"content":{"rendered":"<p>Icon 200 S \u2013 kompakti mutta ylellinen sauna<\/p>\n<p>Icon 200S -malli on valmistettu korkealaatuisista kuusiseinist\u00e4, jotka takaavat saunan vakauden ja kest\u00e4vyyden.<\/p>\n<p><strong>Tekniset tiedot:<\/strong><\/p>\n<ul>\n<li>Kokonaispituus: 2000 mm<\/li>\n<li>Halkaisija: 2050 mm<\/li>\n<li>Kokonaiskorkeus: 2100 mm<\/li>\n<li>Sivusein\u00e4t: 42 mm<\/li>\n<li>P\u00e4\u00e4tysein\u00e4t: 28 mm<\/li>\n<li>Materiaali: Korkealaatuinen skandinaavinen kuusi, k\u00e4sittelem\u00e4t\u00f6n<\/li>\n<li>Saunan lauteet: Lepp\u00e4, k\u00e4sittelem\u00e4t\u00f6n. Puunsuojaukseen suosittelemme <a href=\"https:\/\/factory.sale\/fi\/tuote\/variton-oljy-saunan-lauteille-supi-laudesuoja-1l\/\" target=\"_blank\" rel=\"noopener\">Tikkurila Sauna SUPI -sarjaa<\/a>.<\/li>\n<li>Saunan laiturin syvyys: 600 mm<\/li>\n<li>Lasiovi: 1690 x 590 mm, karkaistu lasi 8 mm (pronssin s\u00e4vy)<\/li>\n<li>Katon v\u00e4rit: ruskea, vihre\u00e4, musta, punainen<\/li>\n<li>Kapasiteetti: 4-6 henkil\u00f6\u00e4<\/li>\n<\/ul>\n<p><a href=\"https:\/\/factory.sale\/wp-content\/uploads\/2024\/10\/Sauna-Icon-200O200-tooteleht-ICO-20-PES-PTS-002_compressed.pdf\" target=\"_blank\" rel=\"noopener\">Katso tarkemmat tiedot t\u00e4st\u00e4<\/a><\/p>\n<p>SUUNNITTELU<br \/>\nKuutiomainen muotoilu sopii t\u00e4ydellisesti my\u00f6s moderneihin puutarhoihin. T\u00e4m\u00e4 uusi muotoilu antaa paremman saunakokemuksen, koska sen takana on enemm\u00e4n tilaa kuin tavallisessa\u00a0 tynnyrisaunassa. Korotetut, kaksitasoiset penkit tarjoavat korkeamman istumapaikan, jolloin l\u00e4mp\u00f6 jakautuu paremmin saunojille.<\/p>\n<p>KOMPAKTI JA HELPOSTI ASENNETTAVA<br \/>\nIcon 200 S on suunniteltu niin, ett\u00e4 se voidaan sijoittaa pieniin puutarhoihin ilman kalliita pohjat\u00f6it\u00e4. Malli on helppo koota, ja vaikka se on kompakti malli, siihen mahtuu silti 4 henkil\u00f6\u00e4 yht\u00e4 aikaa saunomaan.<\/p>\n<p>JOUSTAVUUS JA TURVALLISUUS<br \/>\nKuutiomaisen muotonsa ansiosta Icon-sauna sopii sek\u00e4 s\u00e4hk\u00f6- ett\u00e4 puul\u00e4mmitteisiin kiukaisiin. Kiuas voidaan aina sijoittaa saunan p\u00e4\u00e4h\u00e4n, jolloin k\u00e4ytt\u00e4j\u00e4n on aina turvallista poistua toiselta puolelta ilman riski\u00e4.<\/p>\n<p><strong>Paketti sis\u00e4lt\u00e4\u00e4:<\/strong><\/p>\n<ul>\n<li>Pohjakehykset<\/li>\n<li>Sivu- ja takasein\u00e4t<\/li>\n<li>Karkaistu lasiovi kahvalla ja saranoilla<\/li>\n<li>Saunan lauteet<\/li>\n<li>Kattomateriaali (bitumipaanu)<\/li>\n<li>Viimeistelynauhat<\/li>\n<li>Lattia<\/li>\n<li>Terassi penkeill\u00e4 ja lattialla<\/li>\n<li>Kiuassuoja<\/li>\n<li>Ruostumattomasta ter\u00e4ksest\u00e4 valmistetut kiristystangot<\/li>\n<li>Asennussarja (ruuvit ja kiinnikkeet)<\/li>\n<li>Tuuletusritil\u00e4t<\/li>\n<li>Tarkat asennusohjeet<\/li>\n<\/ul>\n<p>Pakkaus: 1 lava, mitat n. 200 x 120 x 120 cm, paino noin 700 kg<\/p>\n<p>HUOM! Ei sis\u00e4ll\u00e4 kiuasta. <a href=\"https:\/\/factory.sale\/fi\/tuote\/puukiuas-harvia-m3\/\" target=\"_blank\" rel=\"noopener\">Sopivan puukiukaan l\u00f6yd\u00e4t t\u00e4\u00e4lt\u00e4<\/a>.<\/p>\n<p><strong>Valinnaiset lis\u00e4varusteet (lis\u00e4maksusta)<\/strong><\/p>\n<ul>\n<li>Puolipanoraamaikkuna takasein\u00e4ss\u00e4 (saatavana pronssisena tai peilipintaisena)<\/li>\n<li>T\u00e4yslasinen takasein\u00e4 (saatavana pronssisena tai peilipintaisena)<\/li>\n<li>Lasinen etusein\u00e4 (lasiovella) (saatavana pronssisena tai peilipintaisena)<\/li>\n<li>LED-valonauhat<\/li>\n<li>2 avattavaa ikkunaa<\/li>\n<li>2 avaamatonta ikkunaa<\/li>\n<li>Selk\u00e4nojasarja (2kpl)<\/li>\n<li>Niskatukisarja (2 kpl)<\/li>\n<li>Saunatarvikesarja (\u00e4mp\u00e4ri, kauha ja l\u00e4mp\u00f6mittari)<\/li>\n<li>Vesis\u00e4ili\u00f6 savupiippua varten<\/li>\n<li>Savupiippusarja + l\u00e4mmityskivet<\/li>\n<li>Puukiuas <a href=\"https:\/\/factory.sale\/fi\/tuote\/puulammitin-huum-hive-wood-13-kw\/\" target=\"_blank\" rel=\"noopener\">HUUM HIVE Wood 13 kW<\/a><\/li>\n<li>Puukiuas <a href=\"https:\/\/factory.sale\/fi\/tuote\/huum-hive-flow-puulammitteinen-98kw\/\" target=\"_blank\" rel=\"noopener\">HUUM HIVE Flow 9,8 kW<\/a><\/li>\n<li>S\u00e4hk\u00f6kiuas <a href=\"https:\/\/factory.sale\/fi\/tuote\/sahkokiuas-huum-hive-12kw\/\" target=\"_blank\" rel=\"noopener\">HUUM HIVE 12 kW<\/a><\/li>\n<li>S\u00e4hk\u00f6kiuas <a href=\"https:\/\/factory.sale\/fi\/tuote\/sahkokiuas-harvia-cilindro-pc90-9kw\/\" target=\"_blank\" rel=\"noopener\">Harvia PC90<\/a><\/li>\n<li>S\u00e4hk\u00f6kiuas <a href=\"https:\/\/factory.sale\/fi\/tuote\/sahkokiuas-huum-hive-mini-9kw\/\" target=\"_blank\" rel=\"noopener\">HUUM HIVE Mini 9 kW<\/a><\/li>\n<li>S\u00e4hk\u00f6kiuas <a href=\"https:\/\/factory.sale\/fi\/tuote\/huum-drop-sahkokiuas-9-kw\/\" target=\"_blank\" rel=\"noopener\">HUUM DROP 9 kW<\/a><\/li>\n<\/ul>\n<div class=\"woocommerce-tabs wc-tabs-wrapper\">\n<div id=\"tab-description\" class=\"woocommerce-Tabs-panel woocommerce-Tabs-panel--description panel entry-content wc-tab\" role=\"tabpanel\" aria-labelledby=\"tab-title-description\">\n<p>Termopuuk\u00e4sittely antaa puulle tasaisen, ruskean v\u00e4rin, joka muuttuu harmaaksi UV-s\u00e4teilyn vaikutuksesta kuten kaikki muutkin puulajit. Siksi suosittelemme k\u00e4sittelem\u00e4\u00e4n puuta puunsuoja-aineella.<\/p>\n<\/div>\n<\/div>\n","protected":false},"excerpt":{"rendered":"<p>Icon 200S -sauna on kompakti mutta tyylik\u00e4s ratkaisu pienempiin ulkotiloihin, jossa ylellisyydest\u00e4 ei tingit\u00e4. Sen moderni muotoilu ja korkealaatuinen k\u00e4sity\u00f6taito tekev\u00e4t siit\u00e4 t\u00e4ydellisen valinnan yksityiseen hyvinvointikeitaaseen omassa puutarhassasi. Koe rentoutuminen ja virkistyminen t\u00e4ss\u00e4 modernissa, tilaa s\u00e4\u00e4st\u00e4v\u00e4ss\u00e4 saunassa.<\/p>\n","protected":false},"featured_media":92067,"comment_status":"open","ping_status":"closed","template":"","meta":{"_acf_changed":false},"factory":[],"free-shipment":[],"product_brand":[],"product_cat":[1121,1317,1644],"product_tag":[4452,2106],"class_list":{"0":"post-94934","1":"product","2":"type-product","3":"status-publish","4":"has-post-thumbnail","6":"product_cat-saniteetti","7":"product_cat-sauna-fi","8":"product_cat-tynnyrisauna","9":"product_tag-garden-sauna-fi","10":"product_tag-sauna-fi","12":"first","13":"instock","14":"sale","15":"taxable","16":"shipping-taxable","17":"purchasable","18":"product-type-simple"},"acf":[],"_links":{"self":[{"href":"https:\/\/factory.sale\/fi\/wp-json\/wp\/v2\/product\/94934","targetHints":{"allow":["GET"]}}],"collection":[{"href":"https:\/\/factory.sale\/fi\/wp-json\/wp\/v2\/product"}],"about":[{"href":"https:\/\/factory.sale\/fi\/wp-json\/wp\/v2\/types\/product"}],"replies":[{"embeddable":true,"href":"https:\/\/factory.sale\/fi\/wp-json\/wp\/v2\/comments?post=94934"}],"wp:featuredmedia":[{"embeddable":true,"href":"https:\/\/factory.sale\/fi\/wp-json\/wp\/v2\/media\/92067"}],"wp:attachment":[{"href":"https:\/\/factory.sale\/fi\/wp-json\/wp\/v2\/media?parent=94934"}],"wp:term":[{"taxonomy":"factory","embeddable":true,"href":"https:\/\/factory.sale\/fi\/wp-json\/wp\/v2\/factory?post=94934"},{"taxonomy":"free-shipment","embeddable":true,"href":"https:\/\/factory.sale\/fi\/wp-json\/wp\/v2\/free-shipment?post=94934"},{"taxonomy":"product_brand","embeddable":true,"href":"https:\/\/factory.sale\/fi\/wp-json\/wp\/v2\/product_brand?post=94934"},{"taxonomy":"product_cat","embeddable":true,"href":"https:\/\/factory.sale\/fi\/wp-json\/wp\/v2\/product_cat?post=94934"},{"taxonomy":"product_tag","embeddable":true,"href":"https:\/\/factory.sale\/fi\/wp-json\/wp\/v2\/product_tag?post=94934"}],"curies":[{"name":"wp","href":"https:\/\/api.w.org\/{rel}","templated":true}]}}