{"id":94924,"date":"2024-11-11T01:20:34","date_gmt":"2024-11-29T08:57:02","guid":{"rendered":"https:\/\/factory.sale\/?post_type=product&#038;p=94924"},"modified":"2026-03-29T14:55:27","modified_gmt":"2026-03-29T11:55:27","slug":"icon-220-sauna-tayslasitetulla","status":"publish","type":"product","link":"https:\/\/factory.sale\/fi\/tuote\/icon-220-sauna-tayslasitetulla\/","title":{"rendered":"ICON 220 sauna t\u00e4yslasitetulla"},"content":{"rendered":"<p>Icon 220 \u2013 ylellinen, moderni ja tehokas sauna<\/p>\n<p>Icon 220 -malli on valmistettu laadukkaista termok\u00e4sitellyist\u00e4 puuseinist\u00e4, jotka takaavat saunan vakauden ja kest\u00e4vyyden sek\u00e4 parantavat allergikkojen turvallisuutta (sopii niille, jotka eiv\u00e4t voi k\u00e4ytt\u00e4\u00e4 tavanomaisia puutuotteita). Pysy terveen\u00e4 ja aloita saunan k\u00e4ytt\u00f6 jo t\u00e4n\u00e4\u00e4n!<\/p>\n<p data-start=\"454\" data-end=\"474\"><strong data-start=\"454\" data-end=\"474\">Tekniset tiedot:<\/strong><\/p>\n<ul data-start=\"476\" data-end=\"858\">\n<li data-start=\"476\" data-end=\"503\">Kokonaispituus: 2200 mm<\/li>\n<li data-start=\"504\" data-end=\"531\">Ulkohalkaisija: 2310 mm<\/li>\n<li data-start=\"532\" data-end=\"560\">Kokonaiskorkeus: 2360 mm<\/li>\n<li data-start=\"561\" data-end=\"582\">Sivusein\u00e4t: 42 mm<\/li>\n<li data-start=\"583\" data-end=\"605\">P\u00e4\u00e4tysein\u00e4t: 28 mm<\/li>\n<li data-start=\"606\" data-end=\"638\">Materiaali: l\u00e4mp\u00f6puu (m\u00e4nty)<\/li>\n<li data-start=\"639\" data-end=\"676\">Laudemateriaali: l\u00e4mp\u00f6puu (haapa)<\/li>\n<li data-start=\"677\" data-end=\"703\">Lauteen syvyys: 600 mm<\/li>\n<li data-start=\"704\" data-end=\"772\">Lasinen ovi: 1890 x 690 mm, karkaistu pronssins\u00e4vyinen lasi 8 mm<\/li>\n<li data-start=\"773\" data-end=\"827\">Kattohuovan v\u00e4rit: ruskea, vihre\u00e4, musta, punainen<\/li>\n<li data-start=\"828\" data-end=\"858\">Kapasiteetti: 4\u20136 henkil\u00f6\u00e4<\/li>\n<\/ul>\n<p>SUUNNITTELU<br \/>\nKuutiomainen muotoilu sopii t\u00e4ydellisesti my\u00f6s moderneihin puutarhoihin. T\u00e4m\u00e4 uusi muotoilu antaa paremman saunakokemuksen, koska sen takana on enemm\u00e4n tilaa kuin tavallisessa tynnyrisaunassa. Korotetut, kaksitasoiset penkit tarjoavat korkeamman istumapaikan, jolloin l\u00e4mp\u00f6 jakautuu paremmin saunojille.<\/p>\n<p>KOMPAKTI JA HELPOSTI ASENNETTAVA<br \/>\nIcon 220 on suunniteltu niin, ett\u00e4 se voidaan sijoittaa pieniin puutarhoihin ilman kalliita pohjat\u00f6it\u00e4. Malli on helppo koota, ja vaikka se on kompakti malli, siihen mahtuu silti 4 henkil\u00f6\u00e4 yht\u00e4 aikaa saunomaan.<\/p>\n<p>JOUSTAVUUS JA TURVALLISUUS<br \/>\nKuutiomaisen muotonsa ansiosta Icon-sauna sopii sek\u00e4 s\u00e4hk\u00f6- ett\u00e4 puul\u00e4mmitteisiin kiukaisiin. Kiuas voidaan aina sijoittaa saunan p\u00e4\u00e4h\u00e4n, jolloin k\u00e4ytt\u00e4j\u00e4n on aina turvallista poistua toiselta puolelta ilman riski\u00e4.<\/p>\n<p>TERMOPUUN OMINAISUUDET JA VALMISTUS<br \/>\nL\u00e4mp\u00f6puuk\u00e4sittelyn aikana puu kuumennetaan 180 &#8211; 230 celsiusasteen l\u00e4mp\u00f6tilaan ilman happea. T\u00e4ll\u00f6in puun kyky ime\u00e4 vett\u00e4 heikkenee huomattavasti ja puuta hajottavat sienet ja bakteerit menett\u00e4v\u00e4t ravintol\u00e4hteens\u00e4. T\u00e4m\u00e4 lis\u00e4\u00e4 puun kest\u00e4vyytt\u00e4.<\/p>\n<ul>\n<li>Erityisen pitk\u00e4 k\u00e4ytt\u00f6ik\u00e4<\/li>\n<li>Lahonkest\u00e4v\u00e4<\/li>\n<li>Paisumisen ja kutistumisen v\u00e4heneminen<\/li>\n<li>Halkemien ja lastujen muodostumisen v\u00e4heneminen<\/li>\n<li>Puun mittapysyvyys<\/li>\n<li>Parannettu kantokyky<\/li>\n<li>Veden imeytyminen v\u00e4henee huomattavasti<\/li>\n<\/ul>\n<p data-start=\"2155\" data-end=\"2175\"><strong data-start=\"2155\" data-end=\"2175\">Toimitussis\u00e4lt\u00f6:<\/strong><\/p>\n<ul data-start=\"2177\" data-end=\"2497\">\n<li data-start=\"2177\" data-end=\"2197\">Perustusjalat<\/li>\n<li data-start=\"2198\" data-end=\"2227\">Sivusein\u00e4t ja p\u00e4\u00e4tysein\u00e4t<\/li>\n<li data-start=\"2228\" data-end=\"2257\">Saunalauteet ja jalkatuet<\/li>\n<li data-start=\"2258\" data-end=\"2285\">Bitumikatto (katehuopa)<\/li>\n<li data-start=\"2286\" data-end=\"2303\">R\u00e4yst\u00e4slaudat<\/li>\n<li data-start=\"2304\" data-end=\"2314\">Lattia<\/li>\n<li data-start=\"2315\" data-end=\"2354\">Etuterassi penkeill\u00e4 ja lattialla<\/li>\n<li data-start=\"2355\" data-end=\"2369\">Kiuassuoja<\/li>\n<li data-start=\"2370\" data-end=\"2404\">Ruostumattomat kiristysvanteet<\/li>\n<li data-start=\"2405\" data-end=\"2453\">Asennussarja (ruuvit ja kiinnitystarvikkeet)<\/li>\n<li data-start=\"2454\" data-end=\"2473\">Tuuletusritil\u00e4t<\/li>\n<li data-start=\"2474\" data-end=\"2497\">Selke\u00e4 kokoamisohje<\/li>\n<\/ul>\n<p>Pakkaus: 1 lava, mitat n. 235 x 120 x 120 cm, paino noin 900 kg<\/p>\n<p>HUOM! Ei sis\u00e4ll\u00e4 kiuasta. <a href=\"https:\/\/factory.sale\/fi\/tuote\/sahkokiuas-harvia-cilindro-pc90-9kw\/\" target=\"_blank\" rel=\"noopener\">Sopivan s\u00e4hk\u00f6kiukaan l\u00f6yd\u00e4t t\u00e4\u00e4lt\u00e4<\/a> ja <a href=\"https:\/\/factory.sale\/fi\/tuote\/puukiuas-harvia-m3\/\" target=\"_blank\" rel=\"noopener\">puukiukaan t\u00e4\u00e4lt\u00e4<\/a>.<\/p>\n<p><strong>Valinnaiset lis\u00e4varusteet (lis\u00e4maksusta)<\/strong><\/p>\n<ul>\n<li>Puolipanoraamaikkuna takasein\u00e4ss\u00e4 (saatavana pronssisena tai peilipintaisena)<\/li>\n<li>T\u00e4yslasinen takasein\u00e4 (saatavana pronssisena tai peilipintaisena)<\/li>\n<li>LED-valonauhat<\/li>\n<li>2 avattavaa ikkunaa<\/li>\n<li>2 avaamatonta ikkunaa<\/li>\n<li>Selk\u00e4nojasarja (2kpl)<\/li>\n<li>Niskatukisarja (2 kpl)<\/li>\n<li>Saunatarvikesarja (\u00e4mp\u00e4ri, kauha ja l\u00e4mp\u00f6mittari)<\/li>\n<li>Vesis\u00e4ili\u00f6 savupiippua varten<\/li>\n<li>Savupiippusarja + l\u00e4mmityskivet<\/li>\n<li>Puukiuas <a href=\"https:\/\/factory.sale\/fi\/tuote\/puulammitin-huum-hive-wood-13-kw\/\" target=\"_blank\" rel=\"noopener\">HUUM HIVE Wood 13 kW<\/a><\/li>\n<li>Puukiuas <a href=\"https:\/\/factory.sale\/fi\/tuote\/huum-hive-flow-puulammitteinen-98kw\/\" target=\"_blank\" rel=\"noopener\">HUUM HIVE Flow 9,8 kW<\/a><\/li>\n<li>S\u00e4hk\u00f6kiuas <a href=\"https:\/\/factory.sale\/fi\/tuote\/sahkokiuas-huum-hive-12kw\/\" target=\"_blank\" rel=\"noopener\">HUUM HIVE 12 kW<\/a><\/li>\n<li>S\u00e4hk\u00f6kiuas <a href=\"https:\/\/factory.sale\/fi\/tuote\/sahkokiuas-harvia-cilindro-pc90-9kw\/\" target=\"_blank\" rel=\"noopener\">Harvia PC90<\/a><\/li>\n<li>S\u00e4hk\u00f6kiuas <a href=\"https:\/\/factory.sale\/fi\/tuote\/sahkokiuas-huum-hive-mini-9kw\/\" target=\"_blank\" rel=\"noopener\">HUUM HIVE Mini 9 kW<\/a><\/li>\n<li>S\u00e4hk\u00f6kiuas <a href=\"https:\/\/factory.sale\/fi\/tuote\/huum-drop-sahkokiuas-9-kw\/\" target=\"_blank\" rel=\"noopener\">HUUM DROP 9 kW<\/a><\/li>\n<\/ul>\n<p>Termopuuk\u00e4sittely antaa puulle tasaisen, ruskean v\u00e4rin, joka muuttuu harmaaksi UV-s\u00e4teilyn vaikutuksesta kuten kaikki muutkin puulajit. Siksi suosittelemme k\u00e4sittelem\u00e4\u00e4n puuta puunsuoja-aineella.<\/p>\n","protected":false},"excerpt":{"rendered":"<p>Icon 220 yhdist\u00e4\u00e4 ylellisyyden ja modernin muotoilun, tarjoten avaran ja tyylikk\u00e4\u00e4n rentoutumiskeitaan puutarhaasi. T\u00e4yslasinen etusein\u00e4 yhdist\u00e4\u00e4 saunomisen ja luonnon harmonisesti. T\u00e4m\u00e4 premium-sauna on t\u00e4ydellinen lis\u00e4 kotiisi, jossa hyvinvointi kohtaa tyylin.<\/p>\n","protected":false},"featured_media":92155,"comment_status":"open","ping_status":"closed","template":"","meta":{"_acf_changed":false},"factory":[],"free-shipment":[],"product_brand":[],"product_cat":[1121,1317,1644],"product_tag":[4452,2106],"class_list":{"0":"post-94924","1":"product","2":"type-product","3":"status-publish","4":"has-post-thumbnail","6":"product_cat-saniteetti","7":"product_cat-sauna-fi","8":"product_cat-tynnyrisauna","9":"product_tag-garden-sauna-fi","10":"product_tag-sauna-fi","12":"first","13":"instock","14":"sale","15":"taxable","16":"shipping-taxable","17":"purchasable","18":"product-type-simple"},"acf":[],"_links":{"self":[{"href":"https:\/\/factory.sale\/fi\/wp-json\/wp\/v2\/product\/94924","targetHints":{"allow":["GET"]}}],"collection":[{"href":"https:\/\/factory.sale\/fi\/wp-json\/wp\/v2\/product"}],"about":[{"href":"https:\/\/factory.sale\/fi\/wp-json\/wp\/v2\/types\/product"}],"replies":[{"embeddable":true,"href":"https:\/\/factory.sale\/fi\/wp-json\/wp\/v2\/comments?post=94924"}],"wp:featuredmedia":[{"embeddable":true,"href":"https:\/\/factory.sale\/fi\/wp-json\/wp\/v2\/media\/92155"}],"wp:attachment":[{"href":"https:\/\/factory.sale\/fi\/wp-json\/wp\/v2\/media?parent=94924"}],"wp:term":[{"taxonomy":"factory","embeddable":true,"href":"https:\/\/factory.sale\/fi\/wp-json\/wp\/v2\/factory?post=94924"},{"taxonomy":"free-shipment","embeddable":true,"href":"https:\/\/factory.sale\/fi\/wp-json\/wp\/v2\/free-shipment?post=94924"},{"taxonomy":"product_brand","embeddable":true,"href":"https:\/\/factory.sale\/fi\/wp-json\/wp\/v2\/product_brand?post=94924"},{"taxonomy":"product_cat","embeddable":true,"href":"https:\/\/factory.sale\/fi\/wp-json\/wp\/v2\/product_cat?post=94924"},{"taxonomy":"product_tag","embeddable":true,"href":"https:\/\/factory.sale\/fi\/wp-json\/wp\/v2\/product_tag?post=94924"}],"curies":[{"name":"wp","href":"https:\/\/api.w.org\/{rel}","templated":true}]}}