{"id":94920,"date":"2024-11-29T00:33:55","date_gmt":"2024-11-29T08:49:29","guid":{"rendered":"https:\/\/factory.sale\/?post_type=product&#038;p=94920"},"modified":"2026-03-29T14:50:08","modified_gmt":"2026-03-29T11:50:08","slug":"sauna-icon-385-deluxe-2","status":"publish","type":"product","link":"https:\/\/factory.sale\/fi\/tuote\/sauna-icon-385-deluxe-2\/","title":{"rendered":"Sauna ICON 385 Deluxe 2 l\u00e4mp\u00f6puusta"},"content":{"rendered":"<p>Icon 385 Deluxe -mallimme on valmistettu laadukkaista pohjoismaisista kuusi- tai l\u00e4mp\u00f6puuseinist\u00e4, jotka antavat saunalle vakautta ja kest\u00e4vyytt\u00e4 sek\u00e4 parempaa turvallisuutta allergikoille (l\u00e4mp\u00f6puusein\u00e4mallissa). Penkit laadukasta lepp\u00e4\u00e4 tai termohaapaa.<\/p>\n<p>Icon 385 on vaikuttava sauna, jossa yhdistyv\u00e4t tilavuus, tyylik\u00e4s muotoilu ja erinomaiset materiaalit. T\u00e4m\u00e4 385 x 231 x 236 cm kokoinen sauna tarjoaa runsaasti tilaa usealle henkil\u00f6lle sis\u00e4lt\u00e4en sek\u00e4 saunahuoneen ett\u00e4 rentoutumistilan. Rakenne koostuu 42 mm paksuista sivuseinist\u00e4 ja 28 mm paksuista etu- ja takaseinist\u00e4, mik\u00e4 takaa optimaalisen eristyksen ja pitk\u00e4n k\u00e4ytt\u00f6i\u00e4n.<\/p>\n<p>Kaksinkertainen lasiovi ja suuret ikkunaosat 8 mm karkaistua pronssilasia luovat kevyen ja ilmavan tunnelman saunaan. Mahdollisuus valita my\u00f6s puolikuun muotoinen takasein\u00e4, joka tuo saunan ilmeeseen ainutlaatuisen arkkitehtonisen elementin.<\/p>\n<p>Saunan mukana toimitetaan kaikki tarvittavat varusteet, kuten saunapenkit, lattia, l\u00e4mp\u00f6suoja, kattotiilet ja ruostumattomasta ter\u00e4ksest\u00e4 valmistetut tukivanteet. Terassialue luo luonnollisen siirtym\u00e4n saunan ja ulkoilman v\u00e4lill\u00e4, mik\u00e4 tekee taukojen pit\u00e4misest\u00e4 ja viilentymisest\u00e4 helppoa.<\/p>\n<p><strong>Tekniset tiedot:<\/strong><\/p>\n<ul>\n<li>Kokonaispituus: 3850 mm<\/li>\n<li>Halkaisija: 2310 mm<\/li>\n<li>Kokonaiskorkeus: 2360 mm<\/li>\n<li>Sivusein\u00e4t: 42 mm<\/li>\n<li>P\u00e4\u00e4tysein\u00e4t: 28 mm<\/li>\n<li>Materiaali: l\u00e4mp\u00f6puu, m\u00e4nty<\/li>\n<li>Saunan lauteet: l\u00e4mp\u00f6puu, haapa<\/li>\n<li>Saunan laiturin syvyys: 600 mm<\/li>\n<li>2 x lasiovi: 1890 x 690 mm, karkaistu lasi 8 mm (pronssin s\u00e4vy)<\/li>\n<li>Katon v\u00e4rit: ruskea, vihre\u00e4, musta, punainen<\/li>\n<li>Kaksi erillist\u00e4 huonetta ja terassi<\/li>\n<li>Kapasiteetti: 4-6 henkil\u00f6\u00e4<\/li>\n<\/ul>\n<p>MUOTOILU<br \/>\nKuutiomainen muotoilu sopii t\u00e4ydellisesti my\u00f6s moderneihin puutarhoihin. T\u00e4m\u00e4 uusi muotoilu tarjoaa paremman saunael\u00e4myksen, sill\u00e4 se tarjoaa enemm\u00e4n tilaa kuin perinteinen tynnyrisauna. Silti se on yht\u00e4 helposti koottava ja siirrett\u00e4v\u00e4 kuin tynnyrisauna.<\/p>\n<p>TILAVA JA \u00c4LYK\u00c4S<br \/>\nIcon 385 Deluxe on suunniteltu sopimaan koko perheelle, mutta samalla se on riitt\u00e4v\u00e4n kompakti nykyaikaisiin pihoihin. Mallin kokoaminen onnistuu helposti jokaiselta perheelt\u00e4, ja vaikka t\u00e4m\u00e4 ei ole pienin malli, se sopii useimpiin moderneihin puutarhoihin.<\/p>\n<p>MUKAVUUS<br \/>\nKaksihuoneisen suunnittelun ansiosta saunassa on erillinen pukuhuone\/rentoutumistila, jossa voi lev\u00e4t\u00e4 ja jutella l\u00e4heisten kanssa. T\u00e4m\u00e4 lis\u00e4huone auttaa my\u00f6s v\u00e4hent\u00e4m\u00e4\u00e4n saunan l\u00e4mp\u00f6h\u00e4vi\u00f6t\u00e4 ja t\u00e4t\u00e4 mallia voidaan k\u00e4ytt\u00e4\u00e4 sek\u00e4 s\u00e4hk\u00f6- ett\u00e4 puul\u00e4mmitteisten kiukaiden kanssa asiakkaan valinnan mukaan.<\/p>\n<p>L\u00c4MP\u00d6PUUN OMINAISUUDET JA VALMISTUS<br \/>\nL\u00e4mp\u00f6puun valmistuksessa puu kuumennetaan 180\u2013230 \u00b0C:n l\u00e4mp\u00f6tilassa hapettomassa ymp\u00e4rist\u00f6ss\u00e4. T\u00e4ll\u00f6in puun kyky ime\u00e4 vett\u00e4 heikkenee huomattavasti ja puuta hajottavat sienet ja bakteerit menett\u00e4v\u00e4t ravintol\u00e4hteens\u00e4. Prosessi lis\u00e4\u00e4 puun kest\u00e4vyytt\u00e4.<\/p>\n<ul>\n<li>Erityisen pitk\u00e4 k\u00e4ytt\u00f6ik\u00e4<\/li>\n<li>Lahonkest\u00e4v\u00e4<\/li>\n<li>Turpoamisen ja kutistumisen v\u00e4heneminen<\/li>\n<li>Lastujen ja halkeamien muodostumisen v\u00e4heneminen<\/li>\n<li>Puun mittapysyvyys<\/li>\n<li>Parannettu kantokyky<\/li>\n<li>Veden imeytyminen v\u00e4henee huomattavasti<\/li>\n<\/ul>\n<p><strong>Setti sis\u00e4lt\u00e4\u00e4:<\/strong><\/p>\n<ul>\n<li>Perustusjalat<\/li>\n<li>Sivu- ja p\u00e4\u00e4tysein\u00e4t<\/li>\n<li>2 x lasiovi &#8211; 8mm karkaistu lasi (pronssin s\u00e4vy)<\/li>\n<li>Saunalauteet ja jalkatuet<\/li>\n<li>Kattomateriaali (bitumipaanu)<\/li>\n<li>Viimeistelynauhat<\/li>\n<li>Lattia<\/li>\n<li>Terassi penkeill\u00e4 ja lattialla<\/li>\n<li data-start=\"2355\" data-end=\"2369\">Kiuassuoja<\/li>\n<li data-start=\"2370\" data-end=\"2404\">Ruostumattomat kiristysvanteet<\/li>\n<li>Asennussarja (ruuvit ja kiinnikkeet)<\/li>\n<li>Tuuletusritil\u00e4t<\/li>\n<li>Tarkat asennusohjeet<\/li>\n<\/ul>\n<p>Pakkaus: 1 lava, mitat n. 385 x 120 x 120 cm, paino noin 1250 kg<\/p>\n<p>HUOM! Setti ei sis\u00e4ll\u00e4 kiuasta. <a href=\"https:\/\/factory.sale\/fi\/tuote\/sahkokiuas-harvia-cilindro-pc90-9kw\/\" target=\"_blank\" rel=\"noopener\">L\u00f6yd\u00e4 sopiva s\u00e4hk\u00f6kiuas t\u00e4st\u00e4<\/a> ja <a href=\"https:\/\/factory.sale\/fi\/tuote\/puukiuas-harvia-m3\/\" target=\"_blank\" rel=\"noopener\">puukiuas t\u00e4st\u00e4<\/a>.<\/p>\n<p><strong>Valinnaiset lis\u00e4varusteet (lis\u00e4maksusta)<\/strong><\/p>\n<ul>\n<li>Puolipanoraamaikkuna takasein\u00e4ss\u00e4 (saatavana pronssisena tai peilipintaisena)<\/li>\n<li>T\u00e4yslasinen takasein\u00e4 (saatavana pronssisena tai peilipintaisena)<\/li>\n<li>Lasinen etusein\u00e4 (lasiovella) (saatavana pronssisena tai peilipintaisena)<\/li>\n<li>LED-valonauhat<\/li>\n<li>2 avattavaa ikkunaa<\/li>\n<li>2 avaamatonta ikkunaa<\/li>\n<li>Selk\u00e4nojasarja (2kpl)<\/li>\n<li>Niskatukisarja (2 kpl)<\/li>\n<li>Saunatarvikesarja (\u00e4mp\u00e4ri, kauha ja l\u00e4mp\u00f6mittari)<\/li>\n<li>Vesis\u00e4ili\u00f6 savupiippua varten<\/li>\n<li>Savupiippusarja + l\u00e4mmityskivet<\/li>\n<li>Puukiuas <a href=\"https:\/\/factory.sale\/fi\/tuote\/puulammitin-huum-hive-wood-13-kw\/\" target=\"_blank\" rel=\"noopener\">HUUM HIVE Wood 13 kW<\/a><\/li>\n<li>Puukiuas <a href=\"https:\/\/factory.sale\/fi\/tuote\/huum-hive-flow-puulammitteinen-98kw\/\" target=\"_blank\" rel=\"noopener\">HUUM HIVE Flow 9,8 kW<\/a><\/li>\n<li>S\u00e4hk\u00f6kiuas <a href=\"https:\/\/factory.sale\/fi\/tuote\/sahkokiuas-huum-hive-12kw\/\" target=\"_blank\" rel=\"noopener\">HUUM HIVE 12 kW<\/a><\/li>\n<li>S\u00e4hk\u00f6kiuas <a href=\"https:\/\/factory.sale\/fi\/tuote\/sahkokiuas-harvia-cilindro-pc90-9kw\/\" target=\"_blank\" rel=\"noopener\">Harvia PC90<\/a><\/li>\n<li>S\u00e4hk\u00f6kiuas <a href=\"https:\/\/factory.sale\/fi\/tuote\/sahkokiuas-huum-hive-mini-9kw\/\" target=\"_blank\" rel=\"noopener\">HUUM HIVE Mini 9 kW<\/a><\/li>\n<li>S\u00e4hk\u00f6kiuas <a href=\"https:\/\/factory.sale\/fi\/tuote\/huum-drop-sahkokiuas-9-kw\/\" target=\"_blank\" rel=\"noopener\">HUUM DROP 9 kW<\/a><\/li>\n<\/ul>\n<p>Termopuuk\u00e4sittely antaa puulle tasaisen ruskean v\u00e4rin, joka muuttuu UV-s\u00e4teilyn vaikutuksesta harmaaksi kuten kaikki muutkin puulajit. Suosittelemme k\u00e4sittelem\u00e4\u00e4n puuta puunsuoja-aineella, jotta sen kauneus ja kest\u00e4vyys s\u00e4ilyv\u00e4t.<\/p>\n","protected":false},"excerpt":{"rendered":"<p>Icon 385 Deluxe -sauna tarjoaa t\u00e4ydellisen rentoutumisel\u00e4myksen. Sen suurempi koko varustettuna erillisell\u00e4 pukuhuoneella\/rentoutumistilalla lis\u00e4\u00e4 mukavuutta. T\u00e4m\u00e4 korkealaatuisesta l\u00e4mp\u00f6puusta valmistettu ylellinen sauna tarjoaa sek\u00e4 kest\u00e4vyytt\u00e4 ett\u00e4 luonnollista estetiikkaa ja luo t\u00e4ydellisen tilan tyylikk\u00e4\u00e4seen rentoutumiseen. Korosta puutarhaasi t\u00e4ll\u00e4 tilavalla ja tyylikk\u00e4\u00e4ll\u00e4 saunalla, joka on suunniteltu rentoutumiseen ja virkist\u00e4ytymiseen.<\/p>\n","protected":false},"featured_media":92182,"comment_status":"open","ping_status":"closed","template":"","meta":{"_acf_changed":false},"factory":[],"free-shipment":[],"product_brand":[],"product_cat":[1121,1317],"product_tag":[4452],"class_list":{"0":"post-94920","1":"product","2":"type-product","3":"status-publish","4":"has-post-thumbnail","6":"product_cat-saniteetti","7":"product_cat-sauna-fi","8":"product_tag-garden-sauna-fi","10":"first","11":"instock","12":"sale","13":"taxable","14":"shipping-taxable","15":"purchasable","16":"product-type-simple"},"acf":[],"_links":{"self":[{"href":"https:\/\/factory.sale\/fi\/wp-json\/wp\/v2\/product\/94920","targetHints":{"allow":["GET"]}}],"collection":[{"href":"https:\/\/factory.sale\/fi\/wp-json\/wp\/v2\/product"}],"about":[{"href":"https:\/\/factory.sale\/fi\/wp-json\/wp\/v2\/types\/product"}],"replies":[{"embeddable":true,"href":"https:\/\/factory.sale\/fi\/wp-json\/wp\/v2\/comments?post=94920"}],"wp:featuredmedia":[{"embeddable":true,"href":"https:\/\/factory.sale\/fi\/wp-json\/wp\/v2\/media\/92182"}],"wp:attachment":[{"href":"https:\/\/factory.sale\/fi\/wp-json\/wp\/v2\/media?parent=94920"}],"wp:term":[{"taxonomy":"factory","embeddable":true,"href":"https:\/\/factory.sale\/fi\/wp-json\/wp\/v2\/factory?post=94920"},{"taxonomy":"free-shipment","embeddable":true,"href":"https:\/\/factory.sale\/fi\/wp-json\/wp\/v2\/free-shipment?post=94920"},{"taxonomy":"product_brand","embeddable":true,"href":"https:\/\/factory.sale\/fi\/wp-json\/wp\/v2\/product_brand?post=94920"},{"taxonomy":"product_cat","embeddable":true,"href":"https:\/\/factory.sale\/fi\/wp-json\/wp\/v2\/product_cat?post=94920"},{"taxonomy":"product_tag","embeddable":true,"href":"https:\/\/factory.sale\/fi\/wp-json\/wp\/v2\/product_tag?post=94920"}],"curies":[{"name":"wp","href":"https:\/\/api.w.org\/{rel}","templated":true}]}}