{"id":94918,"date":"2024-11-29T00:36:26","date_gmt":"2024-11-29T08:35:54","guid":{"rendered":"https:\/\/factory.sale\/?post_type=product&#038;p=94918"},"modified":"2026-02-26T16:38:58","modified_gmt":"2026-02-26T13:38:58","slug":"icon-125-sauna","status":"publish","type":"product","link":"https:\/\/factory.sale\/fi\/tuote\/icon-125-sauna\/","title":{"rendered":"ICON 125 sauna"},"content":{"rendered":"<p>Esittelyss\u00e4 Icon 125 sauna \u2013 kompakti, tyylik\u00e4s ja tehokas<\/p>\n<p>Icon 125 yhdist\u00e4\u00e4 modernin muotoilun ja toiminnallisuuden, ollen t\u00e4ydellinen valinta niille, jotka haluavat laadukkaan saunael\u00e4myksen my\u00f6s pienimpiin puutarhatiloihin. Kuutiomaisen muotonsa ja tyylikk\u00e4\u00e4n esteettisyytens\u00e4 ansiosta se sopii mukavasti jopa kolmelle henkil\u00f6lle tarjoten poikkeuksellisen saunael\u00e4myksen ja vie vain v\u00e4h\u00e4n tilaa.<\/p>\n<p>T\u00e4rkeimm\u00e4t ominaisuudet:<\/p>\n<p>Kompakti ja tilaa s\u00e4\u00e4st\u00e4v\u00e4 muotoilu &#8211; ulkomitat ovat halkaisijaltaan \u00d82000 mm ja kokonaiskorkeus 2100 mm, joten se on suunniteltu sopimaan pienemmille puutarha-alueille ilman kalliita pohjat\u00f6it\u00e4. Pienest\u00e4 koostaan huolimatta se sopii mukavasti 3 hengelle, joten se on ihanteellinen pariskunnille tai pienille perheille.<\/p>\n<p>Korkealaatuiset materiaalit &#8211; 28 mm paksuista pohjoismaisista kuusiseinist\u00e4 rakennettu sauna tarjoaa erinomaisen eristyksen, vakauden ja kest\u00e4vyyden.<\/p>\n<p>Ensiluokkaiset, oksattomasta haavasta valmistetut penkit &#8211; Saunan penkit on valmistettu termohaavasta, korkealaatuisesta puusta, joka tunnetaan sile\u00e4st\u00e4 pinnastaan, l\u00e4mm\u00f6nkest\u00e4vyydest\u00e4\u00e4n ja mukavuudestaan. Penkit sis\u00e4lt\u00e4v\u00e4t my\u00f6s selk\u00e4nojat ja reunalistat.<\/p>\n<p>Tyylik\u00e4s lasinen etusein\u00e4 &#8211; Saunassa on 8 mm karkaistusta pronssilasista valmistettu ovi sek\u00e4 suuret ikkunat (1690 mm x 590 mm), jotka p\u00e4\u00e4st\u00e4v\u00e4t runsaasti luonnonvaloa sis\u00e4\u00e4n ja luovat samalla modernin ilmeen.<\/p>\n<p>Tehokkaat l\u00e4mmitysvaihtoehdot &#8211; Icon 125 on yhteensopiva erilaisten sein\u00e4\u00e4n kiinnitett\u00e4vien kiukaiden kanssa (ei sis\u00e4lly pakkaukseen), ja siin\u00e4 on l\u00e4mp\u00f6suojalevy lis\u00e4turvallisuutta varten. Kompakti muotoilu varmistaa saunan nopean l\u00e4mpenemisen, joten se on k\u00e4ytt\u00f6valmis hetkess\u00e4.<\/p>\n<p>Kest\u00e4v\u00e4t kattotiilet &#8211; Valittavissa mustat, punaiset, vihre\u00e4t tai ruskeat kattotiilet, jotka tarjoavat s\u00e4\u00e4nkest\u00e4v\u00e4n ja pitk\u00e4ik\u00e4isen viimeistelyn, joka sopii kaikkiin ulkotiloihin.<\/p>\n<p>T\u00e4ydellinen asennussarja &#8211; Saunan mukana tulee t\u00e4ydellinen asennussarja, joka sis\u00e4lt\u00e4\u00e4 ruuvit, kiinnikkeet ja yksityiskohtaiset asennusohjeet, tehden kokoamisesta helppoa ja suoraviivaista kaikille perheille.<\/p>\n<p>Lis\u00e4ominaisuudet:<\/p>\n<ul>\n<li>Ruostumattomasta ter\u00e4ksest\u00e4 valmistetut tukivanteet \u2013 varmistavat rakenteen vakauden ja pitk\u00e4ik\u00e4isyyden.<\/li>\n<li>Ilmanvaihtoritil\u00e4t \u2013 takaavat tasaisen ilmankierron mukavuuden ja turvallisuuden vuoksi.<\/li>\n<li>Kiuassuoja \u2013 ruostumattomasta ter\u00e4ksest\u00e4 valmistettu kiuassuoja lis\u00e4turvallisuutta varten.<\/li>\n<\/ul>\n<p>HUOM! Kiuas ei sis\u00e4lly pakkaukseen. <a href=\"https:\/\/factory.sale\/fi\/tuote\/harvia-vega-bc60sahkokiuas\/\" target=\"_blank\" rel=\"noopener\">L\u00f6yd\u00e4 sopiva kiuas t\u00e4\u00e4lt\u00e4<\/a>.<\/p>\n<p>Mitat:<\/p>\n<ul>\n<li>Ulkohalkaisija: \u00d82000 mm<\/li>\n<li>Kokonaispituus: 2050 mm<\/li>\n<li>Kokonaiskorkeus: 2100 mm<\/li>\n<li>Ovi: 800 mm x 1900 mm (8 mm karkaistua pronssilasia)<\/li>\n<\/ul>\n<p>Ikkunan mitat: 1690 mm x 590 mm<\/p>\n<p>Miksi valita Icon 125 sauna?<\/p>\n<ul>\n<li>Kompakti, tyylik\u00e4s ja tehokas, t\u00e4ydellinen pieniin puutarhoihin tai ahtaisiin tiloihin.<\/li>\n<li>L\u00e4mpenee nopeasti ja on helppo koota mukana tulevan asennussarjan ansiosta.<\/li>\n<li>Valmistettu korkealaatuisista materiaaleista, jotka takaavat kest\u00e4vyyden ja mukavuuden ja sopivat mihin tahansa puutarhaestetiikkaan.<\/li>\n<\/ul>\n<p>&nbsp;<\/p>\n","protected":false},"excerpt":{"rendered":"<p>Esittelyss\u00e4 Icon 125 sauna \u2013 kompakti ylellisyys puutarhaasi<\/p>\n<p>Icon 125 yhdist\u00e4\u00e4 modernin muotoilun ja k\u00e4yt\u00e4nn\u00f6llisyyden, tarjoten ylellisen saunael\u00e4myksen kompaktissa muodossa. T\u00e4ydellisesti pieniin puutarhoihin sopiva kuution muotoinen sauna sopii mukavasti jopa kolmelle henkil\u00f6lle ja l\u00e4mpenee nopeasti. Laadukkaasta pohjoismaisesta kuusesta valmistettu ja tyylikk\u00e4ill\u00e4 karkaistusta lasista valmistetuilla ovilla ja ikkunoilla varustettu Icon 125 on tyylik\u00e4s ja tilaa s\u00e4\u00e4st\u00e4v\u00e4 ratkaisu ulkoilmarentoutumiseen.<\/p>\n","protected":false},"featured_media":92055,"comment_status":"open","ping_status":"closed","template":"","meta":{"_acf_changed":false},"factory":[],"free-shipment":[],"product_brand":[],"product_cat":[1121,1317],"product_tag":[2106],"class_list":{"0":"post-94918","1":"product","2":"type-product","3":"status-publish","4":"has-post-thumbnail","6":"product_cat-saniteetti","7":"product_cat-sauna-fi","8":"product_tag-sauna-fi","10":"first","11":"instock","12":"sale","13":"taxable","14":"shipping-taxable","15":"purchasable","16":"product-type-simple"},"acf":[],"_links":{"self":[{"href":"https:\/\/factory.sale\/fi\/wp-json\/wp\/v2\/product\/94918","targetHints":{"allow":["GET"]}}],"collection":[{"href":"https:\/\/factory.sale\/fi\/wp-json\/wp\/v2\/product"}],"about":[{"href":"https:\/\/factory.sale\/fi\/wp-json\/wp\/v2\/types\/product"}],"replies":[{"embeddable":true,"href":"https:\/\/factory.sale\/fi\/wp-json\/wp\/v2\/comments?post=94918"}],"wp:featuredmedia":[{"embeddable":true,"href":"https:\/\/factory.sale\/fi\/wp-json\/wp\/v2\/media\/92055"}],"wp:attachment":[{"href":"https:\/\/factory.sale\/fi\/wp-json\/wp\/v2\/media?parent=94918"}],"wp:term":[{"taxonomy":"factory","embeddable":true,"href":"https:\/\/factory.sale\/fi\/wp-json\/wp\/v2\/factory?post=94918"},{"taxonomy":"free-shipment","embeddable":true,"href":"https:\/\/factory.sale\/fi\/wp-json\/wp\/v2\/free-shipment?post=94918"},{"taxonomy":"product_brand","embeddable":true,"href":"https:\/\/factory.sale\/fi\/wp-json\/wp\/v2\/product_brand?post=94918"},{"taxonomy":"product_cat","embeddable":true,"href":"https:\/\/factory.sale\/fi\/wp-json\/wp\/v2\/product_cat?post=94918"},{"taxonomy":"product_tag","embeddable":true,"href":"https:\/\/factory.sale\/fi\/wp-json\/wp\/v2\/product_tag?post=94918"}],"curies":[{"name":"wp","href":"https:\/\/api.w.org\/{rel}","templated":true}]}}