{"id":94916,"date":"2024-11-29T00:14:46","date_gmt":"2024-11-29T08:26:22","guid":{"rendered":"https:\/\/factory.sale\/?post_type=product&#038;p=94916"},"modified":"2026-03-29T14:52:52","modified_gmt":"2026-03-29T11:52:52","slug":"sauna-wagon","status":"publish","type":"product","link":"https:\/\/factory.sale\/fi\/tuote\/sauna-wagon\/","title":{"rendered":"Sauna &#8220;Wagon&#8221;"},"content":{"rendered":"<p>T\u00e4ydellinen Liikkuva Ratkaisu<\/p>\n<p>Monik\u00e4ytt\u00f6inen Saunavaunu ei ole tarkoitettu pelk\u00e4st\u00e4\u00e4n rentoutumiseen; se voidaan muuntaa my\u00f6s toimistoksi, piham\u00f6kiksi tai mukauttaa omiin tarpeisiin. Joustavilla sisustusvaihtoehdoilla seini\u00e4 voidaan s\u00e4\u00e4t\u00e4\u00e4 tai poistaa sek\u00e4 tila viimeistell\u00e4 ilman saunakomponentteja, mik\u00e4 tekee siit\u00e4 t\u00e4ydellisen monitoimiratkaisun erilaisiin k\u00e4ytt\u00f6tarkoituksiin. Liikkuvuutta, toimivuutta ja tyyli\u00e4 yhdist\u00e4v\u00e4 sauna sopii t\u00e4ydellisesti yksityiseen rentoutumiseen tai ikimuistoisen el\u00e4myksen luomiseen tapahtumissa ja retriiteiss\u00e4. Klassisen vaunun inspiroima muotoilu ja laadukkaat materiaalit tekev\u00e4t Saunavaunusta vieh\u00e4tysvoimaisen ja k\u00e4yt\u00e4nn\u00f6llisen, tuoden mukavuutta ja rentoutumista sinne, miss\u00e4 sit\u00e4 eniten tarvitset.<br \/>\nTilavan 10,9 m\u00b2:n sisustuksen, kest\u00e4v\u00e4n rakenteen ja harkitun suunnittelun ansiosta Wagonissa on kaikki mit\u00e4 tarvitset virkist\u00e4v\u00e4\u00e4n saunael\u00e4mykseen. Sis\u00e4\u00e4nrakennettujen py\u00f6rien ja s\u00e4\u00e4dett\u00e4vien jalkojen ansiosta voit sijoittaa sen helposti puutarhaan tai ulkotilaan.<\/p>\n<p>Huom: Minimitilaus on 4 kpl.<\/p>\n<p>Mitat:<\/p>\n<ul>\n<li>Ulkomitat: 480 cm x 240 cm x 240 cm (py\u00f6rill\u00e4).<\/li>\n<li>Korkeus (py\u00f6rill\u00e4): 240 cm.<\/li>\n<li>Sis\u00e4pinta-ala: 10,9 m\u00b2.<\/li>\n<\/ul>\n<p>Sein\u00e4t:<\/p>\n<ul>\n<li>19 mm paksut ulkopaneelit ja 15 mm sis\u00e4paneelit.<\/li>\n<li>Kivivilla-eristys: 42 mm seinille, 50 mm katolle.<\/li>\n<\/ul>\n<p>Lattia- ja Kattolevyt:<\/p>\n<ul>\n<li>Valmistettu kest\u00e4vist\u00e4 19 mm ponttilaudoista.<\/li>\n<\/ul>\n<p>Ikkunat ja Ovet:<\/p>\n<ul>\n<li>Karkaistut tuplalasit (4-8-4 mm).<\/li>\n<li>Avattavat ikkunat saunassa ja pukuhuoneessa.<\/li>\n<li>Oven mitat: 120 cm x 185 cm.<\/li>\n<\/ul>\n<p>Pakettien Mitat:<\/p>\n<ul>\n<li>Toimitetaan tasopakettina kolmessa osassa<\/li>\n<li>380 cm x 120 cm x 240 cm<\/li>\n<li>123 cm x 63 cm x 48cm<\/li>\n<li>240 cm x 50 cm x 70 cm (py\u00f6r\u00e4paketti).<\/li>\n<\/ul>\n<p>Keskeiset Ominaisuudet<\/p>\n<ul>\n<li>Maalaishenkinen ja Liikuteltava Design: Vaunusta inspiroitunut sauna, joka yhdist\u00e4\u00e4 maalaischarmia ja modernia k\u00e4yt\u00e4nn\u00f6llisyytt\u00e4 \u2013 t\u00e4ydellinen mihin tahansa ulkotilaan.<\/li>\n<li>\u00a0Laadukas Eristys: Kivivilla-eristys takaa tehokkaan l\u00e4mm\u00f6npysyvyyden seiniss\u00e4 ja katossa.<\/li>\n<li>\u00a0Kest\u00e4v\u00e4t Komponentit: Valmistettu k\u00e4sittelem\u00e4tt\u00f6mist\u00e4 puuosista, jotka mahdollistavat r\u00e4\u00e4t\u00e4l\u00f6innin ja pitk\u00e4aikaisen k\u00e4yt\u00f6n.<\/li>\n<li>\u00a0Toiminnallinen Pohjaratkaisu: Sis\u00e4lt\u00e4\u00e4 saunahuoneen ja pukuhuoneen, mik\u00e4 tekee siit\u00e4 k\u00e4yt\u00e4nn\u00f6llisen ja monipuolisen.<\/li>\n<li>\u00a0Luksuspenkit Haapapuusta: Mukavat, kuumuutta kest\u00e4v\u00e4t penkit, jotka on valmistettu korkealaatuisesta haapapuusta.<\/li>\n<li>\u00a0Liikuteltava ja Vakaa: Asennettu tukeville py\u00f6rille ja varustettu s\u00e4\u00e4dett\u00e4vill\u00e4 jaloilla vakaata sijoittamista varten.<\/li>\n<li>\u00a0Kompakti, mutta Tilava: Tarjoaa avaran sis\u00e4tilan s\u00e4ilytt\u00e4en samalla kompaktin ulkomuodon.Pakkaus Sis\u00e4lt\u00e4\u00e4<\/li>\n<li>Puinen rakenne esivalmistetuilla paneeleilla.<\/li>\n<li>Kivivilla-eristys: 42 mm seinille, 50 mm katolle.<\/li>\n<li>Tuplalasit (4-8-4 mm), mukaan lukien avattavat ikkunat.<\/li>\n<li>Kest\u00e4v\u00e4t ponttilattia- ja kattolevyt.<\/li>\n<li>Haapapuusta valmistetut penkit, suunniteltu mukavuuteen ja kest\u00e4vyyteen.<\/li>\n<li>Tuulensuojakangas ja folioeriste paremman l\u00e4mm\u00f6npysyvyyden takaamiseksi.<\/li>\n<li>S\u00e4\u00e4dett\u00e4v\u00e4t jalat ja py\u00f6r\u00e4t helppoa sijoittamista varten.<\/li>\n<li>\u00a0Yksityiskohtaiset kokoamisohjeet ja kaikki tarvittavat kiinnikkeet.<\/li>\n<\/ul>\n<p>T\u00e4m\u00e4 Saunavaunu sopii t\u00e4ydellisesti sek\u00e4 yksityiseen rentoutumiseen ett\u00e4 kaupalliseen k\u00e4ytt\u00f6\u00f6n ja tarjoaa ainutlaatuisen saunakokemuksen. Sen monipuolisuus ja ajattoman tyylik\u00e4s design tekev\u00e4t siit\u00e4 v\u00e4ltt\u00e4m\u00e4tt\u00f6m\u00e4n ulkoilmaintoilijoille ja tapahtumaj\u00e4rjest\u00e4jille.<\/p>\n<p>Mahdollisuus tilata ilman py\u00f6ri\u00e4 \u2013 kysy tarjous!<\/p>\n<p>Huom: Minimitilaus on 4 kappaletta.<\/p>\n","protected":false},"excerpt":{"rendered":"<p>Esittelyss\u00e4 Saunavaunu \u2013 Liikkuva Saunakokemus<\/p>\n<p>Saunavaunun avulla voit vied\u00e4 saunakokemuksesi minne tahansa \u2013 se on liikkuva ja tyylik\u00e4s ratkaisu rentoutumiseen. Laadukkaista materiaaleista valmistettu vaunu, jossa on eristetyt sein\u00e4t ja karkaistut kaksinkertaiset lasi-ikkunat, tarjoaa mukavuutta ja kest\u00e4vyytt\u00e4 kaikissa ulkotiloissa. Helppo koota ja t\u00e4ydellinen yksityiseen tai kaupalliseen k\u00e4ytt\u00f6\u00f6n, Saunavaunu on ihanteellinen tapahtumiin, retriiteihin tai ainutlaatuisiin paikkoihin.<\/p>\n","protected":false},"featured_media":94668,"comment_status":"open","ping_status":"closed","template":"","meta":{"_acf_changed":false},"factory":[],"free-shipment":[],"product_brand":[],"product_cat":[1121,1317],"product_tag":[2106],"class_list":{"0":"post-94916","1":"product","2":"type-product","3":"status-publish","4":"has-post-thumbnail","6":"product_cat-saniteetti","7":"product_cat-sauna-fi","8":"product_tag-sauna-fi","10":"first","11":"instock","12":"sale","13":"taxable","14":"shipping-taxable","15":"purchasable","16":"product-type-simple"},"acf":[],"_links":{"self":[{"href":"https:\/\/factory.sale\/fi\/wp-json\/wp\/v2\/product\/94916","targetHints":{"allow":["GET"]}}],"collection":[{"href":"https:\/\/factory.sale\/fi\/wp-json\/wp\/v2\/product"}],"about":[{"href":"https:\/\/factory.sale\/fi\/wp-json\/wp\/v2\/types\/product"}],"replies":[{"embeddable":true,"href":"https:\/\/factory.sale\/fi\/wp-json\/wp\/v2\/comments?post=94916"}],"wp:featuredmedia":[{"embeddable":true,"href":"https:\/\/factory.sale\/fi\/wp-json\/wp\/v2\/media\/94668"}],"wp:attachment":[{"href":"https:\/\/factory.sale\/fi\/wp-json\/wp\/v2\/media?parent=94916"}],"wp:term":[{"taxonomy":"factory","embeddable":true,"href":"https:\/\/factory.sale\/fi\/wp-json\/wp\/v2\/factory?post=94916"},{"taxonomy":"free-shipment","embeddable":true,"href":"https:\/\/factory.sale\/fi\/wp-json\/wp\/v2\/free-shipment?post=94916"},{"taxonomy":"product_brand","embeddable":true,"href":"https:\/\/factory.sale\/fi\/wp-json\/wp\/v2\/product_brand?post=94916"},{"taxonomy":"product_cat","embeddable":true,"href":"https:\/\/factory.sale\/fi\/wp-json\/wp\/v2\/product_cat?post=94916"},{"taxonomy":"product_tag","embeddable":true,"href":"https:\/\/factory.sale\/fi\/wp-json\/wp\/v2\/product_tag?post=94916"}],"curies":[{"name":"wp","href":"https:\/\/api.w.org\/{rel}","templated":true}]}}