{"id":94868,"date":"2024-11-28T12:13:39","date_gmt":"2024-11-28T09:40:04","guid":{"rendered":"https:\/\/factory.sale\/?post_type=product&#038;p=94868"},"modified":"2026-04-21T19:19:52","modified_gmt":"2026-04-21T16:19:52","slug":"lillevilla-roine-9-m%c2%b2-44-mm","status":"publish","type":"product","link":"https:\/\/factory.sale\/fi\/tuote\/lillevilla-roine-9-m%c2%b2-44-mm\/","title":{"rendered":"Lillevilla Roine 9 m\u00b2 \/ 44 mm"},"content":{"rendered":"<p><strong>Monik\u00e4ytt\u00f6inen piharakennus, joko el\u00e4miseen tai s\u00e4ilytykseen<\/strong><\/p>\n<p>M\u00f6kki Lillevilla Roine on reilunkokoinen ja tukeva piharakennus esimerkiksi kes\u00e4vieraiden majoittamiseen. Tarpeen mukaan t\u00e4m\u00e4 soveltuu hyvin my\u00f6s varastoksi. Pohjan ala t\u00e4ss\u00e4 mallissa on reilut 9 m\u00b2 molempien sivujen ollessa 3 metri\u00e4 pitki\u00e4. Lillevilla Roine m\u00f6kin harjakorkeus noin 252 cm. Ikkunassa ja ovessa on eristysturvalasit (CE 4\/6\/4mm).<\/p>\n<p>&nbsp;<\/p>\n<p><strong>Toimituksen sis\u00e4lt\u00f6<\/strong><\/p>\n<p>Tuotepakettiin kuuluvat hirsien, oven ja ikkunan sek\u00e4 lattia- ja kattolautojen lis\u00e4ksi helat, naulat ja ruuvit. M\u00f6kin lattialautojen paksuus on 21 mm. Hirret ovat 44 mm vahvuiset ja tuplapontilla, mink\u00e4 ansiosta rakennus on erityisen tukeva.<\/p>\n<p>Katemateriaali ei sis\u00e4lly toimitukseen. Tiilikatetta emme suosittele. Katemateriaali on asennettava heti rakennuksen pystytyksen j\u00e4lkeen.<\/p>\n<p>M\u00f6kin osat on tehtaalla valmiiksi ty\u00f6stetty koneellisesti. Kyse on kuitenkin rakentamisesta, joten varaa pystytykseen yleisimm\u00e4t ty\u00f6kalut, kuten mittanauha, vesivaaka, vasara, saha, ruuvinv\u00e4\u00e4nnin ja pora. Katso rakentajan tarkastuslista itse hankittavista tarvikkeista sek\u00e4 muista huomioitavista asioista t\u00e4st\u00e4 linkist\u00e4.<\/p>\n<p>&nbsp;<\/p>\n<p>&nbsp;<\/p>\n<p><strong>Pintak\u00e4sittely<\/strong><\/p>\n<p>Rakennuksen pintak\u00e4sittely on teht\u00e4v\u00e4 viipym\u00e4tt\u00e4 heti rakennuksen pystytyksen j\u00e4lkeen s\u00e4\u00e4n ja olosuhteiden niin salliessa. Pintak\u00e4sittelyyn on k\u00e4ytett\u00e4v\u00e4 hirsipinnoille tarkoitettuja hengitt\u00e4vi\u00e4 pintak\u00e4sittelyaineita. Hengitt\u00e4m\u00e4tt\u00f6m\u00e4n muovikalvon muodostavaa maalia ei saa k\u00e4ytt\u00e4\u00e4.<\/p>\n<p>&nbsp;<\/p>\n<p>&nbsp;<\/p>\n<p><strong>Rakennuslupa-asiat<\/strong><\/p>\n<p>Tarkista rakennusluvan tarve etuk\u00e4teen rakennuspaikkakuntasi rakennuslupaviranomaiselta.<\/p>\n<p>&nbsp;<\/p>\n<p><strong>Tekniset tiedot:<\/strong><\/p>\n<p>Pohjan ala (m\u00b2): 9<br \/>\nPohjan mitat (mm x mm): 3000 x 3000<br \/>\nSein\u00e4vahvuus (mm):44<br \/>\nHarjakorkeus (mm): 2515<br \/>\nKaton ala (m\u00b2): 13,67<br \/>\nKaton koko (mm x mm): 3450 x 3840<br \/>\nKattokaltevuus (astetta): 18<br \/>\nHarjan pituus (mm): 3800<br \/>\nLappeen pituus (mm): 1796<br \/>\nKattolauta (mm): 19<br \/>\nLattialauta (mm): 21<br \/>\nIkkuna<br \/>\nEristysturvalasi CE 4\/6\/4mm, Tyyppi G (896\u00d7880)<br \/>\nIkkunan aukeamissuunta<br \/>\nUlosp\u00e4in<br \/>\nOvi: Eristysturvalasi CE 4\/6\/4mm, Tyyppi D13 (1497\u00d71900)<br \/>\nKatemateriaali: ei sis\u00e4lly<br \/>\nPakettimitat (mm) ja paino: 3800 x 730 x 1150 \/ 910 kg<br \/>\nTuotetunnus (SKU): 0144 30 30 16<\/p>\n<p>&nbsp;<\/p>\n<p>&nbsp;<\/p>\n<p><strong>Lis\u00e4varusteet:<\/strong><\/p>\n<p>30119 Palahuopapaketti (+ 328,50 \u20ac)<br \/>\n30127 Tiivissaumakatepaketti (+ 319,50 \u20ac)<br \/>\n30135 R\u00e4yst\u00e4speltipaketti (+ 108 \u20ac)<br \/>\n30100 Lattianeristyspaketti (+ 409,50 \u20ac)<br \/>\n30105 Katoneristyspaketti (+ 684,00 \u20ac)<\/p>\n<p>&nbsp;<\/p>\n<p>&nbsp;<\/p>\n<p><strong>Rahtilis\u00e4t kuljetuksille asiakkaalle toimitettaessa:<\/strong><\/p>\n<p>Postinumero alueet 94000-95699 &amp; 96000-96999 110 \u20ac Alv 0%<br \/>\nPostinumero alueet 89000-89999 &amp; 93000-93999 154 \u20ac Alv 0%<br \/>\nPostinumero alueet 95700-95999 &amp; 97000-99999 363\u20ac Alv 0%<br \/>\nLossilis\u00e4 286 \u20ac Alv 0%<\/p>\n<p><em><strong>Kotiinkuljetus tehtaalta asiaakkaalle Suomi alv 0 % 267,30 \u20ac<\/strong><\/em><\/p>\n<p>&nbsp;<\/p>\n<p>&nbsp;<\/p>\n<p><a href=\"https:\/\/factory.sale\/wp-content\/uploads\/2024\/11\/Lillevilla-Roine_LV510-2-FI-SE-DE-DK-FR-EN-ID-9673-1.pdf\" target=\"_blank\" rel=\"noopener\">Kokoontapano-ohje<\/a><\/p>\n<p><a href=\"https:\/\/factory.sale\/wp-content\/uploads\/2024\/11\/Lillevilla-Roine_LV510-2-perustus-foundation-ID-9709.pdf\" target=\"_blank\" rel=\"noopener\">Perustusohje<\/a><\/p>\n<p><a href=\"https:\/\/factory.sale\/wp-content\/uploads\/2024\/11\/LV-510-2-Roine-julkisivut-leikkaus-pohja-ID-9717.pdf\" target=\"_blank\" rel=\"noopener\">Piirustukset lupahakemukseen<\/a><\/p>\n<p><a href=\"https:\/\/factory.sale\/wp-content\/uploads\/2024\/11\/4-Luoman_hirsirakennusten_pintakasittelyohje_Tikkurila_VALMIS_web_fix.pdf\" target=\"_blank\" rel=\"noopener\">Pintak\u00e4sittelyohje<\/a><\/p>\n<p><a href=\"https:\/\/factory.sale\/wp-content\/uploads\/2024\/11\/5.pdf\" target=\"_blank\" rel=\"noopener\">Eristyspakettiohje<\/a><\/p>\n","protected":false},"excerpt":{"rendered":"<p>Tutustu monipuoliseen Lillevilla Roine, joka sopii t\u00e4ydellisesti vieraiden majoittamiseen tai varastok\u00e4ytt\u00f6\u00f6n. 9 m\u00b2:n lattia-alalla, vahvoilla 44 mm seinill\u00e4 sek\u00e4 eristetyill\u00e4 turvalasisilla ikkunoilla ja ovilla varustettu korkealaatuinen piharakennus yhdist\u00e4\u00e4 toiminnallisuuden ja tyylikkyyden. Helppo koota ja muokattavissa kattoratkaisujen ja eristysvaihtoehtojen avulla. Tilaa heti!<\/p>\n","protected":false},"featured_media":94856,"comment_status":"open","ping_status":"closed","template":"","meta":{"_acf_changed":false},"factory":[],"free-shipment":[],"product_brand":[],"product_cat":[997,4242],"product_tag":[],"class_list":{"0":"post-94868","1":"product","2":"type-product","3":"status-publish","4":"has-post-thumbnail","6":"product_cat-piha-puutarha-fi","7":"product_cat-puutarharakennukset","9":"first","10":"instock","11":"sale","12":"taxable","13":"shipping-taxable","14":"purchasable","15":"product-type-simple"},"acf":[],"_links":{"self":[{"href":"https:\/\/factory.sale\/fi\/wp-json\/wp\/v2\/product\/94868","targetHints":{"allow":["GET"]}}],"collection":[{"href":"https:\/\/factory.sale\/fi\/wp-json\/wp\/v2\/product"}],"about":[{"href":"https:\/\/factory.sale\/fi\/wp-json\/wp\/v2\/types\/product"}],"replies":[{"embeddable":true,"href":"https:\/\/factory.sale\/fi\/wp-json\/wp\/v2\/comments?post=94868"}],"wp:featuredmedia":[{"embeddable":true,"href":"https:\/\/factory.sale\/fi\/wp-json\/wp\/v2\/media\/94856"}],"wp:attachment":[{"href":"https:\/\/factory.sale\/fi\/wp-json\/wp\/v2\/media?parent=94868"}],"wp:term":[{"taxonomy":"factory","embeddable":true,"href":"https:\/\/factory.sale\/fi\/wp-json\/wp\/v2\/factory?post=94868"},{"taxonomy":"free-shipment","embeddable":true,"href":"https:\/\/factory.sale\/fi\/wp-json\/wp\/v2\/free-shipment?post=94868"},{"taxonomy":"product_brand","embeddable":true,"href":"https:\/\/factory.sale\/fi\/wp-json\/wp\/v2\/product_brand?post=94868"},{"taxonomy":"product_cat","embeddable":true,"href":"https:\/\/factory.sale\/fi\/wp-json\/wp\/v2\/product_cat?post=94868"},{"taxonomy":"product_tag","embeddable":true,"href":"https:\/\/factory.sale\/fi\/wp-json\/wp\/v2\/product_tag?post=94868"}],"curies":[{"name":"wp","href":"https:\/\/api.w.org\/{rel}","templated":true}]}}