{"id":94838,"date":"2024-11-28T02:12:05","date_gmt":"2024-11-27T23:17:37","guid":{"rendered":"https:\/\/factory.sale\/?post_type=product&#038;p=94838"},"modified":"2024-11-29T17:42:17","modified_gmt":"2024-11-29T14:42:17","slug":"lillevilla-sauna-tulilampi-103-m%c2%b2-44mm","status":"publish","type":"product","link":"https:\/\/factory.sale\/fi\/tuote\/lillevilla-sauna-tulilampi-103-m%c2%b2-44mm\/","title":{"rendered":"Lillevilla Sauna Tulilampi 10,3 m\u00b2 \/ 44mm"},"content":{"rendered":"<p>Tilaa t\u00e4st\u00e4 itsellesi parhaat l\u00f6ylyt! Lillevilla Sauna Tulilampi -mallissa on erillinen pukuhuone ja l\u00f6ylyhuone. Pohjan ala t\u00e4ss\u00e4 mallissa on 10,3 neli\u00f6metri\u00e4, mink\u00e4 lis\u00e4ksi terassilla on kokoa 2,34 neli\u00f6metrin verran. Sauna on leveydelt\u00e4\u00e4n 2,6 metri\u00e4 ja syvyydelt\u00e4\u00e4n 3,95 metri\u00e4. Harjakorkeus t\u00e4ss\u00e4 mallissa on 3,02 metri\u00e4, ja sein\u00e4vahvuus on 44 mm.<\/p>\n<p>&nbsp;<\/p>\n<p><strong>Toimituksen<\/strong><strong> sis\u00e4lt\u00f6<\/strong><\/p>\n<p>Tuotepakettiin kuuluvat hirsien, oven ja ikkunan sek\u00e4 lattia- ja kattolautojen lis\u00e4ksi helat, naulat ja ruuvit. My\u00f6s nurkkiin asennettavat kierretangot sis\u00e4ltyv\u00e4t toimitukseen. M\u00f6kin lattialautojen paksuus on 21 mm.<\/p>\n<p>Katemateriaali ei sis\u00e4lly toimitukseen. Tiilikatetta tai palahuopaa emme suosittele. Katemateriaali on asennettava heti rakennuksen pystytyksen j\u00e4lkeen.<\/p>\n<p>Lauteet eiv\u00e4t sis\u00e4lly toimitukseen, mutta voita t\u00e4lt\u00e4 sivulta tilata saunaan laudepaketin.<\/p>\n<p>Huom! Kiuas ja hormi eiv\u00e4t sis\u00e4lly toimitukseen.<\/p>\n<p>M\u00f6kin osat on tehtaalla valmiiksi ty\u00f6stetty koneellisesti. Kyse on kuitenkin rakentamisesta, joten varaa pystytykseen yleisimm\u00e4t ty\u00f6kalut, kuten mittanauha, vesivaaka, vasara, saha, ruuvinv\u00e4\u00e4nnin ja pora. Katso rakentajan tarkastuslista itse hankittavista tarvikkeista sek\u00e4 muista huomioitavista asioista t\u00e4st\u00e4 linkist\u00e4. Olemme koonneet tuotteidemme pystytyst\u00e4 koskevia vinkkej\u00e4 t\u00e4nne.<\/p>\n<p>&nbsp;<\/p>\n<p>&nbsp;<\/p>\n<p><strong>Pintak\u00e4sittely<\/strong><\/p>\n<p>Rakennuksen pintak\u00e4sittely on teht\u00e4v\u00e4 viipym\u00e4tt\u00e4 heti rakennuksen pystytyksen j\u00e4lkeen s\u00e4\u00e4n ja olosuhteiden niin salliessa. Pintak\u00e4sittelyyn on k\u00e4ytett\u00e4v\u00e4 hirsipinnoille tarkoitettuja hengitt\u00e4vi\u00e4 pintak\u00e4sittelyaineita. Hengitt\u00e4m\u00e4tt\u00f6m\u00e4n muovikalvon muodostavaa maalia ei saa k\u00e4ytt\u00e4\u00e4.<\/p>\n<p>&nbsp;<\/p>\n<p><strong>Rakennuslupa-asiat<\/strong><\/p>\n<p>Tarkista rakennusluvan tarve etuk\u00e4teen rakennuspaikkakuntasi rakennuslupaviranomaiselta. Rakennuslupahakemuksessa tarvittavat piirustukset voit ladata t\u00e4lt\u00e4 sivulta tai pyyt\u00e4\u00e4 asiakaspalvelustamme.<\/p>\n<p>&nbsp;<\/p>\n<p>&nbsp;<\/p>\n<p><strong>Rahtilis\u00e4t kuljetuksille asiakkaalle toimitettaessa:<\/strong><\/p>\n<p>Postinumero alueet 94000-95699 &amp; 96000-96999 100 \u20ac Alv 0%<br \/>\nPostinumero alueet 89000-89999 &amp; 93000-93999 140 \u20ac Alv 0%<br \/>\nPostinumero alueet 95700-95999 &amp; 97000-99999 330\u20ac Alv 0%<br \/>\nLossilis\u00e4 260 \u20ac Alv 0%<\/p>\n<p>Kotiinkuljetus tehtaalta asiaakkaalle Suomi alv 0 % 262,00 \u20ac<\/p>\n<p>&nbsp;<\/p>\n<p>&nbsp;<\/p>\n<p><a href=\"https:\/\/factory.sale\/wp-content\/uploads\/2024\/11\/Sauna-7-3-44mm-FI-SE-DE-DK-FR-EN_manual-ID-9425.pdf\" target=\"_blank\" rel=\"noopener\">Asennusohjeet<\/a><\/p>\n<p><a href=\"https:\/\/factory.sale\/wp-content\/uploads\/2024\/11\/Sauna-7-3-perustus-foundation-ID-8152-1.pdf\" target=\"_blank\" rel=\"noopener\">S\u00e4\u00e4ti\u00f6n ohjeet<\/a><\/p>\n<p><a href=\"https:\/\/factory.sale\/wp-content\/uploads\/2024\/11\/Sauna-7-3-Tulilampi-julkisivut-pohja-leikkaus-ID-10503.pdf\" target=\"_blank\" rel=\"noopener\">Piirustukset rakennuslupahakemuksia varten<\/a><\/p>\n<p><a href=\"https:\/\/factory.sale\/wp-content\/uploads\/2024\/11\/5.pdf\" target=\"_blank\" rel=\"noopener\">Pintak\u00e4sittelyohjeet<\/a><\/p>\n<p>&nbsp;<\/p>\n","protected":false},"excerpt":{"rendered":"<p>Tilaa t\u00e4st\u00e4 itsellesi parhaat l\u00f6ylyt! Lillevilla Sauna Tulilampi -mallissa on erillinen pukuhuone ja l\u00f6ylyhuone. Pohjan ala t\u00e4ss\u00e4 mallissa on 10,3 neli\u00f6metri\u00e4, mink\u00e4 lis\u00e4ksi terassilla on kokoa 2,34 neli\u00f6metrin verran. Sauna on leveydelt\u00e4\u00e4n 2,6 metri\u00e4 ja syvyydelt\u00e4\u00e4n 3,95 metri\u00e4. Harjakorkeus t\u00e4ss\u00e4 mallissa on 3,02 metri\u00e4, ja sein\u00e4vahvuus on 44 mm.<\/p>\n","protected":false},"featured_media":94829,"comment_status":"open","ping_status":"closed","template":"","meta":{"_acf_changed":false},"factory":[],"free-shipment":[],"product_brand":[],"product_cat":[1317,4779,2258,4541],"product_tag":[],"class_list":{"0":"post-94838","1":"product","2":"type-product","3":"status-publish","4":"has-post-thumbnail","6":"product_cat-sauna-fi","7":"product_cat-sauna","8":"product_cat-saunakuutiot","9":"product_cat-varastotuotteet","11":"first","12":"instock","13":"sale","14":"taxable","15":"shipping-taxable","16":"purchasable","17":"product-type-simple"},"acf":[],"_links":{"self":[{"href":"https:\/\/factory.sale\/fi\/wp-json\/wp\/v2\/product\/94838","targetHints":{"allow":["GET"]}}],"collection":[{"href":"https:\/\/factory.sale\/fi\/wp-json\/wp\/v2\/product"}],"about":[{"href":"https:\/\/factory.sale\/fi\/wp-json\/wp\/v2\/types\/product"}],"replies":[{"embeddable":true,"href":"https:\/\/factory.sale\/fi\/wp-json\/wp\/v2\/comments?post=94838"}],"wp:featuredmedia":[{"embeddable":true,"href":"https:\/\/factory.sale\/fi\/wp-json\/wp\/v2\/media\/94829"}],"wp:attachment":[{"href":"https:\/\/factory.sale\/fi\/wp-json\/wp\/v2\/media?parent=94838"}],"wp:term":[{"taxonomy":"factory","embeddable":true,"href":"https:\/\/factory.sale\/fi\/wp-json\/wp\/v2\/factory?post=94838"},{"taxonomy":"free-shipment","embeddable":true,"href":"https:\/\/factory.sale\/fi\/wp-json\/wp\/v2\/free-shipment?post=94838"},{"taxonomy":"product_brand","embeddable":true,"href":"https:\/\/factory.sale\/fi\/wp-json\/wp\/v2\/product_brand?post=94838"},{"taxonomy":"product_cat","embeddable":true,"href":"https:\/\/factory.sale\/fi\/wp-json\/wp\/v2\/product_cat?post=94838"},{"taxonomy":"product_tag","embeddable":true,"href":"https:\/\/factory.sale\/fi\/wp-json\/wp\/v2\/product_tag?post=94838"}],"curies":[{"name":"wp","href":"https:\/\/api.w.org\/{rel}","templated":true}]}}