{"id":94740,"date":"2024-11-25T12:28:57","date_gmt":"2024-11-25T09:56:15","guid":{"rendered":"https:\/\/factory.sale\/?post_type=product&#038;p=94740"},"modified":"2024-11-28T02:21:48","modified_gmt":"2024-11-27T23:21:48","slug":"lillevilla-kaarnikka-6-m%c2%b2-28-mm","status":"publish","type":"product","link":"https:\/\/factory.sale\/fi\/tuote\/lillevilla-kaarnikka-6-m%c2%b2-28-mm\/","title":{"rendered":"Lillevilla Kaarnikka 6 m\u00b2 \/ 28 mm"},"content":{"rendered":"<p><strong>Laadukas pieni pihavarasto<\/strong><\/p>\n<p>Pihavarasto Lillevilla Kaarnikka- t\u00e4ss\u00e4 pieni varasto pikkupihaan tai lis\u00e4tilaksi isomman varaston kylkeen. Vajaat kuusi neli\u00f6metri\u00e4 varastotilaa nielee yll\u00e4tt\u00e4v\u00e4n paljon tavaraa. Leve\u00e4st\u00e4 pariovesta tavarat on helppo kantaa sis\u00e4lle. T\u00e4m\u00e4 sopii my\u00f6s puuvarastoksi, kunhan vaan huolehditaan hyv\u00e4st\u00e4 tuuletuksesta ja pohjan riitt\u00e4v\u00e4st\u00e4 kantavuudesta. Muistathan, ett\u00e4 voit tilata meilt\u00e4 my\u00f6s lis\u00e4ikkunoita varastoosi asennettavaksi. Tilaaminen onnistuu ottamalla yhteytt\u00e4 asiakaspalveluumme.<\/p>\n<p>Pohjan ala t\u00e4ss\u00e4 mallissa on 5,7 neli\u00f6metri\u00e4 molempien sivujen ollessa 2,4 metri\u00e4 pitk\u00e4t. Harjakorkeus on 2,4 metri\u00e4 ja sivusein\u00e4korkeus l\u00e4hes kaksi metri\u00e4. Hirsivahvuus t\u00e4ss\u00e4 mallissa on 28 mm.<\/p>\n<p>&nbsp;<\/p>\n<p><strong>Toimituksen sis\u00e4lt\u00f6<\/strong><\/p>\n<p>Tuotepakettiin kuuluvat hirsien, parioven sek\u00e4 lattia- ja kattolautojen lis\u00e4ksi helat, naulat ja ruuvit. Katemateriaali ei sis\u00e4lly toimitukseen. Tiilikatetta emme suosittele. Katemateriaali on asennettava heti rakennuksen pystytyksen j\u00e4lkeen.<\/p>\n<p>M\u00f6kin osat on tehtaalla valmiiksi ty\u00f6stetty koneellisesti. Kyse on kuitenkin rakentamisesta, joten varaa pystytykseen yleisimm\u00e4t ty\u00f6kalut, kuten mittanauha, vesivaaka, vasara, saha, ruuvinv\u00e4\u00e4nnin ja pora. Katso rakentajan tarkastuslista itse hankittavista tarvikkeista sek\u00e4 muista huomioitavista asioista t\u00e4st\u00e4 linkist\u00e4.<\/p>\n<p>&nbsp;<\/p>\n<p><strong>Pintak\u00e4sittely<\/strong><\/p>\n<p>Rakennuksen pintak\u00e4sittely on teht\u00e4v\u00e4 viipym\u00e4tt\u00e4 heti rakennuksen pystytyksen j\u00e4lkeen s\u00e4\u00e4n ja olosuhteiden niin salliessa. Pintak\u00e4sittelyyn on k\u00e4ytett\u00e4v\u00e4 hirsipinnoille tarkoitettuja hengitt\u00e4vi\u00e4 pintak\u00e4sittelyaineita. Hengitt\u00e4m\u00e4tt\u00f6m\u00e4n muovikalvon muodostavaa maalia ei saa k\u00e4ytt\u00e4\u00e4. Vinkit pintak\u00e4sittelyyn l\u00f6yd\u00e4t t\u00e4m\u00e4n sivun linkist\u00e4.<\/p>\n<p>&nbsp;<\/p>\n<p><strong>Rakennuslupa-asiat<\/strong><\/p>\n<p>Tarkista rakennusluvan tarve etuk\u00e4teen rakennuspaikkakuntasi rakennuslupaviranomaiselta. Rakennuslupahakemuksessa tarvittavat piirustukset voit ladata t\u00e4lt\u00e4 sivulta tai pyyt\u00e4\u00e4 asiakaspalvelustamme.<\/p>\n<p>&nbsp;<\/p>\n<p>&nbsp;<\/p>\n<p><strong>Katemateriaalivaihtoehdot:<\/strong><\/p>\n<p>Palahuopakatto: (+216 \u20ac)<br \/>\nTiivissaumakatto: (+234 \u20ac)<\/p>\n<p>&nbsp;<\/p>\n<p><strong>Lis\u00e4varusteet:<\/strong><\/p>\n<p>R\u00e4yst\u00e4speltipaketti: (+108 \u20ac)<br \/>\nLattian eristyspaketti: (+409,50 \u20ac)<br \/>\nKaton eristyspaketti: (+684 \u20ac)<br \/>\nHirsien korotussarja (2 lis\u00e4hirsikertaa): (+180 \u20ac)<\/p>\n<p>&nbsp;<\/p>\n<p><strong>Rahtilis\u00e4t kuljetuksille asiakkaalle toimitettaessa:<\/strong><\/p>\n<p>Postinumero alueet 94000-95699 &amp; 96000-96999 100 \u20ac Alv 0%<br \/>\nPostinumero alueet 89000-89999 &amp; 93000-93999 140 \u20ac Alv 0%<br \/>\nPostinumero alueet 95700-95999 &amp; 97000-99999 330\u20ac Alv 0%<br \/>\nLossilis\u00e4 260 \u20ac Alv 0%<\/p>\n<p>Kotiinkuljetus tehtaalta asiaakkaalle Suomi alv 0 % 224,00 \u20ac<\/p>\n<p>&nbsp;<\/p>\n<p>&nbsp;<\/p>\n<p><a href=\"https:\/\/factory.sale\/wp-content\/uploads\/2024\/11\/Lillevilla_Kaarnikka_LV21_manual-ID-4676.pdf\" target=\"_blank\" rel=\"noopener\">LATAA T\u00c4ST\u00c4 KOKOONPANO-OHJE<\/a><\/p>\n<p><a href=\"https:\/\/factory.sale\/wp-content\/uploads\/2024\/11\/Lillevilla_Kaarnikka_LV-21-perustus-foundation-ID-7350.pdf\" target=\"_blank\" rel=\"noopener\">LATAA T\u00c4ST\u00c4 PERUSTUSOHJE <\/a><\/p>\n<p><a href=\"https:\/\/factory.sale\/wp-content\/uploads\/2024\/11\/Lillevilla_Kaarnikka_LV-21-julkisivut-pohjakuva-ja-leikkaus-ID-5480.pdf\" target=\"_blank\" rel=\"noopener\">LATAA T\u00c4ST\u00c4 PIIRUSTUKSET LUPAHAKEMUKSEEN<\/a><\/p>\n<p><a href=\"https:\/\/factory.sale\/wp-content\/uploads\/2024\/11\/Luoman_hirsirakennusten_pintakasittelyohje_Tikkurila_VALMIS_web_fix.pdf\" target=\"_blank\" rel=\"noopener\">LATAA T\u00c4ST\u00c4 PINTAK\u00c4SITTELYOHJE<\/a><\/p>\n","protected":false},"excerpt":{"rendered":"<p><strong>Laadukas pieni pihavarasto<\/strong><\/p>\n<p>Lillevilla Kaarnikka pihavarasto on t\u00e4ydellinen ratkaisu pienemmille pihoille tai lis\u00e4varastoksi suuremman varaston viereen. L\u00e4hes kuuden neli\u00f6metrin s\u00e4ilytystila tarjoaa yll\u00e4tt\u00e4v\u00e4n paljon tilaa tavaroillesi. Leve\u00e4t pariovet tekev\u00e4t tavaroiden sis\u00e4\u00e4n ja ulos siirt\u00e4misest\u00e4 helppoa. T\u00e4m\u00e4 varasto sopii my\u00f6s polttopuiden s\u00e4ilytykseen, kunhan varmistetaan riitt\u00e4v\u00e4 ilmanvaihto ja lattian kantavuus. Muista, ett\u00e4 voit tilata varastoon lis\u00e4ikkunoita ottamalla yhteytt\u00e4 asiakaspalveluumme.<\/p>\n<p>T\u00e4m\u00e4n mallin pohjan pinta-ala on 5,7 neli\u00f6metri\u00e4, ja molemmat sivut ovat 2,4 metri\u00e4 pitki\u00e4. Harjakorkeus on 2,4 metri\u00e4, ja sivusein\u00e4korkeus l\u00e4hes kaksi metri\u00e4. Sein\u00e4vahvuus t\u00e4ss\u00e4 mallissa on 28 mm.<\/p>\n","protected":false},"featured_media":94716,"comment_status":"open","ping_status":"closed","template":"","meta":{"_acf_changed":false},"factory":[],"free-shipment":[],"product_brand":[],"product_cat":[997,4242],"product_tag":[],"class_list":{"0":"post-94740","1":"product","2":"type-product","3":"status-publish","4":"has-post-thumbnail","6":"product_cat-piha-puutarha-fi","7":"product_cat-puutarharakennukset","9":"first","10":"instock","11":"sale","12":"taxable","13":"shipping-taxable","14":"purchasable","15":"product-type-simple"},"acf":[],"_links":{"self":[{"href":"https:\/\/factory.sale\/fi\/wp-json\/wp\/v2\/product\/94740","targetHints":{"allow":["GET"]}}],"collection":[{"href":"https:\/\/factory.sale\/fi\/wp-json\/wp\/v2\/product"}],"about":[{"href":"https:\/\/factory.sale\/fi\/wp-json\/wp\/v2\/types\/product"}],"replies":[{"embeddable":true,"href":"https:\/\/factory.sale\/fi\/wp-json\/wp\/v2\/comments?post=94740"}],"wp:featuredmedia":[{"embeddable":true,"href":"https:\/\/factory.sale\/fi\/wp-json\/wp\/v2\/media\/94716"}],"wp:attachment":[{"href":"https:\/\/factory.sale\/fi\/wp-json\/wp\/v2\/media?parent=94740"}],"wp:term":[{"taxonomy":"factory","embeddable":true,"href":"https:\/\/factory.sale\/fi\/wp-json\/wp\/v2\/factory?post=94740"},{"taxonomy":"free-shipment","embeddable":true,"href":"https:\/\/factory.sale\/fi\/wp-json\/wp\/v2\/free-shipment?post=94740"},{"taxonomy":"product_brand","embeddable":true,"href":"https:\/\/factory.sale\/fi\/wp-json\/wp\/v2\/product_brand?post=94740"},{"taxonomy":"product_cat","embeddable":true,"href":"https:\/\/factory.sale\/fi\/wp-json\/wp\/v2\/product_cat?post=94740"},{"taxonomy":"product_tag","embeddable":true,"href":"https:\/\/factory.sale\/fi\/wp-json\/wp\/v2\/product_tag?post=94740"}],"curies":[{"name":"wp","href":"https:\/\/api.w.org\/{rel}","templated":true}]}}