{"id":94650,"date":"2024-11-24T14:53:59","date_gmt":"2024-11-24T12:12:34","guid":{"rendered":"https:\/\/factory.sale\/?post_type=product&#038;p=94650"},"modified":"2024-11-24T15:12:59","modified_gmt":"2024-11-24T12:12:59","slug":"leikkimokki-lillevilla-peukaloinen-37-m%c2%b2-16-mm","status":"publish","type":"product","link":"https:\/\/factory.sale\/fi\/tuote\/leikkimokki-lillevilla-peukaloinen-37-m%c2%b2-16-mm\/","title":{"rendered":"Leikkim\u00f6kki Lillevilla Peukaloinen 3,7 m\u00b2 \/ 16 mm"},"content":{"rendered":"<p>Moderni tilava leikkim\u00f6kki perheen pienimmille!<\/p>\n<p>Leikkim\u00f6kki Lillevilla Peukaloinen on modernilla ilmeell\u00e4 varusteltu leikkim\u00f6kki, joka sopii mainiosti perheen pienimpien kotileikkeihin. Uutuutena kioski-ikkuna, joka tuo uutta s\u00e4vy\u00e4 leikkim\u00f6kkileikkeihin pienell\u00e4 terassilla. Sein\u00e4paneelivahvuus leikkim\u00f6kiss\u00e4 on 16 mm ja pohjan ala 3,7 m\u00b2. Harjakorkeus on noin 198 cm, joten aikuinenkin ihminen mahtuu hyvin sis\u00e4\u00e4n.<\/p>\n<p>&nbsp;<\/p>\n<p><strong>Toimituksen sis\u00e4lt\u00f6<\/strong><\/p>\n<p>Tuotepakettiin kuuluvat sein\u00e4paneeleiden, oven ja ikkunoiden sek\u00e4 lattia- ja kattolautojen lis\u00e4ksi helat, naulat ja ruuvit. Katemateriaali ei sis\u00e4lly toimitukseen. Tiilikatetta emme suosittele. Katemateriaali on asennettava heti rakennuksen pystytyksen j\u00e4lkeen.<\/p>\n<p>M\u00f6kin osat on tehtaalla valmiiksi ty\u00f6stetty koneellisesti. Kyse on kuitenkin rakentamisesta, joten varaa pystytykseen yleisimm\u00e4t ty\u00f6kalut, kuten rullamitta, vesivaaka, vasara, saha, ruuvinv\u00e4\u00e4nnin ja pora.<\/p>\n<p>&nbsp;<\/p>\n<p><strong>Pintak\u00e4sittely<\/strong><\/p>\n<p>Rakennuksen pintak\u00e4sittely on teht\u00e4v\u00e4 viipym\u00e4tt\u00e4 heti rakennuksen pystytyksen j\u00e4lkeen s\u00e4\u00e4n ja olosuhteiden niin salliessa. Pintak\u00e4sittelyyn on k\u00e4ytett\u00e4v\u00e4 hirsipinnoille tarkoitettuja hengitt\u00e4vi\u00e4 pintak\u00e4sittelyaineita. Hengitt\u00e4m\u00e4tt\u00f6m\u00e4n muovikalvon muodostavaa maalia ei saa k\u00e4ytt\u00e4\u00e4.<\/p>\n<p>&nbsp;<\/p>\n<p>&nbsp;<\/p>\n<p><strong>Rakennuslupa-asiat<\/strong><\/p>\n<p>Tarkista rakennusluvan tarve etuk\u00e4teen rakennuspaikkakuntasi rakennuslupaviranomaiselta. Rakennuslupahakemuksessa tarvittavat piirustukset voit ladata t\u00e4lt\u00e4 sivulta tai pyyt\u00e4\u00e4 asiakaspalvelustamme.<\/p>\n<p>&nbsp;<\/p>\n<p><strong>Tuotetiedot:<\/strong><\/p>\n<p>Pohjan ala (m\u00b2): 3,7<br \/>\nPohjan mitat (mm x mm): 2330 x 1600<br \/>\nSein\u00e4vahvuus (mm): 16<br \/>\nKaton koko (mm x mm): 2760 x 2640<br \/>\nKattokaltevuus (astetta): 12<br \/>\nHarjan pituus (mm): 2730<br \/>\nLappeen pituus (mm): 2090\/840<br \/>\nKattolauta (mm): 16<br \/>\nLattialauta (mm): 16<br \/>\nIkkuna: Tyyppi J (398\u00d7398), Tyyppi L7 (1150\u00d7190), Tyyppi L8 (250\u00d71440)<br \/>\nIkkunan aukeamissuunta: Tyyppi J \u2013 Kiinte\u00e4, liuku, Tyyppi L7 \u2013 Kiinte\u00e4, Tyyppi L8 \u2013 Kiinte\u00e4<br \/>\nOvi: Tyyppi L4 (630\u00d71200)<br \/>\nKatemateriaali: ei sis\u00e4lly<br \/>\nPakettimitat (mm) ja paino: 2350 x 460 x 1150 \/ 320kg<br \/>\nTuotetunnus (SKU): 0116 16 233 00<\/p>\n<p>&nbsp;<\/p>\n<p>&nbsp;<\/p>\n<p><strong>Katemateriaali<\/strong><\/p>\n<p>R\u00e4yst\u00e4speltipaketti<br \/>\nPalahuopapaketti (+216\u20ac)<br \/>\nTiivissaumakatepaketti (+234 \u20ac)<\/p>\n<p>30135 R\u00e4yst\u00e4speltipaketti (+108 \u20ac)<\/p>\n<p>&nbsp;<\/p>\n<p>&nbsp;<\/p>\n<p><strong>Rahtilis\u00e4t kuljetuksille asiakkaalle toimitettaessa:<\/strong><\/p>\n<p>Postinumero alueet 94000-95699 &amp; 96000-96999 100 \u20ac Alv 0%<br \/>\nPostinumero alueet 89000-89999 &amp; 93000-93999 140 \u20ac Alv 0%<br \/>\nPostinumero alueet 95700-95999 &amp; 97000-99999 330\u20ac Alv 0%<br \/>\nLossilis\u00e4 260 \u20ac Alv 0%<\/p>\n<p>&nbsp;<\/p>\n<p><strong><em>Kotiinkuljetus \u00a0tehtaalta asiaakkaalle Suomi alv 0 % 150 \u20ac<\/em><\/strong><\/p>\n<p>&nbsp;<\/p>\n<p><a href=\"https:\/\/factory.sale\/wp-content\/uploads\/2024\/11\/Lillevilla-Peukaloinen_Playhouse-50_manual-ID-9350.pdf\" target=\"_blank\" rel=\"noopener\">Asennus ja huolto<\/a><\/p>\n<p><a href=\"https:\/\/factory.sale\/wp-content\/uploads\/2024\/11\/Lillevilla-Peukaloinen_Playhouse-50-julkisivut-pohja-leikkaus-ID-9369.pdf\" target=\"_blank\" rel=\"noopener\">Piirustus PDF<\/a><\/p>\n","protected":false},"excerpt":{"rendered":"<p>Valitsemalla Lillevilla Peukaloinen -leikkim\u00f6kin, sijoitat laadukkaaseen ja inspiroivaan tilaan lapsille, joka on sek\u00e4 toimiva ett\u00e4 esteettisesti miellytt\u00e4v\u00e4. Oikeaoppinen kokoaminen, pintak\u00e4sittely ja huolellinen yll\u00e4pito varmistavat, ett\u00e4 leikkim\u00f6kki kest\u00e4\u00e4 vuosia ja tuo iloa koko perheelle.<\/p>\n","protected":false},"featured_media":94630,"comment_status":"open","ping_status":"closed","template":"","meta":{"_acf_changed":false},"factory":[],"free-shipment":[],"product_brand":[],"product_cat":[997,4798,4242,4801,4541],"product_tag":[],"class_list":{"0":"post-94650","1":"product","2":"type-product","3":"status-publish","4":"has-post-thumbnail","6":"product_cat-piha-puutarha-fi","7":"product_cat-piha-ja-puutarha","8":"product_cat-puutarharakennukset","9":"product_cat-puutarharakennukset-fi","10":"product_cat-varastotuotteet","12":"first","13":"instock","14":"sale","15":"taxable","16":"shipping-taxable","17":"purchasable","18":"product-type-simple"},"acf":[],"_links":{"self":[{"href":"https:\/\/factory.sale\/fi\/wp-json\/wp\/v2\/product\/94650","targetHints":{"allow":["GET"]}}],"collection":[{"href":"https:\/\/factory.sale\/fi\/wp-json\/wp\/v2\/product"}],"about":[{"href":"https:\/\/factory.sale\/fi\/wp-json\/wp\/v2\/types\/product"}],"replies":[{"embeddable":true,"href":"https:\/\/factory.sale\/fi\/wp-json\/wp\/v2\/comments?post=94650"}],"wp:featuredmedia":[{"embeddable":true,"href":"https:\/\/factory.sale\/fi\/wp-json\/wp\/v2\/media\/94630"}],"wp:attachment":[{"href":"https:\/\/factory.sale\/fi\/wp-json\/wp\/v2\/media?parent=94650"}],"wp:term":[{"taxonomy":"factory","embeddable":true,"href":"https:\/\/factory.sale\/fi\/wp-json\/wp\/v2\/factory?post=94650"},{"taxonomy":"free-shipment","embeddable":true,"href":"https:\/\/factory.sale\/fi\/wp-json\/wp\/v2\/free-shipment?post=94650"},{"taxonomy":"product_brand","embeddable":true,"href":"https:\/\/factory.sale\/fi\/wp-json\/wp\/v2\/product_brand?post=94650"},{"taxonomy":"product_cat","embeddable":true,"href":"https:\/\/factory.sale\/fi\/wp-json\/wp\/v2\/product_cat?post=94650"},{"taxonomy":"product_tag","embeddable":true,"href":"https:\/\/factory.sale\/fi\/wp-json\/wp\/v2\/product_tag?post=94650"}],"curies":[{"name":"wp","href":"https:\/\/api.w.org\/{rel}","templated":true}]}}