{"id":94621,"date":"2024-11-24T14:11:07","date_gmt":"2024-11-24T11:25:35","guid":{"rendered":"https:\/\/factory.sale\/?post_type=product&#038;p=94621"},"modified":"2024-11-24T14:52:37","modified_gmt":"2024-11-24T11:52:37","slug":"lillevilla-ratamo-2-m%c2%b2-40-mm","status":"publish","type":"product","link":"https:\/\/factory.sale\/fi\/tuote\/lillevilla-ratamo-2-m%c2%b2-40-mm\/","title":{"rendered":"Lillevilla Ratamo  2 m\u00b2 \/ 40 mm"},"content":{"rendered":"<p>Lillevilla Ratamo on valmistettu 40 mm kevythirrest\u00e4. Sen pohjan koko on 140 x 140 cm. Harjakorkeus on 260 cm ja sivusein\u00e4korkeuus 223 cm.Puucee on tarkoitettu k\u00e4ytett\u00e4v\u00e4ksi erikseen ostettavan k\u00e4ym\u00e4l\u00e4astian kanssa, joita on saatavilla monenlaisia. Lillevilla Ratamo sis\u00e4lt\u00e4\u00e4 umpilattian, ja siin\u00e4 voidaan k\u00e4ytt\u00e4\u00e4 sek\u00e4 lattian p\u00e4\u00e4lle asennettavaa ett\u00e4 lattiaan upotettavaa k\u00e4ym\u00e4l\u00e4astiaa.<\/p>\n<p>&nbsp;<\/p>\n<p><strong>Toimituksen sis\u00e4lt\u00f6<\/strong><\/p>\n<p>Tuotepakettiin kuuluvat hirsien, oven sek\u00e4 lattia- ja kattolautojen lis\u00e4ksi helat, naulat ja ruuvit. Palahuopa sis\u00e4ltyy toimitukseen. Tiilikatetta emme suosittele. Katemateriaali on asennettava heti rakennuksen pystytyksen j\u00e4lkeen.<\/p>\n<p>M\u00f6kin osat on tehtaalla valmiiksi ty\u00f6stetty koneellisesti. Kyse on kuitenkin rakentamisesta, joten varaa pystytykseen yleisimm\u00e4t ty\u00f6kalut, kuten mittanauha, vesivaaka, vasara, saha, ruuvinv\u00e4\u00e4nnin ja pora. Katso rakentajan tarkastuslista itse hankittavista tarvikkeista sek\u00e4 muista huomioitavista asioista t\u00e4st\u00e4 linkist\u00e4.<\/p>\n<p>&nbsp;<\/p>\n<p><strong>Pintak\u00e4sittely<\/strong><\/p>\n<p>Rakennuksen pintak\u00e4sittely on teht\u00e4v\u00e4 viipym\u00e4tt\u00e4 heti rakennuksen pystytyksen j\u00e4lkeen s\u00e4\u00e4n ja olosuhteiden niin salliessa. Pintak\u00e4sittelyyn on k\u00e4ytett\u00e4v\u00e4 hirsipinnoille tarkoitettuja hengitt\u00e4vi\u00e4 pintak\u00e4sittelyaineita. Hengitt\u00e4m\u00e4tt\u00f6m\u00e4n muovikalvon muodostavaa maalia ei saa k\u00e4ytt\u00e4\u00e4.<\/p>\n<p>&nbsp;<\/p>\n<p><strong>Rakennuslupa-asiat<\/strong><\/p>\n<p>Tarkista rakennusluvan tarve etuk\u00e4teen rakennuspaikkakuntasi rakennuslupaviranomaiselta.<\/p>\n<p>&nbsp;<\/p>\n<p><strong>Tuotetiedot:<\/strong><\/p>\n<p>Pohjan ala (m\u00b2): 2<br \/>\nSein\u00e4vahvuus (mm): 40<br \/>\nHarjakorkeus (mm): 2610<br \/>\nSivusein\u00e4n korkeus (mm): 2230<br \/>\nKaton ala (m\u00b2): 3,8<br \/>\nKaton koko (mm x mm): 1840 x 1840<br \/>\nHarjan pituus (mm): 1800<br \/>\nLappeen pituus (mm): 1066<br \/>\nKattolauta (mm): 16<br \/>\nLattialauta (mm): 16<br \/>\nOvi: Tyyppi N8 (848\u00d71772)<br \/>\nKatemateriaali: palahuopa<br \/>\nPakettimitat (mm) ja paino: 2150 x 660 x 1150 \/ 425 kg<br \/>\nEAN: 6418635049037<br \/>\nTuotetunnus (SKU): 0140 14 14 00<\/p>\n<p>&nbsp;<\/p>\n<p>&nbsp;<\/p>\n<p><strong>R\u00e4yst\u00e4speltipaketti<\/strong><\/p>\n<p>30135 R\u00e4yst\u00e4speltipaketti (+ 108 \u20ac)<\/p>\n<p>&nbsp;<\/p>\n<p>&nbsp;<\/p>\n<p><strong>Rahtilis\u00e4t kuljetuksille asiakkaalle toimitettaessa:<\/strong><\/p>\n<p>Postinumero alueet 94000-95699 &amp; 96000-96999 100 \u20ac Alv 0%<br \/>\nPostinumero alueet 89000-89999 &amp; 93000-93999 140 \u20ac Alv 0%<br \/>\nPostinumero alueet 95700-95999 &amp; 97000-99999 330\u20ac Alv 0%<br \/>\nLossilis\u00e4 260 \u20ac Alv 0%<\/p>\n","protected":false},"excerpt":{"rendered":"<p>Lillevilla Ratamo on valmistettu 40 mm kevythirrest\u00e4. Sen pohjan koko on 140 x 140 cm. Harjakorkeus on 260 cm ja sivusein\u00e4korkeuus 223 cm.Puucee on tarkoitettu k\u00e4ytett\u00e4v\u00e4ksi erikseen ostettavan k\u00e4ym\u00e4l\u00e4astian kanssa, joita on saatavilla monenlaisia. Lillevilla Ratamo sis\u00e4lt\u00e4\u00e4 umpilattian, ja siin\u00e4 voidaan k\u00e4ytt\u00e4\u00e4 sek\u00e4 lattian p\u00e4\u00e4lle asennettavaa ett\u00e4 lattiaan upotettavaa k\u00e4ym\u00e4l\u00e4astiaa.<\/p>\n","protected":false},"featured_media":94611,"comment_status":"open","ping_status":"closed","template":"","meta":{"_acf_changed":false},"factory":[],"free-shipment":[],"product_brand":[],"product_cat":[997,4798,4242,4801,4541],"product_tag":[],"class_list":{"0":"post-94621","1":"product","2":"type-product","3":"status-publish","4":"has-post-thumbnail","6":"product_cat-piha-puutarha-fi","7":"product_cat-piha-ja-puutarha","8":"product_cat-puutarharakennukset","9":"product_cat-puutarharakennukset-fi","10":"product_cat-varastotuotteet","12":"first","13":"instock","14":"sale","15":"taxable","16":"shipping-taxable","17":"purchasable","18":"product-type-simple"},"acf":[],"_links":{"self":[{"href":"https:\/\/factory.sale\/fi\/wp-json\/wp\/v2\/product\/94621","targetHints":{"allow":["GET"]}}],"collection":[{"href":"https:\/\/factory.sale\/fi\/wp-json\/wp\/v2\/product"}],"about":[{"href":"https:\/\/factory.sale\/fi\/wp-json\/wp\/v2\/types\/product"}],"replies":[{"embeddable":true,"href":"https:\/\/factory.sale\/fi\/wp-json\/wp\/v2\/comments?post=94621"}],"wp:featuredmedia":[{"embeddable":true,"href":"https:\/\/factory.sale\/fi\/wp-json\/wp\/v2\/media\/94611"}],"wp:attachment":[{"href":"https:\/\/factory.sale\/fi\/wp-json\/wp\/v2\/media?parent=94621"}],"wp:term":[{"taxonomy":"factory","embeddable":true,"href":"https:\/\/factory.sale\/fi\/wp-json\/wp\/v2\/factory?post=94621"},{"taxonomy":"free-shipment","embeddable":true,"href":"https:\/\/factory.sale\/fi\/wp-json\/wp\/v2\/free-shipment?post=94621"},{"taxonomy":"product_brand","embeddable":true,"href":"https:\/\/factory.sale\/fi\/wp-json\/wp\/v2\/product_brand?post=94621"},{"taxonomy":"product_cat","embeddable":true,"href":"https:\/\/factory.sale\/fi\/wp-json\/wp\/v2\/product_cat?post=94621"},{"taxonomy":"product_tag","embeddable":true,"href":"https:\/\/factory.sale\/fi\/wp-json\/wp\/v2\/product_tag?post=94621"}],"curies":[{"name":"wp","href":"https:\/\/api.w.org\/{rel}","templated":true}]}}