{"id":94601,"date":"2024-11-24T13:28:09","date_gmt":"2024-11-24T10:56:15","guid":{"rendered":"https:\/\/factory.sale\/?post_type=product&#038;p=94601"},"modified":"2024-12-06T21:05:30","modified_gmt":"2024-12-06T18:05:30","slug":"lillevilla-apila-2-m%c2%b2-28-mm","status":"publish","type":"product","link":"https:\/\/factory.sale\/fi\/tuote\/lillevilla-apila-2-m%c2%b2-28-mm\/","title":{"rendered":"Lillevilla Apila  2 m\u00b2 \/ 28 mm"},"content":{"rendered":"<p>Toilet 15 on valmistettu 28 mm kevythirrest\u00e4. Sen pohjan koko on 140 x 140 cm. Harjakorkeus on 260 cm ja sivusein\u00e4korkeuus 223 cm. Toilet 15 on tarkoitettu k\u00e4ytett\u00e4v\u00e4ksi erikseen ostettavan k\u00e4ym\u00e4l\u00e4astian kanssa, joita on saatavilla monenlaisia. Toilet 15 sis\u00e4lt\u00e4\u00e4 umpilattian, ja siin\u00e4 voidaan k\u00e4ytt\u00e4\u00e4 sek\u00e4 lattian p\u00e4\u00e4lle asennettavaa ett\u00e4 lattiaan upotettavaa k\u00e4ym\u00e4l\u00e4astiaa. K\u00e4ym\u00e4l\u00e4astian tarvitsema aukko lattiaan tehd\u00e4\u00e4n asennusvaiheessa.<\/p>\n<p>&nbsp;<\/p>\n<p><strong>Toimituksen sis\u00e4lt\u00f6<\/strong><\/p>\n<p>M\u00f6kin osat on tehtaalla valmiiksi ty\u00f6stetty koneellisesti. Kyse on kuitenkin rakentamisesta, joten varaa pystytykseen yleisimm\u00e4t ty\u00f6kalut, kuten mittanauha, vesivaaka, vasara, saha, ruuvinv\u00e4\u00e4nnin ja pora. Katso rakentajan tarkastuslista itse hankittavista tarvikkeista sek\u00e4 muista huomioitavista asioista t\u00e4st\u00e4 linkist\u00e4. Olemme koonneet tuotteidemme pystytyst\u00e4 koskevia vinkkej\u00e4 t\u00e4nne.<\/p>\n<p>&nbsp;<\/p>\n<p><strong>Pintak\u00e4sittely<\/strong><\/p>\n<p>Rakennuksen pintak\u00e4sittely on teht\u00e4v\u00e4 viipym\u00e4tt\u00e4 heti rakennuksen pystytyksen j\u00e4lkeen s\u00e4\u00e4n ja olosuhteiden niin salliessa. Pintak\u00e4sittelyyn on k\u00e4ytett\u00e4v\u00e4 hirsipinnoille tarkoitettuja hengitt\u00e4vi\u00e4 pintak\u00e4sittelyaineita. Hengitt\u00e4m\u00e4tt\u00f6m\u00e4n muovikalvon muodostavaa maalia ei saa k\u00e4ytt\u00e4\u00e4.<\/p>\n<p>&nbsp;<\/p>\n<p><strong>Rakennuslupa-asiat<\/strong><\/p>\n<p>Tarkista rakennusluvan tarve etuk\u00e4teen rakennuspaikkakuntasi rakennuslupaviranomaiselta.<\/p>\n<p>&nbsp;<\/p>\n<p>&nbsp;<\/p>\n<p><strong>Katemateriaali<\/strong><\/p>\n<p>30125 Tiivissaumakatepaketti (+153 \u20ac)<br \/>\n30116 Palahuopapaketti (+180 \u20ac)<\/p>\n<p>&nbsp;<\/p>\n<p><strong>R\u00e4yst\u00e4speltipaketti<\/strong><\/p>\n<p>30135 R\u00e4yst\u00e4speltipaketti (+108 \u20ac)<\/p>\n<p>&nbsp;<\/p>\n<p>&nbsp;<\/p>\n<p><strong>Rahtilis\u00e4t kuljetuksille asiakkaalle toimitettaessa:<\/strong><\/p>\n<p>Postinumero alueet 94000-95699 &amp; 96000-96999 100 \u20ac Alv 0%<br \/>\nPostinumero alueet 89000-89999 &amp; 93000-93999 140 \u20ac Alv 0%<br \/>\nPostinumero alueet 95700-95999 &amp; 97000-99999 330\u20ac Alv 0%<br \/>\nLossilis\u00e4 260 \u20ac Alv 0%<\/p>\n<p>&nbsp;<\/p>\n<p>&nbsp;<\/p>\n<p><strong>Kotiinkuljetus \u00a0tehtaalta \u00a0asiaakkaalle Suomi alv 0 % 150 \u20ac<\/strong><\/p>\n<p>&nbsp;<\/p>\n<p><a href=\"https:\/\/factory.sale\/wp-content\/uploads\/2024\/11\/Rakentajan-tarkastuslista.pdf\" target=\"_blank\" rel=\"noopener\">Rakentajan-tarkastuslista.pdf<\/a><\/p>\n","protected":false},"excerpt":{"rendered":"<p>Toilet 15 on valmistettu 28 mm kevythirrest\u00e4. Sen pohjan koko on 140 x 140 cm. Harjakorkeus on 260 cm ja sivusein\u00e4korkeuus 223 cm. Toilet 15 on tarkoitettu k\u00e4ytett\u00e4v\u00e4ksi erikseen ostettavan k\u00e4ym\u00e4l\u00e4astian kanssa, joita on saatavilla monenlaisia. Toilet 15 sis\u00e4lt\u00e4\u00e4 umpilattian, ja siin\u00e4 voidaan k\u00e4ytt\u00e4\u00e4 sek\u00e4 lattian p\u00e4\u00e4lle asennettavaa ett\u00e4 lattiaan upotettavaa k\u00e4ym\u00e4l\u00e4astiaa. K\u00e4ym\u00e4l\u00e4astian tarvitsema aukko lattiaan tehd\u00e4\u00e4n asennusvaiheessa.<\/p>\n","protected":false},"featured_media":94588,"comment_status":"open","ping_status":"closed","template":"","meta":{"_acf_changed":false},"factory":[],"free-shipment":[],"product_brand":[],"product_cat":[997,4242],"product_tag":[],"class_list":{"0":"post-94601","1":"product","2":"type-product","3":"status-publish","4":"has-post-thumbnail","6":"product_cat-piha-puutarha-fi","7":"product_cat-puutarharakennukset","9":"first","10":"instock","11":"sale","12":"taxable","13":"shipping-taxable","14":"purchasable","15":"product-type-simple"},"acf":[],"_links":{"self":[{"href":"https:\/\/factory.sale\/fi\/wp-json\/wp\/v2\/product\/94601","targetHints":{"allow":["GET"]}}],"collection":[{"href":"https:\/\/factory.sale\/fi\/wp-json\/wp\/v2\/product"}],"about":[{"href":"https:\/\/factory.sale\/fi\/wp-json\/wp\/v2\/types\/product"}],"replies":[{"embeddable":true,"href":"https:\/\/factory.sale\/fi\/wp-json\/wp\/v2\/comments?post=94601"}],"wp:featuredmedia":[{"embeddable":true,"href":"https:\/\/factory.sale\/fi\/wp-json\/wp\/v2\/media\/94588"}],"wp:attachment":[{"href":"https:\/\/factory.sale\/fi\/wp-json\/wp\/v2\/media?parent=94601"}],"wp:term":[{"taxonomy":"factory","embeddable":true,"href":"https:\/\/factory.sale\/fi\/wp-json\/wp\/v2\/factory?post=94601"},{"taxonomy":"free-shipment","embeddable":true,"href":"https:\/\/factory.sale\/fi\/wp-json\/wp\/v2\/free-shipment?post=94601"},{"taxonomy":"product_brand","embeddable":true,"href":"https:\/\/factory.sale\/fi\/wp-json\/wp\/v2\/product_brand?post=94601"},{"taxonomy":"product_cat","embeddable":true,"href":"https:\/\/factory.sale\/fi\/wp-json\/wp\/v2\/product_cat?post=94601"},{"taxonomy":"product_tag","embeddable":true,"href":"https:\/\/factory.sale\/fi\/wp-json\/wp\/v2\/product_tag?post=94601"}],"curies":[{"name":"wp","href":"https:\/\/api.w.org\/{rel}","templated":true}]}}