{"id":94424,"date":"2024-11-18T20:27:08","date_gmt":"2024-11-18T17:29:37","guid":{"rendered":"https:\/\/factory.sale\/?post_type=product&#038;p=94424"},"modified":"2024-11-19T05:34:54","modified_gmt":"2024-11-19T02:34:54","slug":"mic25-diu-tc-ultraaanianturi-9-30v-dc-m30-metallikotelo-naytto-muovista-30-350mm-pnp-0-10v-4-20ma-m12-pistoke-ip67","status":"publish","type":"product","link":"https:\/\/factory.sale\/fi\/tuote\/mic25-diu-tc-ultraaanianturi-9-30v-dc-m30-metallikotelo-naytto-muovista-30-350mm-pnp-0-10v-4-20ma-m12-pistoke-ip67\/","title":{"rendered":"MIC+25\/DIU\/TC ultra\u00e4\u00e4nianturi, 9-30V DC, M30 metallikotelo, n\u00e4ytt\u00f6 muovista, 30-350MM, PNP + 0-10V\/4-20MA, M12 pistoke, IP67"},"content":{"rendered":"<p>Mic+ anturi yhdell\u00e4 analogial\u00e4hd\u00f6ll\u00e4 ja yhdell\u00e4 kytkinl\u00e4hd\u00f6ll\u00e4 mittaa kosketuksetta et\u00e4isyyden kohteeseen tunnistusalueella. Luodaan et\u00e4isyyteen suhteutettu signaali, ja kytkinl\u00e4ht\u00f6 asetetaan s\u00e4\u00e4detyn tunnistuset\u00e4isyyden mukaisesti.<\/p>\n<p>&nbsp;<\/p>\n<p>&nbsp;<\/p>\n<p><strong>Tekniset tiedot:<\/strong><\/p>\n<p>Malli: mic+130\/DIU\/TC<br \/>\nSokea alue: 200 mm<br \/>\nK\u00e4ytt\u00f6alue: 1300 mm<br \/>\nMaksimialue: 2000 mm<br \/>\nToimittaja: Microsonic<br \/>\nVirtal\u00e4hde: 9-30V DC<br \/>\nSarja: mic+<br \/>\nMittausalue: 200-2000 mm<br \/>\nK\u00e4ytt\u00f6l\u00e4mp\u00f6tila: -25\u02da&#8230;+70\u02daC<br \/>\nSuojausluokka: IP67<br \/>\nKotelo: Metalli\/muovi<br \/>\nLiit\u00e4nt\u00e4tapa: M12 pistoke<br \/>\nL\u00e4ht\u00f6: PNP + 0-10V\/4-20mA<br \/>\nMuoto: Sylinteri<br \/>\nHalkaisija: 30 mm<\/p>\n<p>&nbsp;<\/p>\n<p>&nbsp;<\/p>\n<p><a href=\"https:\/\/factory.sale\/wp-content\/uploads\/2024\/11\/mic.DUI-TC-user-manual.pdf\" target=\"_blank\" rel=\"noopener\">K\u00e4ytt\u00f6ohje<\/a><\/p>\n<p><a href=\"https:\/\/factory.sale\/wp-content\/uploads\/2024\/11\/mic130_DIU_TC.pdf\" target=\"_blank\" rel=\"noopener\">Mic+130\/DIU\/TC<\/a><\/p>\n","protected":false},"excerpt":{"rendered":"<p>Mic+ anturi yhdell\u00e4 analogial\u00e4hd\u00f6ll\u00e4 ja yhdell\u00e4 kytkinl\u00e4hd\u00f6ll\u00e4 mittaa kosketuksetta et\u00e4isyyden kohteeseen tunnistusalueella. Luodaan et\u00e4isyyteen suhteutettu signaali, ja kytkinl\u00e4ht\u00f6 asetetaan s\u00e4\u00e4detyn tunnistuset\u00e4isyyden mukaisesti.<\/p>\n","protected":false},"featured_media":94406,"comment_status":"open","ping_status":"closed","template":"","meta":{"_acf_changed":false},"factory":[],"free-shipment":[],"product_brand":[],"product_cat":[2607,3171],"product_tag":[],"class_list":{"0":"post-94424","1":"product","2":"type-product","3":"status-publish","4":"has-post-thumbnail","6":"product_cat-teollisuusautomaatio","7":"product_cat-ultraaanianturi","9":"first","10":"instock","11":"sale","12":"taxable","13":"shipping-taxable","14":"purchasable","15":"product-type-simple"},"acf":[],"_links":{"self":[{"href":"https:\/\/factory.sale\/fi\/wp-json\/wp\/v2\/product\/94424","targetHints":{"allow":["GET"]}}],"collection":[{"href":"https:\/\/factory.sale\/fi\/wp-json\/wp\/v2\/product"}],"about":[{"href":"https:\/\/factory.sale\/fi\/wp-json\/wp\/v2\/types\/product"}],"replies":[{"embeddable":true,"href":"https:\/\/factory.sale\/fi\/wp-json\/wp\/v2\/comments?post=94424"}],"wp:featuredmedia":[{"embeddable":true,"href":"https:\/\/factory.sale\/fi\/wp-json\/wp\/v2\/media\/94406"}],"wp:attachment":[{"href":"https:\/\/factory.sale\/fi\/wp-json\/wp\/v2\/media?parent=94424"}],"wp:term":[{"taxonomy":"factory","embeddable":true,"href":"https:\/\/factory.sale\/fi\/wp-json\/wp\/v2\/factory?post=94424"},{"taxonomy":"free-shipment","embeddable":true,"href":"https:\/\/factory.sale\/fi\/wp-json\/wp\/v2\/free-shipment?post=94424"},{"taxonomy":"product_brand","embeddable":true,"href":"https:\/\/factory.sale\/fi\/wp-json\/wp\/v2\/product_brand?post=94424"},{"taxonomy":"product_cat","embeddable":true,"href":"https:\/\/factory.sale\/fi\/wp-json\/wp\/v2\/product_cat?post=94424"},{"taxonomy":"product_tag","embeddable":true,"href":"https:\/\/factory.sale\/fi\/wp-json\/wp\/v2\/product_tag?post=94424"}],"curies":[{"name":"wp","href":"https:\/\/api.w.org\/{rel}","templated":true}]}}