{"id":94394,"date":"2024-11-18T19:45:28","date_gmt":"2024-11-18T16:46:50","guid":{"rendered":"https:\/\/factory.sale\/?post_type=product&#038;p=94394"},"modified":"2024-11-19T05:34:15","modified_gmt":"2024-11-19T02:34:15","slug":"ut1b-g2-0esy-ultraaanianturi-10-30v-dc-m30-250-3500mm-4-20ma-m12-ip67","status":"publish","type":"product","link":"https:\/\/factory.sale\/fi\/tuote\/ut1b-g2-0esy-ultraaanianturi-10-30v-dc-m30-250-3500mm-4-20ma-m12-ip67\/","title":{"rendered":"UT1B\/G2-0ESY ultra\u00e4\u00e4nianturi, 10-30V DC, M30, 250-3500MM, 4-20MA, M12, IP67"},"content":{"rendered":"<p>M30 ultra\u00e4\u00e4nianturi vakiokotelolla ja suurella etupinnalla, joka tarjoaa korkean suorituskyvyn ja pitk\u00e4t tunnistuset\u00e4isyydet<br \/>\nMallit sek\u00e4 analogisella ett\u00e4 digitaalisella ulostulolla koodien hallinnan helpottamiseksi<br \/>\nS\u00e4\u00e4dett\u00e4v\u00e4 hystereesitoiminto: tupladigitaalisten ohjelmoitavien l\u00e4ht\u00f6jen mallit erityisesti tason tunnistukseen<br \/>\nMallit j\u00e4nnite- tai virtaulostulolla: ohjelmoitava kaltevuus erottelukyvyn optimoimiseksi<br \/>\nS\u00e4\u00e4dett\u00e4v\u00e4 ty\u00f6alue (ikkunatila tai objektitila) Teach-in-painikkeen avulla kaikissa malleissa, mik\u00e4 mahdollistaa nopean ja helpon asennuksen<br \/>\nKaksi monitoimista LED-ilmaisinta: oranssi LED s\u00e4\u00e4t\u00f6toimenpiteelle ja l\u00e4ht\u00f6tilalle sek\u00e4 vihre\u00e4 LED kohdistusta varten<br \/>\nL\u00e4mp\u00f6tilakompensointi koko toiminta-alueella<\/p>\n<p>&nbsp;<\/p>\n<p>&nbsp;<\/p>\n<p><strong>Tekniset tiedot:<\/strong><\/p>\n<p>Malli: UT1B\/G2-0ESY<br \/>\nToimittaja: Datasensing<br \/>\nVirtal\u00e4hde: 10-30V DC<br \/>\nSarja: UT1\/UT2<br \/>\nMittausalue: 250-3500 mm<br \/>\nK\u00e4ytt\u00f6l\u00e4mp\u00f6tila: -20\u02da&#8230;+70\u02daC<br \/>\nSuojausluokka: IP67<br \/>\nKotelo: Muovi<br \/>\nLiit\u00e4nt\u00e4tapa: M12 pistoke<br \/>\nL\u00e4ht\u00f6: 4-20mA<br \/>\nMuoto: Sylinteri<br \/>\nHalkaisija: 30 mm<\/p>\n<p>&nbsp;<\/p>\n<p>&nbsp;<\/p>\n<p><a href=\"https:\/\/factory.sale\/wp-content\/uploads\/2024\/11\/Ultraheliandurid-UT1-ja-UT2-seeria.pdf\" target=\"_blank\" rel=\"noopener\">PDF<\/a><\/p>\n","protected":false},"excerpt":{"rendered":"<p>M30 ultra\u00e4\u00e4nianturi vakiokotelolla ja suurella etupinnalla, joka tarjoaa korkean suorituskyvyn ja pitk\u00e4t tunnistuset\u00e4isyydet<br \/>\nMallit sek\u00e4 analogisella ett\u00e4 digitaalisella ulostulolla koodien hallinnan helpottamiseksi<br \/>\nS\u00e4\u00e4dett\u00e4v\u00e4 hystereesitoiminto: tupladigitaalisten ohjelmoitavien l\u00e4ht\u00f6jen mallit erityisesti tason tunnistukseen<br \/>\nMallit j\u00e4nnite- tai virtaulostulolla: ohjelmoitava kaltevuus erottelukyvyn optimoimiseksi<br \/>\nS\u00e4\u00e4dett\u00e4v\u00e4 ty\u00f6alue (ikkunatila tai objektitila) Teach-in-painikkeen avulla kaikissa malleissa, mik\u00e4 mahdollistaa nopean ja helpon asennuksen<br \/>\nKaksi monitoimista LED-ilmaisinta: oranssi LED s\u00e4\u00e4t\u00f6toimenpiteelle ja l\u00e4ht\u00f6tilalle sek\u00e4 vihre\u00e4 LED kohdistusta varten<br \/>\nL\u00e4mp\u00f6tilakompensointi koko toiminta-alueella<\/p>\n<p>&nbsp;<\/p>\n","protected":false},"featured_media":94388,"comment_status":"open","ping_status":"closed","template":"","meta":{"_acf_changed":false},"factory":[],"free-shipment":[],"product_brand":[],"product_cat":[2607,3171],"product_tag":[],"class_list":{"0":"post-94394","1":"product","2":"type-product","3":"status-publish","4":"has-post-thumbnail","6":"product_cat-teollisuusautomaatio","7":"product_cat-ultraaanianturi","9":"first","10":"instock","11":"sale","12":"taxable","13":"shipping-taxable","14":"purchasable","15":"product-type-simple"},"acf":[],"_links":{"self":[{"href":"https:\/\/factory.sale\/fi\/wp-json\/wp\/v2\/product\/94394","targetHints":{"allow":["GET"]}}],"collection":[{"href":"https:\/\/factory.sale\/fi\/wp-json\/wp\/v2\/product"}],"about":[{"href":"https:\/\/factory.sale\/fi\/wp-json\/wp\/v2\/types\/product"}],"replies":[{"embeddable":true,"href":"https:\/\/factory.sale\/fi\/wp-json\/wp\/v2\/comments?post=94394"}],"wp:featuredmedia":[{"embeddable":true,"href":"https:\/\/factory.sale\/fi\/wp-json\/wp\/v2\/media\/94388"}],"wp:attachment":[{"href":"https:\/\/factory.sale\/fi\/wp-json\/wp\/v2\/media?parent=94394"}],"wp:term":[{"taxonomy":"factory","embeddable":true,"href":"https:\/\/factory.sale\/fi\/wp-json\/wp\/v2\/factory?post=94394"},{"taxonomy":"free-shipment","embeddable":true,"href":"https:\/\/factory.sale\/fi\/wp-json\/wp\/v2\/free-shipment?post=94394"},{"taxonomy":"product_brand","embeddable":true,"href":"https:\/\/factory.sale\/fi\/wp-json\/wp\/v2\/product_brand?post=94394"},{"taxonomy":"product_cat","embeddable":true,"href":"https:\/\/factory.sale\/fi\/wp-json\/wp\/v2\/product_cat?post=94394"},{"taxonomy":"product_tag","embeddable":true,"href":"https:\/\/factory.sale\/fi\/wp-json\/wp\/v2\/product_tag?post=94394"}],"curies":[{"name":"wp","href":"https:\/\/api.w.org\/{rel}","templated":true}]}}