{"id":94377,"date":"2024-11-18T18:44:14","date_gmt":"2024-11-18T15:50:01","guid":{"rendered":"https:\/\/factory.sale\/?post_type=product&#038;p=94377"},"modified":"2024-11-19T05:45:06","modified_gmt":"2024-11-19T02:45:06","slug":"ulm-53n-10-g-i-g-l-100-ultraaanianturi-18-36v-dc-04-10m-g2%c2%bc-4-20ma-m12-pistoke-ip67","status":"publish","type":"product","link":"https:\/\/factory.sale\/fi\/tuote\/ulm-53n-10-g-i-g-l-100-ultraaanianturi-18-36v-dc-04-10m-g2%c2%bc-4-20ma-m12-pistoke-ip67\/","title":{"rendered":"ULM-53N-10-G-I-G-L-100 ultra\u00e4\u00e4nianturi, 18-36V DC, 0,4-10M, G2\u00bc&#8221;, 4-20MA, M12 pistoke, IP67"},"content":{"rendered":"<p>Jatkuvaan nesteiden (my\u00f6s saastuneiden), lietteen ja tahnamaisten materiaalien pinnankorkeuden mittaukseen avoimissa tai suljetuissa s\u00e4ili\u00f6iss\u00e4, kaivoissa, avoimissa kanavissa, viem\u00e4reiss\u00e4 jne.<br \/>\nPintamittarin mallit kahdella painikkeella tai magneettikyn\u00e4ll\u00e4 teht\u00e4v\u00e4\u00e4n s\u00e4\u00e4t\u00f6\u00f6n<br \/>\nXi-versio k\u00e4ytt\u00f6\u00f6n r\u00e4j\u00e4hdysvaarallisilla alueilla<br \/>\nTilan ilmaisu kahdella LEDill\u00e4<br \/>\nVirtaulostulo (4 &#8230; 20 mA), j\u00e4nniteulostulo (0 &#8230; 10 V) tai RS-485 Modbus -ulostulo<br \/>\nLaaja valikoima s\u00e4hk\u00f6liit\u00e4nt\u00f6j\u00e4 liittimien, kaapelil\u00e4pivientien tai suojajohtimien kautta<br \/>\nHeijastuneen ultra\u00e4\u00e4nisignaalin vastaanotto<\/p>\n<p>&nbsp;<\/p>\n<p>&nbsp;<\/p>\n<p><strong>Tekniset tiedot:<\/strong><\/p>\n<p>Malli: ULM-53N-10-G-I-G-L-100<br \/>\nToimittaja: Dinel<br \/>\nVirtal\u00e4hde: 18-36V DC<br \/>\nSarja: ULM<br \/>\nMittausalue: 0,4-10 m<br \/>\nK\u00e4ytt\u00f6l\u00e4mp\u00f6tila: -30\u02da&#8230;+70\u02daC<br \/>\nSuojausluokka: IP67<br \/>\nKotelo: Muovi<br \/>\nLiit\u00e4nt\u00e4tapa: M12 pistoke<br \/>\nL\u00e4ht\u00f6: 4-20mA<br \/>\nKierre\/sis\u00e4\u00e4ntulo: G2\u00bc\u201d<br \/>\nMuoto: Sylinteri<\/p>\n<p>&nbsp;<\/p>\n<p>&nbsp;<\/p>\n<p><a href=\"https:\/\/factory.sale\/wp-content\/uploads\/2024\/11\/ulm-53_dat_en_n6_11_2018.pdf\" target=\"_blank\" rel=\"noopener\">PDF<\/a><\/p>\n","protected":false},"excerpt":{"rendered":"<p>Jatkuvaan nesteiden (my\u00f6s saastuneiden), lietteen ja tahnamaisten materiaalien pinnankorkeuden mittaukseen avoimissa tai suljetuissa s\u00e4ili\u00f6iss\u00e4, kaivoissa, avoimissa kanavissa, viem\u00e4reiss\u00e4 jne.<br \/>\nPintamittarin mallit kahdella painikkeella tai magneettikyn\u00e4ll\u00e4 teht\u00e4v\u00e4\u00e4n s\u00e4\u00e4t\u00f6\u00f6n<br \/>\nXi-versio k\u00e4ytt\u00f6\u00f6n r\u00e4j\u00e4hdysvaarallisilla alueilla<br \/>\nTilan ilmaisu kahdella LEDill\u00e4<br \/>\nVirtaulostulo (4 &#8230; 20 mA), j\u00e4nniteulostulo (0 &#8230; 10 V) tai RS-485 Modbus -ulostulo<br \/>\nLaaja valikoima s\u00e4hk\u00f6liit\u00e4nt\u00f6j\u00e4 liittimien, kaapelil\u00e4pivientien tai suojajohtimien kautta<br \/>\nHeijastuneen ultra\u00e4\u00e4nisignaalin vastaanotto<\/p>\n","protected":false},"featured_media":94366,"comment_status":"open","ping_status":"closed","template":"","meta":{"_acf_changed":false},"factory":[],"free-shipment":[],"product_brand":[],"product_cat":[2607,3171],"product_tag":[],"class_list":{"0":"post-94377","1":"product","2":"type-product","3":"status-publish","4":"has-post-thumbnail","6":"product_cat-teollisuusautomaatio","7":"product_cat-ultraaanianturi","9":"first","10":"instock","11":"sale","12":"taxable","13":"shipping-taxable","14":"purchasable","15":"product-type-simple"},"acf":[],"_links":{"self":[{"href":"https:\/\/factory.sale\/fi\/wp-json\/wp\/v2\/product\/94377","targetHints":{"allow":["GET"]}}],"collection":[{"href":"https:\/\/factory.sale\/fi\/wp-json\/wp\/v2\/product"}],"about":[{"href":"https:\/\/factory.sale\/fi\/wp-json\/wp\/v2\/types\/product"}],"replies":[{"embeddable":true,"href":"https:\/\/factory.sale\/fi\/wp-json\/wp\/v2\/comments?post=94377"}],"wp:featuredmedia":[{"embeddable":true,"href":"https:\/\/factory.sale\/fi\/wp-json\/wp\/v2\/media\/94366"}],"wp:attachment":[{"href":"https:\/\/factory.sale\/fi\/wp-json\/wp\/v2\/media?parent=94377"}],"wp:term":[{"taxonomy":"factory","embeddable":true,"href":"https:\/\/factory.sale\/fi\/wp-json\/wp\/v2\/factory?post=94377"},{"taxonomy":"free-shipment","embeddable":true,"href":"https:\/\/factory.sale\/fi\/wp-json\/wp\/v2\/free-shipment?post=94377"},{"taxonomy":"product_brand","embeddable":true,"href":"https:\/\/factory.sale\/fi\/wp-json\/wp\/v2\/product_brand?post=94377"},{"taxonomy":"product_cat","embeddable":true,"href":"https:\/\/factory.sale\/fi\/wp-json\/wp\/v2\/product_cat?post=94377"},{"taxonomy":"product_tag","embeddable":true,"href":"https:\/\/factory.sale\/fi\/wp-json\/wp\/v2\/product_tag?post=94377"}],"curies":[{"name":"wp","href":"https:\/\/api.w.org\/{rel}","templated":true}]}}