{"id":94316,"date":"2024-11-18T12:33:06","date_gmt":"2024-11-18T09:48:39","guid":{"rendered":"https:\/\/factory.sale\/?post_type=product&#038;p=94316"},"modified":"2024-11-19T13:17:20","modified_gmt":"2024-11-19T10:17:20","slug":"uk1a-g2-0esy-ultraaanianturi-10-30dc-m18-muovikappale-50-400mm-4-20ma-m12-pistoke-ip67","status":"publish","type":"product","link":"https:\/\/factory.sale\/fi\/tuote\/uk1a-g2-0esy-ultraaanianturi-10-30dc-m18-muovikappale-50-400mm-4-20ma-m12-pistoke-ip67\/","title":{"rendered":"UK1A\/G2-0ESY ultra\u00e4\u00e4nianturi, 10-30DC, M18 muovikappale, 50-400MM, 4-20MA, M12 pistoke, IP67"},"content":{"rendered":"<p>Malli s\u00e4\u00e4dett\u00e4v\u00e4ll\u00e4 digitaalisella l\u00e4hd\u00f6ll\u00e4<br \/>\nMalli virta- tai j\u00e4nniteanalogial\u00e4hd\u00f6ill\u00e4<br \/>\nTy\u00f6alueen s\u00e4\u00e4t\u00f6 (yksipisteopetus, vakiokehys, s\u00e4\u00e4dett\u00e4v\u00e4 hystereesi) Teach-in-painikkeella, sopii kaikille malleille nopeaan k\u00e4ytt\u00f6\u00f6nottoon<br \/>\nMonitoiminen LED-ilmaisin: l\u00e4ht\u00f6tila, kaikul\u00e4sn\u00e4olo, laiteohjelmiston tunnistus, opetuslukitus<br \/>\nMuovi- tai metallikotelo (AISI 316L), M12-pistokeliit\u00e4nt\u00e4 ja PVC-kaapeli<\/p>\n<p>&nbsp;<\/p>\n<p>&nbsp;<\/p>\n<p><strong>Tekniset tiedot:<\/strong><\/p>\n<p>Malli: UK1A\/G2-0ESY<br \/>\nValmistaja: Datasensing<br \/>\nVirtal\u00e4hde: 10-30V DC<br \/>\nSarja: UK1<br \/>\nMittausalue: 50-400 mm<br \/>\nK\u00e4ytt\u00f6l\u00e4mp\u00f6tila: -20\u02da&#8230;+70\u02daC<br \/>\nSuojausluokka: IP67<br \/>\nKotelon materiaali: Muovi<br \/>\nLiit\u00e4nt\u00e4tapa: M12 pistoke<br \/>\nL\u00e4ht\u00f6: 4-20mA<br \/>\nMuoto: Sylinteri<br \/>\nHalkaisija: 18 mm<\/p>\n<p>&nbsp;<\/p>\n<p>&nbsp;<\/p>\n<p>&nbsp;<\/p>\n<p>&nbsp;<\/p>\n<p><a href=\"https:\/\/factory.sale\/wp-content\/uploads\/2024\/11\/UK1-ultrasonic-sensors.pdf\" target=\"_blank\" rel=\"noopener\">PDF<\/a><\/p>\n<p><a href=\"https:\/\/factory.sale\/wp-content\/uploads\/2024\/11\/UK1A-GP-0ESY.pdf\" target=\"_blank\" rel=\"noopener\">UK1A\/G2-0ESY ultra\u00e4\u00e4nianturi<\/a><\/p>\n","protected":false},"excerpt":{"rendered":"<p>Malli s\u00e4\u00e4dett\u00e4v\u00e4ll\u00e4 digitaalisella l\u00e4hd\u00f6ll\u00e4<br \/>\nMalli virta- tai j\u00e4nniteanalogial\u00e4hd\u00f6ill\u00e4<br \/>\nTy\u00f6alueen s\u00e4\u00e4t\u00f6 (yksipisteopetus, vakiokehys, s\u00e4\u00e4dett\u00e4v\u00e4 hystereesi) Teach-in-painikkeella, sopii kaikille malleille nopeaan k\u00e4ytt\u00f6\u00f6nottoon<br \/>\nMonitoiminen LED-ilmaisin: l\u00e4ht\u00f6tila, kaikul\u00e4sn\u00e4olo, laiteohjelmiston tunnistus, opetuslukitus<br \/>\nMuovi- tai metallikotelo (AISI 316L), M12-pistokeliit\u00e4nt\u00e4 ja PVC-kaapeli<\/p>\n<p>&nbsp;<\/p>\n","protected":false},"featured_media":94304,"comment_status":"open","ping_status":"closed","template":"","meta":{"_acf_changed":false},"factory":[],"free-shipment":[],"product_brand":[],"product_cat":[2607,3171],"product_tag":[],"class_list":{"0":"post-94316","1":"product","2":"type-product","3":"status-publish","4":"has-post-thumbnail","6":"product_cat-teollisuusautomaatio","7":"product_cat-ultraaanianturi","9":"first","10":"instock","11":"sale","12":"taxable","13":"shipping-taxable","14":"purchasable","15":"product-type-simple"},"acf":[],"_links":{"self":[{"href":"https:\/\/factory.sale\/fi\/wp-json\/wp\/v2\/product\/94316","targetHints":{"allow":["GET"]}}],"collection":[{"href":"https:\/\/factory.sale\/fi\/wp-json\/wp\/v2\/product"}],"about":[{"href":"https:\/\/factory.sale\/fi\/wp-json\/wp\/v2\/types\/product"}],"replies":[{"embeddable":true,"href":"https:\/\/factory.sale\/fi\/wp-json\/wp\/v2\/comments?post=94316"}],"wp:featuredmedia":[{"embeddable":true,"href":"https:\/\/factory.sale\/fi\/wp-json\/wp\/v2\/media\/94304"}],"wp:attachment":[{"href":"https:\/\/factory.sale\/fi\/wp-json\/wp\/v2\/media?parent=94316"}],"wp:term":[{"taxonomy":"factory","embeddable":true,"href":"https:\/\/factory.sale\/fi\/wp-json\/wp\/v2\/factory?post=94316"},{"taxonomy":"free-shipment","embeddable":true,"href":"https:\/\/factory.sale\/fi\/wp-json\/wp\/v2\/free-shipment?post=94316"},{"taxonomy":"product_brand","embeddable":true,"href":"https:\/\/factory.sale\/fi\/wp-json\/wp\/v2\/product_brand?post=94316"},{"taxonomy":"product_cat","embeddable":true,"href":"https:\/\/factory.sale\/fi\/wp-json\/wp\/v2\/product_cat?post=94316"},{"taxonomy":"product_tag","embeddable":true,"href":"https:\/\/factory.sale\/fi\/wp-json\/wp\/v2\/product_tag?post=94316"}],"curies":[{"name":"wp","href":"https:\/\/api.w.org\/{rel}","templated":true}]}}