{"id":94292,"date":"2024-11-18T11:36:13","date_gmt":"2024-11-18T08:51:11","guid":{"rendered":"https:\/\/factory.sale\/?post_type=product&#038;p=94292"},"modified":"2024-11-19T05:25:35","modified_gmt":"2024-11-19T02:25:35","slug":"uk6a-hp-0eul-ultraaanianturi-10-30v-dc-m18-40-300mm-pnp-no-nc-m12-pistoke-ip67","status":"publish","type":"product","link":"https:\/\/factory.sale\/fi\/tuote\/uk6a-hp-0eul-ultraaanianturi-10-30v-dc-m18-40-300mm-pnp-no-nc-m12-pistoke-ip67\/","title":{"rendered":"UK6A\/HP-0EUL ultra\u00e4\u00e4nianturi, 10-30V DC, M18, 40-300MM, PNP, NO\/NC, M12 pistoke, IP67"},"content":{"rendered":"<p>Ultra\u00e4\u00e4nimuunnin aktivoidaan korkeaj\u00e4nnitepulssien avulla, ja se alkaa l\u00e4hett\u00e4\u00e4 ultra\u00e4\u00e4nisignaalia. Ultra\u00e4\u00e4nisignaali heijastuu kohteesta takaisin anturiin p\u00e4in. Laukaisupiiri mittaa ajan signaalin l\u00e4hetyksen ja vastaanoton v\u00e4lill\u00e4. Koska ultra\u00e4\u00e4nis\u00e4teen nopeus ilmassa on tiedossa, on mahdollista paitsi havaita kohteen l\u00e4sn\u00e4olo, my\u00f6s mitata anturin ja kohteen v\u00e4linen et\u00e4isyys.<\/p>\n<p>Hajautetuissa malleissa ultra\u00e4\u00e4nimuunnin toimii ensin l\u00e4hettimen\u00e4 ja sitten vastaanottimena. Kun se on &#8220;l\u00e4hetys-tilassa&#8221;, signaalia ei voida havaita. T\u00e4m\u00e4 tarkoittaa, ett\u00e4 anturin edess\u00e4 on sokea alue, jossa kohteiden tunnistus ei ole mahdollista tai ei ole luotettavaa. Sokean alueen koko riippuu k\u00e4ytett\u00e4v\u00e4n ultra\u00e4\u00e4nimuuntimen tyypist\u00e4.<\/p>\n<p>&nbsp;<\/p>\n<p>&nbsp;<\/p>\n<p><strong>Tekniset tiedot:<\/strong><\/p>\n<p>Malli: UK6A\/HP-0EUL<br \/>\nValmistaja: Datasensing<br \/>\nVirtal\u00e4hde: 10-30V DC<br \/>\nSarja: UK6<br \/>\nMittausalue: 40-300 mm<br \/>\nK\u00e4ytt\u00f6l\u00e4mp\u00f6tila: -20\u02da&#8230;+70\u02daC<br \/>\nSuojausluokka: IP67<br \/>\nKontakti: 1 NO + 1 NC<br \/>\nKotelon materiaali: Muovi<br \/>\nLiit\u00e4nt\u00e4tapa: M12 pistoke<br \/>\nL\u00e4ht\u00f6: PNP<br \/>\nMuoto: Sylinteri<br \/>\nHalkaisija: 18 mm<\/p>\n<p>&nbsp;<\/p>\n<p>&nbsp;<\/p>\n<p>&nbsp;<\/p>\n<p><a href=\"https:\/\/factory.sale\/wp-content\/uploads\/2024\/11\/UK.pdf\" target=\"_blank\" rel=\"noopener\">PDF<\/a><\/p>\n<p><a href=\"https:\/\/factory.sale\/wp-content\/uploads\/2024\/11\/UK6A-HP-0EUL.pdf\" target=\"_blank\" rel=\"noopener\">UK6A\/HP-0EUL ultra\u00e4\u00e4nianturi<\/a><\/p>\n","protected":false},"excerpt":{"rendered":"<p>Ultra\u00e4\u00e4nimuunnin aktivoidaan korkeaj\u00e4nnitepulssien avulla, ja se alkaa l\u00e4hett\u00e4\u00e4 ultra\u00e4\u00e4nisignaalia. Ultra\u00e4\u00e4nisignaali heijastuu kohteesta takaisin anturiin p\u00e4in. Laukaisupiiri mittaa ajan signaalin l\u00e4hetyksen ja vastaanoton v\u00e4lill\u00e4. Koska ultra\u00e4\u00e4nis\u00e4teen nopeus ilmassa on tiedossa, on mahdollista paitsi havaita kohteen l\u00e4sn\u00e4olo, my\u00f6s mitata anturin ja kohteen v\u00e4linen et\u00e4isyys.<\/p>\n","protected":false},"featured_media":94461,"comment_status":"open","ping_status":"closed","template":"","meta":{"_acf_changed":false},"factory":[],"free-shipment":[],"product_brand":[],"product_cat":[2607,3171],"product_tag":[],"class_list":{"0":"post-94292","1":"product","2":"type-product","3":"status-publish","4":"has-post-thumbnail","6":"product_cat-teollisuusautomaatio","7":"product_cat-ultraaanianturi","9":"first","10":"instock","11":"sale","12":"taxable","13":"shipping-taxable","14":"purchasable","15":"product-type-simple"},"acf":[],"_links":{"self":[{"href":"https:\/\/factory.sale\/fi\/wp-json\/wp\/v2\/product\/94292","targetHints":{"allow":["GET"]}}],"collection":[{"href":"https:\/\/factory.sale\/fi\/wp-json\/wp\/v2\/product"}],"about":[{"href":"https:\/\/factory.sale\/fi\/wp-json\/wp\/v2\/types\/product"}],"replies":[{"embeddable":true,"href":"https:\/\/factory.sale\/fi\/wp-json\/wp\/v2\/comments?post=94292"}],"wp:featuredmedia":[{"embeddable":true,"href":"https:\/\/factory.sale\/fi\/wp-json\/wp\/v2\/media\/94461"}],"wp:attachment":[{"href":"https:\/\/factory.sale\/fi\/wp-json\/wp\/v2\/media?parent=94292"}],"wp:term":[{"taxonomy":"factory","embeddable":true,"href":"https:\/\/factory.sale\/fi\/wp-json\/wp\/v2\/factory?post=94292"},{"taxonomy":"free-shipment","embeddable":true,"href":"https:\/\/factory.sale\/fi\/wp-json\/wp\/v2\/free-shipment?post=94292"},{"taxonomy":"product_brand","embeddable":true,"href":"https:\/\/factory.sale\/fi\/wp-json\/wp\/v2\/product_brand?post=94292"},{"taxonomy":"product_cat","embeddable":true,"href":"https:\/\/factory.sale\/fi\/wp-json\/wp\/v2\/product_cat?post=94292"},{"taxonomy":"product_tag","embeddable":true,"href":"https:\/\/factory.sale\/fi\/wp-json\/wp\/v2\/product_tag?post=94292"}],"curies":[{"name":"wp","href":"https:\/\/api.w.org\/{rel}","templated":true}]}}