{"id":94241,"date":"2024-11-18T02:18:51","date_gmt":"2024-11-17T23:22:02","guid":{"rendered":"https:\/\/factory.sale\/?post_type=product&#038;p=94241"},"modified":"2024-11-21T10:29:20","modified_gmt":"2024-11-21T07:29:20","slug":"tcw242-teollinen-iot-moduuli","status":"publish","type":"product","link":"https:\/\/factory.sale\/fi\/tuote\/tcw242-teollinen-iot-moduuli\/","title":{"rendered":"TCW242 teollinen IoT-moduuli"},"content":{"rendered":"<p>TCW242 on teollisuustason IoT (esineiden internet) -moduuli, joka tarjoaa edistyneit\u00e4 valvonta- ja ohjausominaisuuksia teollisuussovelluksiin.<\/p>\n<p>Laite tukee MODBUS RTU -liit\u00e4nt\u00e4\u00e4 Teracomin ja kolmansien osapuolten antureille.<\/p>\n<p>&nbsp;<\/p>\n<p>&nbsp;<\/p>\n<p><strong>Tekniset tiedot:<\/strong><\/p>\n<p>Malli: TCW242<br \/>\nToimittaja: Teracom<br \/>\nVirtal\u00e4hde: 10-28V DC<br \/>\nK\u00e4ytt\u00f6l\u00e4mp\u00f6tila: -20\u02da&#8230;+55\u02daC<br \/>\nTulo: 4 x digitaalinen + 4 analoginen<br \/>\nL\u00e4ht\u00f6: 4 CO<br \/>\nAsennus: DIN<br \/>\nKorkeus: 90 mm<br \/>\nLeveys: 145 mm<br \/>\nSyvyys: 40 mm<br \/>\nPaino: 200 g<\/p>\n<p>&nbsp;<\/p>\n<p>&nbsp;<\/p>\n<p><a href=\"https:\/\/factory.sale\/wp-content\/uploads\/2024\/11\/TWC242-user-manual.pdf\" target=\"_blank\" rel=\"noopener\">K\u00e4ytt\u00f6ohje<\/a><\/p>\n","protected":false},"excerpt":{"rendered":"<p>TCW242 on teollisuustason IoT (esineiden internet) -moduuli, joka tarjoaa edistyneit\u00e4 valvonta- ja ohjausominaisuuksia teollisuussovelluksiin.<\/p>\n<p>Laite tukee MODBUS RTU -liit\u00e4nt\u00e4\u00e4 Teracomin ja kolmansien osapuolten antureille.<\/p>\n","protected":false},"featured_media":94226,"comment_status":"open","ping_status":"closed","template":"","meta":{"_acf_changed":false},"factory":[],"free-shipment":[],"product_brand":[],"product_cat":[3177,2607],"product_tag":[],"class_list":{"0":"post-94241","1":"product","2":"type-product","3":"status-publish","4":"has-post-thumbnail","6":"product_cat-ethernet","7":"product_cat-teollisuusautomaatio","9":"first","10":"instock","11":"sale","12":"taxable","13":"shipping-taxable","14":"purchasable","15":"product-type-simple"},"acf":[],"_links":{"self":[{"href":"https:\/\/factory.sale\/fi\/wp-json\/wp\/v2\/product\/94241","targetHints":{"allow":["GET"]}}],"collection":[{"href":"https:\/\/factory.sale\/fi\/wp-json\/wp\/v2\/product"}],"about":[{"href":"https:\/\/factory.sale\/fi\/wp-json\/wp\/v2\/types\/product"}],"replies":[{"embeddable":true,"href":"https:\/\/factory.sale\/fi\/wp-json\/wp\/v2\/comments?post=94241"}],"wp:featuredmedia":[{"embeddable":true,"href":"https:\/\/factory.sale\/fi\/wp-json\/wp\/v2\/media\/94226"}],"wp:attachment":[{"href":"https:\/\/factory.sale\/fi\/wp-json\/wp\/v2\/media?parent=94241"}],"wp:term":[{"taxonomy":"factory","embeddable":true,"href":"https:\/\/factory.sale\/fi\/wp-json\/wp\/v2\/factory?post=94241"},{"taxonomy":"free-shipment","embeddable":true,"href":"https:\/\/factory.sale\/fi\/wp-json\/wp\/v2\/free-shipment?post=94241"},{"taxonomy":"product_brand","embeddable":true,"href":"https:\/\/factory.sale\/fi\/wp-json\/wp\/v2\/product_brand?post=94241"},{"taxonomy":"product_cat","embeddable":true,"href":"https:\/\/factory.sale\/fi\/wp-json\/wp\/v2\/product_cat?post=94241"},{"taxonomy":"product_tag","embeddable":true,"href":"https:\/\/factory.sale\/fi\/wp-json\/wp\/v2\/product_tag?post=94241"}],"curies":[{"name":"wp","href":"https:\/\/api.w.org\/{rel}","templated":true}]}}