{"id":94193,"date":"2024-11-18T01:18:05","date_gmt":"2024-11-17T22:23:22","guid":{"rendered":"https:\/\/factory.sale\/?post_type=product&#038;p=94193"},"modified":"2024-11-21T10:28:16","modified_gmt":"2024-11-21T07:28:16","slug":"tcw241-ethernet-i-o-malli","status":"publish","type":"product","link":"https:\/\/factory.sale\/fi\/tuote\/tcw241-ethernet-i-o-malli\/","title":{"rendered":"TCW241 ethernet I\/O malli"},"content":{"rendered":"<p>TCW241 soveltuu ymp\u00e4rist\u00f6n valvontaan ja s\u00e4hk\u00f6isten sek\u00e4 ei-s\u00e4hk\u00f6isten parametrien paikallisohjaukseen, teollisuus- ja rakennusautomaatioon, tiedonkeruuj\u00e4rjestelmiin, yleiseen et\u00e4ohjaukseen ja valvontaan.<\/p>\n<p>Laite tukee MODBUS RTU -liit\u00e4nt\u00e4\u00e4 Teracomin ja kolmansien osapuolten antureille.<\/p>\n<p>&nbsp;<\/p>\n<p>&nbsp;<\/p>\n<p><strong>Tekniset tiedot:<\/strong><\/p>\n<p>Malli: TCW241<br \/>\nToimittaja: Teracom<br \/>\nVirtal\u00e4hde: 10-28V DC<br \/>\nK\u00e4ytt\u00f6l\u00e4mp\u00f6tila: -20\u02da&#8230;+55\u02daC<br \/>\nTulo: 4 x digitaalinen + 4 analoginen<br \/>\nL\u00e4ht\u00f6: 4 CO<br \/>\nAsennus: DIN<br \/>\nKorkeus: 90 mm<br \/>\nLeveys: 145 mm<br \/>\nSyvyys: 40 mm<br \/>\nPaino: 230 g<\/p>\n<p>&nbsp;<\/p>\n<p>&nbsp;<\/p>\n<p>&nbsp;<\/p>\n<p><a href=\"https:\/\/factory.sale\/wp-content\/uploads\/2024\/11\/TCW241-user-manual.pdf\" target=\"_blank\" rel=\"noopener\">K\u00e4ytt\u00f6ohje<\/a><\/p>\n","protected":false},"excerpt":{"rendered":"<p>TCW241 soveltuu ymp\u00e4rist\u00f6n valvontaan ja s\u00e4hk\u00f6isten sek\u00e4 ei-s\u00e4hk\u00f6isten parametrien paikallisohjaukseen, teollisuus- ja rakennusautomaatioon, tiedonkeruuj\u00e4rjestelmiin, yleiseen et\u00e4ohjaukseen ja valvontaan.<\/p>\n<p>Laite tukee MODBUS RTU -liit\u00e4nt\u00e4\u00e4 Teracomin ja kolmansien osapuolten antureille.<\/p>\n","protected":false},"featured_media":94178,"comment_status":"open","ping_status":"closed","template":"","meta":{"_acf_changed":false},"factory":[],"free-shipment":[],"product_brand":[],"product_cat":[3177,2607],"product_tag":[],"class_list":{"0":"post-94193","1":"product","2":"type-product","3":"status-publish","4":"has-post-thumbnail","6":"product_cat-ethernet","7":"product_cat-teollisuusautomaatio","9":"first","10":"instock","11":"sale","12":"taxable","13":"shipping-taxable","14":"purchasable","15":"product-type-simple"},"acf":[],"_links":{"self":[{"href":"https:\/\/factory.sale\/fi\/wp-json\/wp\/v2\/product\/94193","targetHints":{"allow":["GET"]}}],"collection":[{"href":"https:\/\/factory.sale\/fi\/wp-json\/wp\/v2\/product"}],"about":[{"href":"https:\/\/factory.sale\/fi\/wp-json\/wp\/v2\/types\/product"}],"replies":[{"embeddable":true,"href":"https:\/\/factory.sale\/fi\/wp-json\/wp\/v2\/comments?post=94193"}],"wp:featuredmedia":[{"embeddable":true,"href":"https:\/\/factory.sale\/fi\/wp-json\/wp\/v2\/media\/94178"}],"wp:attachment":[{"href":"https:\/\/factory.sale\/fi\/wp-json\/wp\/v2\/media?parent=94193"}],"wp:term":[{"taxonomy":"factory","embeddable":true,"href":"https:\/\/factory.sale\/fi\/wp-json\/wp\/v2\/factory?post=94193"},{"taxonomy":"free-shipment","embeddable":true,"href":"https:\/\/factory.sale\/fi\/wp-json\/wp\/v2\/free-shipment?post=94193"},{"taxonomy":"product_brand","embeddable":true,"href":"https:\/\/factory.sale\/fi\/wp-json\/wp\/v2\/product_brand?post=94193"},{"taxonomy":"product_cat","embeddable":true,"href":"https:\/\/factory.sale\/fi\/wp-json\/wp\/v2\/product_cat?post=94193"},{"taxonomy":"product_tag","embeddable":true,"href":"https:\/\/factory.sale\/fi\/wp-json\/wp\/v2\/product_tag?post=94193"}],"curies":[{"name":"wp","href":"https:\/\/api.w.org\/{rel}","templated":true}]}}