{"id":94172,"date":"2024-11-18T01:04:06","date_gmt":"2024-11-17T22:05:17","guid":{"rendered":"https:\/\/factory.sale\/?post_type=product&#038;p=94172"},"modified":"2024-11-18T01:05:43","modified_gmt":"2024-11-17T22:05:43","slug":"mu-3300-vahvistin","status":"publish","type":"product","link":"https:\/\/factory.sale\/fi\/tuote\/mu-3300-vahvistin\/","title":{"rendered":"MU 3300 vahvistin"},"content":{"rendered":"<p><strong>Tekniset tiedot:<\/strong><\/p>\n<p>Malli: P81012<br \/>\nToimittaja: EGE<br \/>\nVirtal\u00e4hde: 115\/230V AC<br \/>\nK\u00e4ytt\u00f6l\u00e4mp\u00f6tila: -20\u02da&#8230;+60\u02daC<br \/>\nSuojausluokka: IP65<br \/>\nL\u00e4ht\u00f6: Rele + SPDT<\/p>\n<p>&nbsp;<\/p>\n<p>&nbsp;<\/p>\n<p>&nbsp;<\/p>\n<p><a href=\"https:\/\/factory.sale\/wp-content\/uploads\/2024\/11\/EGE_Metal_Detectors-1.pdf\" target=\"_blank\" rel=\"noopener\">PDF<\/a><\/p>\n","protected":false},"excerpt":{"rendered":"<p>Malli: P81012<br \/>\nToimittaja: EGE<br \/>\nVirtal\u00e4hde: 115\/230V AC<br \/>\nK\u00e4ytt\u00f6l\u00e4mp\u00f6tila: -20\u02da&#8230;+60\u02daC<br \/>\nSuojausluokka: IP65<br \/>\nL\u00e4ht\u00f6: Rele + SPDT<\/p>\n","protected":false},"featured_media":94169,"comment_status":"open","ping_status":"closed","template":"","meta":{"_acf_changed":false},"factory":[],"free-shipment":[],"product_brand":[],"product_cat":[3174,2607],"product_tag":[],"class_list":{"0":"post-94172","1":"product","2":"type-product","3":"status-publish","4":"has-post-thumbnail","6":"product_cat-metallinpaljastimet","7":"product_cat-teollisuusautomaatio","9":"first","10":"instock","11":"sale","12":"taxable","13":"shipping-taxable","14":"purchasable","15":"product-type-simple"},"acf":[],"_links":{"self":[{"href":"https:\/\/factory.sale\/fi\/wp-json\/wp\/v2\/product\/94172","targetHints":{"allow":["GET"]}}],"collection":[{"href":"https:\/\/factory.sale\/fi\/wp-json\/wp\/v2\/product"}],"about":[{"href":"https:\/\/factory.sale\/fi\/wp-json\/wp\/v2\/types\/product"}],"replies":[{"embeddable":true,"href":"https:\/\/factory.sale\/fi\/wp-json\/wp\/v2\/comments?post=94172"}],"wp:featuredmedia":[{"embeddable":true,"href":"https:\/\/factory.sale\/fi\/wp-json\/wp\/v2\/media\/94169"}],"wp:attachment":[{"href":"https:\/\/factory.sale\/fi\/wp-json\/wp\/v2\/media?parent=94172"}],"wp:term":[{"taxonomy":"factory","embeddable":true,"href":"https:\/\/factory.sale\/fi\/wp-json\/wp\/v2\/factory?post=94172"},{"taxonomy":"free-shipment","embeddable":true,"href":"https:\/\/factory.sale\/fi\/wp-json\/wp\/v2\/free-shipment?post=94172"},{"taxonomy":"product_brand","embeddable":true,"href":"https:\/\/factory.sale\/fi\/wp-json\/wp\/v2\/product_brand?post=94172"},{"taxonomy":"product_cat","embeddable":true,"href":"https:\/\/factory.sale\/fi\/wp-json\/wp\/v2\/product_cat?post=94172"},{"taxonomy":"product_tag","embeddable":true,"href":"https:\/\/factory.sale\/fi\/wp-json\/wp\/v2\/product_tag?post=94172"}],"curies":[{"name":"wp","href":"https:\/\/api.w.org\/{rel}","templated":true}]}}