{"id":94163,"date":"2024-11-18T00:53:10","date_gmt":"2024-11-17T21:56:11","guid":{"rendered":"https:\/\/factory.sale\/?post_type=product&#038;p=94163"},"modified":"2024-11-21T10:22:32","modified_gmt":"2024-11-21T07:22:32","slug":"mds-3065-sb-2","status":"publish","type":"product","link":"https:\/\/factory.sale\/fi\/tuote\/mds-3065-sb-2\/","title":{"rendered":"MDS 3065-SB"},"content":{"rendered":"<ul>\n<li>Kuljetettavan materiaalin valvontaan kuljetus- ja hihnakuljettimilla<\/li>\n<li>Metallinilmaisinj\u00e4rjestelm\u00e4n kela leikkureiden, murskainten, telojen ja hiomakoneiden suojaamiseen kuljetettavan materiaalin metalliosilta<\/li>\n<li>Vankka rakenne takaa korkean vakauden<\/li>\n<li>S\u00e4\u00e4nkest\u00e4v\u00e4 rakenne &#8211; soveltuu ulkok\u00e4ytt\u00f6\u00f6n<\/li>\n<\/ul>\n<p>&nbsp;<\/p>\n<p>&nbsp;<\/p>\n<p><strong>Tekniset tiedot:<\/strong><\/p>\n<p>Malli: P81055<br \/>\nToimittaja: EGE<br \/>\nK\u00e4ytt\u00f6l\u00e4mp\u00f6tila: -25\u02da&#8230;+70\u02daC<br \/>\nSuojausluokka: IP67<\/p>\n<p>&nbsp;<\/p>\n<p>&nbsp;<\/p>\n<p>&nbsp;<\/p>\n<p><a href=\"https:\/\/factory.sale\/wp-content\/uploads\/2024\/11\/EGE_Metal_Detectors.pdf\" target=\"_blank\" rel=\"noopener\">PDF<\/a><\/p>\n","protected":false},"excerpt":{"rendered":"<ul>\n<li>Kuljetettavan materiaalin valvontaan kuljetus- ja hihnakuljettimilla<\/li>\n<li>Metallinilmaisinj\u00e4rjestelm\u00e4n kela leikkureiden, murskainten, telojen ja hiomakoneiden suojaamiseen kuljetettavan materiaalin metalliosilta<\/li>\n<li>Vankka rakenne takaa korkean vakauden<\/li>\n<li>S\u00e4\u00e4nkest\u00e4v\u00e4 rakenne &#8211; soveltuu ulkok\u00e4ytt\u00f6\u00f6n<\/li>\n<\/ul>\n","protected":false},"featured_media":94155,"comment_status":"open","ping_status":"closed","template":"","meta":{"_acf_changed":false},"factory":[],"free-shipment":[],"product_brand":[],"product_cat":[3174,2607],"product_tag":[],"class_list":{"0":"post-94163","1":"product","2":"type-product","3":"status-publish","4":"has-post-thumbnail","6":"product_cat-metallinpaljastimet","7":"product_cat-teollisuusautomaatio","9":"first","10":"instock","11":"sale","12":"taxable","13":"shipping-taxable","14":"purchasable","15":"product-type-simple"},"acf":[],"_links":{"self":[{"href":"https:\/\/factory.sale\/fi\/wp-json\/wp\/v2\/product\/94163","targetHints":{"allow":["GET"]}}],"collection":[{"href":"https:\/\/factory.sale\/fi\/wp-json\/wp\/v2\/product"}],"about":[{"href":"https:\/\/factory.sale\/fi\/wp-json\/wp\/v2\/types\/product"}],"replies":[{"embeddable":true,"href":"https:\/\/factory.sale\/fi\/wp-json\/wp\/v2\/comments?post=94163"}],"wp:featuredmedia":[{"embeddable":true,"href":"https:\/\/factory.sale\/fi\/wp-json\/wp\/v2\/media\/94155"}],"wp:attachment":[{"href":"https:\/\/factory.sale\/fi\/wp-json\/wp\/v2\/media?parent=94163"}],"wp:term":[{"taxonomy":"factory","embeddable":true,"href":"https:\/\/factory.sale\/fi\/wp-json\/wp\/v2\/factory?post=94163"},{"taxonomy":"free-shipment","embeddable":true,"href":"https:\/\/factory.sale\/fi\/wp-json\/wp\/v2\/free-shipment?post=94163"},{"taxonomy":"product_brand","embeddable":true,"href":"https:\/\/factory.sale\/fi\/wp-json\/wp\/v2\/product_brand?post=94163"},{"taxonomy":"product_cat","embeddable":true,"href":"https:\/\/factory.sale\/fi\/wp-json\/wp\/v2\/product_cat?post=94163"},{"taxonomy":"product_tag","embeddable":true,"href":"https:\/\/factory.sale\/fi\/wp-json\/wp\/v2\/product_tag?post=94163"}],"curies":[{"name":"wp","href":"https:\/\/api.w.org\/{rel}","templated":true}]}}