{"id":94145,"date":"2024-11-18T00:35:58","date_gmt":"2024-11-17T21:37:25","guid":{"rendered":"https:\/\/factory.sale\/?post_type=product&#038;p=94145"},"modified":"2024-11-21T10:18:09","modified_gmt":"2024-11-21T07:18:09","slug":"dtg-24-metallitarvikkeet","status":"publish","type":"product","link":"https:\/\/factory.sale\/fi\/tuote\/dtg-24-metallitarvikkeet\/","title":{"rendered":"DTG 24 metallitarvikkeet"},"content":{"rendered":"<p>Virtal\u00e4hteen eristysyksikk\u00f6 on kytketty virtal\u00e4hteen ja MDV-vahvistimen v\u00e4liin. Se rajoittaa virtal\u00e4hteen ylij\u00e4nnitett\u00e4 ja suojaa siten vahvistinta ylikuormitukselta. Sit\u00e4 k\u00e4ytet\u00e4\u00e4n siell\u00e4, miss\u00e4 ylij\u00e4nnitesuojausta ei ole saatavilla. Miss\u00e4 virtal\u00e4hde tapahtuu ilmajohdon tai vakauttamattoman akkulaturin kautta, tai miss\u00e4 suuret induktiiviset kuormat, kuten moottorit, kytket\u00e4\u00e4n suoraan. Virtal\u00e4hteen eristysyksikk\u00f6 toimii my\u00f6s rajapintasuodattimena. Kelluva vaihtol\u00e4ht\u00f6kosketin on suunniteltu kytkett\u00e4v\u00e4ksi tehoreleelle. Ei sovellu suurille kuormille.<\/p>\n<p>&nbsp;<\/p>\n<p>&nbsp;<\/p>\n<p>&nbsp;<\/p>\n<p><strong>Tekniset tiedot:<\/strong><\/p>\n<p>Malli: P81053<br \/>\nToimittaja: EGE<br \/>\nVirtal\u00e4hde: 24V DC<\/p>\n<p>&nbsp;<\/p>\n<p>&nbsp;<\/p>\n<p>&nbsp;<\/p>\n<p><a href=\"https:\/\/factory.sale\/wp-content\/uploads\/2024\/11\/EGE_Metal_Detectors-1.pdf\" target=\"_blank\" rel=\"noopener\">PDF<\/a><\/p>\n","protected":false},"excerpt":{"rendered":"<p>Virtal\u00e4hteen eristysyksikk\u00f6 on kytketty virtal\u00e4hteen ja MDV-vahvistimen v\u00e4liin. Se rajoittaa virtal\u00e4hteen ylij\u00e4nnitett\u00e4 ja suojaa siten vahvistinta ylikuormitukselta. Sit\u00e4 k\u00e4ytet\u00e4\u00e4n siell\u00e4, miss\u00e4 ylij\u00e4nnitesuojausta ei ole saatavilla. Miss\u00e4 virtal\u00e4hde tapahtuu ilmajohdon tai vakauttamattoman akkulaturin kautta, tai miss\u00e4 suuret induktiiviset kuormat, kuten moottorit, kytket\u00e4\u00e4n suoraan. Virtal\u00e4hteen eristysyksikk\u00f6 toimii my\u00f6s rajapintasuodattimena. Kelluva vaihtol\u00e4ht\u00f6kosketin on suunniteltu kytkett\u00e4v\u00e4ksi tehoreleelle. Ei sovellu suurille kuormille.<\/p>\n","protected":false},"featured_media":94142,"comment_status":"open","ping_status":"closed","template":"","meta":{"_acf_changed":false},"factory":[],"free-shipment":[],"product_brand":[],"product_cat":[3172,2583],"product_tag":[],"class_list":{"0":"post-94145","1":"product","2":"type-product","3":"status-publish","4":"has-post-thumbnail","6":"product_cat-metal-detectors","7":"product_cat-industrial-automation","9":"first","10":"instock","11":"sale","12":"taxable","13":"shipping-taxable","14":"purchasable","15":"product-type-simple"},"acf":[],"_links":{"self":[{"href":"https:\/\/factory.sale\/fi\/wp-json\/wp\/v2\/product\/94145","targetHints":{"allow":["GET"]}}],"collection":[{"href":"https:\/\/factory.sale\/fi\/wp-json\/wp\/v2\/product"}],"about":[{"href":"https:\/\/factory.sale\/fi\/wp-json\/wp\/v2\/types\/product"}],"replies":[{"embeddable":true,"href":"https:\/\/factory.sale\/fi\/wp-json\/wp\/v2\/comments?post=94145"}],"wp:featuredmedia":[{"embeddable":true,"href":"https:\/\/factory.sale\/fi\/wp-json\/wp\/v2\/media\/94142"}],"wp:attachment":[{"href":"https:\/\/factory.sale\/fi\/wp-json\/wp\/v2\/media?parent=94145"}],"wp:term":[{"taxonomy":"factory","embeddable":true,"href":"https:\/\/factory.sale\/fi\/wp-json\/wp\/v2\/factory?post=94145"},{"taxonomy":"free-shipment","embeddable":true,"href":"https:\/\/factory.sale\/fi\/wp-json\/wp\/v2\/free-shipment?post=94145"},{"taxonomy":"product_brand","embeddable":true,"href":"https:\/\/factory.sale\/fi\/wp-json\/wp\/v2\/product_brand?post=94145"},{"taxonomy":"product_cat","embeddable":true,"href":"https:\/\/factory.sale\/fi\/wp-json\/wp\/v2\/product_cat?post=94145"},{"taxonomy":"product_tag","embeddable":true,"href":"https:\/\/factory.sale\/fi\/wp-json\/wp\/v2\/product_tag?post=94145"}],"curies":[{"name":"wp","href":"https:\/\/api.w.org\/{rel}","templated":true}]}}