{"id":94121,"date":"2024-11-18T00:22:08","date_gmt":"2024-11-17T21:24:16","guid":{"rendered":"https:\/\/factory.sale\/?post_type=product&#038;p=94121"},"modified":"2024-11-21T10:19:39","modified_gmt":"2024-11-21T07:19:39","slug":"ma-125-liitantarasia","status":"publish","type":"product","link":"https:\/\/factory.sale\/fi\/tuote\/ma-125-liitantarasia\/","title":{"rendered":"MA 125 liit\u00e4nt\u00e4rasia"},"content":{"rendered":"<p>Kahden ilmaisinkelan k\u00e4ytt\u00f6 yhdell\u00e4 vahvistimella.<\/p>\n<p>K\u00e4ytt\u00e4m\u00e4ll\u00e4 MA 125-liit\u00e4nt\u00e4rasiaa, kaksi ilmaisinkelaa voi toimia yhdess\u00e4 yhden MDV\/MDVH-vahvistimen kanssa. Enimm\u00e4iskaapelin pituus kelan ja MA 125-liit\u00e4nt\u00e4rasian v\u00e4lill\u00e4 on 3 m.<\/p>\n<p>&nbsp;<\/p>\n<p>&nbsp;<\/p>\n<p><strong>Tekniset tiedot:<\/strong><\/p>\n<p>Malli: P81058<br \/>\nToimittaja: EGE<br \/>\nK\u00e4ytt\u00f6l\u00e4mp\u00f6tila: -25\u02da&#8230;+70\u02daC<br \/>\nSuojausluokka: IP67<br \/>\nMateriaali: Alumiini<\/p>\n<p>&nbsp;<\/p>\n<p>&nbsp;<\/p>\n<p>&nbsp;<\/p>\n<p><a href=\"https:\/\/factory.sale\/wp-content\/uploads\/2024\/11\/EGE_Metal_Detectors.pdf\" target=\"_blank\" rel=\"noopener\">PDF<\/a><\/p>\n","protected":false},"excerpt":{"rendered":"<p>Kahden ilmaisinkelan k\u00e4ytt\u00f6 yhdell\u00e4 vahvistimella.<\/p>\n<p>K\u00e4ytt\u00e4m\u00e4ll\u00e4 MA 125-liit\u00e4nt\u00e4rasiaa, kaksi ilmaisinkelaa voi toimia yhdess\u00e4 yhden MDV\/MDVH-vahvistimen kanssa. Enimm\u00e4iskaapelin pituus kelan ja MA 125-liit\u00e4nt\u00e4rasian v\u00e4lill\u00e4 on 3 m.<\/p>\n<p>&nbsp;<\/p>\n","protected":false},"featured_media":94115,"comment_status":"open","ping_status":"closed","template":"","meta":{"_acf_changed":false},"factory":[],"free-shipment":[],"product_brand":[],"product_cat":[3172,2583],"product_tag":[],"class_list":{"0":"post-94121","1":"product","2":"type-product","3":"status-publish","4":"has-post-thumbnail","6":"product_cat-metal-detectors","7":"product_cat-industrial-automation","9":"first","10":"instock","11":"sale","12":"taxable","13":"shipping-taxable","14":"purchasable","15":"product-type-simple"},"acf":[],"_links":{"self":[{"href":"https:\/\/factory.sale\/fi\/wp-json\/wp\/v2\/product\/94121","targetHints":{"allow":["GET"]}}],"collection":[{"href":"https:\/\/factory.sale\/fi\/wp-json\/wp\/v2\/product"}],"about":[{"href":"https:\/\/factory.sale\/fi\/wp-json\/wp\/v2\/types\/product"}],"replies":[{"embeddable":true,"href":"https:\/\/factory.sale\/fi\/wp-json\/wp\/v2\/comments?post=94121"}],"wp:featuredmedia":[{"embeddable":true,"href":"https:\/\/factory.sale\/fi\/wp-json\/wp\/v2\/media\/94115"}],"wp:attachment":[{"href":"https:\/\/factory.sale\/fi\/wp-json\/wp\/v2\/media?parent=94121"}],"wp:term":[{"taxonomy":"factory","embeddable":true,"href":"https:\/\/factory.sale\/fi\/wp-json\/wp\/v2\/factory?post=94121"},{"taxonomy":"free-shipment","embeddable":true,"href":"https:\/\/factory.sale\/fi\/wp-json\/wp\/v2\/free-shipment?post=94121"},{"taxonomy":"product_brand","embeddable":true,"href":"https:\/\/factory.sale\/fi\/wp-json\/wp\/v2\/product_brand?post=94121"},{"taxonomy":"product_cat","embeddable":true,"href":"https:\/\/factory.sale\/fi\/wp-json\/wp\/v2\/product_cat?post=94121"},{"taxonomy":"product_tag","embeddable":true,"href":"https:\/\/factory.sale\/fi\/wp-json\/wp\/v2\/product_tag?post=94121"}],"curies":[{"name":"wp","href":"https:\/\/api.w.org\/{rel}","templated":true}]}}