{"id":94078,"date":"2024-09-18T08:45:32","date_gmt":"2024-11-17T16:10:05","guid":{"rendered":"https:\/\/factory.sale\/?post_type=product&#038;p=94078"},"modified":"2024-11-18T10:45:34","modified_gmt":"2024-11-18T07:45:34","slug":"kylpytynnari-mystique","status":"publish","type":"product","link":"https:\/\/factory.sale\/fi\/tuote\/kylpytynnari-mystique\/","title":{"rendered":"Kylpytynnari &#8220;Mystique&#8221;"},"content":{"rendered":"<p>Paranna hyvinvointikokemustasi Mystique Kylpytynnyrill\u00e4<br \/>\nNauti ylellisyydest\u00e4 Mystique kylpytynnyrill\u00e4, joka on t\u00e4ydellinen sekoitus eleganssia ja toimivuutta. T\u00e4m\u00e4 kylpytynnyri on suunniteltu jopa viidelle hengelle, ja siin\u00e4 on integroitu S304-ter\u00e4sliesi, joka varmistaa optimaalisen l\u00e4mm\u00f6n s\u00e4ilymisen ja kest\u00e4vyyden. Sen mitat tekev\u00e4t siit\u00e4 silmiinpist\u00e4v\u00e4n lis\u00e4yksen mihin tahansa tilaan ja tarjoavat turvapaikan rentoutumiselle.<br \/>\nNauti 750 W:n ilmapumpun ja 2,2 kW:n vesipumpun rauhoittavista vaikutuksista, jotka on yhdistetty 12 usean LED-valon kanssa mukaansatempaavan tunnelman luomiseksi. Mukauta kylpytynnyrisi valitsemalla erilaisia akryylisisuksia ja viimeistelyj\u00e4, kuten kuusi, poltettu kuusi, l\u00e4mp\u00f6puu tai WPC-paneelit.<br \/>\nParanna kokemustasi valinnaisilla lis\u00e4varusteilla, kuten vesihierontasuuttimilla, \u00e4\u00e4nentoistoj\u00e4rjestelm\u00e4ll\u00e4, sensoriohjauksella, vesiputousominaisuudella ja jopa mukinpidikkeill\u00e4. K\u00e4sintehty l\u00e4mp\u00f6kansi auttaa s\u00e4ilytt\u00e4m\u00e4\u00e4n veden l\u00e4mp\u00f6tilan, varmistaen ett\u00e4 Mystique kylpytynnyri on aina valmis k\u00e4ytt\u00f6\u00f6n.<\/p>\n<p>Akryylisis\u00e4pintojen v\u00e4rivaihtoehdot:<\/p>\n<p><img loading=\"lazy\" decoding=\"async\" class=\"alignnone wp-image-93264\" src=\"https:\/\/factory.sale\/wp-content\/uploads\/2024\/08\/acrylic-inner-colour-factoy.sale_-300x41.webp\" alt=\"\" width=\"710\" height=\"97\" srcset=\"https:\/\/factory.sale\/wp-content\/uploads\/2024\/08\/acrylic-inner-colour-factoy.sale_-300x41.webp 300w, https:\/\/factory.sale\/wp-content\/uploads\/2024\/08\/acrylic-inner-colour-factoy.sale_-150x21.webp 150w, https:\/\/factory.sale\/wp-content\/uploads\/2024\/08\/acrylic-inner-colour-factoy.sale_-600x82.webp 600w, https:\/\/factory.sale\/wp-content\/uploads\/2024\/08\/acrylic-inner-colour-factoy.sale_.webp 1016w\" sizes=\"auto, (max-width: 710px) 100vw, 710px\" \/><\/p>\n<p>Ulkoviimeistelyn vaihtoehdot (paksuus 2cm):<br \/>\n<img loading=\"lazy\" decoding=\"async\" class=\"alignnone wp-image-94072\" src=\"https:\/\/factory.sale\/wp-content\/uploads\/2024\/08\/kylpytynnyri-paattyy-factory.sale_-300x240.webp\" alt=\"\" width=\"736\" height=\"589\" srcset=\"https:\/\/factory.sale\/wp-content\/uploads\/2024\/08\/kylpytynnyri-paattyy-factory.sale_-300x240.webp 300w, https:\/\/factory.sale\/wp-content\/uploads\/2024\/08\/kylpytynnyri-paattyy-factory.sale_-150x120.webp 150w, https:\/\/factory.sale\/wp-content\/uploads\/2024\/08\/kylpytynnyri-paattyy-factory.sale_-600x480.webp 600w, https:\/\/factory.sale\/wp-content\/uploads\/2024\/08\/kylpytynnyri-paattyy-factory.sale_-64x51.webp 64w, https:\/\/factory.sale\/wp-content\/uploads\/2024\/08\/kylpytynnyri-paattyy-factory.sale_.webp 750w\" sizes=\"auto, (max-width: 736px) 100vw, 736px\" \/><\/p>\n<p>L\u00e4mp\u00f6kannen v\u00e4rivaihtoehdot:<\/p>\n<p><img loading=\"lazy\" decoding=\"async\" class=\"alignnone wp-image-93270\" src=\"https:\/\/factory.sale\/wp-content\/uploads\/2024\/08\/kylpytynnyri-lampokannen-varivaihtoehdot-factory.sale_-300x120.webp\" alt=\"\" width=\"415\" height=\"166\" srcset=\"https:\/\/factory.sale\/wp-content\/uploads\/2024\/08\/kylpytynnyri-lampokannen-varivaihtoehdot-factory.sale_-300x120.webp 300w, https:\/\/factory.sale\/wp-content\/uploads\/2024\/08\/kylpytynnyri-lampokannen-varivaihtoehdot-factory.sale_-150x60.webp 150w, https:\/\/factory.sale\/wp-content\/uploads\/2024\/08\/kylpytynnyri-lampokannen-varivaihtoehdot-factory.sale_-600x240.webp 600w, https:\/\/factory.sale\/wp-content\/uploads\/2024\/08\/kylpytynnyri-lampokannen-varivaihtoehdot-factory.sale_.webp 750w\" sizes=\"auto, (max-width: 415px) 100vw, 415px\" \/><\/p>\n<p>Lis\u00e4varusteet:<\/p>\n<p><img loading=\"lazy\" decoding=\"async\" class=\"alignnone wp-image-94075\" src=\"https:\/\/factory.sale\/wp-content\/uploads\/2024\/08\/hot-tub-accessories-factory.sale-_4_-300x212.webp\" alt=\"\" width=\"1124\" height=\"794\" srcset=\"https:\/\/factory.sale\/wp-content\/uploads\/2024\/08\/hot-tub-accessories-factory.sale-_4_-300x212.webp 300w, https:\/\/factory.sale\/wp-content\/uploads\/2024\/08\/hot-tub-accessories-factory.sale-_4_-1024x724.webp 1024w, https:\/\/factory.sale\/wp-content\/uploads\/2024\/08\/hot-tub-accessories-factory.sale-_4_-150x106.webp 150w, https:\/\/factory.sale\/wp-content\/uploads\/2024\/08\/hot-tub-accessories-factory.sale-_4_-1536x1086.webp 1536w, https:\/\/factory.sale\/wp-content\/uploads\/2024\/08\/hot-tub-accessories-factory.sale-_4_-600x424.webp 600w, https:\/\/factory.sale\/wp-content\/uploads\/2024\/08\/hot-tub-accessories-factory.sale-_4_-64x45.webp 64w, https:\/\/factory.sale\/wp-content\/uploads\/2024\/08\/hot-tub-accessories-factory.sale-_4_.webp 2000w\" sizes=\"auto, (max-width: 1124px) 100vw, 1124px\" \/><\/p>\n<p>Tekniset tiedot:<\/p>\n<p>Mitat: L:2100mm P:1200mm K:1100mm<\/p>\n<p>Kamiina: Integroitu S304-ter\u00e4s<\/p>\n<p>Ilmapumppu: 750 W &#8211; 1 HP<\/p>\n<p>Vesipumppu: 2,2 kW \/ 2,5 HP<\/p>\n<p>Lis\u00e4tiedot <a href=\"https:\/\/factory.sale\/wp-content\/uploads\/2024\/09\/Kylpytynnyn-KAYTTOOHJE-2024-factory.sale_.pdf\" target=\"_blank\" rel=\"noopener\">k\u00e4ytt\u00f6oppaassa<\/a><\/p>\n<p>Hinta sis\u00e4lt\u00e4\u00e4:<\/p>\n<ul>\n<li>S304-kamiina<\/li>\n<li>Akryylisisus (harmaa tai valkoinen)<\/li>\n<li>Kuusipuu<\/li>\n<li>Eristetty sis\u00e4puoli umpisoluisella polyuretaanivaahdolla<\/li>\n<li>Ruostumattomasta ter\u00e4ksest\u00e4 valmistetut vahvikenauhat<\/li>\n<li>Savupiippu 2m. suoja mukaan lukien<\/li>\n<li>Maalausv\u00e4ri, maalaus Remmers<\/li>\n<li>Tyhjennysventtiili<\/li>\n<\/ul>\n<p>Valinnaiset lis\u00e4varusteet:<\/p>\n<ul>\n<li>Vesihierontasuuttimet<\/li>\n<li>\u00c4\u00e4nentoistoj\u00e4rjestelm\u00e4 kaiuttimilla<\/li>\n<li>Sensoriohjausj\u00e4rjestelm\u00e4t (3-in-1 tai 4-in-1)<\/li>\n<li>Vesiputousominaisuus<\/li>\n<li>Mukipidikkeet<\/li>\n<li>Mukautettava LED-valaistus<\/li>\n<li>Marmorinen akryylisisus<\/li>\n<li>L\u00e4mp\u00f6kansi<\/li>\n<li>Suodatusj\u00e4rjestelm\u00e4<\/li>\n<li>S\u00e4hk\u00f6l\u00e4mmitin<\/li>\n<li>L\u00e4mp\u00f6puu ulkopinta\/WPC ulkopinta<\/li>\n<li>Portaat<\/li>\n<li>Gecko-j\u00e4rjestelm\u00e4<\/li>\n<li>Ilmaj\u00e4rjestelm\u00e4<\/li>\n<li>LED-valot<\/li>\n<li>Pyyheteline<\/li>\n<\/ul>\n<p>Sukella rentoutumisen ja virkist\u00e4ytymisen maailmaan Mystique kylpytynnyrill\u00e4\u2014todellinen ylellisyyden ja k\u00e4sity\u00f6n symboli.<\/p>\n","protected":false},"excerpt":{"rendered":"<p>Koe Mystique Kylpytynnyrin T\u00e4ydellinen Rentoutuskokemus<\/p>\n<p>T\u00e4ydellisesti tyyli\u00e4 ja toimivuutta yhdist\u00e4v\u00e4 kylpyamme tarjoaa ylellisen pakopaikan mukautetuilla ominaisuuksilla ja huippuluokan k\u00e4sity\u00f6n\u00e4. Etsitp\u00e4 sitten rauhaa tai sosiaalista tilaa kokoontumisille, Mystique tarjoaa tyylikk\u00e4\u00e4n muotoilunsa ja edistykselliset vaihtoehdot. R\u00e4\u00e4t\u00e4l\u00f6i kokemuksesi viimeistelyill\u00e4 ja lis\u00e4varusteilla, jotka kuvastavat ainutlaatuista makuasi.<\/p>\n<p>Muuta kotisi henkil\u00f6kohtaiseksi kylpyl\u00e4keitaaksi Mystique kylpytynnyrill\u00e4.<\/p>\n","protected":false},"featured_media":90155,"comment_status":"open","ping_status":"closed","template":"","meta":{"_acf_changed":false},"factory":[],"free-shipment":[],"product_brand":[],"product_cat":[2210,2588],"product_tag":[2846,4436,4437],"class_list":{"0":"post-94078","1":"product","2":"type-product","3":"status-publish","4":"has-post-thumbnail","6":"product_cat-kylpytynnyrit","7":"product_cat-lasikuituiset-kylpytynnyrit","8":"product_tag-hot-tub-fi","9":"product_tag-hot-tub-with-stove-fi","10":"product_tag-luxury-hot-tub-fi","12":"first","13":"instock","14":"sale","15":"taxable","16":"shipping-taxable","17":"purchasable","18":"product-type-simple"},"acf":[],"_links":{"self":[{"href":"https:\/\/factory.sale\/fi\/wp-json\/wp\/v2\/product\/94078","targetHints":{"allow":["GET"]}}],"collection":[{"href":"https:\/\/factory.sale\/fi\/wp-json\/wp\/v2\/product"}],"about":[{"href":"https:\/\/factory.sale\/fi\/wp-json\/wp\/v2\/types\/product"}],"replies":[{"embeddable":true,"href":"https:\/\/factory.sale\/fi\/wp-json\/wp\/v2\/comments?post=94078"}],"wp:featuredmedia":[{"embeddable":true,"href":"https:\/\/factory.sale\/fi\/wp-json\/wp\/v2\/media\/90155"}],"wp:attachment":[{"href":"https:\/\/factory.sale\/fi\/wp-json\/wp\/v2\/media?parent=94078"}],"wp:term":[{"taxonomy":"factory","embeddable":true,"href":"https:\/\/factory.sale\/fi\/wp-json\/wp\/v2\/factory?post=94078"},{"taxonomy":"free-shipment","embeddable":true,"href":"https:\/\/factory.sale\/fi\/wp-json\/wp\/v2\/free-shipment?post=94078"},{"taxonomy":"product_brand","embeddable":true,"href":"https:\/\/factory.sale\/fi\/wp-json\/wp\/v2\/product_brand?post=94078"},{"taxonomy":"product_cat","embeddable":true,"href":"https:\/\/factory.sale\/fi\/wp-json\/wp\/v2\/product_cat?post=94078"},{"taxonomy":"product_tag","embeddable":true,"href":"https:\/\/factory.sale\/fi\/wp-json\/wp\/v2\/product_tag?post=94078"}],"curies":[{"name":"wp","href":"https:\/\/api.w.org\/{rel}","templated":true}]}}