{"id":93829,"date":"2025-10-12T13:19:09","date_gmt":"2024-11-12T10:42:08","guid":{"rendered":"https:\/\/factory.sale\/?post_type=product&#038;p=93829"},"modified":"2026-03-23T15:07:33","modified_gmt":"2026-03-23T12:07:33","slug":"1-7m-tynnyrisauna-cube-3-hengelle-sqr17e","status":"publish","type":"product","link":"https:\/\/factory.sale\/fi\/tuote\/1-7m-tynnyrisauna-cube-3-hengelle-sqr17e\/","title":{"rendered":"&#8220;1.7m&#8221; SQR17 tynnyrisauna cube 3-hl\u00f6"},"content":{"rendered":"<p><strong>Tuotekoodi: SQR17<\/strong><\/p>\n<p>&nbsp;<\/p>\n<p>&nbsp;<\/p>\n<p><strong>Tuotetiedot:<\/strong><\/p>\n<ul>\n<li>Kasattuna pakkauksen koko: PxLxK 230x170x230 cm<\/li>\n<li>Elementtein\u00e4, Pakkauksen koko: PxLxK 210\u0445120\u0445150 cm<\/li>\n<li>Paino: ~590 kg<\/li>\n<li>L\u00f6ylyhuoneen pituus: 220&#215;155 cm<\/li>\n<li>Kapasiteetti: ~3:lle<\/li>\n<li>L\u00f6ylyhuoneen tilavuus: 6,3 \u043c\u00b3<\/li>\n<li>L\u00e4mmitysaika: ~1 h<\/li>\n<\/ul>\n<p>&nbsp;<\/p>\n<p>&nbsp;<\/p>\n<p><strong>Tynnyrisaunan perusvarustukseen sis\u00e4ltyy:<\/strong><\/p>\n<ul>\n<li>Lauteet l\u00e4mp\u00f6puusta tai lep\u00e4st\u00e4 (sein\u00e4n paksuus \u2013 40 mm)<\/li>\n<li>Bitumihuopakatto (musta, ruskea tai vihre\u00e4)<\/li>\n<li>Saunan puujalakset<\/li>\n<li>Ilmanvaihtoaukot ja suojaritil\u00e4t<\/li>\n<li>Tynnyrisaunan kiristysvanteet (ruostumattomasta ter\u00e4ksest\u00e4)<\/li>\n<li>Ovi savulasia<\/li>\n<\/ul>\n<p>&nbsp;<\/p>\n<p>&nbsp;<\/p>\n<p><strong>Katon v\u00e4rit:<\/strong><\/p>\n<p>Musta, ruskea, vihre\u00e4<\/p>\n<p><img loading=\"lazy\" decoding=\"async\" class=\"alignnone wp-image-90747\" src=\"https:\/\/factory.sale\/wp-content\/uploads\/2024\/09\/roof-colours-300x91.png\" sizes=\"auto, (max-width: 649px) 100vw, 649px\" srcset=\"https:\/\/factory.sale\/wp-content\/uploads\/2024\/09\/roof-colours-300x91.png 300w, https:\/\/factory.sale\/wp-content\/uploads\/2024\/09\/roof-colours-1024x311.png 1024w, https:\/\/factory.sale\/wp-content\/uploads\/2024\/09\/roof-colours-150x46.png 150w, https:\/\/factory.sale\/wp-content\/uploads\/2024\/09\/roof-colours-600x182.png 600w, https:\/\/factory.sale\/wp-content\/uploads\/2024\/09\/roof-colours.png 1330w\" alt=\"\" width=\"649\" height=\"197\" \/><\/p>\n<p>&nbsp;<\/p>\n<p>&nbsp;<\/p>\n<p><strong>Saatavilla paljon lis\u00e4varusteita, kirjoita meille ja kysy lis\u00e4tietoja!<\/strong><\/p>\n<p>&nbsp;<\/p>\n<p><strong>L\u00e4mp\u00f6k\u00e4sitellyst\u00e4 puusta valmistetun saunan (SQR17T) hinta: 2081,50 \u20ac (ilman ALV)<\/strong><\/p>\n<p>&nbsp;<\/p>\n<p>&nbsp;<\/p>\n<p><b>Kuljetustiedot:<\/b><\/p>\n<p>Toimitus kuorma-autolla, jossa on takalaitanostin.<\/p>\n","protected":false},"excerpt":{"rendered":"<p>Koe luonnon syleily tynnyrisaunassa! Sulata stressi, kohota mielialaasi ja uudista itsesi meid\u00e4n kauniisti valmistetun tynnyrisaunan l\u00e4mm\u00f6ss\u00e4. Kompakti, kodikas ja moderni \u2013 t\u00e4m\u00e4 ei ole vain sauna \u2013 t\u00e4m\u00e4 on sinun henkil\u00f6kohtainen keitaasi!<\/p>\n<p>&nbsp;<\/p>\n","protected":false},"featured_media":93817,"comment_status":"open","ping_status":"closed","template":"","meta":{"_acf_changed":false},"factory":[],"free-shipment":[],"product_brand":[],"product_cat":[1317,2258,1644],"product_tag":[1488,2105,2106,1489],"class_list":{"0":"post-93829","1":"product","2":"type-product","3":"status-publish","4":"has-post-thumbnail","6":"product_cat-sauna-fi","7":"product_cat-saunakuutiot","8":"product_cat-tynnyrisauna","9":"product_tag-garden-fi","10":"product_tag-outdoor-sauna-fi","11":"product_tag-sauna-fi","12":"product_tag-yard-fi","14":"first","15":"instock","16":"sale","17":"taxable","18":"shipping-taxable","19":"purchasable","20":"product-type-simple"},"acf":[],"_links":{"self":[{"href":"https:\/\/factory.sale\/fi\/wp-json\/wp\/v2\/product\/93829","targetHints":{"allow":["GET"]}}],"collection":[{"href":"https:\/\/factory.sale\/fi\/wp-json\/wp\/v2\/product"}],"about":[{"href":"https:\/\/factory.sale\/fi\/wp-json\/wp\/v2\/types\/product"}],"replies":[{"embeddable":true,"href":"https:\/\/factory.sale\/fi\/wp-json\/wp\/v2\/comments?post=93829"}],"wp:featuredmedia":[{"embeddable":true,"href":"https:\/\/factory.sale\/fi\/wp-json\/wp\/v2\/media\/93817"}],"wp:attachment":[{"href":"https:\/\/factory.sale\/fi\/wp-json\/wp\/v2\/media?parent=93829"}],"wp:term":[{"taxonomy":"factory","embeddable":true,"href":"https:\/\/factory.sale\/fi\/wp-json\/wp\/v2\/factory?post=93829"},{"taxonomy":"free-shipment","embeddable":true,"href":"https:\/\/factory.sale\/fi\/wp-json\/wp\/v2\/free-shipment?post=93829"},{"taxonomy":"product_brand","embeddable":true,"href":"https:\/\/factory.sale\/fi\/wp-json\/wp\/v2\/product_brand?post=93829"},{"taxonomy":"product_cat","embeddable":true,"href":"https:\/\/factory.sale\/fi\/wp-json\/wp\/v2\/product_cat?post=93829"},{"taxonomy":"product_tag","embeddable":true,"href":"https:\/\/factory.sale\/fi\/wp-json\/wp\/v2\/product_tag?post=93829"}],"curies":[{"name":"wp","href":"https:\/\/api.w.org\/{rel}","templated":true}]}}