{"id":93765,"date":"2024-11-11T22:23:31","date_gmt":"2024-11-11T19:28:43","guid":{"rendered":"https:\/\/factory.sale\/?post_type=product&#038;p=93765"},"modified":"2025-03-20T19:57:16","modified_gmt":"2025-03-20T16:57:16","slug":"sge-25-hydrostaattinen-pinnantason-anturi-0-4m-4-20ma-10m-kaapeli","status":"publish","type":"product","link":"https:\/\/factory.sale\/fi\/tuote\/sge-25-hydrostaattinen-pinnantason-anturi-0-4m-4-20ma-10m-kaapeli\/","title":{"rendered":"SGE-25 Hydrostaattinen pinnantason anturi, 0&#8230;4M, 4-20MA, 10M kaapeli"},"content":{"rendered":"<p><strong>Tekniset tiedot:<\/strong><\/p>\n<p>Valmistaja: Aplisens<br \/>\nVirtal\u00e4hde: 10-30V DC<br \/>\nK\u00e4ytt\u00f6l\u00e4mp\u00f6tila: -25\u02da&#8230;+40\u02daC<br \/>\nSuojausluokka: IP68<br \/>\nKaapelin pituus: 10 m<br \/>\nL\u00e4ht\u00f6: 4-20mA<br \/>\nPaine: 0&#8230;4 m H\u2082O<\/p>\n<p>&nbsp;<\/p>\n<p>&nbsp;<\/p>\n<p>&nbsp;<\/p>\n<p><a href=\"https:\/\/factory.sale\/wp-content\/uploads\/2024\/11\/SG-25-SG-16.pdf\" target=\"_blank\" rel=\"noopener\">PDF<\/a><\/p>\n","protected":false},"excerpt":{"rendered":"<p>Valmistaja: Aplisens<br \/>\nVirtal\u00e4hde: 10-30V DC<br \/>\nK\u00e4ytt\u00f6l\u00e4mp\u00f6tila: -25\u02da&#8230;+40\u02daC<br \/>\nSuojausluokka: IP68<br \/>\nKaapelin pituus: 10 m<br \/>\nL\u00e4ht\u00f6: 4-20mA<br \/>\nPaine: 0&#8230;4 m H\u2082O<\/p>\n","protected":false},"featured_media":93750,"comment_status":"open","ping_status":"closed","template":"","meta":{"_acf_changed":false},"factory":[],"free-shipment":[],"product_brand":[],"product_cat":[2999,2607],"product_tag":[],"class_list":{"0":"post-93765","1":"product","2":"type-product","3":"status-publish","4":"has-post-thumbnail","6":"product_cat-tasoanturit","7":"product_cat-teollisuusautomaatio","9":"first","10":"instock","11":"sale","12":"taxable","13":"shipping-taxable","14":"purchasable","15":"product-type-simple"},"acf":[],"_links":{"self":[{"href":"https:\/\/factory.sale\/fi\/wp-json\/wp\/v2\/product\/93765","targetHints":{"allow":["GET"]}}],"collection":[{"href":"https:\/\/factory.sale\/fi\/wp-json\/wp\/v2\/product"}],"about":[{"href":"https:\/\/factory.sale\/fi\/wp-json\/wp\/v2\/types\/product"}],"replies":[{"embeddable":true,"href":"https:\/\/factory.sale\/fi\/wp-json\/wp\/v2\/comments?post=93765"}],"wp:featuredmedia":[{"embeddable":true,"href":"https:\/\/factory.sale\/fi\/wp-json\/wp\/v2\/media\/93750"}],"wp:attachment":[{"href":"https:\/\/factory.sale\/fi\/wp-json\/wp\/v2\/media?parent=93765"}],"wp:term":[{"taxonomy":"factory","embeddable":true,"href":"https:\/\/factory.sale\/fi\/wp-json\/wp\/v2\/factory?post=93765"},{"taxonomy":"free-shipment","embeddable":true,"href":"https:\/\/factory.sale\/fi\/wp-json\/wp\/v2\/free-shipment?post=93765"},{"taxonomy":"product_brand","embeddable":true,"href":"https:\/\/factory.sale\/fi\/wp-json\/wp\/v2\/product_brand?post=93765"},{"taxonomy":"product_cat","embeddable":true,"href":"https:\/\/factory.sale\/fi\/wp-json\/wp\/v2\/product_cat?post=93765"},{"taxonomy":"product_tag","embeddable":true,"href":"https:\/\/factory.sale\/fi\/wp-json\/wp\/v2\/product_tag?post=93765"}],"curies":[{"name":"wp","href":"https:\/\/api.w.org\/{rel}","templated":true}]}}