{"id":93731,"date":"2024-11-11T21:00:32","date_gmt":"2024-11-11T18:04:46","guid":{"rendered":"https:\/\/factory.sale\/?post_type=product&#038;p=93731"},"modified":"2024-11-12T21:26:43","modified_gmt":"2024-11-12T18:26:43","slug":"18-605g-hydrostaattinen-pinnantason-anturi-14-30dc-0-6m-0-10v-6m-kaapeli-g%c2%bc","status":"publish","type":"product","link":"https:\/\/factory.sale\/fi\/tuote\/18-605g-hydrostaattinen-pinnantason-anturi-14-30dc-0-6m-0-10v-6m-kaapeli-g%c2%bc\/","title":{"rendered":"18.605G Hydrostaattinen pinnantason anturi, 14-30DC, 0&#8230;6M, 0-10V, 6M kaapeli, G\u00bc&#8221;"},"content":{"rendered":"<p><strong>Tekniset tiedot:<\/strong><\/p>\n<p>Toimittaja: BD SENSORS<br \/>\nVirtal\u00e4hde: 10-30V DC<br \/>\nK\u00e4ytt\u00f6l\u00e4mp\u00f6tila: -10\u02da&#8230;+70\u02daC<br \/>\nSuojausluokka: IP67<br \/>\nKaapelin pituus: 6 m<br \/>\nL\u00e4ht\u00f6: 0-10V DC<br \/>\nPaine: 0&#8230;6 m H\u2082O<\/p>\n<p>&nbsp;<\/p>\n<p>&nbsp;<\/p>\n<p>&nbsp;<\/p>\n<p><a href=\"https:\/\/factory.sale\/wp-content\/uploads\/2024\/11\/DB_18.605G_E.pdf\" target=\"_blank\" rel=\"noopener\">PDF<\/a><\/p>\n","protected":false},"excerpt":{"rendered":"<p>Toimittaja: BD SENSORS<br \/>\nVirtal\u00e4hde: 10-30V DC<br \/>\nK\u00e4ytt\u00f6l\u00e4mp\u00f6tila: -10\u02da&#8230;+70\u02daC<br \/>\nSuojausluokka: IP67<br \/>\nKaapelin pituus: 6 m<br \/>\nL\u00e4ht\u00f6: 0-10V DC<br \/>\nPaine: 0&#8230;6 m H\u2082O<\/p>\n","protected":false},"featured_media":93727,"comment_status":"open","ping_status":"closed","template":"","meta":{"_acf_changed":false},"factory":[],"free-shipment":[],"product_brand":[],"product_cat":[2999,2607],"product_tag":[],"class_list":{"0":"post-93731","1":"product","2":"type-product","3":"status-publish","4":"has-post-thumbnail","6":"product_cat-tasoanturit","7":"product_cat-teollisuusautomaatio","9":"first","10":"instock","11":"sale","12":"taxable","13":"shipping-taxable","14":"purchasable","15":"product-type-simple"},"acf":[],"_links":{"self":[{"href":"https:\/\/factory.sale\/fi\/wp-json\/wp\/v2\/product\/93731","targetHints":{"allow":["GET"]}}],"collection":[{"href":"https:\/\/factory.sale\/fi\/wp-json\/wp\/v2\/product"}],"about":[{"href":"https:\/\/factory.sale\/fi\/wp-json\/wp\/v2\/types\/product"}],"replies":[{"embeddable":true,"href":"https:\/\/factory.sale\/fi\/wp-json\/wp\/v2\/comments?post=93731"}],"wp:featuredmedia":[{"embeddable":true,"href":"https:\/\/factory.sale\/fi\/wp-json\/wp\/v2\/media\/93727"}],"wp:attachment":[{"href":"https:\/\/factory.sale\/fi\/wp-json\/wp\/v2\/media?parent=93731"}],"wp:term":[{"taxonomy":"factory","embeddable":true,"href":"https:\/\/factory.sale\/fi\/wp-json\/wp\/v2\/factory?post=93731"},{"taxonomy":"free-shipment","embeddable":true,"href":"https:\/\/factory.sale\/fi\/wp-json\/wp\/v2\/free-shipment?post=93731"},{"taxonomy":"product_brand","embeddable":true,"href":"https:\/\/factory.sale\/fi\/wp-json\/wp\/v2\/product_brand?post=93731"},{"taxonomy":"product_cat","embeddable":true,"href":"https:\/\/factory.sale\/fi\/wp-json\/wp\/v2\/product_cat?post=93731"},{"taxonomy":"product_tag","embeddable":true,"href":"https:\/\/factory.sale\/fi\/wp-json\/wp\/v2\/product_tag?post=93731"}],"curies":[{"name":"wp","href":"https:\/\/api.w.org\/{rel}","templated":true}]}}