{"id":93704,"date":"2024-11-11T20:34:56","date_gmt":"2024-11-11T17:41:12","guid":{"rendered":"https:\/\/factory.sale\/?post_type=product&#038;p=93704"},"modified":"2026-01-03T11:29:04","modified_gmt":"2026-01-03T08:29:04","slug":"cs-at-01v230-turvarele-2no1nc-230ac-2no-viive-03-3-sekuntia","status":"publish","type":"product","link":"https:\/\/factory.sale\/fi\/tuote\/cs-at-01v230-turvarele-2no1nc-230ac-2no-viive-03-3-sekuntia\/","title":{"rendered":"CS AT-01V230 Turvarele, 2NO+1NC, 230AC, 2NO viive 0,3\u20133 sekuntia"},"content":{"rendered":"<p><strong>Tekniset tiedot:<\/strong><\/p>\n<p>Valmistaja: Pizzato<br \/>\nVirtal\u00e4hde: 230V AC<br \/>\nNimellisvirta: 6A<br \/>\nK\u00e4ytt\u00f6l\u00e4mp\u00f6tila: -20\u02da&#8230;+80\u02daC<br \/>\nSuojausluokka: IP20<br \/>\nKosketin: 2 NO + 1 NC<br \/>\nAsennus: DIN<br \/>\nV\u00e4ri: Punainen<br \/>\nLiittimen poikkipinta-ala: 2,5 mm\u00b2<br \/>\nMateriaali: Muovi<\/p>\n<p>&nbsp;<\/p>\n","protected":false},"excerpt":{"rendered":"<p>Valmistaja: Pizzato<br \/>\nVirtal\u00e4hde: 230V AC<br \/>\nNimellisvirta: 6A<br \/>\nK\u00e4ytt\u00f6l\u00e4mp\u00f6tila: -20\u02da&#8230;+80\u02daC<br \/>\nSuojausluokka: IP20<br \/>\nKosketin: 2 NO + 1 NC<br \/>\nAsennus: DIN<br \/>\nV\u00e4ri: Punainen<br \/>\nLiittimen poikkipinta-ala: 2,5 mm\u00b2<br \/>\nMateriaali: Muovi<\/p>\n","protected":false},"featured_media":93356,"comment_status":"open","ping_status":"closed","template":"","meta":{"_acf_changed":false},"factory":[],"free-shipment":[],"product_brand":[],"product_cat":[2607,3120],"product_tag":[],"class_list":{"0":"post-93704","1":"product","2":"type-product","3":"status-publish","4":"has-post-thumbnail","6":"product_cat-teollisuusautomaatio","7":"product_cat-turvallisuus-ja-turvalaitteet","9":"first","10":"instock","11":"sale","12":"taxable","13":"shipping-taxable","14":"purchasable","15":"product-type-simple"},"acf":[],"_links":{"self":[{"href":"https:\/\/factory.sale\/fi\/wp-json\/wp\/v2\/product\/93704","targetHints":{"allow":["GET"]}}],"collection":[{"href":"https:\/\/factory.sale\/fi\/wp-json\/wp\/v2\/product"}],"about":[{"href":"https:\/\/factory.sale\/fi\/wp-json\/wp\/v2\/types\/product"}],"replies":[{"embeddable":true,"href":"https:\/\/factory.sale\/fi\/wp-json\/wp\/v2\/comments?post=93704"}],"wp:featuredmedia":[{"embeddable":true,"href":"https:\/\/factory.sale\/fi\/wp-json\/wp\/v2\/media\/93356"}],"wp:attachment":[{"href":"https:\/\/factory.sale\/fi\/wp-json\/wp\/v2\/media?parent=93704"}],"wp:term":[{"taxonomy":"factory","embeddable":true,"href":"https:\/\/factory.sale\/fi\/wp-json\/wp\/v2\/factory?post=93704"},{"taxonomy":"free-shipment","embeddable":true,"href":"https:\/\/factory.sale\/fi\/wp-json\/wp\/v2\/free-shipment?post=93704"},{"taxonomy":"product_brand","embeddable":true,"href":"https:\/\/factory.sale\/fi\/wp-json\/wp\/v2\/product_brand?post=93704"},{"taxonomy":"product_cat","embeddable":true,"href":"https:\/\/factory.sale\/fi\/wp-json\/wp\/v2\/product_cat?post=93704"},{"taxonomy":"product_tag","embeddable":true,"href":"https:\/\/factory.sale\/fi\/wp-json\/wp\/v2\/product_tag?post=93704"}],"curies":[{"name":"wp","href":"https:\/\/api.w.org\/{rel}","templated":true}]}}