{"id":93658,"date":"2024-11-11T00:37:04","date_gmt":"2024-11-10T22:06:09","guid":{"rendered":"https:\/\/factory.sale\/?post_type=product&#038;p=93658"},"modified":"2026-03-29T15:09:58","modified_gmt":"2026-03-29T12:09:58","slug":"tuulikki-sauna-terassilla","status":"publish","type":"product","link":"https:\/\/factory.sale\/fi\/tuote\/tuulikki-sauna-terassilla\/","title":{"rendered":"&#8220;Tuulikki&#8221; sauna terassilla"},"content":{"rendered":"<p>Koe ylellisyys ulkona premium-saunallamme, jossa on terassi<\/p>\n<p>Astu t\u00e4ydelliseen ulkoilmakeitaaseen huolellisesti suunnitellussa saunassamme, joka sulautuu saumattomasti ymp\u00e4r\u00f6iv\u00e4\u00e4n luontoon tarjoten samalla kaipaamaasi l\u00e4mp\u00f6\u00e4 ja mukavuutta. Terassilla varustettu sauna sopii erinomaisesti puutarhaan, takapihalle tai muuhun ulkotilaan, tarjoten sek\u00e4 rentouttavan hyvinvointitilan ett\u00e4 viihtyis\u00e4n ulkoalueen, jossa voit rentoutua ennen saunaa tai saunan j\u00e4lkeen.<\/p>\n<p>T\u00e4rkeimm\u00e4t ominaisuudet:<\/p>\n<ul>\n<li>Premium-pohjoismainen kuusisein\u00e4rakenne \u2013 42 mm paksut pohjoismaiset kuusisein\u00e4t<\/li>\n<li>Kest\u00e4v\u00e4t lasikomponentit \u2013 8 mm karkaistu lasiovi ja 4 mm karkaistut lasi- ikkunat p\u00e4\u00e4st\u00e4v\u00e4t sis\u00e4\u00e4n luonnonvaloa ja takaavat turvallisuuden sek\u00e4 kest\u00e4vyyden my\u00f6s ulko-olosuhteisiin.<\/li>\n<li>Ylelliset haapapenkit \u2013 K\u00e4sintehdyt korkealaatuisesta haapapuusta valmistetut penkit tarjoavat mukavuutta, l\u00e4mm\u00f6nkest\u00e4vyytt\u00e4 ja pitk\u00e4ik\u00e4isyytt\u00e4, tehden jokaisesta saunakokemuksesta nautinnon.<\/li>\n<li>Tilava terassi \u2013 Integroitu terassi tarjoaa lis\u00e4\u00e4 ulkotilaa, joka on t\u00e4ydellinen viilent\u00e4miseen, luonnosta nauttimiseen tai vain rentoutumiseen ennen ja j\u00e4lkeen saunan.<\/li>\n<\/ul>\n<p>Tekniset tiedot:<\/p>\n<ul>\n<li>Ulkomitat (terassi mukaan lukien): P: 4408 mm L: 2338 mm K: 2325 mm<\/li>\n<li>Oven mitat: 843 mm x 1939 mm<\/li>\n<li>Ikkunan mitat: 653 mm x 1782 mm<\/li>\n<li>Sein\u00e4laudat: 42 mm x 145 mm<\/li>\n<li>Kattopalkit: 44 mm x 120 mm x 2300 mm<\/li>\n<li>Lattialautojen paksuus: 19 mm x 95 mm<\/li>\n<li>Kattolautojen paksuus: 19 mm x 97 mm<\/li>\n<li>Kattomateriaali: itsetarttuva Toptite 6<\/li>\n<li>Perusparrut: 44 mm x 120 mm<\/li>\n<\/ul>\n<p>Saunapenkit:<\/p>\n<ul>\n<li>Yl\u00e4penkki: 90 \u00d7 543 \u00d7 2000 mm<\/li>\n<li>Alapenkki: 90 \u00d7 348 \u00d7 2000 mm<\/li>\n<\/ul>\n<p>Pakkaus sis\u00e4lt\u00e4\u00e4:<\/p>\n<ul>\n<li>T\u00e4ydellinen sauna pohjoismaisesta kuusesta (k\u00e4sittelem\u00e4t\u00f6n, toimitetaan osina tasopakkauksessa)<\/li>\n<li>Saunapenkit ja selk\u00e4nojat, jotka takaavat mukavan saunael\u00e4myksen<\/li>\n<li>Lasi-ikkunat ja -ovet, jotka luovat tyylikk\u00e4\u00e4n ilmeen<\/li>\n<li>Kattomateriaali: Toptite 6<\/li>\n<li>Asennusohjeet ja kiinnitystarvikkeet helppoa kokoamista varten<\/li>\n<\/ul>\n<p>HUOM! Kiuas ei sis\u00e4lly pakkaukseen.<\/p>\n<p>Suositellut kiukaat:<\/p>\n    <div class=\"col-xl-3 col-6\">\n        <div class=\"product-card h-100\">\n            <div class=\"ratio ratio-4x3 overflow-hidden\">\n                <a href=\"https:\/\/factory.sale\/fi\/tuote\/huum-hive-flow-puulammitteinen-98kw\/\">\n                    <img loading=\"lazy\" decoding=\"async\" width=\"768\" height=\"768\" src=\"https:\/\/factory.sale\/wp-content\/uploads\/2024\/07\/wood-burning-sauna-heater-huum-hive-flow-factory-sale.webp\" class=\"img-fluid object-fit-contain w-100 h-100\" alt=\"Puukiuas HUUM HIVE Flow 9,8kW\" srcset=\"https:\/\/factory.sale\/wp-content\/uploads\/2024\/07\/wood-burning-sauna-heater-huum-hive-flow-factory-sale.webp 2304w, https:\/\/factory.sale\/wp-content\/uploads\/2024\/07\/wood-burning-sauna-heater-huum-hive-flow-factory-sale-300x300.webp 300w, https:\/\/factory.sale\/wp-content\/uploads\/2024\/07\/wood-burning-sauna-heater-huum-hive-flow-factory-sale-1024x1024.webp 1024w, https:\/\/factory.sale\/wp-content\/uploads\/2024\/07\/wood-burning-sauna-heater-huum-hive-flow-factory-sale-150x150.webp 150w, https:\/\/factory.sale\/wp-content\/uploads\/2024\/07\/wood-burning-sauna-heater-huum-hive-flow-factory-sale-1536x1536.webp 1536w, https:\/\/factory.sale\/wp-content\/uploads\/2024\/07\/wood-burning-sauna-heater-huum-hive-flow-factory-sale-2048x2048.webp 2048w, https:\/\/factory.sale\/wp-content\/uploads\/2024\/07\/wood-burning-sauna-heater-huum-hive-flow-factory-sale-400x400.webp 400w, https:\/\/factory.sale\/wp-content\/uploads\/2024\/07\/wood-burning-sauna-heater-huum-hive-flow-factory-sale-600x600.webp 600w, https:\/\/factory.sale\/wp-content\/uploads\/2024\/07\/wood-burning-sauna-heater-huum-hive-flow-factory-sale-100x100.webp 100w\" sizes=\"auto, (max-width: 768px) 100vw, 768px\" \/>                <\/a>\n            <\/div>\n\n            <div class=\"px-xl-3 px-2 py-3 text-xl-start\">\n                <a class=\"product-title-link\" href=\"https:\/\/factory.sale\/fi\/tuote\/huum-hive-flow-puulammitteinen-98kw\/\">\n                    <p class=\"d-none d-xl-block\">Puukiuas HUUM HIVE Flow 9,8kW<\/p>\n                    <p class=\"d-xl-none\">Puukiuas HUUM HIVE Flow 9,8kW<\/p>\n                <\/a>\n\n                <div class=\"price\">\n                                            <span class=\"new-price\"><span class=\"woocommerce-Price-amount amount\"><bdi><span class=\"woocommerce-Price-currencySymbol\">&euro;<\/span>1 380,00<\/bdi><\/span><\/span>\n                        <span class=\"old-price\"><span class=\"woocommerce-Price-amount amount\"><bdi><span class=\"woocommerce-Price-currencySymbol\">&euro;<\/span>1 528,00<\/bdi><\/span><\/span>\n                                    <\/div>\n\n                <div class=\"d-xl-grid d-none gap-4 d-xl-flex justify-content-start mt-2\">\n                    <button class=\"btn btn-product ajax-add-to-quote w-100 mt-1rem\"\n                            data-product-id=\"87878\">\n                        Add to quote\n                    <\/button>\n                <\/div>\n            <\/div>\n\n                            <div class=\"sale\">Sale -10%<\/div>\n                    <\/div>\n    <\/div>\n    \n    <div class=\"col-xl-3 col-6\">\n        <div class=\"product-card h-100\">\n            <div class=\"ratio ratio-4x3 overflow-hidden\">\n                <a href=\"https:\/\/factory.sale\/fi\/tuote\/puulammitin-huum-hive-wood-13-kw\/\">\n                    <img loading=\"lazy\" decoding=\"async\" width=\"768\" height=\"768\" src=\"https:\/\/factory.sale\/wp-content\/uploads\/2021\/03\/huum-hive-wood-sauna-heater-13kw-factory-sale-768x768.webp\" class=\"img-fluid object-fit-contain w-100 h-100\" alt=\"Puukiuas HUUM HIVE Wood 13 kw\" srcset=\"https:\/\/factory.sale\/wp-content\/uploads\/2021\/03\/huum-hive-wood-sauna-heater-13kw-factory-sale-768x768.webp 768w, https:\/\/factory.sale\/wp-content\/uploads\/2021\/03\/huum-hive-wood-sauna-heater-13kw-factory-sale-300x300.webp 300w, https:\/\/factory.sale\/wp-content\/uploads\/2021\/03\/huum-hive-wood-sauna-heater-13kw-factory-sale-1024x1024.webp 1024w, https:\/\/factory.sale\/wp-content\/uploads\/2021\/03\/huum-hive-wood-sauna-heater-13kw-factory-sale-150x150.webp 150w, https:\/\/factory.sale\/wp-content\/uploads\/2021\/03\/huum-hive-wood-sauna-heater-13kw-factory-sale-1536x1536.webp 1536w, https:\/\/factory.sale\/wp-content\/uploads\/2021\/03\/huum-hive-wood-sauna-heater-13kw-factory-sale-2048x2048.webp 2048w, https:\/\/factory.sale\/wp-content\/uploads\/2021\/03\/huum-hive-wood-sauna-heater-13kw-factory-sale-600x600.webp 600w, https:\/\/factory.sale\/wp-content\/uploads\/2021\/03\/huum-hive-wood-sauna-heater-13kw-factory-sale-100x100.webp 100w\" sizes=\"auto, (max-width: 768px) 100vw, 768px\" \/>                <\/a>\n            <\/div>\n\n            <div class=\"px-xl-3 px-2 py-3 text-xl-start\">\n                <a class=\"product-title-link\" href=\"https:\/\/factory.sale\/fi\/tuote\/puulammitin-huum-hive-wood-13-kw\/\">\n                    <p class=\"d-none d-xl-block\">Puukiuas HUUM HIVE Wood 13 kw<\/p>\n                    <p class=\"d-xl-none\">Puukiuas HUUM HIVE Wood 13 kw<\/p>\n                <\/a>\n\n                <div class=\"price\">\n                                            <span class=\"new-price\"><span class=\"woocommerce-Price-amount amount\"><bdi><span class=\"woocommerce-Price-currencySymbol\">&euro;<\/span>1 000,00<\/bdi><\/span><\/span>\n                        <span class=\"old-price\"><span class=\"woocommerce-Price-amount amount\"><bdi><span class=\"woocommerce-Price-currencySymbol\">&euro;<\/span>1 100,00<\/bdi><\/span><\/span>\n                                    <\/div>\n\n                <div class=\"d-xl-grid d-none gap-4 d-xl-flex justify-content-start mt-2\">\n                    <button class=\"btn btn-product ajax-add-to-quote w-100 mt-1rem\"\n                            data-product-id=\"6869\">\n                        Add to quote\n                    <\/button>\n                <\/div>\n            <\/div>\n\n                            <div class=\"sale\">Sale -9%<\/div>\n                    <\/div>\n    <\/div>\n    \n    <div class=\"col-xl-3 col-6\">\n        <div class=\"product-card h-100\">\n            <div class=\"ratio ratio-4x3 overflow-hidden\">\n                <a href=\"https:\/\/factory.sale\/fi\/tuote\/puulammitteinen-huum-hive-wood-17kw\/\">\n                    <img loading=\"lazy\" decoding=\"async\" width=\"768\" height=\"768\" src=\"https:\/\/factory.sale\/wp-content\/uploads\/2022\/08\/huum-hive-wood-sauna-heater-factory-sale-2-1.webp\" class=\"img-fluid object-fit-contain w-100 h-100\" alt=\"Puukiuas HUUM HIVE Wood 17kW\" srcset=\"https:\/\/factory.sale\/wp-content\/uploads\/2022\/08\/huum-hive-wood-sauna-heater-factory-sale-2-1.webp 2304w, https:\/\/factory.sale\/wp-content\/uploads\/2022\/08\/huum-hive-wood-sauna-heater-factory-sale-2-1-300x300.webp 300w, https:\/\/factory.sale\/wp-content\/uploads\/2022\/08\/huum-hive-wood-sauna-heater-factory-sale-2-1-1024x1024.webp 1024w, https:\/\/factory.sale\/wp-content\/uploads\/2022\/08\/huum-hive-wood-sauna-heater-factory-sale-2-1-150x150.webp 150w, https:\/\/factory.sale\/wp-content\/uploads\/2022\/08\/huum-hive-wood-sauna-heater-factory-sale-2-1-1536x1536.webp 1536w, https:\/\/factory.sale\/wp-content\/uploads\/2022\/08\/huum-hive-wood-sauna-heater-factory-sale-2-1-2048x2048.webp 2048w, https:\/\/factory.sale\/wp-content\/uploads\/2022\/08\/huum-hive-wood-sauna-heater-factory-sale-2-1-400x400.webp 400w, https:\/\/factory.sale\/wp-content\/uploads\/2022\/08\/huum-hive-wood-sauna-heater-factory-sale-2-1-600x600.webp 600w, https:\/\/factory.sale\/wp-content\/uploads\/2022\/08\/huum-hive-wood-sauna-heater-factory-sale-2-1-100x100.webp 100w\" sizes=\"auto, (max-width: 768px) 100vw, 768px\" \/>                <\/a>\n            <\/div>\n\n            <div class=\"px-xl-3 px-2 py-3 text-xl-start\">\n                <a class=\"product-title-link\" href=\"https:\/\/factory.sale\/fi\/tuote\/puulammitteinen-huum-hive-wood-17kw\/\">\n                    <p class=\"d-none d-xl-block\">Puukiuas HUUM HIVE Wood 17kW<\/p>\n                    <p class=\"d-xl-none\">Puukiuas HUUM HIVE Wood 17kW<\/p>\n                <\/a>\n\n                <div class=\"price\">\n                                            <span class=\"new-price\"><span class=\"woocommerce-Price-amount amount\"><bdi><span class=\"woocommerce-Price-currencySymbol\">&euro;<\/span>1 165,00<\/bdi><\/span><\/span>\n                        <span class=\"old-price\"><span class=\"woocommerce-Price-amount amount\"><bdi><span class=\"woocommerce-Price-currencySymbol\">&euro;<\/span>1 281,00<\/bdi><\/span><\/span>\n                                    <\/div>\n\n                <div class=\"d-xl-grid d-none gap-4 d-xl-flex justify-content-start mt-2\">\n                    <button class=\"btn btn-product ajax-add-to-quote w-100 mt-1rem\"\n                            data-product-id=\"13839\">\n                        Add to quote\n                    <\/button>\n                <\/div>\n            <\/div>\n\n                            <div class=\"sale\">Sale -9%<\/div>\n                    <\/div>\n    <\/div>\n    \n    <div class=\"col-xl-3 col-6\">\n        <div class=\"product-card h-100\">\n            <div class=\"ratio ratio-4x3 overflow-hidden\">\n                <a href=\"https:\/\/factory.sale\/fi\/tuote\/sahkokiuas-huum-hive-15-kw\/\">\n                    <img loading=\"lazy\" decoding=\"async\" width=\"768\" height=\"768\" src=\"https:\/\/factory.sale\/wp-content\/uploads\/2022\/08\/huum-hive-sauna-heater-electric-15kw-incl-factory-sale-768x768.webp\" class=\"img-fluid object-fit-contain w-100 h-100\" alt=\"S\u00e4hk\u00f6kiuas HUUM HIVE 15 kw\" srcset=\"https:\/\/factory.sale\/wp-content\/uploads\/2022\/08\/huum-hive-sauna-heater-electric-15kw-incl-factory-sale-768x768.webp 768w, https:\/\/factory.sale\/wp-content\/uploads\/2022\/08\/huum-hive-sauna-heater-electric-15kw-incl-factory-sale-300x300.webp 300w, https:\/\/factory.sale\/wp-content\/uploads\/2022\/08\/huum-hive-sauna-heater-electric-15kw-incl-factory-sale-1024x1024.webp 1024w, https:\/\/factory.sale\/wp-content\/uploads\/2022\/08\/huum-hive-sauna-heater-electric-15kw-incl-factory-sale-150x150.webp 150w, https:\/\/factory.sale\/wp-content\/uploads\/2022\/08\/huum-hive-sauna-heater-electric-15kw-incl-factory-sale-1536x1536.webp 1536w, https:\/\/factory.sale\/wp-content\/uploads\/2022\/08\/huum-hive-sauna-heater-electric-15kw-incl-factory-sale-2048x2048.webp 2048w, https:\/\/factory.sale\/wp-content\/uploads\/2022\/08\/huum-hive-sauna-heater-electric-15kw-incl-factory-sale-600x600.webp 600w, https:\/\/factory.sale\/wp-content\/uploads\/2022\/08\/huum-hive-sauna-heater-electric-15kw-incl-factory-sale-100x100.webp 100w\" sizes=\"auto, (max-width: 768px) 100vw, 768px\" \/>                <\/a>\n            <\/div>\n\n            <div class=\"px-xl-3 px-2 py-3 text-xl-start\">\n                <a class=\"product-title-link\" href=\"https:\/\/factory.sale\/fi\/tuote\/sahkokiuas-huum-hive-15-kw\/\">\n                    <p class=\"d-none d-xl-block\">S\u00e4hk\u00f6kiuas HUUM HIVE 15 kw<\/p>\n                    <p class=\"d-xl-none\">S\u00e4hk\u00f6kiuas HUUM HIVE 15 kw<\/p>\n                <\/a>\n\n                <div class=\"price\">\n                                            <span class=\"new-price\"><span class=\"woocommerce-Price-amount amount\"><bdi><span class=\"woocommerce-Price-currencySymbol\">&euro;<\/span>1 018,00<\/bdi><\/span><\/span>\n                        <span class=\"old-price\"><span class=\"woocommerce-Price-amount amount\"><bdi><span class=\"woocommerce-Price-currencySymbol\">&euro;<\/span>1 119,00<\/bdi><\/span><\/span>\n                                    <\/div>\n\n                <div class=\"d-xl-grid d-none gap-4 d-xl-flex justify-content-start mt-2\">\n                    <button class=\"btn btn-product ajax-add-to-quote w-100 mt-1rem\"\n                            data-product-id=\"23259\">\n                        Add to quote\n                    <\/button>\n                <\/div>\n            <\/div>\n\n                            <div class=\"sale\">Sale -9%<\/div>\n                    <\/div>\n    <\/div>\n    \n<p>Suunniteltu ulkok\u00e4ytt\u00f6\u00f6n \u2013 Valmistettu kest\u00e4m\u00e4\u00e4n s\u00e4\u00e4olosuhtee. T\u00e4m\u00e4 sauna on ihanteellinen ulkotilaan asennettavaksi, tarjoten l\u00e4mpim\u00e4n ja viihtyis\u00e4n tilan my\u00f6s viilein\u00e4 p\u00e4ivin\u00e4.<br \/>\nTukeva ja kompakti pakkaus \u2013 Sauna toimitetaan tukevasti pakattuna, mitar 232 cm x 120 cm x 120 cm, paino noin 1000 kg, mik\u00e4 takaa helpon kuljetuksen ja turvallisen toimituksen.<br \/>\nHalusitpa rentoutua puutarhassasi tai luoda hyvinvointitilaa takapihalle, ulkosaunamme terassilla tarjoaa t\u00e4ydellisen yhdistelm\u00e4n ylellisyytt\u00e4, k\u00e4sity\u00f6taitoa ja toimivuutta \u2013 tarjoten sinulle parasta rentoutumista ja ulkoilua.<\/p>\n","protected":false},"excerpt":{"rendered":"<p>Kohota ulkotilasi tasoa kauniisti suunnitellulla saunallamme, joka on valmistettu korkealaatuisesta pohjoismaisesta kuusesta ja varustettu tilavalla terassilla. T\u00e4ydellinen valinta puutarhaan tai takapihalle. T\u00e4m\u00e4 sauna tarjoaa ylellisen pakopaikan rentoutumiseen ja virkist\u00e4ytymiseen. Kest\u00e4v\u00e4t karkaistut lasi-ikkunat ja k\u00e4sintehdyt haapapenkit yhdist\u00e4v\u00e4t toimivuuden ja eleganssin. Nauti rauhallisesta saunakokemuksesta omassa ulkoilmakeitaassasi.<\/p>\n","protected":false},"featured_media":90503,"comment_status":"open","ping_status":"closed","template":"","meta":{"_acf_changed":false},"factory":[],"free-shipment":[],"product_brand":[],"product_cat":[1317,4779,2258],"product_tag":[2106],"class_list":{"0":"post-93658","1":"product","2":"type-product","3":"status-publish","4":"has-post-thumbnail","6":"product_cat-sauna-fi","7":"product_cat-sauna","8":"product_cat-saunakuutiot","9":"product_tag-sauna-fi","11":"first","12":"instock","13":"sale","14":"taxable","15":"shipping-taxable","16":"purchasable","17":"product-type-simple"},"acf":[],"_links":{"self":[{"href":"https:\/\/factory.sale\/fi\/wp-json\/wp\/v2\/product\/93658","targetHints":{"allow":["GET"]}}],"collection":[{"href":"https:\/\/factory.sale\/fi\/wp-json\/wp\/v2\/product"}],"about":[{"href":"https:\/\/factory.sale\/fi\/wp-json\/wp\/v2\/types\/product"}],"replies":[{"embeddable":true,"href":"https:\/\/factory.sale\/fi\/wp-json\/wp\/v2\/comments?post=93658"}],"wp:featuredmedia":[{"embeddable":true,"href":"https:\/\/factory.sale\/fi\/wp-json\/wp\/v2\/media\/90503"}],"wp:attachment":[{"href":"https:\/\/factory.sale\/fi\/wp-json\/wp\/v2\/media?parent=93658"}],"wp:term":[{"taxonomy":"factory","embeddable":true,"href":"https:\/\/factory.sale\/fi\/wp-json\/wp\/v2\/factory?post=93658"},{"taxonomy":"free-shipment","embeddable":true,"href":"https:\/\/factory.sale\/fi\/wp-json\/wp\/v2\/free-shipment?post=93658"},{"taxonomy":"product_brand","embeddable":true,"href":"https:\/\/factory.sale\/fi\/wp-json\/wp\/v2\/product_brand?post=93658"},{"taxonomy":"product_cat","embeddable":true,"href":"https:\/\/factory.sale\/fi\/wp-json\/wp\/v2\/product_cat?post=93658"},{"taxonomy":"product_tag","embeddable":true,"href":"https:\/\/factory.sale\/fi\/wp-json\/wp\/v2\/product_tag?post=93658"}],"curies":[{"name":"wp","href":"https:\/\/api.w.org\/{rel}","templated":true}]}}